{"id":3502,"date":"2025-02-11T10:14:00","date_gmt":"2025-02-11T09:14:00","guid":{"rendered":"https:\/\/www.fox-spirit.com\/?page_id=3502"},"modified":"2025-02-14T12:04:09","modified_gmt":"2025-02-14T11:04:09","slug":"mentions-legales","status":"publish","type":"page","link":"https:\/\/www.fox-spirit.com\/?page_id=3502","title":{"rendered":"Mentions l\u00e9gales"},"content":{"rendered":"\t\t<div data-elementor-type=\"wp-page\" data-elementor-id=\"3502\" class=\"elementor elementor-3502\" data-elementor-post-type=\"page\">\n\t\t\t\t<div class=\"elementor-element elementor-element-2c97fb3 e-con-full e-flex e-con e-parent\" data-id=\"2c97fb3\" data-element_type=\"container\" data-e-type=\"container\">\n\t\t<div class=\"elementor-element elementor-element-3dcbe94 e-con-full e-flex e-con e-child\" data-id=\"3dcbe94\" data-element_type=\"container\" data-e-type=\"container\" data-settings=\"{&quot;background_background&quot;:&quot;classic&quot;}\">\n\t\t\t\t<\/div>\n\t\t<div class=\"elementor-element elementor-element-161708d e-con-full e-flex e-con e-child\" data-id=\"161708d\" data-element_type=\"container\" data-e-type=\"container\" data-settings=\"{&quot;background_background&quot;:&quot;classic&quot;}\">\n\t\t<div class=\"elementor-element elementor-element-d4e2c65 e-con-full e-flex e-con e-child\" data-id=\"d4e2c65\" data-element_type=\"container\" data-e-type=\"container\" data-settings=\"{&quot;background_background&quot;:&quot;classic&quot;}\">\n\t\t<div class=\"elementor-element elementor-element-8bf60e3 e-con-full e-flex e-con e-child\" data-id=\"8bf60e3\" data-element_type=\"container\" data-e-type=\"container\">\n\t\t\t\t<div class=\"elementor-element elementor-element-208eb6f elementor-widget elementor-widget-heading\" data-id=\"208eb6f\" data-element_type=\"widget\" data-e-type=\"widget\" data-widget_type=\"heading.default\">\n\t\t\t\t<div class=\"elementor-widget-container\">\n\t\t\t\t\t<h2 class=\"elementor-heading-title elementor-size-default\">Notre marque<\/h2>\t\t\t\t<\/div>\n\t\t\t\t<\/div>\n\t\t\t\t<div class=\"elementor-element elementor-element-5a8f51e elementor-widget elementor-widget-text-editor\" data-id=\"5a8f51e\" data-element_type=\"widget\" data-e-type=\"widget\" data-widget_type=\"text-editor.default\">\n\t\t\t\t<div class=\"elementor-widget-container\">\n\t\t\t\t\t\t\t\t\t<p>FOX SPIRIT est une marque de la soci\u00e9t\u00e9 GROUPE LDLC (\u00ab Notre soci\u00e9t\u00e9 \u00bb)<br \/>Forme de la soci\u00e9t\u00e9 : soci\u00e9t\u00e9 anonyme \u00e0 Directoire et conseil de surveillance<br \/>Capital social : 1 110 919.68 \u20ac<br \/>RCS de Lyon : 403 554\u00a0181<br \/>Si\u00e8ge social : 2 RUE DES ERABLES CS21035 69578 LIMONEST CEDEX France<br \/>Num\u00e9ros d&rsquo;appel (standard du si\u00e8ge social) : T\u00e9l : 04 72 52 37 77 Fax : +33 (0)4 72 52 37 78 du lundi au vendredi de 9h00 \u00e0 12h30 et de 13h45 \u00e0 18h (heure de Paris)<br \/>Courrier \u00e9lectronique, utilisez le formulaire disponible\u00a0<a href=\"https:\/\/www.ldlc.com\/aide\/57-nous-contacter\/\">ici<\/a><br \/>Num\u00e9ro de TVA : FR 26403554181<br \/>Garantie financi\u00e8re : Police RC \u00b010129097604<br \/>Directeur de la publication : Laurent de la Clergerie<\/p>\t\t\t\t\t\t\t\t<\/div>\n\t\t\t\t<\/div>\n\t\t\t\t<\/div>\n\t\t<div class=\"elementor-element elementor-element-e07b5f3 e-con-full e-flex e-con e-child\" data-id=\"e07b5f3\" data-element_type=\"container\" data-e-type=\"container\">\n\t\t\t\t<div class=\"elementor-element elementor-element-f319249 elementor-widget elementor-widget-heading\" data-id=\"f319249\" data-element_type=\"widget\" data-e-type=\"widget\" data-widget_type=\"heading.default\">\n\t\t\t\t<div class=\"elementor-widget-container\">\n\t\t\t\t\t<h2 class=\"elementor-heading-title elementor-size-default\">H\u00e9bergeur<\/h2>\t\t\t\t<\/div>\n\t\t\t\t<\/div>\n\t\t\t\t<div class=\"elementor-element elementor-element-096b6e3 elementor-widget elementor-widget-text-editor\" data-id=\"096b6e3\" data-element_type=\"widget\" data-e-type=\"widget\" data-widget_type=\"text-editor.default\">\n\t\t\t\t<div class=\"elementor-widget-container\">\n\t\t\t\t\t\t\t\t\t<p>Raison sociale : GROUPE LDLC<br \/>Si\u00e8ge social : 2 RUE DES ERABLES CS21035 69578 LIMONEST CEDEX FRANCE<br \/>T\u00e9l\u00e9phone\u00a0:\u00a0+33 (0)4 72 52 37 77<\/p>\t\t\t\t\t\t\t\t<\/div>\n\t\t\t\t<\/div>\n\t\t\t\t<\/div>\n\t\t<div class=\"elementor-element elementor-element-ca55166 e-con-full e-flex e-con e-child\" data-id=\"ca55166\" data-element_type=\"container\" data-e-type=\"container\">\n\t\t\t\t<div class=\"elementor-element elementor-element-9062f8a elementor-widget elementor-widget-heading\" data-id=\"9062f8a\" data-element_type=\"widget\" data-e-type=\"widget\" data-widget_type=\"heading.default\">\n\t\t\t\t<div class=\"elementor-widget-container\">\n\t\t\t\t\t<h2 class=\"elementor-heading-title elementor-size-default\">Propri\u00e9t\u00e9 intellectuelle<\/h2>\t\t\t\t<\/div>\n\t\t\t\t<\/div>\n\t\t\t\t<div class=\"elementor-element elementor-element-5cdea20 elementor-widget elementor-widget-text-editor\" data-id=\"5cdea20\" data-element_type=\"widget\" data-e-type=\"widget\" data-widget_type=\"text-editor.default\">\n\t\t\t\t<div class=\"elementor-widget-container\">\n\t\t\t\t\t\t\t\t\t<p>Le contenu de ce site rel\u00e8ve de la l\u00e9gislation fran\u00e7aise et internationale sur le droit d&rsquo;auteur, la propri\u00e9t\u00e9 intellectuelle litt\u00e9raire et artistique et les autres droits similaires.<br \/>Notre soci\u00e9t\u00e9 conserve tous les droits patrimoniaux et moraux li\u00e9s aux documents de ce site, sous r\u00e9serve des droits dont b\u00e9n\u00e9ficient les auteurs d&rsquo;\u0153uvres publi\u00e9es sur ce site. Ainsi, tous les droits de reproduction, sur supports \u00e9lectroniques ou papier, sont-ils r\u00e9serv\u00e9s, y compris pour les documents t\u00e9l\u00e9chargeables et les repr\u00e9sentations iconographiques et\/ou photographiques.<\/p><p>Les visiteurs de notre site internet s\u2019interdisent toute forme de scrapping, la collecte, la captation, la d\u00e9formation ou l&rsquo;utilisation des informations auxquelles ils ont acc\u00e8s.<\/p><p>Notre soci\u00e9t\u00e9 est \u00e9galement producteur de sa base de donn\u00e9es, prot\u00e9g\u00e9e \u00e0 ce titre. Toute extraction ou r\u00e9utilisation de sa base de donn\u00e9es sans son autorisation est interdite. Notre soci\u00e9t\u00e9 interdit l&rsquo;extraction ou la r\u00e9utilisation r\u00e9p\u00e9t\u00e9e et syst\u00e9matique de parties qualitativement ou quantitativement non substantielles du contenu de sa base dans les limites pr\u00e9vues par la loi.<\/p><p>nToute reproduction ou repr\u00e9sentation totale ou partielle de ce site par quelque proc\u00e9d\u00e9 que ce soit est interdite et constituerait une contrefa\u00e7on sanctionn\u00e9e par les articles L 335-2 et suivants du Code de la propri\u00e9t\u00e9 intellectuelle.<\/p>\t\t\t\t\t\t\t\t<\/div>\n\t\t\t\t<\/div>\n\t\t\t\t<\/div>\n\t\t<div class=\"elementor-element elementor-element-80cb509 e-con-full e-flex e-con e-child\" data-id=\"80cb509\" data-element_type=\"container\" data-e-type=\"container\">\n\t\t\t\t<div class=\"elementor-element elementor-element-b55114d elementor-widget elementor-widget-heading\" data-id=\"b55114d\" data-element_type=\"widget\" data-e-type=\"widget\" data-widget_type=\"heading.default\">\n\t\t\t\t<div class=\"elementor-widget-container\">\n\t\t\t\t\t<h2 class=\"elementor-heading-title elementor-size-default\">Protection des donn\u00e9es personnelles<\/h2>\t\t\t\t<\/div>\n\t\t\t\t<\/div>\n\t\t\t\t<div class=\"elementor-element elementor-element-65d572a elementor-widget elementor-widget-text-editor\" data-id=\"65d572a\" data-element_type=\"widget\" data-e-type=\"widget\" data-widget_type=\"text-editor.default\">\n\t\t\t\t<div class=\"elementor-widget-container\">\n\t\t\t\t\t\t\t\t\t<p>Notre politique de protection des donn\u00e9es personnelles est disponible <a href=\"https:\/\/www.groupe-ldlc.com\/donnees-personnelles\/\">ici<\/a> <br \/>Vous pouvez faire une demande en lien avec le droit d\u2019opposition, le droit d\u2019acc\u00e8s, le droit de rectification, le droit \u00e0 l\u2019effacement, le droit \u00e0 la limitation du traitement ou le droit \u00e0 la portabilit\u00e9 des donn\u00e9es <a href=\"https:\/\/www.ldlc.com\/aide\/220-donnees-personnelles-acces-et-rectification\/\">ici<\/a><\/p>\t\t\t\t\t\t\t\t<\/div>\n\t\t\t\t<\/div>\n\t\t\t\t<\/div>\n\t\t<div class=\"elementor-element elementor-element-f17ace4 e-con-full e-flex e-con e-child\" data-id=\"f17ace4\" data-element_type=\"container\" data-e-type=\"container\">\n\t\t\t\t<div class=\"elementor-element elementor-element-1c3be11 elementor-widget elementor-widget-heading\" data-id=\"1c3be11\" data-element_type=\"widget\" data-e-type=\"widget\" data-widget_type=\"heading.default\">\n\t\t\t\t<div class=\"elementor-widget-container\">\n\t\t\t\t\t<h2 class=\"elementor-heading-title elementor-size-default\">DSA<\/h2>\t\t\t\t<\/div>\n\t\t\t\t<\/div>\n\t\t\t\t<div class=\"elementor-element elementor-element-51a6cf7 elementor-widget elementor-widget-text-editor\" data-id=\"51a6cf7\" data-element_type=\"widget\" data-e-type=\"widget\" data-widget_type=\"text-editor.default\">\n\t\t\t\t<div class=\"elementor-widget-container\">\n\t\t\t\t\t\t\t\t\t<p>Article 24-2 du R\u00e8glement (UE) 2022\/2065 : Au cours des 6 derniers mois, la moyenne mensuelle des destinataires actifs du service dans l\u2019Union est inf\u00e9rieure \u00e0 45 millions.<\/p>\t\t\t\t\t\t\t\t<\/div>\n\t\t\t\t<\/div>\n\t\t\t\t<\/div>\n\t\t<div class=\"elementor-element elementor-element-28f2fcc e-con-full e-flex e-con e-child\" data-id=\"28f2fcc\" data-element_type=\"container\" data-e-type=\"container\">\n\t\t\t\t<div class=\"elementor-element elementor-element-2324b6b elementor-widget elementor-widget-heading\" data-id=\"2324b6b\" data-element_type=\"widget\" data-e-type=\"widget\" data-widget_type=\"heading.default\">\n\t\t\t\t<div class=\"elementor-widget-container\">\n\t\t\t\t\t<h2 class=\"elementor-heading-title elementor-size-default\">M\u00e9canismes de notification et d\u2019action<\/h2>\t\t\t\t<\/div>\n\t\t\t\t<\/div>\n\t\t\t\t<div class=\"elementor-element elementor-element-fbf0b3e elementor-widget elementor-widget-text-editor\" data-id=\"fbf0b3e\" data-element_type=\"widget\" data-e-type=\"widget\" data-widget_type=\"text-editor.default\">\n\t\t\t\t<div class=\"elementor-widget-container\">\n\t\t\t\t\t\t\t\t\t<p>Tout particulier ou toute entit\u00e9 peut nous signaler la pr\u00e9sence au sein de nos services d\u2019informations sp\u00e9cifiques qu\u2019il consid\u00e8re comme du contenu illicite\u00a0:<\/p><ul><li>Par mail \u00e0\u00a0<a href=\"mailto:dsa@groupe-ldlc.com\">dsa@groupe-ldlc.com<\/a><\/li><li>Par courrier \u00e0 GROUPE LDLC \u2013 Service juridique &#8211; 2 RUE DES ERABLES &#8211; CS21035 &#8211; 69578 LIMONEST CEDEX France<\/li><\/ul><p>Un contenu illicite est d\u00e9fini comme \u00ab toute information qui, en soi ou par rapport \u00e0 une activit\u00e9, y compris la vente de produits ou la fourniture de services, n\u2019est pas conforme au droit de l\u2019Union ou au droit d\u2019un \u00c9tat membre qui est conforme au droit de l\u2019Union, quel que soit l\u2019objet pr\u00e9cis ou la nature pr\u00e9cise de ce droit\u00a0\u00bb.<\/p><p>Tout signalement doit contenir\u00a0:<\/p><p>Une explication suffisamment \u00e9tay\u00e9e des raisons pour lesquelles le particulier ou l\u2019entit\u00e9 all\u00e8gue que les informations en question sont du contenu illicite ;<\/p><p>Une indication claire de l\u2019emplacement \u00e9lectronique exact de ces informations, comme l\u2019URL ou les URL exact(s), et, le cas \u00e9ch\u00e9ant, des informations compl\u00e9mentaires permettant d\u2019identifier le contenu illicite en fonction du type de contenu et du type sp\u00e9cifique de service d\u2019h\u00e9bergement ;<\/p><p>Le nom et l\u2019adresse de courrier \u00e9lectronique du particulier ou de l\u2019entit\u00e9 soumettant la notification, sauf dans le cas d\u2019informations consid\u00e9r\u00e9es comme impliquant une des infractions vis\u00e9es aux articles 3 \u00e0 7 de la directive 2011\/93\/UE, \u00e0 savoir Infractions li\u00e9es aux abus sexuels, Infractions li\u00e9es \u00e0 l\u2019exploitation sexuelle, Infractions li\u00e9es \u00e0 la p\u00e9dopornographie, Sollicitation d\u2019enfants \u00e0 des fins sexuelles, Incitation, participation et complicit\u00e9, et tentative des infractions pr\u00e9cit\u00e9es\u00a0;<\/p><p>Une d\u00e9claration confirmant que le particulier ou l\u2019entit\u00e9 soumettant la notification pense, de bonne foi, que les informations et les all\u00e9gations qu\u2019elle contient sont exactes et compl\u00e8tes.<\/p>\t\t\t\t\t\t\t\t<\/div>\n\t\t\t\t<\/div>\n\t\t\t\t<\/div>\n\t\t<div class=\"elementor-element elementor-element-874dfab e-con-full e-flex e-con e-child\" data-id=\"874dfab\" data-element_type=\"container\" data-e-type=\"container\">\n\t\t\t\t<div class=\"elementor-element elementor-element-a4e62fb elementor-widget elementor-widget-heading\" data-id=\"a4e62fb\" data-element_type=\"widget\" data-e-type=\"widget\" data-widget_type=\"heading.default\">\n\t\t\t\t<div class=\"elementor-widget-container\">\n\t\t\t\t\t<h2 class=\"elementor-heading-title elementor-size-default\">Information \u00e0 l\u2019attention des destinataires du service affect\u00e9<\/h2>\t\t\t\t<\/div>\n\t\t\t\t<\/div>\n\t\t\t\t<div class=\"elementor-element elementor-element-5d38f6f elementor-widget elementor-widget-text-editor\" data-id=\"5d38f6f\" data-element_type=\"widget\" data-e-type=\"widget\" data-widget_type=\"text-editor.default\">\n\t\t\t\t<div class=\"elementor-widget-container\">\n\t\t\t\t\t\t\t\t\t<p>Dans le cas o\u00f9 les informations fournies par le destinataire du service constituent un contenu illicite ou sont incompatibles avec nos conditions g\u00e9n\u00e9rales, nous lui fournirons un expos\u00e9 des motifs de l\u2019application de l\u2019une des restrictions suivantes\u00a0:<\/p><ul><li>Toute restriction de la visibilit\u00e9 d\u2019\u00e9l\u00e9ments d\u2019information sp\u00e9cifiques fournis par le destinataire du service, y compris le retrait de contenus, le fait de rendre l\u2019acc\u00e8s \u00e0 des contenus impossible ou le d\u00e9classement de contenus ;<\/li><li>La suspension, la fin ou autre restriction des paiements mon\u00e9taires ;<\/li><li>La suspension ou la fin, en tout ou en partie, de la fourniture du service ;<\/li><li>La suspension ou la suppression du compte du destinataire du service.<\/li><\/ul>\t\t\t\t\t\t\t\t<\/div>\n\t\t\t\t<\/div>\n\t\t\t\t<\/div>\n\t\t\t\t<\/div>\n\t\t\t\t<\/div>\n\t\t\t\t<\/div>\n\t\t\t\t<\/div>\n\t\t","protected":false},"excerpt":{"rendered":"<p>Notre marque FOX SPIRIT est une marque de la soci\u00e9t\u00e9 GROUPE LDLC (\u00ab Notre soci\u00e9t\u00e9 \u00bb)Forme de la soci\u00e9t\u00e9 : soci\u00e9t\u00e9 anonyme \u00e0 Directoire et conseil de surveillanceCapital social : 1 110 919.68 \u20acRCS de Lyon : 403 554\u00a0181Si\u00e8ge social : 2 RUE DES ERABLES CS21035 69578 LIMONEST CEDEX FranceNum\u00e9ros d&rsquo;appel (standard du si\u00e8ge social) [&hellip;]<\/p>\n","protected":false},"author":1,"featured_media":0,"parent":0,"menu_order":0,"comment_status":"closed","ping_status":"closed","template":"","meta":{"_acf_changed":false,"footnotes":""},"class_list":["post-3502","page","type-page","status-publish","hentry"],"acf":[],"yoast_head":"<!-- This site is optimized with the Yoast SEO plugin v27.4 - https:\/\/yoast.com\/product\/yoast-seo-wordpress\/ -->\n<title>Fox Spirit - Mentions l\u00e9gales<\/title>\n<meta name=\"description\" content=\"Acc\u00e9dez aux mentions l\u00e9gales pour conna\u00eetre toutes les informations juridiques et r\u00e9glementaires relatives \u00e0 notre marque FOX SPIRIT.\" \/>\n<meta name=\"robots\" content=\"index, follow, max-snippet:-1, max-image-preview:large, max-video-preview:-1\" \/>\n<link rel=\"canonical\" href=\"https:\/\/www.fox-spirit.com\/?page_id=3502\" \/>\n<meta property=\"og:locale\" content=\"fr_FR\" \/>\n<meta property=\"og:type\" content=\"article\" \/>\n<meta property=\"og:title\" content=\"Fox Spirit - Mentions l\u00e9gales\" \/>\n<meta property=\"og:description\" content=\"Acc\u00e9dez aux mentions l\u00e9gales pour conna\u00eetre toutes les informations juridiques et r\u00e9glementaires relatives \u00e0 notre marque FOX SPIRIT.\" \/>\n<meta property=\"og:url\" content=\"https:\/\/www.fox-spirit.com\/?page_id=3502\" \/>\n<meta property=\"og:site_name\" content=\"Fox Spirit\" \/>\n<meta property=\"article:modified_time\" content=\"2025-02-14T11:04:09+00:00\" \/>\n<meta name=\"twitter:card\" content=\"summary_large_image\" \/>\n<meta name=\"twitter:label1\" content=\"Dur\u00e9e de lecture estim\u00e9e\" \/>\n\t<meta name=\"twitter:data1\" content=\"5 minutes\" \/>\n<script type=\"application\/ld+json\" class=\"yoast-schema-graph\">{\"@context\":\"https:\\\/\\\/schema.org\",\"@graph\":[{\"@type\":\"WebPage\",\"@id\":\"https:\\\/\\\/www.fox-spirit.com\\\/?page_id=3502\",\"url\":\"https:\\\/\\\/www.fox-spirit.com\\\/?page_id=3502\",\"name\":\"Fox Spirit - Mentions l\u00e9gales\",\"isPartOf\":{\"@id\":\"https:\\\/\\\/www.fox-spirit.com\\\/#website\"},\"datePublished\":\"2025-02-11T09:14:00+00:00\",\"dateModified\":\"2025-02-14T11:04:09+00:00\",\"description\":\"Acc\u00e9dez aux mentions l\u00e9gales pour conna\u00eetre toutes les informations juridiques et r\u00e9glementaires relatives \u00e0 notre marque FOX SPIRIT.\",\"breadcrumb\":{\"@id\":\"https:\\\/\\\/www.fox-spirit.com\\\/?page_id=3502#breadcrumb\"},\"inLanguage\":\"fr-FR\",\"potentialAction\":[{\"@type\":\"ReadAction\",\"target\":[\"https:\\\/\\\/www.fox-spirit.com\\\/?page_id=3502\"]}]},{\"@type\":\"BreadcrumbList\",\"@id\":\"https:\\\/\\\/www.fox-spirit.com\\\/?page_id=3502#breadcrumb\",\"itemListElement\":[{\"@type\":\"ListItem\",\"position\":1,\"name\":\"Home\",\"item\":\"https:\\\/\\\/www.fox-spirit.com\\\/\"},{\"@type\":\"ListItem\",\"position\":2,\"name\":\"Mentions l\u00e9gales\"}]},{\"@type\":\"WebSite\",\"@id\":\"https:\\\/\\\/www.fox-spirit.com\\\/#website\",\"url\":\"https:\\\/\\\/www.fox-spirit.com\\\/\",\"name\":\"Fox Spirit\",\"description\":\"JOUEZ. RUSEZ.\",\"publisher\":{\"@id\":\"https:\\\/\\\/www.fox-spirit.com\\\/#organization\"},\"potentialAction\":[{\"@type\":\"SearchAction\",\"target\":{\"@type\":\"EntryPoint\",\"urlTemplate\":\"https:\\\/\\\/www.fox-spirit.com\\\/?s={search_term_string}\"},\"query-input\":{\"@type\":\"PropertyValueSpecification\",\"valueRequired\":true,\"valueName\":\"search_term_string\"}}],\"inLanguage\":\"fr-FR\"},{\"@type\":\"Organization\",\"@id\":\"https:\\\/\\\/www.fox-spirit.com\\\/#organization\",\"name\":\"Groupe LDLC\",\"url\":\"https:\\\/\\\/www.fox-spirit.com\\\/\",\"logo\":{\"@type\":\"ImageObject\",\"inLanguage\":\"fr-FR\",\"@id\":\"https:\\\/\\\/www.fox-spirit.com\\\/#\\\/schema\\\/logo\\\/image\\\/\",\"url\":\"https:\\\/\\\/www.fox-spirit.com\\\/wp-content\\\/uploads\\\/2024\\\/12\\\/logo_FoxSpirit_red.png\",\"contentUrl\":\"https:\\\/\\\/www.fox-spirit.com\\\/wp-content\\\/uploads\\\/2024\\\/12\\\/logo_FoxSpirit_red.png\",\"width\":1600,\"height\":1600,\"caption\":\"Groupe LDLC\"},\"image\":{\"@id\":\"https:\\\/\\\/www.fox-spirit.com\\\/#\\\/schema\\\/logo\\\/image\\\/\"}}]}<\/script>\n<!-- \/ Yoast SEO plugin. -->","yoast_head_json":{"title":"Fox Spirit - Mentions l\u00e9gales","description":"Acc\u00e9dez aux mentions l\u00e9gales pour conna\u00eetre toutes les informations juridiques et r\u00e9glementaires relatives \u00e0 notre marque FOX SPIRIT.","robots":{"index":"index","follow":"follow","max-snippet":"max-snippet:-1","max-image-preview":"max-image-preview:large","max-video-preview":"max-video-preview:-1"},"canonical":"https:\/\/www.fox-spirit.com\/?page_id=3502","og_locale":"fr_FR","og_type":"article","og_title":"Fox Spirit - Mentions l\u00e9gales","og_description":"Acc\u00e9dez aux mentions l\u00e9gales pour conna\u00eetre toutes les informations juridiques et r\u00e9glementaires relatives \u00e0 notre marque FOX SPIRIT.","og_url":"https:\/\/www.fox-spirit.com\/?page_id=3502","og_site_name":"Fox Spirit","article_modified_time":"2025-02-14T11:04:09+00:00","twitter_card":"summary_large_image","twitter_misc":{"Dur\u00e9e de lecture estim\u00e9e":"5 minutes"},"schema":{"@context":"https:\/\/schema.org","@graph":[{"@type":"WebPage","@id":"https:\/\/www.fox-spirit.com\/?page_id=3502","url":"https:\/\/www.fox-spirit.com\/?page_id=3502","name":"Fox Spirit - Mentions l\u00e9gales","isPartOf":{"@id":"https:\/\/www.fox-spirit.com\/#website"},"datePublished":"2025-02-11T09:14:00+00:00","dateModified":"2025-02-14T11:04:09+00:00","description":"Acc\u00e9dez aux mentions l\u00e9gales pour conna\u00eetre toutes les informations juridiques et r\u00e9glementaires relatives \u00e0 notre marque FOX SPIRIT.","breadcrumb":{"@id":"https:\/\/www.fox-spirit.com\/?page_id=3502#breadcrumb"},"inLanguage":"fr-FR","potentialAction":[{"@type":"ReadAction","target":["https:\/\/www.fox-spirit.com\/?page_id=3502"]}]},{"@type":"BreadcrumbList","@id":"https:\/\/www.fox-spirit.com\/?page_id=3502#breadcrumb","itemListElement":[{"@type":"ListItem","position":1,"name":"Home","item":"https:\/\/www.fox-spirit.com\/"},{"@type":"ListItem","position":2,"name":"Mentions l\u00e9gales"}]},{"@type":"WebSite","@id":"https:\/\/www.fox-spirit.com\/#website","url":"https:\/\/www.fox-spirit.com\/","name":"Fox Spirit","description":"JOUEZ. RUSEZ.","publisher":{"@id":"https:\/\/www.fox-spirit.com\/#organization"},"potentialAction":[{"@type":"SearchAction","target":{"@type":"EntryPoint","urlTemplate":"https:\/\/www.fox-spirit.com\/?s={search_term_string}"},"query-input":{"@type":"PropertyValueSpecification","valueRequired":true,"valueName":"search_term_string"}}],"inLanguage":"fr-FR"},{"@type":"Organization","@id":"https:\/\/www.fox-spirit.com\/#organization","name":"Groupe LDLC","url":"https:\/\/www.fox-spirit.com\/","logo":{"@type":"ImageObject","inLanguage":"fr-FR","@id":"https:\/\/www.fox-spirit.com\/#\/schema\/logo\/image\/","url":"https:\/\/www.fox-spirit.com\/wp-content\/uploads\/2024\/12\/logo_FoxSpirit_red.png","contentUrl":"https:\/\/www.fox-spirit.com\/wp-content\/uploads\/2024\/12\/logo_FoxSpirit_red.png","width":1600,"height":1600,"caption":"Groupe LDLC"},"image":{"@id":"https:\/\/www.fox-spirit.com\/#\/schema\/logo\/image\/"}}]}},"_links":{"self":[{"href":"https:\/\/www.fox-spirit.com\/index.php?rest_route=\/wp\/v2\/pages\/3502","targetHints":{"allow":["GET"]}}],"collection":[{"href":"https:\/\/www.fox-spirit.com\/index.php?rest_route=\/wp\/v2\/pages"}],"about":[{"href":"https:\/\/www.fox-spirit.com\/index.php?rest_route=\/wp\/v2\/types\/page"}],"author":[{"embeddable":true,"href":"https:\/\/www.fox-spirit.com\/index.php?rest_route=\/wp\/v2\/users\/1"}],"replies":[{"embeddable":true,"href":"https:\/\/www.fox-spirit.com\/index.php?rest_route=%2Fwp%2Fv2%2Fcomments&post=3502"}],"version-history":[{"count":28,"href":"https:\/\/www.fox-spirit.com\/index.php?rest_route=\/wp\/v2\/pages\/3502\/revisions"}],"predecessor-version":[{"id":3568,"href":"https:\/\/www.fox-spirit.com\/index.php?rest_route=\/wp\/v2\/pages\/3502\/revisions\/3568"}],"wp:attachment":[{"href":"https:\/\/www.fox-spirit.com\/index.php?rest_route=%2Fwp%2Fv2%2Fmedia&parent=3502"}],"curies":[{"name":"wp","href":"https:\/\/api.w.org\/{rel}","templated":true}]}}