{"id":779,"date":"2024-12-11T11:01:03","date_gmt":"2024-12-11T10:01:03","guid":{"rendered":"https:\/\/www.fox-spirit.com\/?page_id=779"},"modified":"2025-02-18T09:42:19","modified_gmt":"2025-02-18T08:42:19","slug":"contact","status":"publish","type":"page","link":"https:\/\/www.fox-spirit.com\/?page_id=779","title":{"rendered":"Contact"},"content":{"rendered":"\t\t<div data-elementor-type=\"wp-page\" data-elementor-id=\"779\" class=\"elementor elementor-779\" data-elementor-post-type=\"page\">\n\t\t\t\t<div class=\"elementor-element elementor-element-4a6d859 e-con-full e-flex e-con e-parent\" data-id=\"4a6d859\" data-element_type=\"container\" data-e-type=\"container\">\n\t\t<div class=\"elementor-element elementor-element-d48935d e-con-full e-flex e-con e-child\" data-id=\"d48935d\" data-element_type=\"container\" data-e-type=\"container\" data-settings=\"{&quot;background_background&quot;:&quot;classic&quot;}\">\n\t\t\t\t<div class=\"elementor-element elementor-element-fdd17bb elementor-widget elementor-widget-heading\" data-id=\"fdd17bb\" data-element_type=\"widget\" data-e-type=\"widget\" data-widget_type=\"heading.default\">\n\t\t\t\t<div class=\"elementor-widget-container\">\n\t\t\t\t\t<h2 class=\"elementor-heading-title elementor-size-default\">CONTACT<\/h2>\t\t\t\t<\/div>\n\t\t\t\t<\/div>\n\t\t\t\t<div class=\"elementor-element elementor-element-2528715 elementor-widget elementor-widget-heading\" data-id=\"2528715\" data-element_type=\"widget\" data-e-type=\"widget\" data-widget_type=\"heading.default\">\n\t\t\t\t<div class=\"elementor-widget-container\">\n\t\t\t\t\t<h2 class=\"elementor-heading-title elementor-size-default\">Contactez-nous !<\/h2>\t\t\t\t<\/div>\n\t\t\t\t<\/div>\n\t\t\t\t<\/div>\n\t\t<div class=\"elementor-element elementor-element-c289156 e-con-full e-flex e-con e-child\" data-id=\"c289156\" data-element_type=\"container\" data-e-type=\"container\">\n\t\t<div class=\"elementor-element elementor-element-71abd90 e-con-full e-flex e-con e-child\" data-id=\"71abd90\" data-element_type=\"container\" data-e-type=\"container\" data-settings=\"{&quot;background_background&quot;:&quot;classic&quot;}\">\n\t\t\t\t<div class=\"elementor-element elementor-element-fd85df1 elementor-widget__width-initial elementor-widget elementor-widget-heading\" data-id=\"fd85df1\" data-element_type=\"widget\" data-e-type=\"widget\" data-widget_type=\"heading.default\">\n\t\t\t\t<div class=\"elementor-widget-container\">\n\t\t\t\t\t<h2 class=\"elementor-heading-title elementor-size-default\">Service Client Fox  Spirit<\/h2>\t\t\t\t<\/div>\n\t\t\t\t<\/div>\n\t\t\t\t<div class=\"elementor-element elementor-element-80df8f9 elementor-widget__width-initial elementor-widget elementor-widget-text-editor\" data-id=\"80df8f9\" data-element_type=\"widget\" data-e-type=\"widget\" data-widget_type=\"text-editor.default\">\n\t\t\t\t<div class=\"elementor-widget-container\">\n\t\t\t\t\t\t\t\t\t<p>Un probl\u00e8me ou une question \u00e0 propos de votre mat\u00e9riel ? Vous \u00eates au bon endroit. Posez nous vos questions. Notre \u00e9quipe d\u00e9di\u00e9e saura vous r\u00e9pondre.<\/p>\t\t\t\t\t\t\t\t<\/div>\n\t\t\t\t<\/div>\n\t\t\t\t<div class=\"elementor-element elementor-element-ab48d09 elementor-widget elementor-widget-shortcode\" data-id=\"ab48d09\" data-element_type=\"widget\" data-e-type=\"widget\" data-widget_type=\"shortcode.default\">\n\t\t\t\t<div class=\"elementor-widget-container\">\n\t\t\t\t\t\t\t<div class=\"elementor-shortcode\">\n<div class=\"wpcf7 no-js\" id=\"wpcf7-f789-o1\" lang=\"en-US\" dir=\"ltr\" data-wpcf7-id=\"789\">\n<div class=\"screen-reader-response\"><p role=\"status\" aria-live=\"polite\" aria-atomic=\"true\"><\/p> <ul><\/ul><\/div>\n<form action=\"\/index.php?rest_route=%2Fwp%2Fv2%2Fpages%2F779#wpcf7-f789-o1\" method=\"post\" class=\"wpcf7-form init\" aria-label=\"Contact form\" novalidate=\"novalidate\" data-status=\"init\">\n<fieldset class=\"hidden-fields-container\"><input type=\"hidden\" name=\"_wpcf7\" value=\"789\" \/><input type=\"hidden\" name=\"_wpcf7_version\" value=\"6.1.5\" \/><input type=\"hidden\" name=\"_wpcf7_locale\" value=\"en_US\" \/><input type=\"hidden\" name=\"_wpcf7_unit_tag\" value=\"wpcf7-f789-o1\" \/><input type=\"hidden\" name=\"_wpcf7_container_post\" value=\"0\" \/><input type=\"hidden\" name=\"_wpcf7_posted_data_hash\" value=\"\" \/>\n<\/fieldset>\n<div class=\"form_contact_page\">\n\t<div class=\"ident_contact\">\n\t\t<p><span class=\"wpcf7-form-control-wrap\" data-name=\"Prnom\"><input size=\"30\" maxlength=\"400\" class=\"wpcf7-form-control wpcf7-text wpcf7-validates-as-required prenom_contact_form\" aria-required=\"true\" aria-invalid=\"false\" placeholder=\"Pr\u00e9nom\" value=\"\" type=\"text\" name=\"Prnom\" \/><\/span><span class=\"wpcf7-form-control-wrap\" data-name=\"Nom\"><input size=\"30\" maxlength=\"400\" class=\"wpcf7-form-control wpcf7-text wpcf7-validates-as-required nom_contact_form\" aria-required=\"true\" aria-invalid=\"false\" placeholder=\"Nom\" value=\"\" type=\"text\" name=\"Nom\" \/><\/span>\n\t\t<\/p>\n\t<\/div>\n\t<div class=\"mail_contact\">\n\t\t<p><span class=\"wpcf7-form-control-wrap\" data-name=\"Adresseemail\"><input size=\"40\" maxlength=\"400\" class=\"wpcf7-form-control wpcf7-email wpcf7-validates-as-required wpcf7-text wpcf7-validates-as-email mail_contact_form\" aria-required=\"true\" aria-invalid=\"false\" placeholder=\"Adresse email\" value=\"\" type=\"email\" name=\"Adresseemail\" \/><\/span>\n\t\t<\/p>\n\t<\/div>\n\t<div class=\"honey\">\n\t\t<p><span id=\"fieeeld-container\" class=\"wpcf7-form-control-wrap honeypot-911-wrap\" ><input type=\"hidden\" name=\"honeypot-911-time-start\" value=\"1778324974\"><input type=\"hidden\" name=\"honeypot-911-time-check\" value=\"4\"><label for=\"fieeeld\" class=\"hp-message\">Please leave this field empty.<\/label><input id=\"fieeeld\"  placeholder=\"fieeeld\"  class=\"wpcf7-form-control wpcf7-text fieeeld\" type=\"text\" name=\"honeypot-911\" value=\"\" size=\"40\" tabindex=\"-1\" autocomplete=\"off\" \/><\/span>\n\t\t<\/p>\n\t<\/div>\n\t<div class=\"demande_contact\">\n\t\t<p><span class=\"wpcf7-form-control-wrap\" data-name=\"Demande\"><input size=\"30\" maxlength=\"400\" class=\"wpcf7-form-control wpcf7-text wpcf7-validates-as-required demande_contact_form\" aria-required=\"true\" aria-invalid=\"false\" placeholder=\"Ma demande porte sur\" value=\"\" type=\"text\" name=\"Demande\" \/><\/span>\n\t\t<\/p>\n\t<\/div>\n\t<div class=\"textarea_contact\">\n\t\t<p><span class=\"wpcf7-form-control-wrap\" data-name=\"Probleme\"><textarea cols=\"40\" rows=\"5\" maxlength=\"2000\" class=\"wpcf7-form-control wpcf7-textarea wpcf7-validates-as-required probleme_contact_form\" aria-required=\"true\" aria-invalid=\"false\" placeholder=\"R\u00e9digez votre message ici.\" name=\"Probleme\"><\/textarea><\/span>\n\t\t<\/p>\n\t<\/div>\n\t<div class=\"send_button\">\n\t\t<p><input class=\"wpcf7-form-control wpcf7-submit has-spinner send_contact_form\" type=\"submit\" value=\"Envoyer\" \/>\n\t\t<\/p>\n\t<\/div>\n<\/div><div class=\"wpcf7-response-output\" aria-hidden=\"true\"><\/div>\n<\/form>\n<\/div>\n<\/div>\n\t\t\t\t\t\t<\/div>\n\t\t\t\t<\/div>\n\t\t\t\t<\/div>\n\t\t\t\t<\/div>\n\t\t<div class=\"elementor-element elementor-element-d333b76 e-con-full e-flex e-con e-child\" data-id=\"d333b76\" data-element_type=\"container\" data-e-type=\"container\" data-settings=\"{&quot;background_background&quot;:&quot;classic&quot;}\">\n\t\t\t\t<\/div>\n\t\t\t\t<\/div>\n\t\t\t\t<\/div>\n\t\t","protected":false},"excerpt":{"rendered":"<p>CONTACT Contactez-nous ! Service Client Fox Spirit Un probl\u00e8me ou une question \u00e0 propos de votre mat\u00e9riel ? Vous \u00eates au bon endroit. Posez nous vos questions. Notre \u00e9quipe d\u00e9di\u00e9e saura vous r\u00e9pondre.<\/p>\n","protected":false},"author":1,"featured_media":0,"parent":0,"menu_order":0,"comment_status":"closed","ping_status":"closed","template":"","meta":{"_acf_changed":false,"footnotes":""},"class_list":["post-779","page","type-page","status-publish","hentry"],"acf":[],"yoast_head":"<!-- This site is optimized with the Yoast SEO plugin v27.4 - https:\/\/yoast.com\/product\/yoast-seo-wordpress\/ -->\n<title>Fox Spirit - Contact<\/title>\n<meta name=\"description\" content=\"Besoin d\u2019aide ? Contactez FOX SPIRIT ! Notre \u00e9quipe fran\u00e7aise est l\u00e0 pour r\u00e9pondre \u00e0 vos questions et vous accompagner dans votre quotidien.\" \/>\n<meta name=\"robots\" content=\"index, follow, max-snippet:-1, max-image-preview:large, max-video-preview:-1\" \/>\n<link rel=\"canonical\" href=\"https:\/\/www.fox-spirit.com\/?page_id=779\" \/>\n<meta property=\"og:locale\" content=\"fr_FR\" \/>\n<meta property=\"og:type\" content=\"article\" \/>\n<meta property=\"og:title\" content=\"Fox Spirit - Contact\" \/>\n<meta property=\"og:description\" content=\"Besoin d\u2019aide ? Contactez FOX SPIRIT ! Notre \u00e9quipe fran\u00e7aise est l\u00e0 pour r\u00e9pondre \u00e0 vos questions et vous accompagner dans votre quotidien.\" \/>\n<meta property=\"og:url\" content=\"https:\/\/www.fox-spirit.com\/?page_id=779\" \/>\n<meta property=\"og:site_name\" content=\"Fox Spirit\" \/>\n<meta property=\"article:modified_time\" content=\"2025-02-18T08:42:19+00:00\" \/>\n<meta name=\"twitter:card\" content=\"summary_large_image\" \/>\n<meta name=\"twitter:label1\" content=\"Dur\u00e9e de lecture estim\u00e9e\" \/>\n\t<meta name=\"twitter:data1\" content=\"1 minute\" \/>\n<script type=\"application\/ld+json\" class=\"yoast-schema-graph\">{\"@context\":\"https:\\\/\\\/schema.org\",\"@graph\":[{\"@type\":\"WebPage\",\"@id\":\"https:\\\/\\\/www.fox-spirit.com\\\/?page_id=779\",\"url\":\"https:\\\/\\\/www.fox-spirit.com\\\/?page_id=779\",\"name\":\"Fox Spirit - Contact\",\"isPartOf\":{\"@id\":\"https:\\\/\\\/www.fox-spirit.com\\\/#website\"},\"datePublished\":\"2024-12-11T10:01:03+00:00\",\"dateModified\":\"2025-02-18T08:42:19+00:00\",\"description\":\"Besoin d\u2019aide ? Contactez FOX SPIRIT ! Notre \u00e9quipe fran\u00e7aise est l\u00e0 pour r\u00e9pondre \u00e0 vos questions et vous accompagner dans votre quotidien.\",\"breadcrumb\":{\"@id\":\"https:\\\/\\\/www.fox-spirit.com\\\/?page_id=779#breadcrumb\"},\"inLanguage\":\"fr-FR\",\"potentialAction\":[{\"@type\":\"ReadAction\",\"target\":[\"https:\\\/\\\/www.fox-spirit.com\\\/?page_id=779\"]}]},{\"@type\":\"BreadcrumbList\",\"@id\":\"https:\\\/\\\/www.fox-spirit.com\\\/?page_id=779#breadcrumb\",\"itemListElement\":[{\"@type\":\"ListItem\",\"position\":1,\"name\":\"Home\",\"item\":\"https:\\\/\\\/www.fox-spirit.com\\\/\"},{\"@type\":\"ListItem\",\"position\":2,\"name\":\"Contact\"}]},{\"@type\":\"WebSite\",\"@id\":\"https:\\\/\\\/www.fox-spirit.com\\\/#website\",\"url\":\"https:\\\/\\\/www.fox-spirit.com\\\/\",\"name\":\"Fox Spirit\",\"description\":\"JOUEZ. RUSEZ.\",\"publisher\":{\"@id\":\"https:\\\/\\\/www.fox-spirit.com\\\/#organization\"},\"potentialAction\":[{\"@type\":\"SearchAction\",\"target\":{\"@type\":\"EntryPoint\",\"urlTemplate\":\"https:\\\/\\\/www.fox-spirit.com\\\/?s={search_term_string}\"},\"query-input\":{\"@type\":\"PropertyValueSpecification\",\"valueRequired\":true,\"valueName\":\"search_term_string\"}}],\"inLanguage\":\"fr-FR\"},{\"@type\":\"Organization\",\"@id\":\"https:\\\/\\\/www.fox-spirit.com\\\/#organization\",\"name\":\"Groupe LDLC\",\"url\":\"https:\\\/\\\/www.fox-spirit.com\\\/\",\"logo\":{\"@type\":\"ImageObject\",\"inLanguage\":\"fr-FR\",\"@id\":\"https:\\\/\\\/www.fox-spirit.com\\\/#\\\/schema\\\/logo\\\/image\\\/\",\"url\":\"https:\\\/\\\/www.fox-spirit.com\\\/wp-content\\\/uploads\\\/2024\\\/12\\\/logo_FoxSpirit_red.png\",\"contentUrl\":\"https:\\\/\\\/www.fox-spirit.com\\\/wp-content\\\/uploads\\\/2024\\\/12\\\/logo_FoxSpirit_red.png\",\"width\":1600,\"height\":1600,\"caption\":\"Groupe LDLC\"},\"image\":{\"@id\":\"https:\\\/\\\/www.fox-spirit.com\\\/#\\\/schema\\\/logo\\\/image\\\/\"}}]}<\/script>\n<!-- \/ Yoast SEO plugin. -->","yoast_head_json":{"title":"Fox Spirit - Contact","description":"Besoin d\u2019aide ? Contactez FOX SPIRIT ! Notre \u00e9quipe fran\u00e7aise est l\u00e0 pour r\u00e9pondre \u00e0 vos questions et vous accompagner dans votre quotidien.","robots":{"index":"index","follow":"follow","max-snippet":"max-snippet:-1","max-image-preview":"max-image-preview:large","max-video-preview":"max-video-preview:-1"},"canonical":"https:\/\/www.fox-spirit.com\/?page_id=779","og_locale":"fr_FR","og_type":"article","og_title":"Fox Spirit - Contact","og_description":"Besoin d\u2019aide ? Contactez FOX SPIRIT ! Notre \u00e9quipe fran\u00e7aise est l\u00e0 pour r\u00e9pondre \u00e0 vos questions et vous accompagner dans votre quotidien.","og_url":"https:\/\/www.fox-spirit.com\/?page_id=779","og_site_name":"Fox Spirit","article_modified_time":"2025-02-18T08:42:19+00:00","twitter_card":"summary_large_image","twitter_misc":{"Dur\u00e9e de lecture estim\u00e9e":"1 minute"},"schema":{"@context":"https:\/\/schema.org","@graph":[{"@type":"WebPage","@id":"https:\/\/www.fox-spirit.com\/?page_id=779","url":"https:\/\/www.fox-spirit.com\/?page_id=779","name":"Fox Spirit - Contact","isPartOf":{"@id":"https:\/\/www.fox-spirit.com\/#website"},"datePublished":"2024-12-11T10:01:03+00:00","dateModified":"2025-02-18T08:42:19+00:00","description":"Besoin d\u2019aide ? Contactez FOX SPIRIT ! Notre \u00e9quipe fran\u00e7aise est l\u00e0 pour r\u00e9pondre \u00e0 vos questions et vous accompagner dans votre quotidien.","breadcrumb":{"@id":"https:\/\/www.fox-spirit.com\/?page_id=779#breadcrumb"},"inLanguage":"fr-FR","potentialAction":[{"@type":"ReadAction","target":["https:\/\/www.fox-spirit.com\/?page_id=779"]}]},{"@type":"BreadcrumbList","@id":"https:\/\/www.fox-spirit.com\/?page_id=779#breadcrumb","itemListElement":[{"@type":"ListItem","position":1,"name":"Home","item":"https:\/\/www.fox-spirit.com\/"},{"@type":"ListItem","position":2,"name":"Contact"}]},{"@type":"WebSite","@id":"https:\/\/www.fox-spirit.com\/#website","url":"https:\/\/www.fox-spirit.com\/","name":"Fox Spirit","description":"JOUEZ. RUSEZ.","publisher":{"@id":"https:\/\/www.fox-spirit.com\/#organization"},"potentialAction":[{"@type":"SearchAction","target":{"@type":"EntryPoint","urlTemplate":"https:\/\/www.fox-spirit.com\/?s={search_term_string}"},"query-input":{"@type":"PropertyValueSpecification","valueRequired":true,"valueName":"search_term_string"}}],"inLanguage":"fr-FR"},{"@type":"Organization","@id":"https:\/\/www.fox-spirit.com\/#organization","name":"Groupe LDLC","url":"https:\/\/www.fox-spirit.com\/","logo":{"@type":"ImageObject","inLanguage":"fr-FR","@id":"https:\/\/www.fox-spirit.com\/#\/schema\/logo\/image\/","url":"https:\/\/www.fox-spirit.com\/wp-content\/uploads\/2024\/12\/logo_FoxSpirit_red.png","contentUrl":"https:\/\/www.fox-spirit.com\/wp-content\/uploads\/2024\/12\/logo_FoxSpirit_red.png","width":1600,"height":1600,"caption":"Groupe LDLC"},"image":{"@id":"https:\/\/www.fox-spirit.com\/#\/schema\/logo\/image\/"}}]}},"_links":{"self":[{"href":"https:\/\/www.fox-spirit.com\/index.php?rest_route=\/wp\/v2\/pages\/779","targetHints":{"allow":["GET"]}}],"collection":[{"href":"https:\/\/www.fox-spirit.com\/index.php?rest_route=\/wp\/v2\/pages"}],"about":[{"href":"https:\/\/www.fox-spirit.com\/index.php?rest_route=\/wp\/v2\/types\/page"}],"author":[{"embeddable":true,"href":"https:\/\/www.fox-spirit.com\/index.php?rest_route=\/wp\/v2\/users\/1"}],"replies":[{"embeddable":true,"href":"https:\/\/www.fox-spirit.com\/index.php?rest_route=%2Fwp%2Fv2%2Fcomments&post=779"}],"version-history":[{"count":34,"href":"https:\/\/www.fox-spirit.com\/index.php?rest_route=\/wp\/v2\/pages\/779\/revisions"}],"predecessor-version":[{"id":3820,"href":"https:\/\/www.fox-spirit.com\/index.php?rest_route=\/wp\/v2\/pages\/779\/revisions\/3820"}],"wp:attachment":[{"href":"https:\/\/www.fox-spirit.com\/index.php?rest_route=%2Fwp%2Fv2%2Fmedia&parent=779"}],"curies":[{"name":"wp","href":"https:\/\/api.w.org\/{rel}","templated":true}]}}