{"id":2433,"date":"2025-02-03T13:34:20","date_gmt":"2025-02-03T12:34:20","guid":{"rendered":"https:\/\/www.fox-spirit.com\/?post_type=product&#038;p=2433"},"modified":"2025-02-14T14:25:04","modified_gmt":"2025-02-14T13:25:04","slug":"cryo-50","status":"publish","type":"product","link":"https:\/\/www.fox-spirit.com\/?product=cryo-50","title":{"rendered":"Cryo 50"},"content":{"rendered":"\t\t<div data-elementor-type=\"container\" data-elementor-id=\"2440\" class=\"elementor elementor-2440\" data-elementor-post-type=\"elementor_library\">\n\t\t\t\t<div class=\"elementor-element elementor-element-f075c9b e-con-full e-flex e-con e-parent\" data-id=\"f075c9b\" data-element_type=\"container\" data-e-type=\"container\">\n\t\t<div class=\"elementor-element elementor-element-14e4077 e-con-full e-flex e-con e-child\" data-id=\"14e4077\" data-element_type=\"container\" data-e-type=\"container\">\n\t\t\t\t<div class=\"elementor-element elementor-element-9c769af elementor-widget elementor-widget-heading\" data-id=\"9c769af\" data-element_type=\"widget\" data-e-type=\"widget\" data-widget_type=\"heading.default\">\n\t\t\t\t<div class=\"elementor-widget-container\">\n\t\t\t\t\t<h2 class=\"elementor-heading-title elementor-size-default\">Am\u00e9liorez les temp\u00e9ratures de vos composants<\/h2>\t\t\t\t<\/div>\n\t\t\t\t<\/div>\n\t\t\t\t<div class=\"elementor-element elementor-element-9626083 elementor-widget elementor-widget-text-editor\" data-id=\"9626083\" data-element_type=\"widget\" data-e-type=\"widget\" data-widget_type=\"text-editor.default\">\n\t\t\t\t<div class=\"elementor-widget-container\">\n\t\t\t\t\t\t\t\t\t<p>La\u00a0<strong>p\u00e2te thermique Fox Spirit Cryo 50\u00a0<\/strong>se destine aux utilisateurs \u00e0 la recherche d&rsquo;une p\u00e2te thermique efficace et facile \u00e0 appliquer. Elle s&rsquo;articule autour d&rsquo;un\u00a0<strong>compos\u00e9 organosilici\u00e9<\/strong>\u00a0isolant et conducteur thermique qui utilise la nanotechnologie. La Cryo 50 de Fox Spirit\u00a0<strong>convient aux CPU, GPU et chipsets<\/strong>. Elle am\u00e9liorera le transfert de chaleur et r\u00e9duira ainsi les temp\u00e9ratures de fonctionnement que ce soit en fonctionnement normal ou dans le cadre d&rsquo;un overclocking. Elle viendra remplacer votre p\u00e2te actuelle devenue moins performante avec le temps ou sera appliqu\u00e9e lors de l&rsquo;installation de votre nouvelle configuration. La seringue est fournie avec une spatule pour faciliter son \u00e9talement et une lingette nettoyante permettra d&rsquo;effacer toute trace d&rsquo;une p\u00e2te pr\u00e9c\u00e9dente.<\/p>\t\t\t\t\t\t\t\t<\/div>\n\t\t\t\t<\/div>\n\t\t\t\t<\/div>\n\t\t<div class=\"elementor-element elementor-element-0c11eb0 e-con-full e-flex e-con e-child\" data-id=\"0c11eb0\" data-element_type=\"container\" data-e-type=\"container\">\n\t\t<div class=\"elementor-element elementor-element-bcf431d e-con-full e-flex e-con e-child\" data-id=\"bcf431d\" data-element_type=\"container\" data-e-type=\"container\">\n\t\t\t\t<div class=\"elementor-element elementor-element-85e8cfb elementor-widget elementor-widget-image\" data-id=\"85e8cfb\" data-element_type=\"widget\" data-e-type=\"widget\" data-widget_type=\"image.default\">\n\t\t\t\t<div class=\"elementor-widget-container\">\n\t\t\t\t\t\t\t\t\t\t\t\t\t\t\t<img fetchpriority=\"high\" decoding=\"async\" width=\"800\" height=\"800\" src=\"https:\/\/www.fox-spirit.com\/wp-content\/uploads\/2025\/02\/CRYO50_03.webp\" class=\"attachment-large size-large wp-image-2436\" alt=\"Seringue pour nettoyant p\u00e2te thermique FOX SPIRIT\" srcset=\"https:\/\/www.fox-spirit.com\/wp-content\/uploads\/2025\/02\/CRYO50_03.webp 1000w, https:\/\/www.fox-spirit.com\/wp-content\/uploads\/2025\/02\/CRYO50_03-300x300.webp 300w, https:\/\/www.fox-spirit.com\/wp-content\/uploads\/2025\/02\/CRYO50_03-150x150.webp 150w, https:\/\/www.fox-spirit.com\/wp-content\/uploads\/2025\/02\/CRYO50_03-768x768.webp 768w, https:\/\/www.fox-spirit.com\/wp-content\/uploads\/2025\/02\/CRYO50_03-600x600.webp 600w, https:\/\/www.fox-spirit.com\/wp-content\/uploads\/2025\/02\/CRYO50_03-100x100.webp 100w\" sizes=\"(max-width: 800px) 100vw, 800px\" \/>\t\t\t\t\t\t\t\t\t\t\t\t\t\t\t<\/div>\n\t\t\t\t<\/div>\n\t\t\t\t<\/div>\n\t\t<div class=\"elementor-element elementor-element-ddd2c69 e-con-full e-flex e-con e-child\" data-id=\"ddd2c69\" data-element_type=\"container\" data-e-type=\"container\">\n\t\t\t\t<div class=\"elementor-element elementor-element-d3f5cf6 elementor-widget elementor-widget-heading\" data-id=\"d3f5cf6\" data-element_type=\"widget\" data-e-type=\"widget\" data-widget_type=\"heading.default\">\n\t\t\t\t<div class=\"elementor-widget-container\">\n\t\t\t\t\t<h2 class=\"elementor-heading-title elementor-size-default\">Caract\u00e9ristiques :<\/h2>\t\t\t\t<\/div>\n\t\t\t\t<\/div>\n\t\t\t\t<div class=\"elementor-element elementor-element-89251d0 elementor-widget elementor-widget-text-editor\" data-id=\"89251d0\" data-element_type=\"widget\" data-e-type=\"widget\" data-widget_type=\"text-editor.default\">\n\t\t\t\t<div class=\"elementor-widget-container\">\n\t\t\t\t\t\t\t\t\t<ul><li>Poids\u00a0: 5 g<\/li><li>Couleur : gris<\/li><li>Temp\u00e9rature de fonctionnement : &#8211; 50\u00b0C\u00a0 \u00e0 250\u00b0C<\/li><li>Conductivit\u00e9 thermique : 6.2 W\/mK<\/li><li>Gravit\u00e9 sp\u00e9cifique : 2.7\u00a0g\/cm<sup>3<\/sup><\/li><li>Spatule d&rsquo;application et lingette nettoyante fournies<\/li><\/ul>\t\t\t\t\t\t\t\t<\/div>\n\t\t\t\t<\/div>\n\t\t\t\t<\/div>\n\t\t\t\t<\/div>\n\t\t\t\t<\/div>\n\t\t\t\t<\/div>\n\t\t\n","protected":false},"excerpt":{"rendered":"<p>La p\u00e2te thermique Fox Spirit Cryo 50 se destine aux utilisateurs \u00e0 la recherche d&rsquo;une p\u00e2te thermique efficace et facile \u00e0 appliquer. Elle s&rsquo;articule autour d&rsquo;un compos\u00e9 organosilici\u00e9 isolant et conducteur thermique qui utilise la nanotechnologie.<\/p>\n","protected":false},"featured_media":2434,"template":"","meta":{"_acf_changed":false},"product_brand":[],"product_cat":[50,31],"product_tag":[],"class_list":{"0":"post-2433","1":"product","2":"type-product","3":"status-publish","4":"has-post-thumbnail","6":"product_cat-pate-thermique","7":"product_cat-refroidissement","9":"first","10":"instock","11":"shipping-taxable","12":"product-type-simple"},"acf":[],"yoast_head":"<!-- This site is optimized with the Yoast SEO plugin v27.4 - https:\/\/yoast.com\/product\/yoast-seo-wordpress\/ -->\n<title>Fox Spirit - Cryo 50<\/title>\n<meta name=\"description\" content=\"D\u00e9couvrez la p\u00e2te thermique Cryo 50 FOX SPIRIT, qui se destine aux utilisateurs \u00e0 la recherche d&#039;une p\u00e2te thermique efficace et facile \u00e0 appliquer.\" \/>\n<meta name=\"robots\" content=\"index, follow, max-snippet:-1, max-image-preview:large, max-video-preview:-1\" \/>\n<link rel=\"canonical\" href=\"https:\/\/www.fox-spirit.com\/?product=cryo-50\" \/>\n<meta property=\"og:locale\" content=\"fr_FR\" \/>\n<meta property=\"og:type\" content=\"article\" \/>\n<meta property=\"og:title\" content=\"Fox Spirit - Cryo 50\" \/>\n<meta property=\"og:description\" content=\"D\u00e9couvrez la p\u00e2te thermique Cryo 50 FOX SPIRIT, qui se destine aux utilisateurs \u00e0 la recherche d&#039;une p\u00e2te thermique efficace et facile \u00e0 appliquer.\" \/>\n<meta property=\"og:url\" content=\"https:\/\/www.fox-spirit.com\/?product=cryo-50\" \/>\n<meta property=\"og:site_name\" content=\"Fox Spirit\" \/>\n<meta property=\"article:modified_time\" content=\"2025-02-14T13:25:04+00:00\" \/>\n<meta property=\"og:image\" content=\"https:\/\/www.fox-spirit.com\/wp-content\/uploads\/2025\/02\/CRYO50_01.webp\" \/>\n\t<meta property=\"og:image:width\" content=\"1000\" \/>\n\t<meta property=\"og:image:height\" content=\"1000\" \/>\n\t<meta property=\"og:image:type\" content=\"image\/webp\" \/>\n<meta name=\"twitter:card\" content=\"summary_large_image\" \/>\n<meta name=\"twitter:label1\" content=\"Dur\u00e9e de lecture estim\u00e9e\" \/>\n\t<meta name=\"twitter:data1\" content=\"1 minute\" \/>\n<script type=\"application\/ld+json\" class=\"yoast-schema-graph\">{\"@context\":\"https:\\\/\\\/schema.org\",\"@graph\":[{\"@type\":\"WebPage\",\"@id\":\"https:\\\/\\\/www.fox-spirit.com\\\/?product=cryo-50\",\"url\":\"https:\\\/\\\/www.fox-spirit.com\\\/?product=cryo-50\",\"name\":\"Fox Spirit - Cryo 50\",\"isPartOf\":{\"@id\":\"https:\\\/\\\/www.fox-spirit.com\\\/#website\"},\"primaryImageOfPage\":{\"@id\":\"https:\\\/\\\/www.fox-spirit.com\\\/?product=cryo-50#primaryimage\"},\"image\":{\"@id\":\"https:\\\/\\\/www.fox-spirit.com\\\/?product=cryo-50#primaryimage\"},\"thumbnailUrl\":\"https:\\\/\\\/www.fox-spirit.com\\\/wp-content\\\/uploads\\\/2025\\\/02\\\/CRYO50_01.webp\",\"datePublished\":\"2025-02-03T12:34:20+00:00\",\"dateModified\":\"2025-02-14T13:25:04+00:00\",\"description\":\"D\u00e9couvrez la p\u00e2te thermique Cryo 50 FOX SPIRIT, qui se destine aux utilisateurs \u00e0 la recherche d'une p\u00e2te thermique efficace et facile \u00e0 appliquer.\",\"breadcrumb\":{\"@id\":\"https:\\\/\\\/www.fox-spirit.com\\\/?product=cryo-50#breadcrumb\"},\"inLanguage\":\"fr-FR\",\"potentialAction\":[{\"@type\":\"ReadAction\",\"target\":[\"https:\\\/\\\/www.fox-spirit.com\\\/?product=cryo-50\"]}]},{\"@type\":\"ImageObject\",\"inLanguage\":\"fr-FR\",\"@id\":\"https:\\\/\\\/www.fox-spirit.com\\\/?product=cryo-50#primaryimage\",\"url\":\"https:\\\/\\\/www.fox-spirit.com\\\/wp-content\\\/uploads\\\/2025\\\/02\\\/CRYO50_01.webp\",\"contentUrl\":\"https:\\\/\\\/www.fox-spirit.com\\\/wp-content\\\/uploads\\\/2025\\\/02\\\/CRYO50_01.webp\",\"width\":1000,\"height\":1000,\"caption\":\"Nettoyant p\u00e2te thermique CRYO50 FOX SPIRIT\"},{\"@type\":\"BreadcrumbList\",\"@id\":\"https:\\\/\\\/www.fox-spirit.com\\\/?product=cryo-50#breadcrumb\",\"itemListElement\":[{\"@type\":\"ListItem\",\"position\":1,\"name\":\"Home\",\"item\":\"https:\\\/\\\/www.fox-spirit.com\\\/\"},{\"@type\":\"ListItem\",\"position\":2,\"name\":\"Univers\",\"item\":\"https:\\\/\\\/www.fox-spirit.com\\\/?page_id=1224\"},{\"@type\":\"ListItem\",\"position\":3,\"name\":\"Composants PC\",\"item\":\"https:\\\/\\\/www.fox-spirit.com\\\/?product_cat=composants-pc\"},{\"@type\":\"ListItem\",\"position\":4,\"name\":\"Refroidissement\",\"item\":\"https:\\\/\\\/www.fox-spirit.com\\\/?product_cat=refroidissement\"},{\"@type\":\"ListItem\",\"position\":5,\"name\":\"Cryo 50\"}]},{\"@type\":\"WebSite\",\"@id\":\"https:\\\/\\\/www.fox-spirit.com\\\/#website\",\"url\":\"https:\\\/\\\/www.fox-spirit.com\\\/\",\"name\":\"Fox Spirit\",\"description\":\"JOUEZ. RUSEZ.\",\"publisher\":{\"@id\":\"https:\\\/\\\/www.fox-spirit.com\\\/#organization\"},\"potentialAction\":[{\"@type\":\"SearchAction\",\"target\":{\"@type\":\"EntryPoint\",\"urlTemplate\":\"https:\\\/\\\/www.fox-spirit.com\\\/?s={search_term_string}\"},\"query-input\":{\"@type\":\"PropertyValueSpecification\",\"valueRequired\":true,\"valueName\":\"search_term_string\"}}],\"inLanguage\":\"fr-FR\"},{\"@type\":\"Organization\",\"@id\":\"https:\\\/\\\/www.fox-spirit.com\\\/#organization\",\"name\":\"Groupe LDLC\",\"url\":\"https:\\\/\\\/www.fox-spirit.com\\\/\",\"logo\":{\"@type\":\"ImageObject\",\"inLanguage\":\"fr-FR\",\"@id\":\"https:\\\/\\\/www.fox-spirit.com\\\/#\\\/schema\\\/logo\\\/image\\\/\",\"url\":\"https:\\\/\\\/www.fox-spirit.com\\\/wp-content\\\/uploads\\\/2024\\\/12\\\/logo_FoxSpirit_red.png\",\"contentUrl\":\"https:\\\/\\\/www.fox-spirit.com\\\/wp-content\\\/uploads\\\/2024\\\/12\\\/logo_FoxSpirit_red.png\",\"width\":1600,\"height\":1600,\"caption\":\"Groupe LDLC\"},\"image\":{\"@id\":\"https:\\\/\\\/www.fox-spirit.com\\\/#\\\/schema\\\/logo\\\/image\\\/\"}}]}<\/script>\n<!-- \/ Yoast SEO plugin. -->","yoast_head_json":{"title":"Fox Spirit - Cryo 50","description":"D\u00e9couvrez la p\u00e2te thermique Cryo 50 FOX SPIRIT, qui se destine aux utilisateurs \u00e0 la recherche d'une p\u00e2te thermique efficace et facile \u00e0 appliquer.","robots":{"index":"index","follow":"follow","max-snippet":"max-snippet:-1","max-image-preview":"max-image-preview:large","max-video-preview":"max-video-preview:-1"},"canonical":"https:\/\/www.fox-spirit.com\/?product=cryo-50","og_locale":"fr_FR","og_type":"article","og_title":"Fox Spirit - Cryo 50","og_description":"D\u00e9couvrez la p\u00e2te thermique Cryo 50 FOX SPIRIT, qui se destine aux utilisateurs \u00e0 la recherche d'une p\u00e2te thermique efficace et facile \u00e0 appliquer.","og_url":"https:\/\/www.fox-spirit.com\/?product=cryo-50","og_site_name":"Fox Spirit","article_modified_time":"2025-02-14T13:25:04+00:00","og_image":[{"width":1000,"height":1000,"url":"https:\/\/www.fox-spirit.com\/wp-content\/uploads\/2025\/02\/CRYO50_01.webp","type":"image\/webp"}],"twitter_card":"summary_large_image","twitter_misc":{"Dur\u00e9e de lecture estim\u00e9e":"1 minute"},"schema":{"@context":"https:\/\/schema.org","@graph":[{"@type":"WebPage","@id":"https:\/\/www.fox-spirit.com\/?product=cryo-50","url":"https:\/\/www.fox-spirit.com\/?product=cryo-50","name":"Fox Spirit - Cryo 50","isPartOf":{"@id":"https:\/\/www.fox-spirit.com\/#website"},"primaryImageOfPage":{"@id":"https:\/\/www.fox-spirit.com\/?product=cryo-50#primaryimage"},"image":{"@id":"https:\/\/www.fox-spirit.com\/?product=cryo-50#primaryimage"},"thumbnailUrl":"https:\/\/www.fox-spirit.com\/wp-content\/uploads\/2025\/02\/CRYO50_01.webp","datePublished":"2025-02-03T12:34:20+00:00","dateModified":"2025-02-14T13:25:04+00:00","description":"D\u00e9couvrez la p\u00e2te thermique Cryo 50 FOX SPIRIT, qui se destine aux utilisateurs \u00e0 la recherche d'une p\u00e2te thermique efficace et facile \u00e0 appliquer.","breadcrumb":{"@id":"https:\/\/www.fox-spirit.com\/?product=cryo-50#breadcrumb"},"inLanguage":"fr-FR","potentialAction":[{"@type":"ReadAction","target":["https:\/\/www.fox-spirit.com\/?product=cryo-50"]}]},{"@type":"ImageObject","inLanguage":"fr-FR","@id":"https:\/\/www.fox-spirit.com\/?product=cryo-50#primaryimage","url":"https:\/\/www.fox-spirit.com\/wp-content\/uploads\/2025\/02\/CRYO50_01.webp","contentUrl":"https:\/\/www.fox-spirit.com\/wp-content\/uploads\/2025\/02\/CRYO50_01.webp","width":1000,"height":1000,"caption":"Nettoyant p\u00e2te thermique CRYO50 FOX SPIRIT"},{"@type":"BreadcrumbList","@id":"https:\/\/www.fox-spirit.com\/?product=cryo-50#breadcrumb","itemListElement":[{"@type":"ListItem","position":1,"name":"Home","item":"https:\/\/www.fox-spirit.com\/"},{"@type":"ListItem","position":2,"name":"Univers","item":"https:\/\/www.fox-spirit.com\/?page_id=1224"},{"@type":"ListItem","position":3,"name":"Composants PC","item":"https:\/\/www.fox-spirit.com\/?product_cat=composants-pc"},{"@type":"ListItem","position":4,"name":"Refroidissement","item":"https:\/\/www.fox-spirit.com\/?product_cat=refroidissement"},{"@type":"ListItem","position":5,"name":"Cryo 50"}]},{"@type":"WebSite","@id":"https:\/\/www.fox-spirit.com\/#website","url":"https:\/\/www.fox-spirit.com\/","name":"Fox Spirit","description":"JOUEZ. RUSEZ.","publisher":{"@id":"https:\/\/www.fox-spirit.com\/#organization"},"potentialAction":[{"@type":"SearchAction","target":{"@type":"EntryPoint","urlTemplate":"https:\/\/www.fox-spirit.com\/?s={search_term_string}"},"query-input":{"@type":"PropertyValueSpecification","valueRequired":true,"valueName":"search_term_string"}}],"inLanguage":"fr-FR"},{"@type":"Organization","@id":"https:\/\/www.fox-spirit.com\/#organization","name":"Groupe LDLC","url":"https:\/\/www.fox-spirit.com\/","logo":{"@type":"ImageObject","inLanguage":"fr-FR","@id":"https:\/\/www.fox-spirit.com\/#\/schema\/logo\/image\/","url":"https:\/\/www.fox-spirit.com\/wp-content\/uploads\/2024\/12\/logo_FoxSpirit_red.png","contentUrl":"https:\/\/www.fox-spirit.com\/wp-content\/uploads\/2024\/12\/logo_FoxSpirit_red.png","width":1600,"height":1600,"caption":"Groupe LDLC"},"image":{"@id":"https:\/\/www.fox-spirit.com\/#\/schema\/logo\/image\/"}}]}},"_links":{"self":[{"href":"https:\/\/www.fox-spirit.com\/index.php?rest_route=\/wp\/v2\/product\/2433","targetHints":{"allow":["GET"]}}],"collection":[{"href":"https:\/\/www.fox-spirit.com\/index.php?rest_route=\/wp\/v2\/product"}],"about":[{"href":"https:\/\/www.fox-spirit.com\/index.php?rest_route=\/wp\/v2\/types\/product"}],"version-history":[{"count":4,"href":"https:\/\/www.fox-spirit.com\/index.php?rest_route=\/wp\/v2\/product\/2433\/revisions"}],"predecessor-version":[{"id":3686,"href":"https:\/\/www.fox-spirit.com\/index.php?rest_route=\/wp\/v2\/product\/2433\/revisions\/3686"}],"wp:featuredmedia":[{"embeddable":true,"href":"https:\/\/www.fox-spirit.com\/index.php?rest_route=\/wp\/v2\/media\/2434"}],"wp:attachment":[{"href":"https:\/\/www.fox-spirit.com\/index.php?rest_route=%2Fwp%2Fv2%2Fmedia&parent=2433"}],"wp:term":[{"taxonomy":"product_brand","embeddable":true,"href":"https:\/\/www.fox-spirit.com\/index.php?rest_route=%2Fwp%2Fv2%2Fproduct_brand&post=2433"},{"taxonomy":"product_cat","embeddable":true,"href":"https:\/\/www.fox-spirit.com\/index.php?rest_route=%2Fwp%2Fv2%2Fproduct_cat&post=2433"},{"taxonomy":"product_tag","embeddable":true,"href":"https:\/\/www.fox-spirit.com\/index.php?rest_route=%2Fwp%2Fv2%2Fproduct_tag&post=2433"}],"curies":[{"name":"wp","href":"https:\/\/api.w.org\/{rel}","templated":true}]}}