{"id":2473,"date":"2025-02-03T14:42:19","date_gmt":"2025-02-03T13:42:19","guid":{"rendered":"https:\/\/www.fox-spirit.com\/?post_type=product&#038;p=2473"},"modified":"2025-02-14T14:23:14","modified_gmt":"2025-02-14T13:23:14","slug":"m-pad","status":"publish","type":"product","link":"https:\/\/www.fox-spirit.com\/?product=m-pad","title":{"rendered":"M-PAD"},"content":{"rendered":"\t\t<div data-elementor-type=\"container\" data-elementor-id=\"2480\" class=\"elementor elementor-2480\" data-elementor-post-type=\"elementor_library\">\n\t\t\t\t<div class=\"elementor-element elementor-element-f075c9b e-con-full e-flex e-con e-parent\" data-id=\"f075c9b\" data-element_type=\"container\" data-e-type=\"container\">\n\t\t<div class=\"elementor-element elementor-element-14e4077 e-con-full e-flex e-con e-child\" data-id=\"14e4077\" data-element_type=\"container\" data-e-type=\"container\">\n\t\t\t\t<div class=\"elementor-element elementor-element-9c769af elementor-widget elementor-widget-heading\" data-id=\"9c769af\" data-element_type=\"widget\" data-e-type=\"widget\" data-widget_type=\"heading.default\">\n\t\t\t\t<div class=\"elementor-widget-container\">\n\t\t\t\t\t<h2 class=\"elementor-heading-title elementor-size-default\">Tapis de souris polyvalent avec base antid\u00e9rapante<\/h2>\t\t\t\t<\/div>\n\t\t\t\t<\/div>\n\t\t\t\t<div class=\"elementor-element elementor-element-9626083 elementor-widget elementor-widget-text-editor\" data-id=\"9626083\" data-element_type=\"widget\" data-e-type=\"widget\" data-widget_type=\"text-editor.default\">\n\t\t\t\t<div class=\"elementor-widget-container\">\n\t\t\t\t\t\t\t\t\t<p>Le\u00a0<strong>Fox Spirit M-Pad\u00a0<\/strong>est un<strong>\u00a0tapis de souris souple \u00e9quip\u00e9 d&rsquo;une base antid\u00e9rapante<\/strong>\u00a0en caoutchouc. Sa\u00a0<strong>surface utile de 320 x 270 mm<\/strong>\u00a0conviendra pour tous types d&rsquo;utilisations : gaming, bureautique, graphisme\u2026 Sa\u00a0<strong>surface en \u00e9lasthanne et jersey<\/strong>\u00a0offre une excellente glisse pour des mouvements rapides et fluides.<\/p>\t\t\t\t\t\t\t\t<\/div>\n\t\t\t\t<\/div>\n\t\t\t\t<\/div>\n\t\t<div class=\"elementor-element elementor-element-0c11eb0 e-con-full e-flex e-con e-child\" data-id=\"0c11eb0\" data-element_type=\"container\" data-e-type=\"container\">\n\t\t<div class=\"elementor-element elementor-element-bcf431d e-con-full e-flex e-con e-child\" data-id=\"bcf431d\" data-element_type=\"container\" data-e-type=\"container\">\n\t\t\t\t<div class=\"elementor-element elementor-element-85e8cfb elementor-widget elementor-widget-image\" data-id=\"85e8cfb\" data-element_type=\"widget\" data-e-type=\"widget\" data-widget_type=\"image.default\">\n\t\t\t\t<div class=\"elementor-widget-container\">\n\t\t\t\t\t\t\t\t\t\t\t\t\t\t\t<img fetchpriority=\"high\" decoding=\"async\" width=\"800\" height=\"800\" src=\"https:\/\/www.fox-spirit.com\/wp-content\/uploads\/2025\/02\/PAD_Desc.webp\" class=\"attachment-large size-large wp-image-2470\" alt=\"Ensemble des tailles de la gamme des tapis de souris gaming FOX SPIRIT\" srcset=\"https:\/\/www.fox-spirit.com\/wp-content\/uploads\/2025\/02\/PAD_Desc.webp 1000w, https:\/\/www.fox-spirit.com\/wp-content\/uploads\/2025\/02\/PAD_Desc-300x300.webp 300w, https:\/\/www.fox-spirit.com\/wp-content\/uploads\/2025\/02\/PAD_Desc-150x150.webp 150w, https:\/\/www.fox-spirit.com\/wp-content\/uploads\/2025\/02\/PAD_Desc-768x768.webp 768w, https:\/\/www.fox-spirit.com\/wp-content\/uploads\/2025\/02\/PAD_Desc-600x600.webp 600w, https:\/\/www.fox-spirit.com\/wp-content\/uploads\/2025\/02\/PAD_Desc-100x100.webp 100w\" sizes=\"(max-width: 800px) 100vw, 800px\" \/>\t\t\t\t\t\t\t\t\t\t\t\t\t\t\t<\/div>\n\t\t\t\t<\/div>\n\t\t\t\t<\/div>\n\t\t<div class=\"elementor-element elementor-element-ddd2c69 e-con-full e-flex e-con e-child\" data-id=\"ddd2c69\" data-element_type=\"container\" data-e-type=\"container\">\n\t\t\t\t<div class=\"elementor-element elementor-element-d3f5cf6 elementor-widget elementor-widget-heading\" data-id=\"d3f5cf6\" data-element_type=\"widget\" data-e-type=\"widget\" data-widget_type=\"heading.default\">\n\t\t\t\t<div class=\"elementor-widget-container\">\n\t\t\t\t\t<h2 class=\"elementor-heading-title elementor-size-default\">Rapidit\u00e9 et Fluidit\u00e9<\/h2>\t\t\t\t<\/div>\n\t\t\t\t<\/div>\n\t\t\t\t<div class=\"elementor-element elementor-element-89251d0 elementor-widget elementor-widget-text-editor\" data-id=\"89251d0\" data-element_type=\"widget\" data-e-type=\"widget\" data-widget_type=\"text-editor.default\">\n\t\t\t\t<div class=\"elementor-widget-container\">\n\t\t\t\t\t\t\t\t\t<ul><li>Base caoutchouc<\/li><li>Dessus en \u00e9lasthanne + jersey<\/li><li>Surface de glisse : 320 x 270 mm<\/li><li>\u00c9paisseur : 3 mm<\/li><\/ul>\t\t\t\t\t\t\t\t<\/div>\n\t\t\t\t<\/div>\n\t\t\t\t<\/div>\n\t\t\t\t<\/div>\n\t\t\t\t<\/div>\n\t\t\t\t<\/div>\n\t\t\n","protected":false},"excerpt":{"rendered":"<p>Le Fox Spirit M-Pad est un tapis de souris souple \u00e9quip\u00e9 d&rsquo;une base antid\u00e9rapante en caoutchouc. Sa surface utile de 320 x 270 mm conviendra pour tous types d&rsquo;utilisations : gaming, bureautique, graphisme&#8230; Sa surface en \u00e9lasthanne et jersey offre une excellente glisse.<\/p>\n","protected":false},"featured_media":2474,"template":"","meta":{"_acf_changed":false},"product_brand":[],"product_cat":[37],"product_tag":[],"class_list":{"0":"post-2473","1":"product","2":"type-product","3":"status-publish","4":"has-post-thumbnail","6":"product_cat-tapis-de-souris","8":"first","9":"instock","10":"shipping-taxable","11":"product-type-simple"},"acf":[],"yoast_head":"<!-- This site is optimized with the Yoast SEO plugin v27.4 - https:\/\/yoast.com\/product\/yoast-seo-wordpress\/ -->\n<title>Fox Spirit - M-PAD<\/title>\n<meta name=\"description\" content=\"D\u00e9couvrez le tapis de souris pour gamer M-Pad FOX SPIRIT, souple et dot\u00e9 d&#039;une base antid\u00e9rapante, id\u00e9al pour tous types d&#039;utilisations.\" \/>\n<meta name=\"robots\" content=\"index, follow, max-snippet:-1, max-image-preview:large, max-video-preview:-1\" \/>\n<link rel=\"canonical\" href=\"https:\/\/www.fox-spirit.com\/?product=m-pad\" \/>\n<meta property=\"og:locale\" content=\"fr_FR\" \/>\n<meta property=\"og:type\" content=\"article\" \/>\n<meta property=\"og:title\" content=\"Fox Spirit - M-PAD\" \/>\n<meta property=\"og:description\" content=\"D\u00e9couvrez le tapis de souris pour gamer M-Pad FOX SPIRIT, souple et dot\u00e9 d&#039;une base antid\u00e9rapante, id\u00e9al pour tous types d&#039;utilisations.\" \/>\n<meta property=\"og:url\" content=\"https:\/\/www.fox-spirit.com\/?product=m-pad\" \/>\n<meta property=\"og:site_name\" content=\"Fox Spirit\" \/>\n<meta property=\"article:modified_time\" content=\"2025-02-14T13:23:14+00:00\" \/>\n<meta property=\"og:image\" content=\"https:\/\/www.fox-spirit.com\/wp-content\/uploads\/2025\/02\/M-PAD_01.webp\" \/>\n\t<meta property=\"og:image:width\" content=\"1000\" \/>\n\t<meta property=\"og:image:height\" content=\"1000\" \/>\n\t<meta property=\"og:image:type\" content=\"image\/webp\" \/>\n<meta name=\"twitter:card\" content=\"summary_large_image\" \/>\n<meta name=\"twitter:label1\" content=\"Dur\u00e9e de lecture estim\u00e9e\" \/>\n\t<meta name=\"twitter:data1\" content=\"1 minute\" \/>\n<script type=\"application\/ld+json\" class=\"yoast-schema-graph\">{\"@context\":\"https:\\\/\\\/schema.org\",\"@graph\":[{\"@type\":\"WebPage\",\"@id\":\"https:\\\/\\\/www.fox-spirit.com\\\/?product=m-pad\",\"url\":\"https:\\\/\\\/www.fox-spirit.com\\\/?product=m-pad\",\"name\":\"Fox Spirit - M-PAD\",\"isPartOf\":{\"@id\":\"https:\\\/\\\/www.fox-spirit.com\\\/#website\"},\"primaryImageOfPage\":{\"@id\":\"https:\\\/\\\/www.fox-spirit.com\\\/?product=m-pad#primaryimage\"},\"image\":{\"@id\":\"https:\\\/\\\/www.fox-spirit.com\\\/?product=m-pad#primaryimage\"},\"thumbnailUrl\":\"https:\\\/\\\/www.fox-spirit.com\\\/wp-content\\\/uploads\\\/2025\\\/02\\\/M-PAD_01.webp\",\"datePublished\":\"2025-02-03T13:42:19+00:00\",\"dateModified\":\"2025-02-14T13:23:14+00:00\",\"description\":\"D\u00e9couvrez le tapis de souris pour gamer M-Pad FOX SPIRIT, souple et dot\u00e9 d'une base antid\u00e9rapante, id\u00e9al pour tous types d'utilisations.\",\"breadcrumb\":{\"@id\":\"https:\\\/\\\/www.fox-spirit.com\\\/?product=m-pad#breadcrumb\"},\"inLanguage\":\"fr-FR\",\"potentialAction\":[{\"@type\":\"ReadAction\",\"target\":[\"https:\\\/\\\/www.fox-spirit.com\\\/?product=m-pad\"]}]},{\"@type\":\"ImageObject\",\"inLanguage\":\"fr-FR\",\"@id\":\"https:\\\/\\\/www.fox-spirit.com\\\/?product=m-pad#primaryimage\",\"url\":\"https:\\\/\\\/www.fox-spirit.com\\\/wp-content\\\/uploads\\\/2025\\\/02\\\/M-PAD_01.webp\",\"contentUrl\":\"https:\\\/\\\/www.fox-spirit.com\\\/wp-content\\\/uploads\\\/2025\\\/02\\\/M-PAD_01.webp\",\"width\":1000,\"height\":1000,\"caption\":\"Tapis de souris gaming M-PAD FOX SPIRIT\"},{\"@type\":\"BreadcrumbList\",\"@id\":\"https:\\\/\\\/www.fox-spirit.com\\\/?product=m-pad#breadcrumb\",\"itemListElement\":[{\"@type\":\"ListItem\",\"position\":1,\"name\":\"Home\",\"item\":\"https:\\\/\\\/www.fox-spirit.com\\\/\"},{\"@type\":\"ListItem\",\"position\":2,\"name\":\"Univers\",\"item\":\"https:\\\/\\\/www.fox-spirit.com\\\/?page_id=1224\"},{\"@type\":\"ListItem\",\"position\":3,\"name\":\"P\u00e9riph\u00e9riques PC\",\"item\":\"https:\\\/\\\/www.fox-spirit.com\\\/?product_cat=peripheriques-pc\"},{\"@type\":\"ListItem\",\"position\":4,\"name\":\"Tapis de souris\",\"item\":\"https:\\\/\\\/www.fox-spirit.com\\\/?product_cat=tapis-de-souris\"},{\"@type\":\"ListItem\",\"position\":5,\"name\":\"M-PAD\"}]},{\"@type\":\"WebSite\",\"@id\":\"https:\\\/\\\/www.fox-spirit.com\\\/#website\",\"url\":\"https:\\\/\\\/www.fox-spirit.com\\\/\",\"name\":\"Fox Spirit\",\"description\":\"JOUEZ. RUSEZ.\",\"publisher\":{\"@id\":\"https:\\\/\\\/www.fox-spirit.com\\\/#organization\"},\"potentialAction\":[{\"@type\":\"SearchAction\",\"target\":{\"@type\":\"EntryPoint\",\"urlTemplate\":\"https:\\\/\\\/www.fox-spirit.com\\\/?s={search_term_string}\"},\"query-input\":{\"@type\":\"PropertyValueSpecification\",\"valueRequired\":true,\"valueName\":\"search_term_string\"}}],\"inLanguage\":\"fr-FR\"},{\"@type\":\"Organization\",\"@id\":\"https:\\\/\\\/www.fox-spirit.com\\\/#organization\",\"name\":\"Groupe LDLC\",\"url\":\"https:\\\/\\\/www.fox-spirit.com\\\/\",\"logo\":{\"@type\":\"ImageObject\",\"inLanguage\":\"fr-FR\",\"@id\":\"https:\\\/\\\/www.fox-spirit.com\\\/#\\\/schema\\\/logo\\\/image\\\/\",\"url\":\"https:\\\/\\\/www.fox-spirit.com\\\/wp-content\\\/uploads\\\/2024\\\/12\\\/logo_FoxSpirit_red.png\",\"contentUrl\":\"https:\\\/\\\/www.fox-spirit.com\\\/wp-content\\\/uploads\\\/2024\\\/12\\\/logo_FoxSpirit_red.png\",\"width\":1600,\"height\":1600,\"caption\":\"Groupe LDLC\"},\"image\":{\"@id\":\"https:\\\/\\\/www.fox-spirit.com\\\/#\\\/schema\\\/logo\\\/image\\\/\"}}]}<\/script>\n<!-- \/ Yoast SEO plugin. -->","yoast_head_json":{"title":"Fox Spirit - M-PAD","description":"D\u00e9couvrez le tapis de souris pour gamer M-Pad FOX SPIRIT, souple et dot\u00e9 d'une base antid\u00e9rapante, id\u00e9al pour tous types d'utilisations.","robots":{"index":"index","follow":"follow","max-snippet":"max-snippet:-1","max-image-preview":"max-image-preview:large","max-video-preview":"max-video-preview:-1"},"canonical":"https:\/\/www.fox-spirit.com\/?product=m-pad","og_locale":"fr_FR","og_type":"article","og_title":"Fox Spirit - M-PAD","og_description":"D\u00e9couvrez le tapis de souris pour gamer M-Pad FOX SPIRIT, souple et dot\u00e9 d'une base antid\u00e9rapante, id\u00e9al pour tous types d'utilisations.","og_url":"https:\/\/www.fox-spirit.com\/?product=m-pad","og_site_name":"Fox Spirit","article_modified_time":"2025-02-14T13:23:14+00:00","og_image":[{"width":1000,"height":1000,"url":"https:\/\/www.fox-spirit.com\/wp-content\/uploads\/2025\/02\/M-PAD_01.webp","type":"image\/webp"}],"twitter_card":"summary_large_image","twitter_misc":{"Dur\u00e9e de lecture estim\u00e9e":"1 minute"},"schema":{"@context":"https:\/\/schema.org","@graph":[{"@type":"WebPage","@id":"https:\/\/www.fox-spirit.com\/?product=m-pad","url":"https:\/\/www.fox-spirit.com\/?product=m-pad","name":"Fox Spirit - M-PAD","isPartOf":{"@id":"https:\/\/www.fox-spirit.com\/#website"},"primaryImageOfPage":{"@id":"https:\/\/www.fox-spirit.com\/?product=m-pad#primaryimage"},"image":{"@id":"https:\/\/www.fox-spirit.com\/?product=m-pad#primaryimage"},"thumbnailUrl":"https:\/\/www.fox-spirit.com\/wp-content\/uploads\/2025\/02\/M-PAD_01.webp","datePublished":"2025-02-03T13:42:19+00:00","dateModified":"2025-02-14T13:23:14+00:00","description":"D\u00e9couvrez le tapis de souris pour gamer M-Pad FOX SPIRIT, souple et dot\u00e9 d'une base antid\u00e9rapante, id\u00e9al pour tous types d'utilisations.","breadcrumb":{"@id":"https:\/\/www.fox-spirit.com\/?product=m-pad#breadcrumb"},"inLanguage":"fr-FR","potentialAction":[{"@type":"ReadAction","target":["https:\/\/www.fox-spirit.com\/?product=m-pad"]}]},{"@type":"ImageObject","inLanguage":"fr-FR","@id":"https:\/\/www.fox-spirit.com\/?product=m-pad#primaryimage","url":"https:\/\/www.fox-spirit.com\/wp-content\/uploads\/2025\/02\/M-PAD_01.webp","contentUrl":"https:\/\/www.fox-spirit.com\/wp-content\/uploads\/2025\/02\/M-PAD_01.webp","width":1000,"height":1000,"caption":"Tapis de souris gaming M-PAD FOX SPIRIT"},{"@type":"BreadcrumbList","@id":"https:\/\/www.fox-spirit.com\/?product=m-pad#breadcrumb","itemListElement":[{"@type":"ListItem","position":1,"name":"Home","item":"https:\/\/www.fox-spirit.com\/"},{"@type":"ListItem","position":2,"name":"Univers","item":"https:\/\/www.fox-spirit.com\/?page_id=1224"},{"@type":"ListItem","position":3,"name":"P\u00e9riph\u00e9riques PC","item":"https:\/\/www.fox-spirit.com\/?product_cat=peripheriques-pc"},{"@type":"ListItem","position":4,"name":"Tapis de souris","item":"https:\/\/www.fox-spirit.com\/?product_cat=tapis-de-souris"},{"@type":"ListItem","position":5,"name":"M-PAD"}]},{"@type":"WebSite","@id":"https:\/\/www.fox-spirit.com\/#website","url":"https:\/\/www.fox-spirit.com\/","name":"Fox Spirit","description":"JOUEZ. RUSEZ.","publisher":{"@id":"https:\/\/www.fox-spirit.com\/#organization"},"potentialAction":[{"@type":"SearchAction","target":{"@type":"EntryPoint","urlTemplate":"https:\/\/www.fox-spirit.com\/?s={search_term_string}"},"query-input":{"@type":"PropertyValueSpecification","valueRequired":true,"valueName":"search_term_string"}}],"inLanguage":"fr-FR"},{"@type":"Organization","@id":"https:\/\/www.fox-spirit.com\/#organization","name":"Groupe LDLC","url":"https:\/\/www.fox-spirit.com\/","logo":{"@type":"ImageObject","inLanguage":"fr-FR","@id":"https:\/\/www.fox-spirit.com\/#\/schema\/logo\/image\/","url":"https:\/\/www.fox-spirit.com\/wp-content\/uploads\/2024\/12\/logo_FoxSpirit_red.png","contentUrl":"https:\/\/www.fox-spirit.com\/wp-content\/uploads\/2024\/12\/logo_FoxSpirit_red.png","width":1600,"height":1600,"caption":"Groupe LDLC"},"image":{"@id":"https:\/\/www.fox-spirit.com\/#\/schema\/logo\/image\/"}}]}},"_links":{"self":[{"href":"https:\/\/www.fox-spirit.com\/index.php?rest_route=\/wp\/v2\/product\/2473","targetHints":{"allow":["GET"]}}],"collection":[{"href":"https:\/\/www.fox-spirit.com\/index.php?rest_route=\/wp\/v2\/product"}],"about":[{"href":"https:\/\/www.fox-spirit.com\/index.php?rest_route=\/wp\/v2\/types\/product"}],"version-history":[{"count":3,"href":"https:\/\/www.fox-spirit.com\/index.php?rest_route=\/wp\/v2\/product\/2473\/revisions"}],"predecessor-version":[{"id":3690,"href":"https:\/\/www.fox-spirit.com\/index.php?rest_route=\/wp\/v2\/product\/2473\/revisions\/3690"}],"wp:featuredmedia":[{"embeddable":true,"href":"https:\/\/www.fox-spirit.com\/index.php?rest_route=\/wp\/v2\/media\/2474"}],"wp:attachment":[{"href":"https:\/\/www.fox-spirit.com\/index.php?rest_route=%2Fwp%2Fv2%2Fmedia&parent=2473"}],"wp:term":[{"taxonomy":"product_brand","embeddable":true,"href":"https:\/\/www.fox-spirit.com\/index.php?rest_route=%2Fwp%2Fv2%2Fproduct_brand&post=2473"},{"taxonomy":"product_cat","embeddable":true,"href":"https:\/\/www.fox-spirit.com\/index.php?rest_route=%2Fwp%2Fv2%2Fproduct_cat&post=2473"},{"taxonomy":"product_tag","embeddable":true,"href":"https:\/\/www.fox-spirit.com\/index.php?rest_route=%2Fwp%2Fv2%2Fproduct_tag&post=2473"}],"curies":[{"name":"wp","href":"https:\/\/api.w.org\/{rel}","templated":true}]}}