{"id":2523,"date":"2025-02-03T15:59:30","date_gmt":"2025-02-03T14:59:30","guid":{"rendered":"https:\/\/www.fox-spirit.com\/?post_type=product&#038;p=2523"},"modified":"2025-02-14T14:19:49","modified_gmt":"2025-02-14T13:19:49","slug":"akura-rgb-16-go-2x-8-go-ddr4-3200-mhz","status":"publish","type":"product","link":"https:\/\/www.fox-spirit.com\/?product=akura-rgb-16-go-2x-8-go-ddr4-3200-mhz","title":{"rendered":"Akura RGB -16 Go (2x 8 Go) &#8211; DDR4 &#8211; 3200 MHz"},"content":{"rendered":"\t\t<div data-elementor-type=\"container\" data-elementor-id=\"2530\" class=\"elementor elementor-2530\" data-elementor-post-type=\"elementor_library\">\n\t\t\t\t<div class=\"elementor-element elementor-element-f075c9b e-con-full e-flex e-con e-parent\" data-id=\"f075c9b\" data-element_type=\"container\" data-e-type=\"container\">\n\t\t<div class=\"elementor-element elementor-element-14e4077 e-con-full e-flex e-con e-child\" data-id=\"14e4077\" data-element_type=\"container\" data-e-type=\"container\">\n\t\t\t\t<div class=\"elementor-element elementor-element-9c769af elementor-widget elementor-widget-heading\" data-id=\"9c769af\" data-element_type=\"widget\" data-e-type=\"widget\" data-widget_type=\"heading.default\">\n\t\t\t\t<div class=\"elementor-widget-container\">\n\t\t\t\t\t<h2 class=\"elementor-heading-title elementor-size-default\">RAM DDR4 performante avec grand dissipateur et LEDs aRGB<\/h2>\t\t\t\t<\/div>\n\t\t\t\t<\/div>\n\t\t\t\t<div class=\"elementor-element elementor-element-9626083 elementor-widget elementor-widget-text-editor\" data-id=\"9626083\" data-element_type=\"widget\" data-e-type=\"widget\" data-widget_type=\"text-editor.default\">\n\t\t\t\t<div class=\"elementor-widget-container\">\n\t\t\t\t\t\t\t\t\t<p>La\u00a0<strong>RAM DDR4 Fox Spirit Akura RGB<\/strong>\u00a0est id\u00e9ale pour les configurations de derni\u00e8re g\u00e9n\u00e9ration Intel et AMD. Performance et fiabilit\u00e9 sont au rendez-vous gr\u00e2ce \u00e0 un\u00a0<strong>grand radiateur ultra-efficace<\/strong>. Cot\u00e9 design, les<strong>\u00a0LEDs RGB adressables<\/strong>\u00a0offrent un rendu visuel splendide avec les\u00a0<strong>cartes m\u00e8res compatibles aRGB<\/strong>\u00a0(ASUS, Gigabyte, MSI, ASRock).<\/p>\t\t\t\t\t\t\t\t<\/div>\n\t\t\t\t<\/div>\n\t\t\t\t<\/div>\n\t\t<div class=\"elementor-element elementor-element-0c11eb0 e-con-full e-flex e-con e-child\" data-id=\"0c11eb0\" data-element_type=\"container\" data-e-type=\"container\">\n\t\t<div class=\"elementor-element elementor-element-bcf431d e-con-full e-flex e-con e-child\" data-id=\"bcf431d\" data-element_type=\"container\" data-e-type=\"container\">\n\t\t\t\t<div class=\"elementor-element elementor-element-85e8cfb elementor-widget elementor-widget-image\" data-id=\"85e8cfb\" data-element_type=\"widget\" data-e-type=\"widget\" data-widget_type=\"image.default\">\n\t\t\t\t<div class=\"elementor-widget-container\">\n\t\t\t\t\t\t\t\t\t\t\t\t\t\t\t<img fetchpriority=\"high\" decoding=\"async\" width=\"800\" height=\"800\" src=\"https:\/\/www.fox-spirit.com\/wp-content\/uploads\/2025\/02\/Akura-RGB_03.webp\" class=\"attachment-large size-large wp-image-2526\" alt=\"Barrette RAM de face\" srcset=\"https:\/\/www.fox-spirit.com\/wp-content\/uploads\/2025\/02\/Akura-RGB_03.webp 1000w, https:\/\/www.fox-spirit.com\/wp-content\/uploads\/2025\/02\/Akura-RGB_03-300x300.webp 300w, https:\/\/www.fox-spirit.com\/wp-content\/uploads\/2025\/02\/Akura-RGB_03-150x150.webp 150w, https:\/\/www.fox-spirit.com\/wp-content\/uploads\/2025\/02\/Akura-RGB_03-768x768.webp 768w, https:\/\/www.fox-spirit.com\/wp-content\/uploads\/2025\/02\/Akura-RGB_03-600x600.webp 600w, https:\/\/www.fox-spirit.com\/wp-content\/uploads\/2025\/02\/Akura-RGB_03-100x100.webp 100w\" sizes=\"(max-width: 800px) 100vw, 800px\" \/>\t\t\t\t\t\t\t\t\t\t\t\t\t\t\t<\/div>\n\t\t\t\t<\/div>\n\t\t\t\t<\/div>\n\t\t<div class=\"elementor-element elementor-element-ddd2c69 e-con-full e-flex e-con e-child\" data-id=\"ddd2c69\" data-element_type=\"container\" data-e-type=\"container\">\n\t\t\t\t<div class=\"elementor-element elementor-element-d3f5cf6 elementor-widget elementor-widget-heading\" data-id=\"d3f5cf6\" data-element_type=\"widget\" data-e-type=\"widget\" data-widget_type=\"heading.default\">\n\t\t\t\t<div class=\"elementor-widget-container\">\n\t\t\t\t\t<h2 class=\"elementor-heading-title elementor-size-default\">Fox Spirit AKURA RGB<\/h2>\t\t\t\t<\/div>\n\t\t\t\t<\/div>\n\t\t\t\t<div class=\"elementor-element elementor-element-89251d0 elementor-widget elementor-widget-text-editor\" data-id=\"89251d0\" data-element_type=\"widget\" data-e-type=\"widget\" data-widget_type=\"text-editor.default\">\n\t\t\t\t<div class=\"elementor-widget-container\">\n\t\t\t\t\t\t\t\t\t<ul><li>Fr\u00e9quences \u00e9lev\u00e9es et latences faibles<\/li><li>Compatible XMP 2.0<\/li><li>Compatible ASUS Aura Sync, Gigabyte RGB Fusion, MSI Mystic Light Sync, ASRock Polychrome Sync<\/li><li>Grand radiateur aluminium ultra-efficace<\/li><li>Tension : 1.35 Volts<\/li><li>Garantie constructeur : A vie<\/li><\/ul>\t\t\t\t\t\t\t\t<\/div>\n\t\t\t\t<\/div>\n\t\t\t\t<\/div>\n\t\t\t\t<\/div>\n\t\t\t\t<\/div>\n\t\t\t\t<\/div>\n\t\t\n","protected":false},"excerpt":{"rendered":"<p>La RAM DDR4 Fox Spirit Akura RGB est id\u00e9ale pour les configurations de derni\u00e8re g\u00e9n\u00e9ration. Performance et fiabilit\u00e9 sont au rendez-vous gr\u00e2ce \u00e0 un grand radiateur ultra-efficace. Cot\u00e9 design, les LEDs RGB adressables offrent un rendu visuel splendide avec les cartes m\u00e8res compatibles aRGB.<\/p>\n","protected":false},"featured_media":2524,"template":"","meta":{"_acf_changed":false},"product_brand":[],"product_cat":[33],"product_tag":[],"class_list":{"0":"post-2523","1":"product","2":"type-product","3":"status-publish","4":"has-post-thumbnail","6":"product_cat-memoire-pc","8":"first","9":"instock","10":"shipping-taxable","11":"product-type-simple"},"acf":[],"yoast_head":"<!-- This site is optimized with the Yoast SEO plugin v27.4 - https:\/\/yoast.com\/product\/yoast-seo-wordpress\/ -->\n<title>Fox Spirit - Akura RGB -16 Go (2x 8 Go) - DDR4 - 3200 MHz<\/title>\n<meta name=\"description\" content=\"D\u00e9couvrez la barrette de RAM 16 Go FOX SPIRIT, performance et fiabilit\u00e9 garanties gr\u00e2ce \u00e0 un radiateur efficace, id\u00e9ale pour des configurations r\u00e9centes.\" \/>\n<meta name=\"robots\" content=\"index, follow, max-snippet:-1, max-image-preview:large, max-video-preview:-1\" \/>\n<link rel=\"canonical\" href=\"https:\/\/www.fox-spirit.com\/?product=akura-rgb-16-go-2x-8-go-ddr4-3200-mhz\" \/>\n<meta property=\"og:locale\" content=\"fr_FR\" \/>\n<meta property=\"og:type\" content=\"article\" \/>\n<meta property=\"og:title\" content=\"Fox Spirit - Akura RGB -16 Go (2x 8 Go) - DDR4 - 3200 MHz\" \/>\n<meta property=\"og:description\" content=\"D\u00e9couvrez la barrette de RAM 16 Go FOX SPIRIT, performance et fiabilit\u00e9 garanties gr\u00e2ce \u00e0 un radiateur efficace, id\u00e9ale pour des configurations r\u00e9centes.\" \/>\n<meta property=\"og:url\" content=\"https:\/\/www.fox-spirit.com\/?product=akura-rgb-16-go-2x-8-go-ddr4-3200-mhz\" \/>\n<meta property=\"og:site_name\" content=\"Fox Spirit\" \/>\n<meta property=\"article:modified_time\" content=\"2025-02-14T13:19:49+00:00\" \/>\n<meta property=\"og:image\" content=\"https:\/\/www.fox-spirit.com\/wp-content\/uploads\/2025\/02\/AKURA-RGB_01.webp\" \/>\n\t<meta property=\"og:image:width\" content=\"1000\" \/>\n\t<meta property=\"og:image:height\" content=\"1000\" \/>\n\t<meta property=\"og:image:type\" content=\"image\/webp\" \/>\n<meta name=\"twitter:card\" content=\"summary_large_image\" \/>\n<meta name=\"twitter:label1\" content=\"Dur\u00e9e de lecture estim\u00e9e\" \/>\n\t<meta name=\"twitter:data1\" content=\"1 minute\" \/>\n<script type=\"application\/ld+json\" class=\"yoast-schema-graph\">{\"@context\":\"https:\\\/\\\/schema.org\",\"@graph\":[{\"@type\":\"WebPage\",\"@id\":\"https:\\\/\\\/www.fox-spirit.com\\\/?product=akura-rgb-16-go-2x-8-go-ddr4-3200-mhz\",\"url\":\"https:\\\/\\\/www.fox-spirit.com\\\/?product=akura-rgb-16-go-2x-8-go-ddr4-3200-mhz\",\"name\":\"Fox Spirit - Akura RGB -16 Go (2x 8 Go) - DDR4 - 3200 MHz\",\"isPartOf\":{\"@id\":\"https:\\\/\\\/www.fox-spirit.com\\\/#website\"},\"primaryImageOfPage\":{\"@id\":\"https:\\\/\\\/www.fox-spirit.com\\\/?product=akura-rgb-16-go-2x-8-go-ddr4-3200-mhz#primaryimage\"},\"image\":{\"@id\":\"https:\\\/\\\/www.fox-spirit.com\\\/?product=akura-rgb-16-go-2x-8-go-ddr4-3200-mhz#primaryimage\"},\"thumbnailUrl\":\"https:\\\/\\\/www.fox-spirit.com\\\/wp-content\\\/uploads\\\/2025\\\/02\\\/AKURA-RGB_01.webp\",\"datePublished\":\"2025-02-03T14:59:30+00:00\",\"dateModified\":\"2025-02-14T13:19:49+00:00\",\"description\":\"D\u00e9couvrez la barrette de RAM 16 Go FOX SPIRIT, performance et fiabilit\u00e9 garanties gr\u00e2ce \u00e0 un radiateur efficace, id\u00e9ale pour des configurations r\u00e9centes.\",\"breadcrumb\":{\"@id\":\"https:\\\/\\\/www.fox-spirit.com\\\/?product=akura-rgb-16-go-2x-8-go-ddr4-3200-mhz#breadcrumb\"},\"inLanguage\":\"fr-FR\",\"potentialAction\":[{\"@type\":\"ReadAction\",\"target\":[\"https:\\\/\\\/www.fox-spirit.com\\\/?product=akura-rgb-16-go-2x-8-go-ddr4-3200-mhz\"]}]},{\"@type\":\"ImageObject\",\"inLanguage\":\"fr-FR\",\"@id\":\"https:\\\/\\\/www.fox-spirit.com\\\/?product=akura-rgb-16-go-2x-8-go-ddr4-3200-mhz#primaryimage\",\"url\":\"https:\\\/\\\/www.fox-spirit.com\\\/wp-content\\\/uploads\\\/2025\\\/02\\\/AKURA-RGB_01.webp\",\"contentUrl\":\"https:\\\/\\\/www.fox-spirit.com\\\/wp-content\\\/uploads\\\/2025\\\/02\\\/AKURA-RGB_01.webp\",\"width\":1000,\"height\":1000,\"caption\":\"Barrette RAM AKURA RGB\"},{\"@type\":\"BreadcrumbList\",\"@id\":\"https:\\\/\\\/www.fox-spirit.com\\\/?product=akura-rgb-16-go-2x-8-go-ddr4-3200-mhz#breadcrumb\",\"itemListElement\":[{\"@type\":\"ListItem\",\"position\":1,\"name\":\"Home\",\"item\":\"https:\\\/\\\/www.fox-spirit.com\\\/\"},{\"@type\":\"ListItem\",\"position\":2,\"name\":\"Univers\",\"item\":\"https:\\\/\\\/www.fox-spirit.com\\\/?page_id=1224\"},{\"@type\":\"ListItem\",\"position\":3,\"name\":\"Composants PC\",\"item\":\"https:\\\/\\\/www.fox-spirit.com\\\/?product_cat=composants-pc\"},{\"@type\":\"ListItem\",\"position\":4,\"name\":\"M\u00e9moire PC\",\"item\":\"https:\\\/\\\/www.fox-spirit.com\\\/?product_cat=memoire-pc\"},{\"@type\":\"ListItem\",\"position\":5,\"name\":\"Akura RGB -16 Go (2x 8 Go) &#8211; DDR4 &#8211; 3200 MHz\"}]},{\"@type\":\"WebSite\",\"@id\":\"https:\\\/\\\/www.fox-spirit.com\\\/#website\",\"url\":\"https:\\\/\\\/www.fox-spirit.com\\\/\",\"name\":\"Fox Spirit\",\"description\":\"JOUEZ. RUSEZ.\",\"publisher\":{\"@id\":\"https:\\\/\\\/www.fox-spirit.com\\\/#organization\"},\"potentialAction\":[{\"@type\":\"SearchAction\",\"target\":{\"@type\":\"EntryPoint\",\"urlTemplate\":\"https:\\\/\\\/www.fox-spirit.com\\\/?s={search_term_string}\"},\"query-input\":{\"@type\":\"PropertyValueSpecification\",\"valueRequired\":true,\"valueName\":\"search_term_string\"}}],\"inLanguage\":\"fr-FR\"},{\"@type\":\"Organization\",\"@id\":\"https:\\\/\\\/www.fox-spirit.com\\\/#organization\",\"name\":\"Groupe LDLC\",\"url\":\"https:\\\/\\\/www.fox-spirit.com\\\/\",\"logo\":{\"@type\":\"ImageObject\",\"inLanguage\":\"fr-FR\",\"@id\":\"https:\\\/\\\/www.fox-spirit.com\\\/#\\\/schema\\\/logo\\\/image\\\/\",\"url\":\"https:\\\/\\\/www.fox-spirit.com\\\/wp-content\\\/uploads\\\/2024\\\/12\\\/logo_FoxSpirit_red.png\",\"contentUrl\":\"https:\\\/\\\/www.fox-spirit.com\\\/wp-content\\\/uploads\\\/2024\\\/12\\\/logo_FoxSpirit_red.png\",\"width\":1600,\"height\":1600,\"caption\":\"Groupe LDLC\"},\"image\":{\"@id\":\"https:\\\/\\\/www.fox-spirit.com\\\/#\\\/schema\\\/logo\\\/image\\\/\"}}]}<\/script>\n<!-- \/ Yoast SEO plugin. -->","yoast_head_json":{"title":"Fox Spirit - Akura RGB -16 Go (2x 8 Go) - DDR4 - 3200 MHz","description":"D\u00e9couvrez la barrette de RAM 16 Go FOX SPIRIT, performance et fiabilit\u00e9 garanties gr\u00e2ce \u00e0 un radiateur efficace, id\u00e9ale pour des configurations r\u00e9centes.","robots":{"index":"index","follow":"follow","max-snippet":"max-snippet:-1","max-image-preview":"max-image-preview:large","max-video-preview":"max-video-preview:-1"},"canonical":"https:\/\/www.fox-spirit.com\/?product=akura-rgb-16-go-2x-8-go-ddr4-3200-mhz","og_locale":"fr_FR","og_type":"article","og_title":"Fox Spirit - Akura RGB -16 Go (2x 8 Go) - DDR4 - 3200 MHz","og_description":"D\u00e9couvrez la barrette de RAM 16 Go FOX SPIRIT, performance et fiabilit\u00e9 garanties gr\u00e2ce \u00e0 un radiateur efficace, id\u00e9ale pour des configurations r\u00e9centes.","og_url":"https:\/\/www.fox-spirit.com\/?product=akura-rgb-16-go-2x-8-go-ddr4-3200-mhz","og_site_name":"Fox Spirit","article_modified_time":"2025-02-14T13:19:49+00:00","og_image":[{"width":1000,"height":1000,"url":"https:\/\/www.fox-spirit.com\/wp-content\/uploads\/2025\/02\/AKURA-RGB_01.webp","type":"image\/webp"}],"twitter_card":"summary_large_image","twitter_misc":{"Dur\u00e9e de lecture estim\u00e9e":"1 minute"},"schema":{"@context":"https:\/\/schema.org","@graph":[{"@type":"WebPage","@id":"https:\/\/www.fox-spirit.com\/?product=akura-rgb-16-go-2x-8-go-ddr4-3200-mhz","url":"https:\/\/www.fox-spirit.com\/?product=akura-rgb-16-go-2x-8-go-ddr4-3200-mhz","name":"Fox Spirit - Akura RGB -16 Go (2x 8 Go) - DDR4 - 3200 MHz","isPartOf":{"@id":"https:\/\/www.fox-spirit.com\/#website"},"primaryImageOfPage":{"@id":"https:\/\/www.fox-spirit.com\/?product=akura-rgb-16-go-2x-8-go-ddr4-3200-mhz#primaryimage"},"image":{"@id":"https:\/\/www.fox-spirit.com\/?product=akura-rgb-16-go-2x-8-go-ddr4-3200-mhz#primaryimage"},"thumbnailUrl":"https:\/\/www.fox-spirit.com\/wp-content\/uploads\/2025\/02\/AKURA-RGB_01.webp","datePublished":"2025-02-03T14:59:30+00:00","dateModified":"2025-02-14T13:19:49+00:00","description":"D\u00e9couvrez la barrette de RAM 16 Go FOX SPIRIT, performance et fiabilit\u00e9 garanties gr\u00e2ce \u00e0 un radiateur efficace, id\u00e9ale pour des configurations r\u00e9centes.","breadcrumb":{"@id":"https:\/\/www.fox-spirit.com\/?product=akura-rgb-16-go-2x-8-go-ddr4-3200-mhz#breadcrumb"},"inLanguage":"fr-FR","potentialAction":[{"@type":"ReadAction","target":["https:\/\/www.fox-spirit.com\/?product=akura-rgb-16-go-2x-8-go-ddr4-3200-mhz"]}]},{"@type":"ImageObject","inLanguage":"fr-FR","@id":"https:\/\/www.fox-spirit.com\/?product=akura-rgb-16-go-2x-8-go-ddr4-3200-mhz#primaryimage","url":"https:\/\/www.fox-spirit.com\/wp-content\/uploads\/2025\/02\/AKURA-RGB_01.webp","contentUrl":"https:\/\/www.fox-spirit.com\/wp-content\/uploads\/2025\/02\/AKURA-RGB_01.webp","width":1000,"height":1000,"caption":"Barrette RAM AKURA RGB"},{"@type":"BreadcrumbList","@id":"https:\/\/www.fox-spirit.com\/?product=akura-rgb-16-go-2x-8-go-ddr4-3200-mhz#breadcrumb","itemListElement":[{"@type":"ListItem","position":1,"name":"Home","item":"https:\/\/www.fox-spirit.com\/"},{"@type":"ListItem","position":2,"name":"Univers","item":"https:\/\/www.fox-spirit.com\/?page_id=1224"},{"@type":"ListItem","position":3,"name":"Composants PC","item":"https:\/\/www.fox-spirit.com\/?product_cat=composants-pc"},{"@type":"ListItem","position":4,"name":"M\u00e9moire PC","item":"https:\/\/www.fox-spirit.com\/?product_cat=memoire-pc"},{"@type":"ListItem","position":5,"name":"Akura RGB -16 Go (2x 8 Go) &#8211; DDR4 &#8211; 3200 MHz"}]},{"@type":"WebSite","@id":"https:\/\/www.fox-spirit.com\/#website","url":"https:\/\/www.fox-spirit.com\/","name":"Fox Spirit","description":"JOUEZ. RUSEZ.","publisher":{"@id":"https:\/\/www.fox-spirit.com\/#organization"},"potentialAction":[{"@type":"SearchAction","target":{"@type":"EntryPoint","urlTemplate":"https:\/\/www.fox-spirit.com\/?s={search_term_string}"},"query-input":{"@type":"PropertyValueSpecification","valueRequired":true,"valueName":"search_term_string"}}],"inLanguage":"fr-FR"},{"@type":"Organization","@id":"https:\/\/www.fox-spirit.com\/#organization","name":"Groupe LDLC","url":"https:\/\/www.fox-spirit.com\/","logo":{"@type":"ImageObject","inLanguage":"fr-FR","@id":"https:\/\/www.fox-spirit.com\/#\/schema\/logo\/image\/","url":"https:\/\/www.fox-spirit.com\/wp-content\/uploads\/2024\/12\/logo_FoxSpirit_red.png","contentUrl":"https:\/\/www.fox-spirit.com\/wp-content\/uploads\/2024\/12\/logo_FoxSpirit_red.png","width":1600,"height":1600,"caption":"Groupe LDLC"},"image":{"@id":"https:\/\/www.fox-spirit.com\/#\/schema\/logo\/image\/"}}]}},"_links":{"self":[{"href":"https:\/\/www.fox-spirit.com\/index.php?rest_route=\/wp\/v2\/product\/2523","targetHints":{"allow":["GET"]}}],"collection":[{"href":"https:\/\/www.fox-spirit.com\/index.php?rest_route=\/wp\/v2\/product"}],"about":[{"href":"https:\/\/www.fox-spirit.com\/index.php?rest_route=\/wp\/v2\/types\/product"}],"version-history":[{"count":3,"href":"https:\/\/www.fox-spirit.com\/index.php?rest_route=\/wp\/v2\/product\/2523\/revisions"}],"predecessor-version":[{"id":3683,"href":"https:\/\/www.fox-spirit.com\/index.php?rest_route=\/wp\/v2\/product\/2523\/revisions\/3683"}],"wp:featuredmedia":[{"embeddable":true,"href":"https:\/\/www.fox-spirit.com\/index.php?rest_route=\/wp\/v2\/media\/2524"}],"wp:attachment":[{"href":"https:\/\/www.fox-spirit.com\/index.php?rest_route=%2Fwp%2Fv2%2Fmedia&parent=2523"}],"wp:term":[{"taxonomy":"product_brand","embeddable":true,"href":"https:\/\/www.fox-spirit.com\/index.php?rest_route=%2Fwp%2Fv2%2Fproduct_brand&post=2523"},{"taxonomy":"product_cat","embeddable":true,"href":"https:\/\/www.fox-spirit.com\/index.php?rest_route=%2Fwp%2Fv2%2Fproduct_cat&post=2523"},{"taxonomy":"product_tag","embeddable":true,"href":"https:\/\/www.fox-spirit.com\/index.php?rest_route=%2Fwp%2Fv2%2Fproduct_tag&post=2523"}],"curies":[{"name":"wp","href":"https:\/\/api.w.org\/{rel}","templated":true}]}}