{"id":2571,"date":"2025-02-03T17:02:35","date_gmt":"2025-02-03T16:02:35","guid":{"rendered":"https:\/\/www.fox-spirit.com\/?post_type=product&#038;p=2571"},"modified":"2025-02-14T14:17:32","modified_gmt":"2025-02-14T13:17:32","slug":"lightflow-xt360-argb","status":"publish","type":"product","link":"https:\/\/www.fox-spirit.com\/?product=lightflow-xt360-argb","title":{"rendered":"LightFlow XT360 ARGB"},"content":{"rendered":"\t\t<div data-elementor-type=\"container\" data-elementor-id=\"2576\" class=\"elementor elementor-2576\" data-elementor-post-type=\"elementor_library\">\n\t\t\t\t<div class=\"elementor-element elementor-element-f075c9b e-con-full e-flex e-con e-parent\" data-id=\"f075c9b\" data-element_type=\"container\" data-e-type=\"container\">\n\t\t<div class=\"elementor-element elementor-element-14e4077 e-con-full e-flex e-con e-child\" data-id=\"14e4077\" data-element_type=\"container\" data-e-type=\"container\">\n\t\t\t\t<div class=\"elementor-element elementor-element-9c769af elementor-widget elementor-widget-heading\" data-id=\"9c769af\" data-element_type=\"widget\" data-e-type=\"widget\" data-widget_type=\"heading.default\">\n\t\t\t\t<div class=\"elementor-widget-container\">\n\t\t\t\t\t<h2 class=\"elementor-heading-title elementor-size-default\">Fox Spirit LightFlow XT360 ARGB : Watercooling 360mm ARGB<\/h2>\t\t\t\t<\/div>\n\t\t\t\t<\/div>\n\t\t\t\t<div class=\"elementor-element elementor-element-9626083 elementor-widget elementor-widget-text-editor\" data-id=\"9626083\" data-element_type=\"widget\" data-e-type=\"widget\" data-widget_type=\"text-editor.default\">\n\t\t\t\t<div class=\"elementor-widget-container\">\n\t\t\t\t\t\t\t\t\t<p>Le kit de watercooling\u00a0<strong>LightFlow XT360 ARGB<\/strong>\u00a0propos\u00e9 par\u00a0<strong>Fox Spirit<\/strong>\u00a0sera le compagnon id\u00e9al de votre processeur pour assurer son refroidissement, y compris lors de l&rsquo;overclocking. Le LightFlow XT360 ARGB est dot\u00e9 de trois ventilateurs de 120 mm et un waterblock CPU avec une large base en cuivre sans oxyg\u00e8ne pour convenir \u00e0 la majorit\u00e9 des processeurs AMD et Intel. Le r\u00e9tro\u00e9clairage LED ARGB pr\u00e9sent sur le ventilateur et le waterblock apporte une touche gaming suppl\u00e9mentaire qui fera merveille dans un boitier avec des parois transparentes.<\/p>\t\t\t\t\t\t\t\t<\/div>\n\t\t\t\t<\/div>\n\t\t\t\t<\/div>\n\t\t<div class=\"elementor-element elementor-element-0c11eb0 e-con-full e-flex e-con e-child\" data-id=\"0c11eb0\" data-element_type=\"container\" data-e-type=\"container\">\n\t\t<div class=\"elementor-element elementor-element-bcf431d e-con-full e-flex e-con e-child\" data-id=\"bcf431d\" data-element_type=\"container\" data-e-type=\"container\">\n\t\t\t\t<div class=\"elementor-element elementor-element-85e8cfb elementor-widget elementor-widget-image\" data-id=\"85e8cfb\" data-element_type=\"widget\" data-e-type=\"widget\" data-widget_type=\"image.default\">\n\t\t\t\t<div class=\"elementor-widget-container\">\n\t\t\t\t\t\t\t\t\t\t\t\t\t\t\t<img fetchpriority=\"high\" decoding=\"async\" width=\"800\" height=\"800\" src=\"https:\/\/www.fox-spirit.com\/wp-content\/uploads\/2025\/02\/XT360_02.webp\" class=\"attachment-large size-large wp-image-2573\" alt=\"Refroidissement PC \u00e9clair\u00e9 de face\" srcset=\"https:\/\/www.fox-spirit.com\/wp-content\/uploads\/2025\/02\/XT360_02.webp 1000w, https:\/\/www.fox-spirit.com\/wp-content\/uploads\/2025\/02\/XT360_02-300x300.webp 300w, https:\/\/www.fox-spirit.com\/wp-content\/uploads\/2025\/02\/XT360_02-150x150.webp 150w, https:\/\/www.fox-spirit.com\/wp-content\/uploads\/2025\/02\/XT360_02-768x768.webp 768w, https:\/\/www.fox-spirit.com\/wp-content\/uploads\/2025\/02\/XT360_02-600x600.webp 600w, https:\/\/www.fox-spirit.com\/wp-content\/uploads\/2025\/02\/XT360_02-100x100.webp 100w\" sizes=\"(max-width: 800px) 100vw, 800px\" \/>\t\t\t\t\t\t\t\t\t\t\t\t\t\t\t<\/div>\n\t\t\t\t<\/div>\n\t\t\t\t<\/div>\n\t\t<div class=\"elementor-element elementor-element-ddd2c69 e-con-full e-flex e-con e-child\" data-id=\"ddd2c69\" data-element_type=\"container\" data-e-type=\"container\">\n\t\t\t\t<div class=\"elementor-element elementor-element-d3f5cf6 elementor-widget elementor-widget-heading\" data-id=\"d3f5cf6\" data-element_type=\"widget\" data-e-type=\"widget\" data-widget_type=\"heading.default\">\n\t\t\t\t<div class=\"elementor-widget-container\">\n\t\t\t\t\t<h2 class=\"elementor-heading-title elementor-size-default\">Watercooling tout-en-un 360 mm ARGB<\/h2>\t\t\t\t<\/div>\n\t\t\t\t<\/div>\n\t\t\t\t<div class=\"elementor-element elementor-element-89251d0 elementor-widget elementor-widget-text-editor\" data-id=\"89251d0\" data-element_type=\"widget\" data-e-type=\"widget\" data-widget_type=\"text-editor.default\">\n\t\t\t\t<div class=\"elementor-widget-container\">\n\t\t\t\t\t\t\t\t\t<ul><li>Compatibilit\u00e9 Intel : LGA115X \/ LGA1200 \/ LGA1700 \/ LGA2011(3) \/ LGA2066<\/li><li>Compatibilit\u00e9 AMD : AM3(+) \/ AM4 \/ AM5<\/li><li><strong>3 Ventilateurs PWM 120 mm ARGB<\/strong>\u00a0(600-1550 RPM)<\/li><li>Pression statique : 2.03 mm H<sub>2<\/sub>0<\/li><li>Longueur des tuyaux : 350\u00a0mm<\/li><li><strong>Eclairage LED ARGB<\/strong><\/li><li>Dimensions de la pompe : 72.5 x 72.5 x 47 mm<\/li><li>Dimensions du radiateur : 276 x 120 x 27 mm<\/li><li>P\u00e2te thermique incluse<\/li><\/ul>\t\t\t\t\t\t\t\t<\/div>\n\t\t\t\t<\/div>\n\t\t\t\t<\/div>\n\t\t\t\t<\/div>\n\t\t<div class=\"elementor-element elementor-element-9cba2d9 e-con-full e-flex e-con e-child\" data-id=\"9cba2d9\" data-element_type=\"container\" data-e-type=\"container\">\n\t\t<div class=\"elementor-element elementor-element-48979e7 e-con-full e-flex e-con e-child\" data-id=\"48979e7\" data-element_type=\"container\" data-e-type=\"container\">\n\t\t\t\t<div class=\"elementor-element elementor-element-d9753ae elementor-widget elementor-widget-heading\" data-id=\"d9753ae\" data-element_type=\"widget\" data-e-type=\"widget\" data-widget_type=\"heading.default\">\n\t\t\t\t<div class=\"elementor-widget-container\">\n\t\t\t\t\t<h2 class=\"elementor-heading-title elementor-size-default\">Une pompe\/Waterblock performante<\/h2>\t\t\t\t<\/div>\n\t\t\t\t<\/div>\n\t\t\t\t<div class=\"elementor-element elementor-element-5548618 elementor-widget elementor-widget-text-editor\" data-id=\"5548618\" data-element_type=\"widget\" data-e-type=\"widget\" data-widget_type=\"text-editor.default\">\n\t\t\t\t<div class=\"elementor-widget-container\">\n\t\t\t\t\t\t\t\t\t<p>La pompe \/ waterblock du kit de watercooling 360 mm Fox Spirit LightFlow XT360 ARGB est la pi\u00e8ce ma\u00eetresse qui assure le refroidissement de votre processeur. Elle se dote d&rsquo;une<strong>\u00a0base en cuivre sans oxyg\u00e8ne<\/strong>\u00a0pour assurer une dissipation thermique optimale de la chaleur g\u00e9n\u00e9r\u00e9e par votre processeur.<br \/><br \/>Le syst\u00e8me \u00e0 LED RGB adressables vous permet de mettre en place une ambiance personnalis\u00e9e \u00e0 l&rsquo;int\u00e9rieur de votre bo\u00eetier pour un rendu magnifique. Les LEDs sont synchronisables avec d&rsquo;autres composants et p\u00e9riph\u00e9riques (ASUS Aura Sync, ASRock Polychrome Sync, Gigabyte RGB Fusion, MSI Mysthic Light).<\/p>\t\t\t\t\t\t\t\t<\/div>\n\t\t\t\t<\/div>\n\t\t\t\t<\/div>\n\t\t<div class=\"elementor-element elementor-element-91d7697 e-con-full e-flex e-con e-child\" data-id=\"91d7697\" data-element_type=\"container\" data-e-type=\"container\">\n\t\t\t\t<div class=\"elementor-element elementor-element-e298a1d elementor-widget elementor-widget-image\" data-id=\"e298a1d\" data-element_type=\"widget\" data-e-type=\"widget\" data-widget_type=\"image.default\">\n\t\t\t\t<div class=\"elementor-widget-container\">\n\t\t\t\t\t\t\t\t\t\t\t\t\t\t\t<img decoding=\"async\" width=\"683\" height=\"1024\" src=\"https:\/\/www.fox-spirit.com\/wp-content\/uploads\/2025\/02\/XT240_06-683x1024.webp\" class=\"attachment-large size-large wp-image-2552\" alt=\"Focus sur les composants \u00e9clair\u00e9 \u00e0 l&#039;int\u00e9rieur d&#039;un bo\u00eetier PC gamer noir\" srcset=\"https:\/\/www.fox-spirit.com\/wp-content\/uploads\/2025\/02\/XT240_06-683x1024.webp 683w, https:\/\/www.fox-spirit.com\/wp-content\/uploads\/2025\/02\/XT240_06-200x300.webp 200w, https:\/\/www.fox-spirit.com\/wp-content\/uploads\/2025\/02\/XT240_06-768x1152.webp 768w, https:\/\/www.fox-spirit.com\/wp-content\/uploads\/2025\/02\/XT240_06-600x900.webp 600w, https:\/\/www.fox-spirit.com\/wp-content\/uploads\/2025\/02\/XT240_06.webp 1000w\" sizes=\"(max-width: 683px) 100vw, 683px\" \/>\t\t\t\t\t\t\t\t\t\t\t\t\t\t\t<\/div>\n\t\t\t\t<\/div>\n\t\t\t\t<\/div>\n\t\t\t\t<\/div>\n\t\t\t\t<\/div>\n\t\t\t\t<\/div>\n\t\t\n","protected":false},"excerpt":{"rendered":"<p class=\"desc\">Le kit de watercooling LightFlow XT360 ARGB propos\u00e9 par Fox Spirit sera le compagnon id\u00e9al de votre processeur pour assurer son refroidissement, y compris lors de l&rsquo;overclocking. Le LightFlow XT360 ARGB est dot\u00e9 de trois ventilateurs de 120 mm et un waterblock CPU avec une large base en cuivre.<\/p>\n","protected":false},"featured_media":2572,"template":"","meta":{"_acf_changed":false},"product_brand":[],"product_cat":[31,48],"product_tag":[],"class_list":{"0":"post-2571","1":"product","2":"type-product","3":"status-publish","4":"has-post-thumbnail","6":"product_cat-refroidissement","7":"product_cat-watercooling","9":"first","10":"instock","11":"shipping-taxable","12":"product-type-simple"},"acf":[],"yoast_head":"<!-- This site is optimized with the Yoast SEO plugin v27.4 - https:\/\/yoast.com\/product\/yoast-seo-wordpress\/ -->\n<title>Fox Spirit - LightFlow XT360 ARGB<\/title>\n<meta name=\"description\" content=\"D\u00e9couvrez le kit de watercooling PC LightFlow XT360 ARGB FOX SPIRIT qui sera le compagnon id\u00e9al de votre processeur pour assurer son refroidissement.\" \/>\n<meta name=\"robots\" content=\"index, follow, max-snippet:-1, max-image-preview:large, max-video-preview:-1\" \/>\n<link rel=\"canonical\" href=\"https:\/\/www.fox-spirit.com\/?product=lightflow-xt360-argb\" \/>\n<meta property=\"og:locale\" content=\"fr_FR\" \/>\n<meta property=\"og:type\" content=\"article\" \/>\n<meta property=\"og:title\" content=\"Fox Spirit - LightFlow XT360 ARGB\" \/>\n<meta property=\"og:description\" content=\"D\u00e9couvrez le kit de watercooling PC LightFlow XT360 ARGB FOX SPIRIT qui sera le compagnon id\u00e9al de votre processeur pour assurer son refroidissement.\" \/>\n<meta property=\"og:url\" content=\"https:\/\/www.fox-spirit.com\/?product=lightflow-xt360-argb\" \/>\n<meta property=\"og:site_name\" content=\"Fox Spirit\" \/>\n<meta property=\"article:modified_time\" content=\"2025-02-14T13:17:32+00:00\" \/>\n<meta property=\"og:image\" content=\"https:\/\/www.fox-spirit.com\/wp-content\/uploads\/2025\/02\/XT360_01.webp\" \/>\n\t<meta property=\"og:image:width\" content=\"1000\" \/>\n\t<meta property=\"og:image:height\" content=\"1000\" \/>\n\t<meta property=\"og:image:type\" content=\"image\/webp\" \/>\n<meta name=\"twitter:card\" content=\"summary_large_image\" \/>\n<meta name=\"twitter:label1\" content=\"Dur\u00e9e de lecture estim\u00e9e\" \/>\n\t<meta name=\"twitter:data1\" content=\"1 minute\" \/>\n<script type=\"application\/ld+json\" class=\"yoast-schema-graph\">{\"@context\":\"https:\\\/\\\/schema.org\",\"@graph\":[{\"@type\":\"WebPage\",\"@id\":\"https:\\\/\\\/www.fox-spirit.com\\\/?product=lightflow-xt360-argb\",\"url\":\"https:\\\/\\\/www.fox-spirit.com\\\/?product=lightflow-xt360-argb\",\"name\":\"Fox Spirit - LightFlow XT360 ARGB\",\"isPartOf\":{\"@id\":\"https:\\\/\\\/www.fox-spirit.com\\\/#website\"},\"primaryImageOfPage\":{\"@id\":\"https:\\\/\\\/www.fox-spirit.com\\\/?product=lightflow-xt360-argb#primaryimage\"},\"image\":{\"@id\":\"https:\\\/\\\/www.fox-spirit.com\\\/?product=lightflow-xt360-argb#primaryimage\"},\"thumbnailUrl\":\"https:\\\/\\\/www.fox-spirit.com\\\/wp-content\\\/uploads\\\/2025\\\/02\\\/XT360_01.webp\",\"datePublished\":\"2025-02-03T16:02:35+00:00\",\"dateModified\":\"2025-02-14T13:17:32+00:00\",\"description\":\"D\u00e9couvrez le kit de watercooling PC LightFlow XT360 ARGB FOX SPIRIT qui sera le compagnon id\u00e9al de votre processeur pour assurer son refroidissement.\",\"breadcrumb\":{\"@id\":\"https:\\\/\\\/www.fox-spirit.com\\\/?product=lightflow-xt360-argb#breadcrumb\"},\"inLanguage\":\"fr-FR\",\"potentialAction\":[{\"@type\":\"ReadAction\",\"target\":[\"https:\\\/\\\/www.fox-spirit.com\\\/?product=lightflow-xt360-argb\"]}]},{\"@type\":\"ImageObject\",\"inLanguage\":\"fr-FR\",\"@id\":\"https:\\\/\\\/www.fox-spirit.com\\\/?product=lightflow-xt360-argb#primaryimage\",\"url\":\"https:\\\/\\\/www.fox-spirit.com\\\/wp-content\\\/uploads\\\/2025\\\/02\\\/XT360_01.webp\",\"contentUrl\":\"https:\\\/\\\/www.fox-spirit.com\\\/wp-content\\\/uploads\\\/2025\\\/02\\\/XT360_01.webp\",\"width\":1000,\"height\":1000,\"caption\":\"Refroidissement PC XT360 FOX SPIRIT\"},{\"@type\":\"BreadcrumbList\",\"@id\":\"https:\\\/\\\/www.fox-spirit.com\\\/?product=lightflow-xt360-argb#breadcrumb\",\"itemListElement\":[{\"@type\":\"ListItem\",\"position\":1,\"name\":\"Home\",\"item\":\"https:\\\/\\\/www.fox-spirit.com\\\/\"},{\"@type\":\"ListItem\",\"position\":2,\"name\":\"Univers\",\"item\":\"https:\\\/\\\/www.fox-spirit.com\\\/?page_id=1224\"},{\"@type\":\"ListItem\",\"position\":3,\"name\":\"Composants PC\",\"item\":\"https:\\\/\\\/www.fox-spirit.com\\\/?product_cat=composants-pc\"},{\"@type\":\"ListItem\",\"position\":4,\"name\":\"Refroidissement\",\"item\":\"https:\\\/\\\/www.fox-spirit.com\\\/?product_cat=refroidissement\"},{\"@type\":\"ListItem\",\"position\":5,\"name\":\"LightFlow XT360 ARGB\"}]},{\"@type\":\"WebSite\",\"@id\":\"https:\\\/\\\/www.fox-spirit.com\\\/#website\",\"url\":\"https:\\\/\\\/www.fox-spirit.com\\\/\",\"name\":\"Fox Spirit\",\"description\":\"JOUEZ. RUSEZ.\",\"publisher\":{\"@id\":\"https:\\\/\\\/www.fox-spirit.com\\\/#organization\"},\"potentialAction\":[{\"@type\":\"SearchAction\",\"target\":{\"@type\":\"EntryPoint\",\"urlTemplate\":\"https:\\\/\\\/www.fox-spirit.com\\\/?s={search_term_string}\"},\"query-input\":{\"@type\":\"PropertyValueSpecification\",\"valueRequired\":true,\"valueName\":\"search_term_string\"}}],\"inLanguage\":\"fr-FR\"},{\"@type\":\"Organization\",\"@id\":\"https:\\\/\\\/www.fox-spirit.com\\\/#organization\",\"name\":\"Groupe LDLC\",\"url\":\"https:\\\/\\\/www.fox-spirit.com\\\/\",\"logo\":{\"@type\":\"ImageObject\",\"inLanguage\":\"fr-FR\",\"@id\":\"https:\\\/\\\/www.fox-spirit.com\\\/#\\\/schema\\\/logo\\\/image\\\/\",\"url\":\"https:\\\/\\\/www.fox-spirit.com\\\/wp-content\\\/uploads\\\/2024\\\/12\\\/logo_FoxSpirit_red.png\",\"contentUrl\":\"https:\\\/\\\/www.fox-spirit.com\\\/wp-content\\\/uploads\\\/2024\\\/12\\\/logo_FoxSpirit_red.png\",\"width\":1600,\"height\":1600,\"caption\":\"Groupe LDLC\"},\"image\":{\"@id\":\"https:\\\/\\\/www.fox-spirit.com\\\/#\\\/schema\\\/logo\\\/image\\\/\"}}]}<\/script>\n<!-- \/ Yoast SEO plugin. -->","yoast_head_json":{"title":"Fox Spirit - LightFlow XT360 ARGB","description":"D\u00e9couvrez le kit de watercooling PC LightFlow XT360 ARGB FOX SPIRIT qui sera le compagnon id\u00e9al de votre processeur pour assurer son refroidissement.","robots":{"index":"index","follow":"follow","max-snippet":"max-snippet:-1","max-image-preview":"max-image-preview:large","max-video-preview":"max-video-preview:-1"},"canonical":"https:\/\/www.fox-spirit.com\/?product=lightflow-xt360-argb","og_locale":"fr_FR","og_type":"article","og_title":"Fox Spirit - LightFlow XT360 ARGB","og_description":"D\u00e9couvrez le kit de watercooling PC LightFlow XT360 ARGB FOX SPIRIT qui sera le compagnon id\u00e9al de votre processeur pour assurer son refroidissement.","og_url":"https:\/\/www.fox-spirit.com\/?product=lightflow-xt360-argb","og_site_name":"Fox Spirit","article_modified_time":"2025-02-14T13:17:32+00:00","og_image":[{"width":1000,"height":1000,"url":"https:\/\/www.fox-spirit.com\/wp-content\/uploads\/2025\/02\/XT360_01.webp","type":"image\/webp"}],"twitter_card":"summary_large_image","twitter_misc":{"Dur\u00e9e de lecture estim\u00e9e":"1 minute"},"schema":{"@context":"https:\/\/schema.org","@graph":[{"@type":"WebPage","@id":"https:\/\/www.fox-spirit.com\/?product=lightflow-xt360-argb","url":"https:\/\/www.fox-spirit.com\/?product=lightflow-xt360-argb","name":"Fox Spirit - LightFlow XT360 ARGB","isPartOf":{"@id":"https:\/\/www.fox-spirit.com\/#website"},"primaryImageOfPage":{"@id":"https:\/\/www.fox-spirit.com\/?product=lightflow-xt360-argb#primaryimage"},"image":{"@id":"https:\/\/www.fox-spirit.com\/?product=lightflow-xt360-argb#primaryimage"},"thumbnailUrl":"https:\/\/www.fox-spirit.com\/wp-content\/uploads\/2025\/02\/XT360_01.webp","datePublished":"2025-02-03T16:02:35+00:00","dateModified":"2025-02-14T13:17:32+00:00","description":"D\u00e9couvrez le kit de watercooling PC LightFlow XT360 ARGB FOX SPIRIT qui sera le compagnon id\u00e9al de votre processeur pour assurer son refroidissement.","breadcrumb":{"@id":"https:\/\/www.fox-spirit.com\/?product=lightflow-xt360-argb#breadcrumb"},"inLanguage":"fr-FR","potentialAction":[{"@type":"ReadAction","target":["https:\/\/www.fox-spirit.com\/?product=lightflow-xt360-argb"]}]},{"@type":"ImageObject","inLanguage":"fr-FR","@id":"https:\/\/www.fox-spirit.com\/?product=lightflow-xt360-argb#primaryimage","url":"https:\/\/www.fox-spirit.com\/wp-content\/uploads\/2025\/02\/XT360_01.webp","contentUrl":"https:\/\/www.fox-spirit.com\/wp-content\/uploads\/2025\/02\/XT360_01.webp","width":1000,"height":1000,"caption":"Refroidissement PC XT360 FOX SPIRIT"},{"@type":"BreadcrumbList","@id":"https:\/\/www.fox-spirit.com\/?product=lightflow-xt360-argb#breadcrumb","itemListElement":[{"@type":"ListItem","position":1,"name":"Home","item":"https:\/\/www.fox-spirit.com\/"},{"@type":"ListItem","position":2,"name":"Univers","item":"https:\/\/www.fox-spirit.com\/?page_id=1224"},{"@type":"ListItem","position":3,"name":"Composants PC","item":"https:\/\/www.fox-spirit.com\/?product_cat=composants-pc"},{"@type":"ListItem","position":4,"name":"Refroidissement","item":"https:\/\/www.fox-spirit.com\/?product_cat=refroidissement"},{"@type":"ListItem","position":5,"name":"LightFlow XT360 ARGB"}]},{"@type":"WebSite","@id":"https:\/\/www.fox-spirit.com\/#website","url":"https:\/\/www.fox-spirit.com\/","name":"Fox Spirit","description":"JOUEZ. RUSEZ.","publisher":{"@id":"https:\/\/www.fox-spirit.com\/#organization"},"potentialAction":[{"@type":"SearchAction","target":{"@type":"EntryPoint","urlTemplate":"https:\/\/www.fox-spirit.com\/?s={search_term_string}"},"query-input":{"@type":"PropertyValueSpecification","valueRequired":true,"valueName":"search_term_string"}}],"inLanguage":"fr-FR"},{"@type":"Organization","@id":"https:\/\/www.fox-spirit.com\/#organization","name":"Groupe LDLC","url":"https:\/\/www.fox-spirit.com\/","logo":{"@type":"ImageObject","inLanguage":"fr-FR","@id":"https:\/\/www.fox-spirit.com\/#\/schema\/logo\/image\/","url":"https:\/\/www.fox-spirit.com\/wp-content\/uploads\/2024\/12\/logo_FoxSpirit_red.png","contentUrl":"https:\/\/www.fox-spirit.com\/wp-content\/uploads\/2024\/12\/logo_FoxSpirit_red.png","width":1600,"height":1600,"caption":"Groupe LDLC"},"image":{"@id":"https:\/\/www.fox-spirit.com\/#\/schema\/logo\/image\/"}}]}},"_links":{"self":[{"href":"https:\/\/www.fox-spirit.com\/index.php?rest_route=\/wp\/v2\/product\/2571","targetHints":{"allow":["GET"]}}],"collection":[{"href":"https:\/\/www.fox-spirit.com\/index.php?rest_route=\/wp\/v2\/product"}],"about":[{"href":"https:\/\/www.fox-spirit.com\/index.php?rest_route=\/wp\/v2\/types\/product"}],"version-history":[{"count":3,"href":"https:\/\/www.fox-spirit.com\/index.php?rest_route=\/wp\/v2\/product\/2571\/revisions"}],"predecessor-version":[{"id":3680,"href":"https:\/\/www.fox-spirit.com\/index.php?rest_route=\/wp\/v2\/product\/2571\/revisions\/3680"}],"wp:featuredmedia":[{"embeddable":true,"href":"https:\/\/www.fox-spirit.com\/index.php?rest_route=\/wp\/v2\/media\/2572"}],"wp:attachment":[{"href":"https:\/\/www.fox-spirit.com\/index.php?rest_route=%2Fwp%2Fv2%2Fmedia&parent=2571"}],"wp:term":[{"taxonomy":"product_brand","embeddable":true,"href":"https:\/\/www.fox-spirit.com\/index.php?rest_route=%2Fwp%2Fv2%2Fproduct_brand&post=2571"},{"taxonomy":"product_cat","embeddable":true,"href":"https:\/\/www.fox-spirit.com\/index.php?rest_route=%2Fwp%2Fv2%2Fproduct_cat&post=2571"},{"taxonomy":"product_tag","embeddable":true,"href":"https:\/\/www.fox-spirit.com\/index.php?rest_route=%2Fwp%2Fv2%2Fproduct_tag&post=2571"}],"curies":[{"name":"wp","href":"https:\/\/api.w.org\/{rel}","templated":true}]}}