{"id":2696,"date":"2025-02-04T14:34:32","date_gmt":"2025-02-04T13:34:32","guid":{"rendered":"https:\/\/www.fox-spirit.com\/?post_type=product&#038;p=2696"},"modified":"2025-02-14T14:04:38","modified_gmt":"2025-02-14T13:04:38","slug":"pgk280","status":"publish","type":"product","link":"https:\/\/www.fox-spirit.com\/?product=pgk280","title":{"rendered":"PGK280"},"content":{"rendered":"\t\t<div data-elementor-type=\"container\" data-elementor-id=\"2706\" class=\"elementor elementor-2706\" data-elementor-post-type=\"elementor_library\">\n\t\t\t\t<div class=\"elementor-element elementor-element-f075c9b e-con-full e-flex e-con e-parent\" data-id=\"f075c9b\" data-element_type=\"container\" data-e-type=\"container\">\n\t\t<div class=\"elementor-element elementor-element-14e4077 e-con-full e-flex e-con e-child\" data-id=\"14e4077\" data-element_type=\"container\" data-e-type=\"container\">\n\t\t\t\t<div class=\"elementor-element elementor-element-9c769af elementor-widget elementor-widget-heading\" data-id=\"9c769af\" data-element_type=\"widget\" data-e-type=\"widget\" data-widget_type=\"heading.default\">\n\t\t\t\t<div class=\"elementor-widget-container\">\n\t\t\t\t\t<h2 class=\"elementor-heading-title elementor-size-default\">Fox Spirit PGK280 : jouez en 4K 144 Hz !<\/h2>\t\t\t\t<\/div>\n\t\t\t\t<\/div>\n\t\t\t\t<div class=\"elementor-element elementor-element-9626083 elementor-widget elementor-widget-text-editor\" data-id=\"9626083\" data-element_type=\"widget\" data-e-type=\"widget\" data-widget_type=\"text-editor.default\">\n\t\t\t\t<div class=\"elementor-widget-container\">\n\t\t\t\t\t\t\t\t\t<p>La gloire est toute proche ! Pourquoi ? Vous venez de recevoir votre nouveau\u00a0<strong>moniteur Fox Spirit PGK280<\/strong>\u00a0et vous \u00eates dor\u00e9navant arm\u00e9 pour prendre part aux prochains affrontements. Ce moniteur 4K UHD 28 pouces se dote de performances de jeu \u00e9lev\u00e9es (dalle Fast IPS, 0.5 ms, 144 Hz, FreeSync) pour vous aider \u00e0 atteindre les sommets. Vous retrouverez \u00e9galement une utilisation confortable avec une position facilement ajustable, une protection oculaire avanc\u00e9e et une connectique simplifiant l&rsquo;int\u00e9gration de l&rsquo;\u00e9cran PGK280 dans votre environnement gaming.<\/p>\t\t\t\t\t\t\t\t<\/div>\n\t\t\t\t<\/div>\n\t\t\t\t<\/div>\n\t\t<div class=\"elementor-element elementor-element-0c11eb0 e-con-full e-flex e-con e-child\" data-id=\"0c11eb0\" data-element_type=\"container\" data-e-type=\"container\">\n\t\t<div class=\"elementor-element elementor-element-bcf431d e-con-full e-flex e-con e-child\" data-id=\"bcf431d\" data-element_type=\"container\" data-e-type=\"container\">\n\t\t\t\t<div class=\"elementor-element elementor-element-85e8cfb elementor-widget elementor-widget-image\" data-id=\"85e8cfb\" data-element_type=\"widget\" data-e-type=\"widget\" data-widget_type=\"image.default\">\n\t\t\t\t<div class=\"elementor-widget-container\">\n\t\t\t\t\t\t\t\t\t\t\t\t\t\t\t<img fetchpriority=\"high\" decoding=\"async\" width=\"800\" height=\"800\" src=\"https:\/\/www.fox-spirit.com\/wp-content\/uploads\/2025\/02\/PGK280_03.webp\" class=\"attachment-large size-large wp-image-2701\" alt=\"\u00c9cran 4K gaming, vue inclin\u00e9e\" srcset=\"https:\/\/www.fox-spirit.com\/wp-content\/uploads\/2025\/02\/PGK280_03.webp 1000w, https:\/\/www.fox-spirit.com\/wp-content\/uploads\/2025\/02\/PGK280_03-300x300.webp 300w, https:\/\/www.fox-spirit.com\/wp-content\/uploads\/2025\/02\/PGK280_03-150x150.webp 150w, https:\/\/www.fox-spirit.com\/wp-content\/uploads\/2025\/02\/PGK280_03-768x768.webp 768w, https:\/\/www.fox-spirit.com\/wp-content\/uploads\/2025\/02\/PGK280_03-600x600.webp 600w, https:\/\/www.fox-spirit.com\/wp-content\/uploads\/2025\/02\/PGK280_03-100x100.webp 100w\" sizes=\"(max-width: 800px) 100vw, 800px\" \/>\t\t\t\t\t\t\t\t\t\t\t\t\t\t\t<\/div>\n\t\t\t\t<\/div>\n\t\t\t\t<\/div>\n\t\t<div class=\"elementor-element elementor-element-ddd2c69 e-con-full e-flex e-con e-child\" data-id=\"ddd2c69\" data-element_type=\"container\" data-e-type=\"container\">\n\t\t\t\t<div class=\"elementor-element elementor-element-d3f5cf6 elementor-widget elementor-widget-heading\" data-id=\"d3f5cf6\" data-element_type=\"widget\" data-e-type=\"widget\" data-widget_type=\"heading.default\">\n\t\t\t\t<div class=\"elementor-widget-container\">\n\t\t\t\t\t<h2 class=\"elementor-heading-title elementor-size-default\">Passez au niveau sup\u00e9rieur !<\/h2>\t\t\t\t<\/div>\n\t\t\t\t<\/div>\n\t\t\t\t<div class=\"elementor-element elementor-element-89251d0 elementor-widget elementor-widget-text-editor\" data-id=\"89251d0\" data-element_type=\"widget\" data-e-type=\"widget\" data-widget_type=\"text-editor.default\">\n\t\t\t\t<div class=\"elementor-widget-container\">\n\t\t\t\t\t\t\t\t\t<p>L&rsquo;\u00e9cran PGK280 offre une qualit\u00e9 d&rsquo;image sup\u00e9rieure gr\u00e2ce \u00e0 sa\u00a0<strong>r\u00e9solution 4K UHD<\/strong>\u00a0et sa prise en charge HDR. Dot\u00e9 d&rsquo;une dalle Fast IPS, il parvient \u00e0 combiner des couleurs riches et naturelles, des angles de vision larges et une excellente r\u00e9activit\u00e9. En effet, ce\u00a0<strong>moniteur 28 pouces<\/strong>\u00a0peut atteindre un\u00a0<strong>temps de r\u00e9ponse de 0.5 ms<\/strong>\u00a0(MPRT) et dispose en plus d&rsquo;un\u00a0<strong>taux de rafra\u00eechissement maximal de 144 Hz<\/strong>. Enfin, la\u00a0<strong>compatibilit\u00e9 AMD FreeSync<\/strong>\u00a0servira parfaitement vos objectifs \u00e0 venir pour surpasser vos adversaires.<br \/><br \/>Et pour jouer dans les meilleures conditions, ce mod\u00e8le se pare d&rsquo;un pied ergonomique avec\u00a0<strong>hauteur r\u00e9glable sur 110 mm<\/strong>, mode portrait\/paysage, inclinaison et rotation horizontale.<\/p>\t\t\t\t\t\t\t\t<\/div>\n\t\t\t\t<\/div>\n\t\t\t\t<\/div>\n\t\t\t\t<\/div>\n\t\t<div class=\"elementor-element elementor-element-9cba2d9 e-con-full e-flex e-con e-child\" data-id=\"9cba2d9\" data-element_type=\"container\" data-e-type=\"container\">\n\t\t<div class=\"elementor-element elementor-element-48979e7 e-con-full e-flex e-con e-child\" data-id=\"48979e7\" data-element_type=\"container\" data-e-type=\"container\">\n\t\t\t\t<div class=\"elementor-element elementor-element-d9753ae elementor-widget elementor-widget-heading\" data-id=\"d9753ae\" data-element_type=\"widget\" data-e-type=\"widget\" data-widget_type=\"heading.default\">\n\t\t\t\t<div class=\"elementor-widget-container\">\n\t\t\t\t\t<h2 class=\"elementor-heading-title elementor-size-default\">Tout pour la victoire<\/h2>\t\t\t\t<\/div>\n\t\t\t\t<\/div>\n\t\t\t\t<div class=\"elementor-element elementor-element-5548618 elementor-widget elementor-widget-text-editor\" data-id=\"5548618\" data-element_type=\"widget\" data-e-type=\"widget\" data-widget_type=\"text-editor.default\">\n\t\t\t\t<div class=\"elementor-widget-container\">\n\t\t\t\t\t\t\t\t\t<p>En proposant une connectique \u00e9tendue, Fox Spirit r\u00e9pond id\u00e9alement aux attentes des joueurs. Au menu,\u00a0<strong>1 port HDMI 2.1, 1 connecteur DisplayPort 1.4 ainsi qu&rsquo;un port USB-C (DP Alt, PD 65W) et deux ports USB 2.0<\/strong>. De son c\u00f4t\u00e9, la fonction KVM int\u00e9gr\u00e9e facilite l&rsquo;utilisation de deux ordinateurs branch\u00e9s \u00e0 un seul et m\u00eame \u00e9cran en utilisant un seul ensemble clavier\/souris.<br \/><br \/>Vos yeux auront \u00e9galement le droit \u00e0 une belle protection gr\u00e2ce \u00e0 la pr\u00e9sence des\u00a0<strong>technologies FlickerFree et Anti lumi\u00e8re bleue<\/strong>. L&rsquo;\u00e9cran PGK280 arbore deux haut-parleurs et un\u00a0<strong>\u00e9clairage arri\u00e8re multicolore<\/strong>. Ce dernier peut \u00eatre d\u00e9sactiv\u00e9 dans les r\u00e9glages via l&rsquo;OSD.<\/p>\t\t\t\t\t\t\t\t<\/div>\n\t\t\t\t<\/div>\n\t\t\t\t<\/div>\n\t\t<div class=\"elementor-element elementor-element-91d7697 e-con-full e-flex e-con e-child\" data-id=\"91d7697\" data-element_type=\"container\" data-e-type=\"container\">\n\t\t\t\t<div class=\"elementor-element elementor-element-e298a1d elementor-widget elementor-widget-image\" data-id=\"e298a1d\" data-element_type=\"widget\" data-e-type=\"widget\" data-widget_type=\"image.default\">\n\t\t\t\t<div class=\"elementor-widget-container\">\n\t\t\t\t\t\t\t\t\t\t\t\t\t\t\t<img decoding=\"async\" width=\"800\" height=\"800\" src=\"https:\/\/www.fox-spirit.com\/wp-content\/uploads\/2025\/02\/PGK280_04.webp\" class=\"attachment-large size-large wp-image-2702\" alt=\"\u00c9cran 4K gaming, vue de dos\" srcset=\"https:\/\/www.fox-spirit.com\/wp-content\/uploads\/2025\/02\/PGK280_04.webp 1000w, https:\/\/www.fox-spirit.com\/wp-content\/uploads\/2025\/02\/PGK280_04-300x300.webp 300w, https:\/\/www.fox-spirit.com\/wp-content\/uploads\/2025\/02\/PGK280_04-150x150.webp 150w, https:\/\/www.fox-spirit.com\/wp-content\/uploads\/2025\/02\/PGK280_04-768x768.webp 768w, https:\/\/www.fox-spirit.com\/wp-content\/uploads\/2025\/02\/PGK280_04-600x600.webp 600w, https:\/\/www.fox-spirit.com\/wp-content\/uploads\/2025\/02\/PGK280_04-100x100.webp 100w\" sizes=\"(max-width: 800px) 100vw, 800px\" \/>\t\t\t\t\t\t\t\t\t\t\t\t\t\t\t<\/div>\n\t\t\t\t<\/div>\n\t\t\t\t<\/div>\n\t\t\t\t<\/div>\n\t\t<div class=\"elementor-element elementor-element-c7e884d e-con-full e-flex e-con e-child\" data-id=\"c7e884d\" data-element_type=\"container\" data-e-type=\"container\">\n\t\t<div class=\"elementor-element elementor-element-e940b05 e-con-full e-flex e-con e-child\" data-id=\"e940b05\" data-element_type=\"container\" data-e-type=\"container\">\n\t\t\t\t<div class=\"elementor-element elementor-element-3824a42 elementor-widget elementor-widget-image\" data-id=\"3824a42\" data-element_type=\"widget\" data-e-type=\"widget\" data-widget_type=\"image.default\">\n\t\t\t\t<div class=\"elementor-widget-container\">\n\t\t\t\t\t\t\t\t\t\t\t\t\t\t\t<img decoding=\"async\" width=\"800\" height=\"800\" src=\"https:\/\/www.fox-spirit.com\/wp-content\/uploads\/2025\/02\/PGK280_02.webp\" class=\"attachment-large size-large wp-image-2700\" alt=\"\u00c9cran 4K gaming, vue de face\" srcset=\"https:\/\/www.fox-spirit.com\/wp-content\/uploads\/2025\/02\/PGK280_02.webp 1000w, https:\/\/www.fox-spirit.com\/wp-content\/uploads\/2025\/02\/PGK280_02-300x300.webp 300w, https:\/\/www.fox-spirit.com\/wp-content\/uploads\/2025\/02\/PGK280_02-150x150.webp 150w, https:\/\/www.fox-spirit.com\/wp-content\/uploads\/2025\/02\/PGK280_02-768x768.webp 768w, https:\/\/www.fox-spirit.com\/wp-content\/uploads\/2025\/02\/PGK280_02-600x600.webp 600w, https:\/\/www.fox-spirit.com\/wp-content\/uploads\/2025\/02\/PGK280_02-100x100.webp 100w\" sizes=\"(max-width: 800px) 100vw, 800px\" \/>\t\t\t\t\t\t\t\t\t\t\t\t\t\t\t<\/div>\n\t\t\t\t<\/div>\n\t\t\t\t<\/div>\n\t\t<div class=\"elementor-element elementor-element-4fc3ad3 e-con-full e-flex e-con e-child\" data-id=\"4fc3ad3\" data-element_type=\"container\" data-e-type=\"container\">\n\t\t\t\t<div class=\"elementor-element elementor-element-c2c32d6 elementor-widget elementor-widget-heading\" data-id=\"c2c32d6\" data-element_type=\"widget\" data-e-type=\"widget\" data-widget_type=\"heading.default\">\n\t\t\t\t<div class=\"elementor-widget-container\">\n\t\t\t\t\t<h2 class=\"elementor-heading-title elementor-size-default\">Caract\u00e9ristiques principales :<\/h2>\t\t\t\t<\/div>\n\t\t\t\t<\/div>\n\t\t\t\t<div class=\"elementor-element elementor-element-e0f0d4d elementor-widget elementor-widget-text-editor\" data-id=\"e0f0d4d\" data-element_type=\"widget\" data-e-type=\"widget\" data-widget_type=\"text-editor.default\">\n\t\t\t\t<div class=\"elementor-widget-container\">\n\t\t\t\t\t\t\t\t\t<ul><li><strong>Ecran gaming<\/strong>\u00a0avec traitement anti-reflet (25%) de\u00a0<strong>28 pouces<\/strong><\/li><li><strong>R\u00e9solution<\/strong>\u00a0<strong>4K UHD<\/strong>\u00a0(3840 x 2160)<\/li><li><strong>Compatible avec les consoles de jeux Xbox Series X et Sony PS5 \u00e0 4k@120Hz<\/strong><\/li><li><strong>Dalle Fast IPS<\/strong>\u00a0: 1 milliard de couleurs, angles de vision larges (178\u00b0)<\/li><li>HDR Ready<\/li><li><strong>Temps de r\u00e9ponse<\/strong>\u00a0: 0.5 ms (MPRT) \/ 1 ms (gris \u00e0 gris OverDrive)<\/li><li><strong>Taux de rafra\u00eechissement maximal<\/strong>\u00a0:\u00a0144 Hz (DisplayPort, USB-C) \/ 120 Hz (HDMI)<\/li><li>Technologie\u00a0<strong>AMD\u00a0FreeSync<\/strong><\/li><li>Fonction KVM<\/li><li><strong>Connecteurs :\u00a0<\/strong>HDMI 2.1\u00a0+ DisplayPort 1.4 + USB-C (DP Alt Mode, alimentation jusqu&rsquo;\u00e0 65W)<\/li><li>2 ports USB 2.0 + sortie casque jack 3.5 mm<\/li><li>Anneau lumineux multicolore \u00e0 l&rsquo;arri\u00e8re<\/li><li>Meilleur confort oculaire avec la fonction\u00a0<strong>Low Blue\u00a0et Flicker-Free<\/strong><\/li><li><strong>Design ergonomique<\/strong>\u00a0: r\u00e9glage en hauteur (110 mm), inclinaison, pivot, rotation (-45\/45\u00b0)<\/li><li>Haut-parleurs 2 x 3 Watts<\/li><li>Modes Standard, Photo, Utilisateur, Film, Jeux<\/li><\/ul>\t\t\t\t\t\t\t\t<\/div>\n\t\t\t\t<\/div>\n\t\t\t\t<\/div>\n\t\t\t\t<\/div>\n\t\t\t\t<\/div>\n\t\t\t\t<\/div>\n\t\t\n","protected":false},"excerpt":{"rendered":"<p>Le moniteur 4K HDR Fox Spirit PGK280 se dote d&rsquo;une dalle Fast IPS de 28 pouces et de performances de jeu \u00e9lev\u00e9es (dalle Fast IPS, 0.5 ms, 144 Hz, FreeSync) pour vous aider \u00e0 atteindre les sommets. B\u00e9n\u00e9ficiez d&rsquo;une connectique compl\u00e8te et d&rsquo;un confort sup\u00e9rieur avec positionnement ajustable.<\/p>\n","protected":false},"featured_media":2699,"template":"","meta":{"_acf_changed":false},"product_brand":[],"product_cat":[25],"product_tag":[],"class_list":{"0":"post-2696","1":"product","2":"type-product","3":"status-publish","4":"has-post-thumbnail","6":"product_cat-ecran-pc","8":"first","9":"instock","10":"shipping-taxable","11":"product-type-simple"},"acf":[],"yoast_head":"<!-- This site is optimized with the Yoast SEO plugin v27.4 - https:\/\/yoast.com\/product\/yoast-seo-wordpress\/ -->\n<title>Fox Spirit - PGK280<\/title>\n<meta name=\"description\" content=\"D\u00e9couvrez l\u2019\u00e9cran PC gaming FOX SPIRIT PGK280, un moniteur 4K, 144 Hz avec 0.5 ms de temps de r\u00e9ponse et un pied ergonomique pour un confort de jeu optimal.\" \/>\n<meta name=\"robots\" content=\"index, follow, max-snippet:-1, max-image-preview:large, max-video-preview:-1\" \/>\n<link rel=\"canonical\" href=\"https:\/\/www.fox-spirit.com\/?product=pgk280\" \/>\n<meta property=\"og:locale\" content=\"fr_FR\" \/>\n<meta property=\"og:type\" content=\"article\" \/>\n<meta property=\"og:title\" content=\"Fox Spirit - PGK280\" \/>\n<meta property=\"og:description\" content=\"D\u00e9couvrez l\u2019\u00e9cran PC gaming FOX SPIRIT PGK280, un moniteur 4K, 144 Hz avec 0.5 ms de temps de r\u00e9ponse et un pied ergonomique pour un confort de jeu optimal.\" \/>\n<meta property=\"og:url\" content=\"https:\/\/www.fox-spirit.com\/?product=pgk280\" \/>\n<meta property=\"og:site_name\" content=\"Fox Spirit\" \/>\n<meta property=\"article:modified_time\" content=\"2025-02-14T13:04:38+00:00\" \/>\n<meta property=\"og:image\" content=\"https:\/\/www.fox-spirit.com\/wp-content\/uploads\/2025\/02\/PGK280_01.webp\" \/>\n\t<meta property=\"og:image:width\" content=\"1000\" \/>\n\t<meta property=\"og:image:height\" content=\"1000\" \/>\n\t<meta property=\"og:image:type\" content=\"image\/webp\" \/>\n<meta name=\"twitter:card\" content=\"summary_large_image\" \/>\n<meta name=\"twitter:label1\" content=\"Dur\u00e9e de lecture estim\u00e9e\" \/>\n\t<meta name=\"twitter:data1\" content=\"1 minute\" \/>\n<script type=\"application\/ld+json\" class=\"yoast-schema-graph\">{\"@context\":\"https:\\\/\\\/schema.org\",\"@graph\":[{\"@type\":\"WebPage\",\"@id\":\"https:\\\/\\\/www.fox-spirit.com\\\/?product=pgk280\",\"url\":\"https:\\\/\\\/www.fox-spirit.com\\\/?product=pgk280\",\"name\":\"Fox Spirit - PGK280\",\"isPartOf\":{\"@id\":\"https:\\\/\\\/www.fox-spirit.com\\\/#website\"},\"primaryImageOfPage\":{\"@id\":\"https:\\\/\\\/www.fox-spirit.com\\\/?product=pgk280#primaryimage\"},\"image\":{\"@id\":\"https:\\\/\\\/www.fox-spirit.com\\\/?product=pgk280#primaryimage\"},\"thumbnailUrl\":\"https:\\\/\\\/www.fox-spirit.com\\\/wp-content\\\/uploads\\\/2025\\\/02\\\/PGK280_01.webp\",\"datePublished\":\"2025-02-04T13:34:32+00:00\",\"dateModified\":\"2025-02-14T13:04:38+00:00\",\"description\":\"D\u00e9couvrez l\u2019\u00e9cran PC gaming FOX SPIRIT PGK280, un moniteur 4K, 144 Hz avec 0.5 ms de temps de r\u00e9ponse et un pied ergonomique pour un confort de jeu optimal.\",\"breadcrumb\":{\"@id\":\"https:\\\/\\\/www.fox-spirit.com\\\/?product=pgk280#breadcrumb\"},\"inLanguage\":\"fr-FR\",\"potentialAction\":[{\"@type\":\"ReadAction\",\"target\":[\"https:\\\/\\\/www.fox-spirit.com\\\/?product=pgk280\"]}]},{\"@type\":\"ImageObject\",\"inLanguage\":\"fr-FR\",\"@id\":\"https:\\\/\\\/www.fox-spirit.com\\\/?product=pgk280#primaryimage\",\"url\":\"https:\\\/\\\/www.fox-spirit.com\\\/wp-content\\\/uploads\\\/2025\\\/02\\\/PGK280_01.webp\",\"contentUrl\":\"https:\\\/\\\/www.fox-spirit.com\\\/wp-content\\\/uploads\\\/2025\\\/02\\\/PGK280_01.webp\",\"width\":1000,\"height\":1000,\"caption\":\"\u00c9cran 4K gaming PGK280 FOX SPIRIT\"},{\"@type\":\"BreadcrumbList\",\"@id\":\"https:\\\/\\\/www.fox-spirit.com\\\/?product=pgk280#breadcrumb\",\"itemListElement\":[{\"@type\":\"ListItem\",\"position\":1,\"name\":\"Home\",\"item\":\"https:\\\/\\\/www.fox-spirit.com\\\/\"},{\"@type\":\"ListItem\",\"position\":2,\"name\":\"Univers\",\"item\":\"https:\\\/\\\/www.fox-spirit.com\\\/?page_id=1224\"},{\"@type\":\"ListItem\",\"position\":3,\"name\":\"P\u00e9riph\u00e9riques PC\",\"item\":\"https:\\\/\\\/www.fox-spirit.com\\\/?product_cat=peripheriques-pc\"},{\"@type\":\"ListItem\",\"position\":4,\"name\":\"Ecran PC\",\"item\":\"https:\\\/\\\/www.fox-spirit.com\\\/?product_cat=ecran-pc\"},{\"@type\":\"ListItem\",\"position\":5,\"name\":\"PGK280\"}]},{\"@type\":\"WebSite\",\"@id\":\"https:\\\/\\\/www.fox-spirit.com\\\/#website\",\"url\":\"https:\\\/\\\/www.fox-spirit.com\\\/\",\"name\":\"Fox Spirit\",\"description\":\"JOUEZ. RUSEZ.\",\"publisher\":{\"@id\":\"https:\\\/\\\/www.fox-spirit.com\\\/#organization\"},\"potentialAction\":[{\"@type\":\"SearchAction\",\"target\":{\"@type\":\"EntryPoint\",\"urlTemplate\":\"https:\\\/\\\/www.fox-spirit.com\\\/?s={search_term_string}\"},\"query-input\":{\"@type\":\"PropertyValueSpecification\",\"valueRequired\":true,\"valueName\":\"search_term_string\"}}],\"inLanguage\":\"fr-FR\"},{\"@type\":\"Organization\",\"@id\":\"https:\\\/\\\/www.fox-spirit.com\\\/#organization\",\"name\":\"Groupe LDLC\",\"url\":\"https:\\\/\\\/www.fox-spirit.com\\\/\",\"logo\":{\"@type\":\"ImageObject\",\"inLanguage\":\"fr-FR\",\"@id\":\"https:\\\/\\\/www.fox-spirit.com\\\/#\\\/schema\\\/logo\\\/image\\\/\",\"url\":\"https:\\\/\\\/www.fox-spirit.com\\\/wp-content\\\/uploads\\\/2024\\\/12\\\/logo_FoxSpirit_red.png\",\"contentUrl\":\"https:\\\/\\\/www.fox-spirit.com\\\/wp-content\\\/uploads\\\/2024\\\/12\\\/logo_FoxSpirit_red.png\",\"width\":1600,\"height\":1600,\"caption\":\"Groupe LDLC\"},\"image\":{\"@id\":\"https:\\\/\\\/www.fox-spirit.com\\\/#\\\/schema\\\/logo\\\/image\\\/\"}}]}<\/script>\n<!-- \/ Yoast SEO plugin. -->","yoast_head_json":{"title":"Fox Spirit - PGK280","description":"D\u00e9couvrez l\u2019\u00e9cran PC gaming FOX SPIRIT PGK280, un moniteur 4K, 144 Hz avec 0.5 ms de temps de r\u00e9ponse et un pied ergonomique pour un confort de jeu optimal.","robots":{"index":"index","follow":"follow","max-snippet":"max-snippet:-1","max-image-preview":"max-image-preview:large","max-video-preview":"max-video-preview:-1"},"canonical":"https:\/\/www.fox-spirit.com\/?product=pgk280","og_locale":"fr_FR","og_type":"article","og_title":"Fox Spirit - PGK280","og_description":"D\u00e9couvrez l\u2019\u00e9cran PC gaming FOX SPIRIT PGK280, un moniteur 4K, 144 Hz avec 0.5 ms de temps de r\u00e9ponse et un pied ergonomique pour un confort de jeu optimal.","og_url":"https:\/\/www.fox-spirit.com\/?product=pgk280","og_site_name":"Fox Spirit","article_modified_time":"2025-02-14T13:04:38+00:00","og_image":[{"width":1000,"height":1000,"url":"https:\/\/www.fox-spirit.com\/wp-content\/uploads\/2025\/02\/PGK280_01.webp","type":"image\/webp"}],"twitter_card":"summary_large_image","twitter_misc":{"Dur\u00e9e de lecture estim\u00e9e":"1 minute"},"schema":{"@context":"https:\/\/schema.org","@graph":[{"@type":"WebPage","@id":"https:\/\/www.fox-spirit.com\/?product=pgk280","url":"https:\/\/www.fox-spirit.com\/?product=pgk280","name":"Fox Spirit - PGK280","isPartOf":{"@id":"https:\/\/www.fox-spirit.com\/#website"},"primaryImageOfPage":{"@id":"https:\/\/www.fox-spirit.com\/?product=pgk280#primaryimage"},"image":{"@id":"https:\/\/www.fox-spirit.com\/?product=pgk280#primaryimage"},"thumbnailUrl":"https:\/\/www.fox-spirit.com\/wp-content\/uploads\/2025\/02\/PGK280_01.webp","datePublished":"2025-02-04T13:34:32+00:00","dateModified":"2025-02-14T13:04:38+00:00","description":"D\u00e9couvrez l\u2019\u00e9cran PC gaming FOX SPIRIT PGK280, un moniteur 4K, 144 Hz avec 0.5 ms de temps de r\u00e9ponse et un pied ergonomique pour un confort de jeu optimal.","breadcrumb":{"@id":"https:\/\/www.fox-spirit.com\/?product=pgk280#breadcrumb"},"inLanguage":"fr-FR","potentialAction":[{"@type":"ReadAction","target":["https:\/\/www.fox-spirit.com\/?product=pgk280"]}]},{"@type":"ImageObject","inLanguage":"fr-FR","@id":"https:\/\/www.fox-spirit.com\/?product=pgk280#primaryimage","url":"https:\/\/www.fox-spirit.com\/wp-content\/uploads\/2025\/02\/PGK280_01.webp","contentUrl":"https:\/\/www.fox-spirit.com\/wp-content\/uploads\/2025\/02\/PGK280_01.webp","width":1000,"height":1000,"caption":"\u00c9cran 4K gaming PGK280 FOX SPIRIT"},{"@type":"BreadcrumbList","@id":"https:\/\/www.fox-spirit.com\/?product=pgk280#breadcrumb","itemListElement":[{"@type":"ListItem","position":1,"name":"Home","item":"https:\/\/www.fox-spirit.com\/"},{"@type":"ListItem","position":2,"name":"Univers","item":"https:\/\/www.fox-spirit.com\/?page_id=1224"},{"@type":"ListItem","position":3,"name":"P\u00e9riph\u00e9riques PC","item":"https:\/\/www.fox-spirit.com\/?product_cat=peripheriques-pc"},{"@type":"ListItem","position":4,"name":"Ecran PC","item":"https:\/\/www.fox-spirit.com\/?product_cat=ecran-pc"},{"@type":"ListItem","position":5,"name":"PGK280"}]},{"@type":"WebSite","@id":"https:\/\/www.fox-spirit.com\/#website","url":"https:\/\/www.fox-spirit.com\/","name":"Fox Spirit","description":"JOUEZ. RUSEZ.","publisher":{"@id":"https:\/\/www.fox-spirit.com\/#organization"},"potentialAction":[{"@type":"SearchAction","target":{"@type":"EntryPoint","urlTemplate":"https:\/\/www.fox-spirit.com\/?s={search_term_string}"},"query-input":{"@type":"PropertyValueSpecification","valueRequired":true,"valueName":"search_term_string"}}],"inLanguage":"fr-FR"},{"@type":"Organization","@id":"https:\/\/www.fox-spirit.com\/#organization","name":"Groupe LDLC","url":"https:\/\/www.fox-spirit.com\/","logo":{"@type":"ImageObject","inLanguage":"fr-FR","@id":"https:\/\/www.fox-spirit.com\/#\/schema\/logo\/image\/","url":"https:\/\/www.fox-spirit.com\/wp-content\/uploads\/2024\/12\/logo_FoxSpirit_red.png","contentUrl":"https:\/\/www.fox-spirit.com\/wp-content\/uploads\/2024\/12\/logo_FoxSpirit_red.png","width":1600,"height":1600,"caption":"Groupe LDLC"},"image":{"@id":"https:\/\/www.fox-spirit.com\/#\/schema\/logo\/image\/"}}]}},"_links":{"self":[{"href":"https:\/\/www.fox-spirit.com\/index.php?rest_route=\/wp\/v2\/product\/2696","targetHints":{"allow":["GET"]}}],"collection":[{"href":"https:\/\/www.fox-spirit.com\/index.php?rest_route=\/wp\/v2\/product"}],"about":[{"href":"https:\/\/www.fox-spirit.com\/index.php?rest_route=\/wp\/v2\/types\/product"}],"version-history":[{"count":3,"href":"https:\/\/www.fox-spirit.com\/index.php?rest_route=\/wp\/v2\/product\/2696\/revisions"}],"predecessor-version":[{"id":3672,"href":"https:\/\/www.fox-spirit.com\/index.php?rest_route=\/wp\/v2\/product\/2696\/revisions\/3672"}],"wp:featuredmedia":[{"embeddable":true,"href":"https:\/\/www.fox-spirit.com\/index.php?rest_route=\/wp\/v2\/media\/2699"}],"wp:attachment":[{"href":"https:\/\/www.fox-spirit.com\/index.php?rest_route=%2Fwp%2Fv2%2Fmedia&parent=2696"}],"wp:term":[{"taxonomy":"product_brand","embeddable":true,"href":"https:\/\/www.fox-spirit.com\/index.php?rest_route=%2Fwp%2Fv2%2Fproduct_brand&post=2696"},{"taxonomy":"product_cat","embeddable":true,"href":"https:\/\/www.fox-spirit.com\/index.php?rest_route=%2Fwp%2Fv2%2Fproduct_cat&post=2696"},{"taxonomy":"product_tag","embeddable":true,"href":"https:\/\/www.fox-spirit.com\/index.php?rest_route=%2Fwp%2Fv2%2Fproduct_tag&post=2696"}],"curies":[{"name":"wp","href":"https:\/\/api.w.org\/{rel}","templated":true}]}}