{"id":2710,"date":"2025-02-04T14:52:24","date_gmt":"2025-02-04T13:52:24","guid":{"rendered":"https:\/\/www.fox-spirit.com\/?post_type=product&#038;p=2710"},"modified":"2025-02-14T14:01:55","modified_gmt":"2025-02-14T13:01:55","slug":"fq320-v2","status":"publish","type":"product","link":"https:\/\/www.fox-spirit.com\/?product=fq320-v2","title":{"rendered":"FQ320 V2"},"content":{"rendered":"\t\t<div data-elementor-type=\"container\" data-elementor-id=\"2720\" class=\"elementor elementor-2720\" data-elementor-post-type=\"elementor_library\">\n\t\t\t\t<div class=\"elementor-element elementor-element-f075c9b e-con-full e-flex e-con e-parent\" data-id=\"f075c9b\" data-element_type=\"container\" data-e-type=\"container\">\n\t\t<div class=\"elementor-element elementor-element-14e4077 e-con-full e-flex e-con e-child\" data-id=\"14e4077\" data-element_type=\"container\" data-e-type=\"container\">\n\t\t\t\t<div class=\"elementor-element elementor-element-9c769af elementor-widget elementor-widget-heading\" data-id=\"9c769af\" data-element_type=\"widget\" data-e-type=\"widget\" data-widget_type=\"heading.default\">\n\t\t\t\t<div class=\"elementor-widget-container\">\n\t\t\t\t\t<h2 class=\"elementor-heading-title elementor-size-default\">Un grand \u00e9cran taill\u00e9 pour le jeu !<\/h2>\t\t\t\t<\/div>\n\t\t\t\t<\/div>\n\t\t\t\t<div class=\"elementor-element elementor-element-9626083 elementor-widget elementor-widget-text-editor\" data-id=\"9626083\" data-element_type=\"widget\" data-e-type=\"widget\" data-widget_type=\"text-editor.default\">\n\t\t\t\t<div class=\"elementor-widget-container\">\n\t\t\t\t\t\t\t\t\t<p>Profitez d&rsquo;un excellent confort de jeu avec le\u00a0<strong>moniteur Fox Spirit FQ320 V2<\/strong>\u00a0! Avec son grand \u00e9cran de 32 pouces avec r\u00e9solution WQHD et fr\u00e9quence maximale de 165 Hz, profitez d&rsquo;une image fluide et riche en d\u00e9tails. De plus, avec son cadre ultra-mince et son r\u00e9tro\u00e9clairage arri\u00e8re, il affiche un design r\u00e9solument Gamer.<\/p>\t\t\t\t\t\t\t\t<\/div>\n\t\t\t\t<\/div>\n\t\t\t\t<\/div>\n\t\t<div class=\"elementor-element elementor-element-0c11eb0 e-con-full e-flex e-con e-child\" data-id=\"0c11eb0\" data-element_type=\"container\" data-e-type=\"container\">\n\t\t<div class=\"elementor-element elementor-element-bcf431d e-con-full e-flex e-con e-child\" data-id=\"bcf431d\" data-element_type=\"container\" data-e-type=\"container\">\n\t\t\t\t<div class=\"elementor-element elementor-element-85e8cfb elementor-widget elementor-widget-image\" data-id=\"85e8cfb\" data-element_type=\"widget\" data-e-type=\"widget\" data-widget_type=\"image.default\">\n\t\t\t\t<div class=\"elementor-widget-container\">\n\t\t\t\t\t\t\t\t\t\t\t\t\t\t\t<img fetchpriority=\"high\" decoding=\"async\" width=\"800\" height=\"800\" src=\"https:\/\/www.fox-spirit.com\/wp-content\/uploads\/2025\/02\/FQ320V2_03.webp\" class=\"attachment-large size-large wp-image-2715\" alt=\"\u00c9cran PC gaming, vue inclin\u00e9e\" srcset=\"https:\/\/www.fox-spirit.com\/wp-content\/uploads\/2025\/02\/FQ320V2_03.webp 1000w, https:\/\/www.fox-spirit.com\/wp-content\/uploads\/2025\/02\/FQ320V2_03-300x300.webp 300w, https:\/\/www.fox-spirit.com\/wp-content\/uploads\/2025\/02\/FQ320V2_03-150x150.webp 150w, https:\/\/www.fox-spirit.com\/wp-content\/uploads\/2025\/02\/FQ320V2_03-768x768.webp 768w, https:\/\/www.fox-spirit.com\/wp-content\/uploads\/2025\/02\/FQ320V2_03-600x600.webp 600w, https:\/\/www.fox-spirit.com\/wp-content\/uploads\/2025\/02\/FQ320V2_03-100x100.webp 100w\" sizes=\"(max-width: 800px) 100vw, 800px\" \/>\t\t\t\t\t\t\t\t\t\t\t\t\t\t\t<\/div>\n\t\t\t\t<\/div>\n\t\t\t\t<\/div>\n\t\t<div class=\"elementor-element elementor-element-ddd2c69 e-con-full e-flex e-con e-child\" data-id=\"ddd2c69\" data-element_type=\"container\" data-e-type=\"container\">\n\t\t\t\t<div class=\"elementor-element elementor-element-d3f5cf6 elementor-widget elementor-widget-heading\" data-id=\"d3f5cf6\" data-element_type=\"widget\" data-e-type=\"widget\" data-widget_type=\"heading.default\">\n\t\t\t\t<div class=\"elementor-widget-container\">\n\t\t\t\t\t<h2 class=\"elementor-heading-title elementor-size-default\">Haute qualit\u00e9 d'affichage<\/h2>\t\t\t\t<\/div>\n\t\t\t\t<\/div>\n\t\t\t\t<div class=\"elementor-element elementor-element-89251d0 elementor-widget elementor-widget-text-editor\" data-id=\"89251d0\" data-element_type=\"widget\" data-e-type=\"widget\" data-widget_type=\"text-editor.default\">\n\t\t\t\t<div class=\"elementor-widget-container\">\n\t\t\t\t\t\t\t\t\t<p>Arm\u00e9 d&rsquo;une dalle Fast IPS, le moniteur FQ320 V2 offre \u00e0 la fois des couleurs fid\u00e8les, une vitesse sup\u00e9rieure (<strong>1 ms MRPT \/ 4 ms gris \u00e0 gris<\/strong>) et des angles de vision larges de 178\u00b0. Ne ratez aucun d\u00e9tail des animations en jeu gr\u00e2ce \u00e0 une fr\u00e9quence d&rsquo;affichage \u00e0 <strong>165 Hz<\/strong> (via DisplayPort) ou <strong>144 Hz<\/strong> (via HDMI). Par ailleurs, comme il est <strong>compatible HDR<\/strong>, l&rsquo;\u00e9cran FQ320 V2 sera capable d&rsquo;afficher une image resplendissante !<\/p>\t\t\t\t\t\t\t\t<\/div>\n\t\t\t\t<\/div>\n\t\t\t\t<\/div>\n\t\t\t\t<\/div>\n\t\t<div class=\"elementor-element elementor-element-9cba2d9 e-con-full e-flex e-con e-child\" data-id=\"9cba2d9\" data-element_type=\"container\" data-e-type=\"container\">\n\t\t<div class=\"elementor-element elementor-element-48979e7 e-con-full e-flex e-con e-child\" data-id=\"48979e7\" data-element_type=\"container\" data-e-type=\"container\">\n\t\t\t\t<div class=\"elementor-element elementor-element-d9753ae elementor-widget elementor-widget-heading\" data-id=\"d9753ae\" data-element_type=\"widget\" data-e-type=\"widget\" data-widget_type=\"heading.default\">\n\t\t\t\t<div class=\"elementor-widget-container\">\n\t\t\t\t\t<h2 class=\"elementor-heading-title elementor-size-default\">Boostez votre exp\u00e9rience de jeu !<\/h2>\t\t\t\t<\/div>\n\t\t\t\t<\/div>\n\t\t\t\t<div class=\"elementor-element elementor-element-5548618 elementor-widget elementor-widget-text-editor\" data-id=\"5548618\" data-element_type=\"widget\" data-e-type=\"widget\" data-widget_type=\"text-editor.default\">\n\t\t\t\t<div class=\"elementor-widget-container\">\n\t\t\t\t\t\t\t\t\t<p>En plus de\u00a0son\u00a0<strong>\u00e9clairage arri\u00e8re rouge<\/strong>\u00a0des plus \u00e9l\u00e9gants, l&rsquo;\u00e9cran Fox Spirit FQ320 V2 se pare d&rsquo;une\u00a0<strong>connectique performante<\/strong>\u00a0avec 2 ports HDMI 2.0, un connecteur DisplayPort 1.2. L&rsquo;\u00e9cran b\u00e9n\u00e9ficie d&rsquo;un\u00a0<strong>mode \u00ab\u00a0GamePlus\u00a0\u00bb<\/strong>\u00a0qui vous permet d&rsquo;activer le viseur que vous d\u00e9sirez, afin d&rsquo;optimiser votre vis\u00e9e en jeu. Gr\u00e2ce \u00e0 ses fonctions anti lumi\u00e8re bleue et anti-scintillement, ce moniteur optimise votre confort oculaire : l&rsquo;id\u00e9al pour les sessions de jeu longue dur\u00e9e !<\/p>\t\t\t\t\t\t\t\t<\/div>\n\t\t\t\t<\/div>\n\t\t\t\t<\/div>\n\t\t<div class=\"elementor-element elementor-element-91d7697 e-con-full e-flex e-con e-child\" data-id=\"91d7697\" data-element_type=\"container\" data-e-type=\"container\">\n\t\t\t\t<div class=\"elementor-element elementor-element-e298a1d elementor-widget elementor-widget-image\" data-id=\"e298a1d\" data-element_type=\"widget\" data-e-type=\"widget\" data-widget_type=\"image.default\">\n\t\t\t\t<div class=\"elementor-widget-container\">\n\t\t\t\t\t\t\t\t\t\t\t\t\t\t\t<img decoding=\"async\" width=\"800\" height=\"800\" src=\"https:\/\/www.fox-spirit.com\/wp-content\/uploads\/2025\/02\/FQ320V2_04.webp\" class=\"attachment-large size-large wp-image-2716\" alt=\"\u00c9cran PC gaming, vue de dos\" srcset=\"https:\/\/www.fox-spirit.com\/wp-content\/uploads\/2025\/02\/FQ320V2_04.webp 1000w, https:\/\/www.fox-spirit.com\/wp-content\/uploads\/2025\/02\/FQ320V2_04-300x300.webp 300w, https:\/\/www.fox-spirit.com\/wp-content\/uploads\/2025\/02\/FQ320V2_04-150x150.webp 150w, https:\/\/www.fox-spirit.com\/wp-content\/uploads\/2025\/02\/FQ320V2_04-768x768.webp 768w, https:\/\/www.fox-spirit.com\/wp-content\/uploads\/2025\/02\/FQ320V2_04-600x600.webp 600w, https:\/\/www.fox-spirit.com\/wp-content\/uploads\/2025\/02\/FQ320V2_04-100x100.webp 100w\" sizes=\"(max-width: 800px) 100vw, 800px\" \/>\t\t\t\t\t\t\t\t\t\t\t\t\t\t\t<\/div>\n\t\t\t\t<\/div>\n\t\t\t\t<\/div>\n\t\t\t\t<\/div>\n\t\t<div class=\"elementor-element elementor-element-c7e884d e-con-full e-flex e-con e-child\" data-id=\"c7e884d\" data-element_type=\"container\" data-e-type=\"container\">\n\t\t<div class=\"elementor-element elementor-element-e940b05 e-con-full e-flex e-con e-child\" data-id=\"e940b05\" data-element_type=\"container\" data-e-type=\"container\">\n\t\t\t\t<div class=\"elementor-element elementor-element-3824a42 elementor-widget elementor-widget-image\" data-id=\"3824a42\" data-element_type=\"widget\" data-e-type=\"widget\" data-widget_type=\"image.default\">\n\t\t\t\t<div class=\"elementor-widget-container\">\n\t\t\t\t\t\t\t\t\t\t\t\t\t\t\t<img decoding=\"async\" width=\"800\" height=\"800\" src=\"https:\/\/www.fox-spirit.com\/wp-content\/uploads\/2025\/02\/FQ320V2_02.webp\" class=\"attachment-large size-large wp-image-2714\" alt=\"\u00c9cran PC gaming, vue de face\" srcset=\"https:\/\/www.fox-spirit.com\/wp-content\/uploads\/2025\/02\/FQ320V2_02.webp 1000w, https:\/\/www.fox-spirit.com\/wp-content\/uploads\/2025\/02\/FQ320V2_02-300x300.webp 300w, https:\/\/www.fox-spirit.com\/wp-content\/uploads\/2025\/02\/FQ320V2_02-150x150.webp 150w, https:\/\/www.fox-spirit.com\/wp-content\/uploads\/2025\/02\/FQ320V2_02-768x768.webp 768w, https:\/\/www.fox-spirit.com\/wp-content\/uploads\/2025\/02\/FQ320V2_02-600x600.webp 600w, https:\/\/www.fox-spirit.com\/wp-content\/uploads\/2025\/02\/FQ320V2_02-100x100.webp 100w\" sizes=\"(max-width: 800px) 100vw, 800px\" \/>\t\t\t\t\t\t\t\t\t\t\t\t\t\t\t<\/div>\n\t\t\t\t<\/div>\n\t\t\t\t<\/div>\n\t\t<div class=\"elementor-element elementor-element-4fc3ad3 e-con-full e-flex e-con e-child\" data-id=\"4fc3ad3\" data-element_type=\"container\" data-e-type=\"container\">\n\t\t\t\t<div class=\"elementor-element elementor-element-c2c32d6 elementor-widget elementor-widget-heading\" data-id=\"c2c32d6\" data-element_type=\"widget\" data-e-type=\"widget\" data-widget_type=\"heading.default\">\n\t\t\t\t<div class=\"elementor-widget-container\">\n\t\t\t\t\t<h2 class=\"elementor-heading-title elementor-size-default\">Caract\u00e9ristiques principales :<\/h2>\t\t\t\t<\/div>\n\t\t\t\t<\/div>\n\t\t\t\t<div class=\"elementor-element elementor-element-e0f0d4d elementor-widget elementor-widget-text-editor\" data-id=\"e0f0d4d\" data-element_type=\"widget\" data-e-type=\"widget\" data-widget_type=\"text-editor.default\">\n\t\t\t\t<div class=\"elementor-widget-container\">\n\t\t\t\t\t\t\t\t\t<ul><li>\u00c9cran gaming mat de 32 pouces avec\u00a0<strong>r\u00e9solution WQHD\u00a0(2560 x 1440)<\/strong><\/li><li>Dalle Fast IPS avec temps de r\u00e9ponse 1 ms (MPRT) et angles de vision larges (178\u00b0)<\/li><li>HDR Ready<\/li><li><strong>Taux de rafra\u00eechissement maximal de 165 Hz<\/strong><\/li><li><strong>Technologie Adaptive-Sync<\/strong>\u00a0(fr\u00e9quence de 144 Hz en DisplayPort et 120 Hz en HDMI)<\/li><li>Connecteurs : 2x HDMI 2.0 + 2x\u00a0DisplayPort 1.2<\/li><li>Sortie casque jack 3.5 mm<\/li><li>\u00c9clairage rouge \u00e0 l&rsquo;arri\u00e8re activable\/d\u00e9sactivable<\/li><li>Meilleur confort oculaire avec la fonction\u00a0Low Blue\u00a0et Flicker-Free<\/li><li>Modes Standard, Photo, Film, Jeux, FPS, RTS<\/li><li>OSD 8 langages<\/li><li>Compatible fixation VESA 100 x 100<\/li><\/ul>\t\t\t\t\t\t\t\t<\/div>\n\t\t\t\t<\/div>\n\t\t\t\t<\/div>\n\t\t\t\t<\/div>\n\t\t\t\t<\/div>\n\t\t\t\t<\/div>\n\t\t\n","protected":false},"excerpt":{"rendered":"<p>Profitez d&rsquo;un excellent confort de jeu avec le moniteur Fox Spirit FQ320 V2 ! Avec son grand \u00e9cran de 32 pouces avec r\u00e9solution WQHD et fr\u00e9quence maximale de 165 Hz, profitez d&rsquo;une image fluide et riche en d\u00e9tails.<\/p>\n","protected":false},"featured_media":2713,"template":"","meta":{"_acf_changed":false},"product_brand":[],"product_cat":[25],"product_tag":[],"class_list":{"0":"post-2710","1":"product","2":"type-product","3":"status-publish","4":"has-post-thumbnail","6":"product_cat-ecran-pc","8":"first","9":"instock","10":"shipping-taxable","11":"product-type-simple"},"acf":[],"yoast_head":"<!-- This site is optimized with the Yoast SEO plugin v27.4 - https:\/\/yoast.com\/product\/yoast-seo-wordpress\/ -->\n<title>Fox Spirit - FQ320 V2<\/title>\n<meta name=\"description\" content=\"D\u00e9couvrez l\u2019\u00e9cran PC gaming FOX SPIRIT FQ320 V2 de 32 pouces, un moniteur WQHD de 165 Hz pour profiter d&#039;une image fluide et riche en d\u00e9tails.\" \/>\n<meta name=\"robots\" content=\"index, follow, max-snippet:-1, max-image-preview:large, max-video-preview:-1\" \/>\n<link rel=\"canonical\" href=\"https:\/\/www.fox-spirit.com\/?product=fq320-v2\" \/>\n<meta property=\"og:locale\" content=\"fr_FR\" \/>\n<meta property=\"og:type\" content=\"article\" \/>\n<meta property=\"og:title\" content=\"Fox Spirit - FQ320 V2\" \/>\n<meta property=\"og:description\" content=\"D\u00e9couvrez l\u2019\u00e9cran PC gaming FOX SPIRIT FQ320 V2 de 32 pouces, un moniteur WQHD de 165 Hz pour profiter d&#039;une image fluide et riche en d\u00e9tails.\" \/>\n<meta property=\"og:url\" content=\"https:\/\/www.fox-spirit.com\/?product=fq320-v2\" \/>\n<meta property=\"og:site_name\" content=\"Fox Spirit\" \/>\n<meta property=\"article:modified_time\" content=\"2025-02-14T13:01:55+00:00\" \/>\n<meta property=\"og:image\" content=\"https:\/\/www.fox-spirit.com\/wp-content\/uploads\/2025\/02\/FQ320V2_01.webp\" \/>\n\t<meta property=\"og:image:width\" content=\"1000\" \/>\n\t<meta property=\"og:image:height\" content=\"1000\" \/>\n\t<meta property=\"og:image:type\" content=\"image\/webp\" \/>\n<meta name=\"twitter:card\" content=\"summary_large_image\" \/>\n<meta name=\"twitter:label1\" content=\"Dur\u00e9e de lecture estim\u00e9e\" \/>\n\t<meta name=\"twitter:data1\" content=\"1 minute\" \/>\n<script type=\"application\/ld+json\" class=\"yoast-schema-graph\">{\"@context\":\"https:\\\/\\\/schema.org\",\"@graph\":[{\"@type\":\"WebPage\",\"@id\":\"https:\\\/\\\/www.fox-spirit.com\\\/?product=fq320-v2\",\"url\":\"https:\\\/\\\/www.fox-spirit.com\\\/?product=fq320-v2\",\"name\":\"Fox Spirit - FQ320 V2\",\"isPartOf\":{\"@id\":\"https:\\\/\\\/www.fox-spirit.com\\\/#website\"},\"primaryImageOfPage\":{\"@id\":\"https:\\\/\\\/www.fox-spirit.com\\\/?product=fq320-v2#primaryimage\"},\"image\":{\"@id\":\"https:\\\/\\\/www.fox-spirit.com\\\/?product=fq320-v2#primaryimage\"},\"thumbnailUrl\":\"https:\\\/\\\/www.fox-spirit.com\\\/wp-content\\\/uploads\\\/2025\\\/02\\\/FQ320V2_01.webp\",\"datePublished\":\"2025-02-04T13:52:24+00:00\",\"dateModified\":\"2025-02-14T13:01:55+00:00\",\"description\":\"D\u00e9couvrez l\u2019\u00e9cran PC gaming FOX SPIRIT FQ320 V2 de 32 pouces, un moniteur WQHD de 165 Hz pour profiter d'une image fluide et riche en d\u00e9tails.\",\"breadcrumb\":{\"@id\":\"https:\\\/\\\/www.fox-spirit.com\\\/?product=fq320-v2#breadcrumb\"},\"inLanguage\":\"fr-FR\",\"potentialAction\":[{\"@type\":\"ReadAction\",\"target\":[\"https:\\\/\\\/www.fox-spirit.com\\\/?product=fq320-v2\"]}]},{\"@type\":\"ImageObject\",\"inLanguage\":\"fr-FR\",\"@id\":\"https:\\\/\\\/www.fox-spirit.com\\\/?product=fq320-v2#primaryimage\",\"url\":\"https:\\\/\\\/www.fox-spirit.com\\\/wp-content\\\/uploads\\\/2025\\\/02\\\/FQ320V2_01.webp\",\"contentUrl\":\"https:\\\/\\\/www.fox-spirit.com\\\/wp-content\\\/uploads\\\/2025\\\/02\\\/FQ320V2_01.webp\",\"width\":1000,\"height\":1000,\"caption\":\"\u00c9cran PC gaming FQ320V2 FOX SPIRIT\"},{\"@type\":\"BreadcrumbList\",\"@id\":\"https:\\\/\\\/www.fox-spirit.com\\\/?product=fq320-v2#breadcrumb\",\"itemListElement\":[{\"@type\":\"ListItem\",\"position\":1,\"name\":\"Home\",\"item\":\"https:\\\/\\\/www.fox-spirit.com\\\/\"},{\"@type\":\"ListItem\",\"position\":2,\"name\":\"Univers\",\"item\":\"https:\\\/\\\/www.fox-spirit.com\\\/?page_id=1224\"},{\"@type\":\"ListItem\",\"position\":3,\"name\":\"P\u00e9riph\u00e9riques PC\",\"item\":\"https:\\\/\\\/www.fox-spirit.com\\\/?product_cat=peripheriques-pc\"},{\"@type\":\"ListItem\",\"position\":4,\"name\":\"Ecran PC\",\"item\":\"https:\\\/\\\/www.fox-spirit.com\\\/?product_cat=ecran-pc\"},{\"@type\":\"ListItem\",\"position\":5,\"name\":\"FQ320 V2\"}]},{\"@type\":\"WebSite\",\"@id\":\"https:\\\/\\\/www.fox-spirit.com\\\/#website\",\"url\":\"https:\\\/\\\/www.fox-spirit.com\\\/\",\"name\":\"Fox Spirit\",\"description\":\"JOUEZ. RUSEZ.\",\"publisher\":{\"@id\":\"https:\\\/\\\/www.fox-spirit.com\\\/#organization\"},\"potentialAction\":[{\"@type\":\"SearchAction\",\"target\":{\"@type\":\"EntryPoint\",\"urlTemplate\":\"https:\\\/\\\/www.fox-spirit.com\\\/?s={search_term_string}\"},\"query-input\":{\"@type\":\"PropertyValueSpecification\",\"valueRequired\":true,\"valueName\":\"search_term_string\"}}],\"inLanguage\":\"fr-FR\"},{\"@type\":\"Organization\",\"@id\":\"https:\\\/\\\/www.fox-spirit.com\\\/#organization\",\"name\":\"Groupe LDLC\",\"url\":\"https:\\\/\\\/www.fox-spirit.com\\\/\",\"logo\":{\"@type\":\"ImageObject\",\"inLanguage\":\"fr-FR\",\"@id\":\"https:\\\/\\\/www.fox-spirit.com\\\/#\\\/schema\\\/logo\\\/image\\\/\",\"url\":\"https:\\\/\\\/www.fox-spirit.com\\\/wp-content\\\/uploads\\\/2024\\\/12\\\/logo_FoxSpirit_red.png\",\"contentUrl\":\"https:\\\/\\\/www.fox-spirit.com\\\/wp-content\\\/uploads\\\/2024\\\/12\\\/logo_FoxSpirit_red.png\",\"width\":1600,\"height\":1600,\"caption\":\"Groupe LDLC\"},\"image\":{\"@id\":\"https:\\\/\\\/www.fox-spirit.com\\\/#\\\/schema\\\/logo\\\/image\\\/\"}}]}<\/script>\n<!-- \/ Yoast SEO plugin. -->","yoast_head_json":{"title":"Fox Spirit - FQ320 V2","description":"D\u00e9couvrez l\u2019\u00e9cran PC gaming FOX SPIRIT FQ320 V2 de 32 pouces, un moniteur WQHD de 165 Hz pour profiter d'une image fluide et riche en d\u00e9tails.","robots":{"index":"index","follow":"follow","max-snippet":"max-snippet:-1","max-image-preview":"max-image-preview:large","max-video-preview":"max-video-preview:-1"},"canonical":"https:\/\/www.fox-spirit.com\/?product=fq320-v2","og_locale":"fr_FR","og_type":"article","og_title":"Fox Spirit - FQ320 V2","og_description":"D\u00e9couvrez l\u2019\u00e9cran PC gaming FOX SPIRIT FQ320 V2 de 32 pouces, un moniteur WQHD de 165 Hz pour profiter d'une image fluide et riche en d\u00e9tails.","og_url":"https:\/\/www.fox-spirit.com\/?product=fq320-v2","og_site_name":"Fox Spirit","article_modified_time":"2025-02-14T13:01:55+00:00","og_image":[{"width":1000,"height":1000,"url":"https:\/\/www.fox-spirit.com\/wp-content\/uploads\/2025\/02\/FQ320V2_01.webp","type":"image\/webp"}],"twitter_card":"summary_large_image","twitter_misc":{"Dur\u00e9e de lecture estim\u00e9e":"1 minute"},"schema":{"@context":"https:\/\/schema.org","@graph":[{"@type":"WebPage","@id":"https:\/\/www.fox-spirit.com\/?product=fq320-v2","url":"https:\/\/www.fox-spirit.com\/?product=fq320-v2","name":"Fox Spirit - FQ320 V2","isPartOf":{"@id":"https:\/\/www.fox-spirit.com\/#website"},"primaryImageOfPage":{"@id":"https:\/\/www.fox-spirit.com\/?product=fq320-v2#primaryimage"},"image":{"@id":"https:\/\/www.fox-spirit.com\/?product=fq320-v2#primaryimage"},"thumbnailUrl":"https:\/\/www.fox-spirit.com\/wp-content\/uploads\/2025\/02\/FQ320V2_01.webp","datePublished":"2025-02-04T13:52:24+00:00","dateModified":"2025-02-14T13:01:55+00:00","description":"D\u00e9couvrez l\u2019\u00e9cran PC gaming FOX SPIRIT FQ320 V2 de 32 pouces, un moniteur WQHD de 165 Hz pour profiter d'une image fluide et riche en d\u00e9tails.","breadcrumb":{"@id":"https:\/\/www.fox-spirit.com\/?product=fq320-v2#breadcrumb"},"inLanguage":"fr-FR","potentialAction":[{"@type":"ReadAction","target":["https:\/\/www.fox-spirit.com\/?product=fq320-v2"]}]},{"@type":"ImageObject","inLanguage":"fr-FR","@id":"https:\/\/www.fox-spirit.com\/?product=fq320-v2#primaryimage","url":"https:\/\/www.fox-spirit.com\/wp-content\/uploads\/2025\/02\/FQ320V2_01.webp","contentUrl":"https:\/\/www.fox-spirit.com\/wp-content\/uploads\/2025\/02\/FQ320V2_01.webp","width":1000,"height":1000,"caption":"\u00c9cran PC gaming FQ320V2 FOX SPIRIT"},{"@type":"BreadcrumbList","@id":"https:\/\/www.fox-spirit.com\/?product=fq320-v2#breadcrumb","itemListElement":[{"@type":"ListItem","position":1,"name":"Home","item":"https:\/\/www.fox-spirit.com\/"},{"@type":"ListItem","position":2,"name":"Univers","item":"https:\/\/www.fox-spirit.com\/?page_id=1224"},{"@type":"ListItem","position":3,"name":"P\u00e9riph\u00e9riques PC","item":"https:\/\/www.fox-spirit.com\/?product_cat=peripheriques-pc"},{"@type":"ListItem","position":4,"name":"Ecran PC","item":"https:\/\/www.fox-spirit.com\/?product_cat=ecran-pc"},{"@type":"ListItem","position":5,"name":"FQ320 V2"}]},{"@type":"WebSite","@id":"https:\/\/www.fox-spirit.com\/#website","url":"https:\/\/www.fox-spirit.com\/","name":"Fox Spirit","description":"JOUEZ. RUSEZ.","publisher":{"@id":"https:\/\/www.fox-spirit.com\/#organization"},"potentialAction":[{"@type":"SearchAction","target":{"@type":"EntryPoint","urlTemplate":"https:\/\/www.fox-spirit.com\/?s={search_term_string}"},"query-input":{"@type":"PropertyValueSpecification","valueRequired":true,"valueName":"search_term_string"}}],"inLanguage":"fr-FR"},{"@type":"Organization","@id":"https:\/\/www.fox-spirit.com\/#organization","name":"Groupe LDLC","url":"https:\/\/www.fox-spirit.com\/","logo":{"@type":"ImageObject","inLanguage":"fr-FR","@id":"https:\/\/www.fox-spirit.com\/#\/schema\/logo\/image\/","url":"https:\/\/www.fox-spirit.com\/wp-content\/uploads\/2024\/12\/logo_FoxSpirit_red.png","contentUrl":"https:\/\/www.fox-spirit.com\/wp-content\/uploads\/2024\/12\/logo_FoxSpirit_red.png","width":1600,"height":1600,"caption":"Groupe LDLC"},"image":{"@id":"https:\/\/www.fox-spirit.com\/#\/schema\/logo\/image\/"}}]}},"_links":{"self":[{"href":"https:\/\/www.fox-spirit.com\/index.php?rest_route=\/wp\/v2\/product\/2710","targetHints":{"allow":["GET"]}}],"collection":[{"href":"https:\/\/www.fox-spirit.com\/index.php?rest_route=\/wp\/v2\/product"}],"about":[{"href":"https:\/\/www.fox-spirit.com\/index.php?rest_route=\/wp\/v2\/types\/product"}],"version-history":[{"count":3,"href":"https:\/\/www.fox-spirit.com\/index.php?rest_route=\/wp\/v2\/product\/2710\/revisions"}],"predecessor-version":[{"id":3671,"href":"https:\/\/www.fox-spirit.com\/index.php?rest_route=\/wp\/v2\/product\/2710\/revisions\/3671"}],"wp:featuredmedia":[{"embeddable":true,"href":"https:\/\/www.fox-spirit.com\/index.php?rest_route=\/wp\/v2\/media\/2713"}],"wp:attachment":[{"href":"https:\/\/www.fox-spirit.com\/index.php?rest_route=%2Fwp%2Fv2%2Fmedia&parent=2710"}],"wp:term":[{"taxonomy":"product_brand","embeddable":true,"href":"https:\/\/www.fox-spirit.com\/index.php?rest_route=%2Fwp%2Fv2%2Fproduct_brand&post=2710"},{"taxonomy":"product_cat","embeddable":true,"href":"https:\/\/www.fox-spirit.com\/index.php?rest_route=%2Fwp%2Fv2%2Fproduct_cat&post=2710"},{"taxonomy":"product_tag","embeddable":true,"href":"https:\/\/www.fox-spirit.com\/index.php?rest_route=%2Fwp%2Fv2%2Fproduct_tag&post=2710"}],"curies":[{"name":"wp","href":"https:\/\/api.w.org\/{rel}","templated":true}]}}