{"id":2740,"date":"2025-02-04T15:49:34","date_gmt":"2025-02-04T14:49:34","guid":{"rendered":"https:\/\/www.fox-spirit.com\/?post_type=product&#038;p=2740"},"modified":"2025-02-14T13:57:54","modified_gmt":"2025-02-14T12:57:54","slug":"pgn341","status":"publish","type":"product","link":"https:\/\/www.fox-spirit.com\/?product=pgn341","title":{"rendered":"PGN341"},"content":{"rendered":"\t\t<div data-elementor-type=\"container\" data-elementor-id=\"2750\" class=\"elementor elementor-2750\" data-elementor-post-type=\"elementor_library\">\n\t\t\t\t<div class=\"elementor-element elementor-element-f075c9b e-con-full e-flex e-con e-parent\" data-id=\"f075c9b\" data-element_type=\"container\" data-e-type=\"container\">\n\t\t<div class=\"elementor-element elementor-element-14e4077 e-con-full e-flex e-con e-child\" data-id=\"14e4077\" data-element_type=\"container\" data-e-type=\"container\">\n\t\t\t\t<div class=\"elementor-element elementor-element-9c769af elementor-widget elementor-widget-heading\" data-id=\"9c769af\" data-element_type=\"widget\" data-e-type=\"widget\" data-widget_type=\"heading.default\">\n\t\t\t\t<div class=\"elementor-widget-container\">\n\t\t\t\t\t<h2 class=\"elementor-heading-title elementor-size-default\">Boostez votre confort de jeu avec un grand \u00e9cran incurv\u00e9<\/h2>\t\t\t\t<\/div>\n\t\t\t\t<\/div>\n\t\t\t\t<div class=\"elementor-element elementor-element-9626083 elementor-widget elementor-widget-text-editor\" data-id=\"9626083\" data-element_type=\"widget\" data-e-type=\"widget\" data-widget_type=\"text-editor.default\">\n\t\t\t\t<div class=\"elementor-widget-container\">\n\t\t\t\t\t\t\t\t\t<p>Changez votre fa\u00e7on de jouer avec le superbe \u00e9cran Gaming <strong>Fox Spirit 34&Prime; LED &#8211; PGN341<\/strong> ! Son \u00e9cran incurv\u00e9 de <strong>34 pouces<\/strong> au format <strong>21\/9<\/strong> est taill\u00e9 pour le divertissement. Avec sa dalle VA haute r\u00e9solution, sa fr\u00e9quence de <strong>180 Hz<\/strong>, sa certification HDR 400 et sa <strong>compatibilit\u00e9 Adaptive-Sync<\/strong>, ce moniteur Fox Spirit vous promet un affichage riche en d\u00e9tails, en couleur et en vitesse ! Son pied r\u00e9glable en hauteur apporte une touche de confort suppl\u00e9mentaire.<\/p>\t\t\t\t\t\t\t\t<\/div>\n\t\t\t\t<\/div>\n\t\t\t\t<\/div>\n\t\t<div class=\"elementor-element elementor-element-0c11eb0 e-con-full e-flex e-con e-child\" data-id=\"0c11eb0\" data-element_type=\"container\" data-e-type=\"container\">\n\t\t<div class=\"elementor-element elementor-element-bcf431d e-con-full e-flex e-con e-child\" data-id=\"bcf431d\" data-element_type=\"container\" data-e-type=\"container\">\n\t\t\t\t<div class=\"elementor-element elementor-element-85e8cfb elementor-widget elementor-widget-image\" data-id=\"85e8cfb\" data-element_type=\"widget\" data-e-type=\"widget\" data-widget_type=\"image.default\">\n\t\t\t\t<div class=\"elementor-widget-container\">\n\t\t\t\t\t\t\t\t\t\t\t\t\t\t\t<img fetchpriority=\"high\" decoding=\"async\" width=\"800\" height=\"800\" src=\"https:\/\/www.fox-spirit.com\/wp-content\/uploads\/2025\/02\/PGN341_03.webp\" class=\"attachment-large size-large wp-image-2745\" alt=\"\u00c9cran gaming incurv\u00e9 noir, vue inclin\u00e9e\" srcset=\"https:\/\/www.fox-spirit.com\/wp-content\/uploads\/2025\/02\/PGN341_03.webp 1000w, https:\/\/www.fox-spirit.com\/wp-content\/uploads\/2025\/02\/PGN341_03-300x300.webp 300w, https:\/\/www.fox-spirit.com\/wp-content\/uploads\/2025\/02\/PGN341_03-150x150.webp 150w, https:\/\/www.fox-spirit.com\/wp-content\/uploads\/2025\/02\/PGN341_03-768x768.webp 768w, https:\/\/www.fox-spirit.com\/wp-content\/uploads\/2025\/02\/PGN341_03-600x600.webp 600w, https:\/\/www.fox-spirit.com\/wp-content\/uploads\/2025\/02\/PGN341_03-100x100.webp 100w\" sizes=\"(max-width: 800px) 100vw, 800px\" \/>\t\t\t\t\t\t\t\t\t\t\t\t\t\t\t<\/div>\n\t\t\t\t<\/div>\n\t\t\t\t<\/div>\n\t\t<div class=\"elementor-element elementor-element-ddd2c69 e-con-full e-flex e-con e-child\" data-id=\"ddd2c69\" data-element_type=\"container\" data-e-type=\"container\">\n\t\t\t\t<div class=\"elementor-element elementor-element-d3f5cf6 elementor-widget elementor-widget-heading\" data-id=\"d3f5cf6\" data-element_type=\"widget\" data-e-type=\"widget\" data-widget_type=\"heading.default\">\n\t\t\t\t<div class=\"elementor-widget-container\">\n\t\t\t\t\t<h2 class=\"elementor-heading-title elementor-size-default\">Affichage de haute qualit\u00e9<\/h2>\t\t\t\t<\/div>\n\t\t\t\t<\/div>\n\t\t\t\t<div class=\"elementor-element elementor-element-89251d0 elementor-widget elementor-widget-text-editor\" data-id=\"89251d0\" data-element_type=\"widget\" data-e-type=\"widget\" data-widget_type=\"text-editor.default\">\n\t\t\t\t<div class=\"elementor-widget-container\">\n\t\t\t\t\t\t\t\t\t<p>Avec un affichage XXL de 34 pouces, le moniteur Fox Spirit PGN341 vous assure une immersion compl\u00e8te dans votre jeu. Une\u00a0<strong>r\u00e9solution UWQHD (3440 x 1440)<\/strong>\u00a0vous attend pour profiter de d\u00e9tails incroyables et d&rsquo;une exp\u00e9rience visuelle incomparable. Ce mod\u00e8le au format 21\/9 se pare d&rsquo;une\u00a0<strong>dalle VA\u00a0incurv\u00e9e<\/strong>\u00a0qui permet de voir l&rsquo;action dans son int\u00e9gralit\u00e9 tout en assurant des couleurs riches et un beau contraste de 4000:1.<br \/><br \/>Pour que vous puissiez profiter de jeux fluides et rapides, le moniteur PGN341 b\u00e9n\u00e9ficie d&rsquo;une fr\u00e9quence maximale de 180 Hz et d&rsquo;un temps de r\u00e9ponse de 1 ms (MPRT). Par ailleurs, pour un affichage sans d\u00e9chirure, il est compatible avec la technologie\u00a0<strong>Adaptive-Sync<\/strong>.<\/p>\t\t\t\t\t\t\t\t<\/div>\n\t\t\t\t<\/div>\n\t\t\t\t<\/div>\n\t\t\t\t<\/div>\n\t\t<div class=\"elementor-element elementor-element-9cba2d9 e-con-full e-flex e-con e-child\" data-id=\"9cba2d9\" data-element_type=\"container\" data-e-type=\"container\">\n\t\t<div class=\"elementor-element elementor-element-48979e7 e-con-full e-flex e-con e-child\" data-id=\"48979e7\" data-element_type=\"container\" data-e-type=\"container\">\n\t\t\t\t<div class=\"elementor-element elementor-element-d9753ae elementor-widget elementor-widget-heading\" data-id=\"d9753ae\" data-element_type=\"widget\" data-e-type=\"widget\" data-widget_type=\"heading.default\">\n\t\t\t\t<div class=\"elementor-widget-container\">\n\t\t\t\t\t<h2 class=\"elementor-heading-title elementor-size-default\">Votre univers de jeu id\u00e9al<\/h2>\t\t\t\t<\/div>\n\t\t\t\t<\/div>\n\t\t\t\t<div class=\"elementor-element elementor-element-5548618 elementor-widget elementor-widget-text-editor\" data-id=\"5548618\" data-element_type=\"widget\" data-e-type=\"widget\" data-widget_type=\"text-editor.default\">\n\t\t\t\t<div class=\"elementor-widget-container\">\n\t\t\t\t\t\t\t\t\t<p>Ce moniteur gaming Fox Spirit est \u00e9l\u00e9gant avec ses lignes \u00e9pur\u00e9es, ses bords fins et son \u00e9clairage rouge \u00e0 LED habilement plac\u00e9 \u00e0 l&rsquo;arri\u00e8re.\u00a0C\u00f4t\u00e9 connectique,\u00a0<strong>deux ports HDMI<\/strong>\u00a0et\u00a0<strong>deux connecteurs DisplayPort<\/strong>\u00a0viennent r\u00e9pondre \u00e0 l&rsquo;ensemble de vos besoins.<br \/><br \/>L&rsquo;\u00e9cran incurv\u00e9 PGN341\u00a0<strong>peut se r\u00e9gler facilement en hauteur (100 mm)<\/strong>\u00a0et en inclinaison et se veut confortable pour vos yeux avec les\u00a0<strong>technologies de confort oculaire Low Blue<\/strong>\u00a0(r\u00e9duction lumi\u00e8re bleue) et\u00a0<strong>Flicker-Free<\/strong>\u00a0(anti-scintillement).<\/p>\t\t\t\t\t\t\t\t<\/div>\n\t\t\t\t<\/div>\n\t\t\t\t<\/div>\n\t\t<div class=\"elementor-element elementor-element-91d7697 e-con-full e-flex e-con e-child\" data-id=\"91d7697\" data-element_type=\"container\" data-e-type=\"container\">\n\t\t\t\t<div class=\"elementor-element elementor-element-e298a1d elementor-widget elementor-widget-image\" data-id=\"e298a1d\" data-element_type=\"widget\" data-e-type=\"widget\" data-widget_type=\"image.default\">\n\t\t\t\t<div class=\"elementor-widget-container\">\n\t\t\t\t\t\t\t\t\t\t\t\t\t\t\t<img decoding=\"async\" width=\"800\" height=\"800\" src=\"https:\/\/www.fox-spirit.com\/wp-content\/uploads\/2025\/02\/PGN341_04.webp\" class=\"attachment-large size-large wp-image-2746\" alt=\"\u00c9cran gaming incurv\u00e9, vue de dos\" srcset=\"https:\/\/www.fox-spirit.com\/wp-content\/uploads\/2025\/02\/PGN341_04.webp 1000w, https:\/\/www.fox-spirit.com\/wp-content\/uploads\/2025\/02\/PGN341_04-300x300.webp 300w, https:\/\/www.fox-spirit.com\/wp-content\/uploads\/2025\/02\/PGN341_04-150x150.webp 150w, https:\/\/www.fox-spirit.com\/wp-content\/uploads\/2025\/02\/PGN341_04-768x768.webp 768w, https:\/\/www.fox-spirit.com\/wp-content\/uploads\/2025\/02\/PGN341_04-600x600.webp 600w, https:\/\/www.fox-spirit.com\/wp-content\/uploads\/2025\/02\/PGN341_04-100x100.webp 100w\" sizes=\"(max-width: 800px) 100vw, 800px\" \/>\t\t\t\t\t\t\t\t\t\t\t\t\t\t\t<\/div>\n\t\t\t\t<\/div>\n\t\t\t\t<\/div>\n\t\t\t\t<\/div>\n\t\t<div class=\"elementor-element elementor-element-c7e884d e-con-full e-flex e-con e-child\" data-id=\"c7e884d\" data-element_type=\"container\" data-e-type=\"container\">\n\t\t<div class=\"elementor-element elementor-element-e940b05 e-con-full e-flex e-con e-child\" data-id=\"e940b05\" data-element_type=\"container\" data-e-type=\"container\">\n\t\t\t\t<div class=\"elementor-element elementor-element-3824a42 elementor-widget elementor-widget-image\" data-id=\"3824a42\" data-element_type=\"widget\" data-e-type=\"widget\" data-widget_type=\"image.default\">\n\t\t\t\t<div class=\"elementor-widget-container\">\n\t\t\t\t\t\t\t\t\t\t\t\t\t\t\t<img decoding=\"async\" width=\"800\" height=\"800\" src=\"https:\/\/www.fox-spirit.com\/wp-content\/uploads\/2025\/02\/PGN341_02.webp\" class=\"attachment-large size-large wp-image-2744\" alt=\"\u00c9cran gaming incurv\u00e9 noir, vue de face\" srcset=\"https:\/\/www.fox-spirit.com\/wp-content\/uploads\/2025\/02\/PGN341_02.webp 1000w, https:\/\/www.fox-spirit.com\/wp-content\/uploads\/2025\/02\/PGN341_02-300x300.webp 300w, https:\/\/www.fox-spirit.com\/wp-content\/uploads\/2025\/02\/PGN341_02-150x150.webp 150w, https:\/\/www.fox-spirit.com\/wp-content\/uploads\/2025\/02\/PGN341_02-768x768.webp 768w, https:\/\/www.fox-spirit.com\/wp-content\/uploads\/2025\/02\/PGN341_02-600x600.webp 600w, https:\/\/www.fox-spirit.com\/wp-content\/uploads\/2025\/02\/PGN341_02-100x100.webp 100w\" sizes=\"(max-width: 800px) 100vw, 800px\" \/>\t\t\t\t\t\t\t\t\t\t\t\t\t\t\t<\/div>\n\t\t\t\t<\/div>\n\t\t\t\t<\/div>\n\t\t<div class=\"elementor-element elementor-element-4fc3ad3 e-con-full e-flex e-con e-child\" data-id=\"4fc3ad3\" data-element_type=\"container\" data-e-type=\"container\">\n\t\t\t\t<div class=\"elementor-element elementor-element-c2c32d6 elementor-widget elementor-widget-heading\" data-id=\"c2c32d6\" data-element_type=\"widget\" data-e-type=\"widget\" data-widget_type=\"heading.default\">\n\t\t\t\t<div class=\"elementor-widget-container\">\n\t\t\t\t\t<h2 class=\"elementor-heading-title elementor-size-default\">Caract\u00e9ristiques principales :<\/h2>\t\t\t\t<\/div>\n\t\t\t\t<\/div>\n\t\t\t\t<div class=\"elementor-element elementor-element-e0f0d4d elementor-widget elementor-widget-text-editor\" data-id=\"e0f0d4d\" data-element_type=\"widget\" data-e-type=\"widget\" data-widget_type=\"text-editor.default\">\n\t\t\t\t<div class=\"elementor-widget-container\">\n\t\t\t\t\t\t\t\t\t<ul><li><strong>Grand \u00e9cran gaming<\/strong>\u00a0mat de\u00a0<strong>34 pouces<\/strong>\u00a0avec r\u00e9solution\u00a0<strong>UWQHD<\/strong>\u00a0(3440 x 1440)<\/li><li><strong>Courbure 1500R<\/strong><\/li><li>Certification VESA DisplayHDR 400<\/li><li>Affichage fluide avec un temps de r\u00e9ponse de 1 ms (MPRT)<\/li><li><strong>Fr\u00e9quence d&rsquo;affichage de 180 Hz<\/strong><\/li><li>Couleurs riches et nuanc\u00e9es avec un contraste natif de 4000:1<\/li><li>Affichage sans d\u00e9chirure avec\u00a0<strong>Adaptive-Sync<\/strong><\/li><li>Connecteurs : 2x HDMI 2.1 + 2x DisplayPort 1.4<\/li><li><strong>Pied r\u00e9glable en hauteur sur 100 mm<\/strong><\/li><li>Meilleur confort oculaire avec la fonction\u00a0<strong>Low Blue\u00a0et Flicker-Free<\/strong><\/li><li>\u00c9clairage LED rouge \u00e0 l&rsquo;arri\u00e8re<\/li><li>Compatible fixation VESA 75 x 75 mm<\/li><\/ul>\t\t\t\t\t\t\t\t<\/div>\n\t\t\t\t<\/div>\n\t\t\t\t<\/div>\n\t\t\t\t<\/div>\n\t\t\t\t<\/div>\n\t\t\t\t<\/div>\n\t\t\n","protected":false},"excerpt":{"rendered":"<p>Avec sa dalle VA haute r\u00e9solution, sa fr\u00e9quence de 180 Hz, sa certification HDR 400 et sa compatibilit\u00e9 Adaptive-Sync, ce moniteur Fox Spirit PGN341 vous promet un affichage riche en d\u00e9tails, en couleur et en vitesse ! Son pied r\u00e9glable en hauteur apporte une touche de confort suppl\u00e9mentaire.<\/p>\n","protected":false},"featured_media":2743,"template":"","meta":{"_acf_changed":false},"product_brand":[],"product_cat":[25],"product_tag":[],"class_list":{"0":"post-2740","1":"product","2":"type-product","3":"status-publish","4":"has-post-thumbnail","6":"product_cat-ecran-pc","8":"first","9":"instock","10":"shipping-taxable","11":"product-type-simple"},"acf":[],"yoast_head":"<!-- This site is optimized with the Yoast SEO plugin v27.4 - https:\/\/yoast.com\/product\/yoast-seo-wordpress\/ -->\n<title>Fox Spirit - PGN341<\/title>\n<meta name=\"description\" content=\"D\u00e9couvrez l\u2019\u00e9cran PC gaming FOX SPIRIT PGN341 de 34 pouces, un moniteur WQHD de 180 Hz incurv\u00e9 assurant une immersion compl\u00e8te en jeu.\" \/>\n<meta name=\"robots\" content=\"index, follow, max-snippet:-1, max-image-preview:large, max-video-preview:-1\" \/>\n<link rel=\"canonical\" href=\"https:\/\/www.fox-spirit.com\/?product=pgn341\" \/>\n<meta property=\"og:locale\" content=\"fr_FR\" \/>\n<meta property=\"og:type\" content=\"article\" \/>\n<meta property=\"og:title\" content=\"Fox Spirit - PGN341\" \/>\n<meta property=\"og:description\" content=\"D\u00e9couvrez l\u2019\u00e9cran PC gaming FOX SPIRIT PGN341 de 34 pouces, un moniteur WQHD de 180 Hz incurv\u00e9 assurant une immersion compl\u00e8te en jeu.\" \/>\n<meta property=\"og:url\" content=\"https:\/\/www.fox-spirit.com\/?product=pgn341\" \/>\n<meta property=\"og:site_name\" content=\"Fox Spirit\" \/>\n<meta property=\"article:modified_time\" content=\"2025-02-14T12:57:54+00:00\" \/>\n<meta property=\"og:image\" content=\"https:\/\/www.fox-spirit.com\/wp-content\/uploads\/2025\/02\/PGN341_01.webp\" \/>\n\t<meta property=\"og:image:width\" content=\"1000\" \/>\n\t<meta property=\"og:image:height\" content=\"1000\" \/>\n\t<meta property=\"og:image:type\" content=\"image\/webp\" \/>\n<meta name=\"twitter:card\" content=\"summary_large_image\" \/>\n<meta name=\"twitter:label1\" content=\"Dur\u00e9e de lecture estim\u00e9e\" \/>\n\t<meta name=\"twitter:data1\" content=\"1 minute\" \/>\n<script type=\"application\/ld+json\" class=\"yoast-schema-graph\">{\"@context\":\"https:\\\/\\\/schema.org\",\"@graph\":[{\"@type\":\"WebPage\",\"@id\":\"https:\\\/\\\/www.fox-spirit.com\\\/?product=pgn341\",\"url\":\"https:\\\/\\\/www.fox-spirit.com\\\/?product=pgn341\",\"name\":\"Fox Spirit - PGN341\",\"isPartOf\":{\"@id\":\"https:\\\/\\\/www.fox-spirit.com\\\/#website\"},\"primaryImageOfPage\":{\"@id\":\"https:\\\/\\\/www.fox-spirit.com\\\/?product=pgn341#primaryimage\"},\"image\":{\"@id\":\"https:\\\/\\\/www.fox-spirit.com\\\/?product=pgn341#primaryimage\"},\"thumbnailUrl\":\"https:\\\/\\\/www.fox-spirit.com\\\/wp-content\\\/uploads\\\/2025\\\/02\\\/PGN341_01.webp\",\"datePublished\":\"2025-02-04T14:49:34+00:00\",\"dateModified\":\"2025-02-14T12:57:54+00:00\",\"description\":\"D\u00e9couvrez l\u2019\u00e9cran PC gaming FOX SPIRIT PGN341 de 34 pouces, un moniteur WQHD de 180 Hz incurv\u00e9 assurant une immersion compl\u00e8te en jeu.\",\"breadcrumb\":{\"@id\":\"https:\\\/\\\/www.fox-spirit.com\\\/?product=pgn341#breadcrumb\"},\"inLanguage\":\"fr-FR\",\"potentialAction\":[{\"@type\":\"ReadAction\",\"target\":[\"https:\\\/\\\/www.fox-spirit.com\\\/?product=pgn341\"]}]},{\"@type\":\"ImageObject\",\"inLanguage\":\"fr-FR\",\"@id\":\"https:\\\/\\\/www.fox-spirit.com\\\/?product=pgn341#primaryimage\",\"url\":\"https:\\\/\\\/www.fox-spirit.com\\\/wp-content\\\/uploads\\\/2025\\\/02\\\/PGN341_01.webp\",\"contentUrl\":\"https:\\\/\\\/www.fox-spirit.com\\\/wp-content\\\/uploads\\\/2025\\\/02\\\/PGN341_01.webp\",\"width\":1000,\"height\":1000,\"caption\":\"\u00c9cran gaming incurv\u00e9 noir PGN341 FOX SPIRIT\"},{\"@type\":\"BreadcrumbList\",\"@id\":\"https:\\\/\\\/www.fox-spirit.com\\\/?product=pgn341#breadcrumb\",\"itemListElement\":[{\"@type\":\"ListItem\",\"position\":1,\"name\":\"Home\",\"item\":\"https:\\\/\\\/www.fox-spirit.com\\\/\"},{\"@type\":\"ListItem\",\"position\":2,\"name\":\"Univers\",\"item\":\"https:\\\/\\\/www.fox-spirit.com\\\/?page_id=1224\"},{\"@type\":\"ListItem\",\"position\":3,\"name\":\"P\u00e9riph\u00e9riques PC\",\"item\":\"https:\\\/\\\/www.fox-spirit.com\\\/?product_cat=peripheriques-pc\"},{\"@type\":\"ListItem\",\"position\":4,\"name\":\"Ecran PC\",\"item\":\"https:\\\/\\\/www.fox-spirit.com\\\/?product_cat=ecran-pc\"},{\"@type\":\"ListItem\",\"position\":5,\"name\":\"PGN341\"}]},{\"@type\":\"WebSite\",\"@id\":\"https:\\\/\\\/www.fox-spirit.com\\\/#website\",\"url\":\"https:\\\/\\\/www.fox-spirit.com\\\/\",\"name\":\"Fox Spirit\",\"description\":\"JOUEZ. RUSEZ.\",\"publisher\":{\"@id\":\"https:\\\/\\\/www.fox-spirit.com\\\/#organization\"},\"potentialAction\":[{\"@type\":\"SearchAction\",\"target\":{\"@type\":\"EntryPoint\",\"urlTemplate\":\"https:\\\/\\\/www.fox-spirit.com\\\/?s={search_term_string}\"},\"query-input\":{\"@type\":\"PropertyValueSpecification\",\"valueRequired\":true,\"valueName\":\"search_term_string\"}}],\"inLanguage\":\"fr-FR\"},{\"@type\":\"Organization\",\"@id\":\"https:\\\/\\\/www.fox-spirit.com\\\/#organization\",\"name\":\"Groupe LDLC\",\"url\":\"https:\\\/\\\/www.fox-spirit.com\\\/\",\"logo\":{\"@type\":\"ImageObject\",\"inLanguage\":\"fr-FR\",\"@id\":\"https:\\\/\\\/www.fox-spirit.com\\\/#\\\/schema\\\/logo\\\/image\\\/\",\"url\":\"https:\\\/\\\/www.fox-spirit.com\\\/wp-content\\\/uploads\\\/2024\\\/12\\\/logo_FoxSpirit_red.png\",\"contentUrl\":\"https:\\\/\\\/www.fox-spirit.com\\\/wp-content\\\/uploads\\\/2024\\\/12\\\/logo_FoxSpirit_red.png\",\"width\":1600,\"height\":1600,\"caption\":\"Groupe LDLC\"},\"image\":{\"@id\":\"https:\\\/\\\/www.fox-spirit.com\\\/#\\\/schema\\\/logo\\\/image\\\/\"}}]}<\/script>\n<!-- \/ Yoast SEO plugin. -->","yoast_head_json":{"title":"Fox Spirit - PGN341","description":"D\u00e9couvrez l\u2019\u00e9cran PC gaming FOX SPIRIT PGN341 de 34 pouces, un moniteur WQHD de 180 Hz incurv\u00e9 assurant une immersion compl\u00e8te en jeu.","robots":{"index":"index","follow":"follow","max-snippet":"max-snippet:-1","max-image-preview":"max-image-preview:large","max-video-preview":"max-video-preview:-1"},"canonical":"https:\/\/www.fox-spirit.com\/?product=pgn341","og_locale":"fr_FR","og_type":"article","og_title":"Fox Spirit - PGN341","og_description":"D\u00e9couvrez l\u2019\u00e9cran PC gaming FOX SPIRIT PGN341 de 34 pouces, un moniteur WQHD de 180 Hz incurv\u00e9 assurant une immersion compl\u00e8te en jeu.","og_url":"https:\/\/www.fox-spirit.com\/?product=pgn341","og_site_name":"Fox Spirit","article_modified_time":"2025-02-14T12:57:54+00:00","og_image":[{"width":1000,"height":1000,"url":"https:\/\/www.fox-spirit.com\/wp-content\/uploads\/2025\/02\/PGN341_01.webp","type":"image\/webp"}],"twitter_card":"summary_large_image","twitter_misc":{"Dur\u00e9e de lecture estim\u00e9e":"1 minute"},"schema":{"@context":"https:\/\/schema.org","@graph":[{"@type":"WebPage","@id":"https:\/\/www.fox-spirit.com\/?product=pgn341","url":"https:\/\/www.fox-spirit.com\/?product=pgn341","name":"Fox Spirit - PGN341","isPartOf":{"@id":"https:\/\/www.fox-spirit.com\/#website"},"primaryImageOfPage":{"@id":"https:\/\/www.fox-spirit.com\/?product=pgn341#primaryimage"},"image":{"@id":"https:\/\/www.fox-spirit.com\/?product=pgn341#primaryimage"},"thumbnailUrl":"https:\/\/www.fox-spirit.com\/wp-content\/uploads\/2025\/02\/PGN341_01.webp","datePublished":"2025-02-04T14:49:34+00:00","dateModified":"2025-02-14T12:57:54+00:00","description":"D\u00e9couvrez l\u2019\u00e9cran PC gaming FOX SPIRIT PGN341 de 34 pouces, un moniteur WQHD de 180 Hz incurv\u00e9 assurant une immersion compl\u00e8te en jeu.","breadcrumb":{"@id":"https:\/\/www.fox-spirit.com\/?product=pgn341#breadcrumb"},"inLanguage":"fr-FR","potentialAction":[{"@type":"ReadAction","target":["https:\/\/www.fox-spirit.com\/?product=pgn341"]}]},{"@type":"ImageObject","inLanguage":"fr-FR","@id":"https:\/\/www.fox-spirit.com\/?product=pgn341#primaryimage","url":"https:\/\/www.fox-spirit.com\/wp-content\/uploads\/2025\/02\/PGN341_01.webp","contentUrl":"https:\/\/www.fox-spirit.com\/wp-content\/uploads\/2025\/02\/PGN341_01.webp","width":1000,"height":1000,"caption":"\u00c9cran gaming incurv\u00e9 noir PGN341 FOX SPIRIT"},{"@type":"BreadcrumbList","@id":"https:\/\/www.fox-spirit.com\/?product=pgn341#breadcrumb","itemListElement":[{"@type":"ListItem","position":1,"name":"Home","item":"https:\/\/www.fox-spirit.com\/"},{"@type":"ListItem","position":2,"name":"Univers","item":"https:\/\/www.fox-spirit.com\/?page_id=1224"},{"@type":"ListItem","position":3,"name":"P\u00e9riph\u00e9riques PC","item":"https:\/\/www.fox-spirit.com\/?product_cat=peripheriques-pc"},{"@type":"ListItem","position":4,"name":"Ecran PC","item":"https:\/\/www.fox-spirit.com\/?product_cat=ecran-pc"},{"@type":"ListItem","position":5,"name":"PGN341"}]},{"@type":"WebSite","@id":"https:\/\/www.fox-spirit.com\/#website","url":"https:\/\/www.fox-spirit.com\/","name":"Fox Spirit","description":"JOUEZ. RUSEZ.","publisher":{"@id":"https:\/\/www.fox-spirit.com\/#organization"},"potentialAction":[{"@type":"SearchAction","target":{"@type":"EntryPoint","urlTemplate":"https:\/\/www.fox-spirit.com\/?s={search_term_string}"},"query-input":{"@type":"PropertyValueSpecification","valueRequired":true,"valueName":"search_term_string"}}],"inLanguage":"fr-FR"},{"@type":"Organization","@id":"https:\/\/www.fox-spirit.com\/#organization","name":"Groupe LDLC","url":"https:\/\/www.fox-spirit.com\/","logo":{"@type":"ImageObject","inLanguage":"fr-FR","@id":"https:\/\/www.fox-spirit.com\/#\/schema\/logo\/image\/","url":"https:\/\/www.fox-spirit.com\/wp-content\/uploads\/2024\/12\/logo_FoxSpirit_red.png","contentUrl":"https:\/\/www.fox-spirit.com\/wp-content\/uploads\/2024\/12\/logo_FoxSpirit_red.png","width":1600,"height":1600,"caption":"Groupe LDLC"},"image":{"@id":"https:\/\/www.fox-spirit.com\/#\/schema\/logo\/image\/"}}]}},"_links":{"self":[{"href":"https:\/\/www.fox-spirit.com\/index.php?rest_route=\/wp\/v2\/product\/2740","targetHints":{"allow":["GET"]}}],"collection":[{"href":"https:\/\/www.fox-spirit.com\/index.php?rest_route=\/wp\/v2\/product"}],"about":[{"href":"https:\/\/www.fox-spirit.com\/index.php?rest_route=\/wp\/v2\/types\/product"}],"version-history":[{"count":3,"href":"https:\/\/www.fox-spirit.com\/index.php?rest_route=\/wp\/v2\/product\/2740\/revisions"}],"predecessor-version":[{"id":3669,"href":"https:\/\/www.fox-spirit.com\/index.php?rest_route=\/wp\/v2\/product\/2740\/revisions\/3669"}],"wp:featuredmedia":[{"embeddable":true,"href":"https:\/\/www.fox-spirit.com\/index.php?rest_route=\/wp\/v2\/media\/2743"}],"wp:attachment":[{"href":"https:\/\/www.fox-spirit.com\/index.php?rest_route=%2Fwp%2Fv2%2Fmedia&parent=2740"}],"wp:term":[{"taxonomy":"product_brand","embeddable":true,"href":"https:\/\/www.fox-spirit.com\/index.php?rest_route=%2Fwp%2Fv2%2Fproduct_brand&post=2740"},{"taxonomy":"product_cat","embeddable":true,"href":"https:\/\/www.fox-spirit.com\/index.php?rest_route=%2Fwp%2Fv2%2Fproduct_cat&post=2740"},{"taxonomy":"product_tag","embeddable":true,"href":"https:\/\/www.fox-spirit.com\/index.php?rest_route=%2Fwp%2Fv2%2Fproduct_tag&post=2740"}],"curies":[{"name":"wp","href":"https:\/\/api.w.org\/{rel}","templated":true}]}}