{"id":2754,"date":"2025-02-04T16:07:46","date_gmt":"2025-02-04T15:07:46","guid":{"rendered":"https:\/\/www.fox-spirit.com\/?post_type=product&#038;p=2754"},"modified":"2025-02-14T13:57:11","modified_gmt":"2025-02-14T12:57:11","slug":"ir390","status":"publish","type":"product","link":"https:\/\/www.fox-spirit.com\/?product=ir390","title":{"rendered":"IR390"},"content":{"rendered":"\t\t<div data-elementor-type=\"container\" data-elementor-id=\"2763\" class=\"elementor elementor-2763\" data-elementor-post-type=\"elementor_library\">\n\t\t\t\t<div class=\"elementor-element elementor-element-f075c9b e-con-full e-flex e-con e-parent\" data-id=\"f075c9b\" data-element_type=\"container\" data-e-type=\"container\">\n\t\t<div class=\"elementor-element elementor-element-14e4077 e-con-full e-flex e-con e-child\" data-id=\"14e4077\" data-element_type=\"container\" data-e-type=\"container\">\n\t\t\t\t<div class=\"elementor-element elementor-element-9c769af elementor-widget elementor-widget-heading\" data-id=\"9c769af\" data-element_type=\"widget\" data-e-type=\"widget\" data-widget_type=\"heading.default\">\n\t\t\t\t<div class=\"elementor-widget-container\">\n\t\t\t\t\t<h2 class=\"elementor-heading-title elementor-size-default\">Grand \u00e9cran Gaming incurv\u00e9 2.5K 165 Hz<\/h2>\t\t\t\t<\/div>\n\t\t\t\t<\/div>\n\t\t\t\t<div class=\"elementor-element elementor-element-9626083 elementor-widget elementor-widget-text-editor\" data-id=\"9626083\" data-element_type=\"widget\" data-e-type=\"widget\" data-widget_type=\"text-editor.default\">\n\t\t\t\t<div class=\"elementor-widget-container\">\n\t\t\t\t\t\t\t\t\t<p>Boostez votre confort de jeu avec le\u00a0<strong>moniteur Fox Spirit IR390<\/strong>\u00a0! Avec notamment un grand \u00e9cran incurv\u00e9 de 38.5 pouces, une dalle VA incurv\u00e9e, une r\u00e9solution 2.5K et une fr\u00e9quence d&rsquo;image de 165 Hz, cet \u00e9cran Fox Spirit offre une haute qualit\u00e9 d&rsquo;image. Avec en prime un pied r\u00e9glable en hauteur, le confort est optimal !<\/p>\t\t\t\t\t\t\t\t<\/div>\n\t\t\t\t<\/div>\n\t\t\t\t<\/div>\n\t\t<div class=\"elementor-element elementor-element-0c11eb0 e-con-full e-flex e-con e-child\" data-id=\"0c11eb0\" data-element_type=\"container\" data-e-type=\"container\">\n\t\t<div class=\"elementor-element elementor-element-bcf431d e-con-full e-flex e-con e-child\" data-id=\"bcf431d\" data-element_type=\"container\" data-e-type=\"container\">\n\t\t\t\t<div class=\"elementor-element elementor-element-85e8cfb elementor-widget elementor-widget-image\" data-id=\"85e8cfb\" data-element_type=\"widget\" data-e-type=\"widget\" data-widget_type=\"image.default\">\n\t\t\t\t<div class=\"elementor-widget-container\">\n\t\t\t\t\t\t\t\t\t\t\t\t\t\t\t<img fetchpriority=\"high\" decoding=\"async\" width=\"800\" height=\"800\" src=\"https:\/\/www.fox-spirit.com\/wp-content\/uploads\/2025\/02\/IR390_desc_01.webp\" class=\"attachment-large size-large wp-image-2765\" alt=\"Vue en hauteur sur les produits dispos\u00e9s sur le bureau\" srcset=\"https:\/\/www.fox-spirit.com\/wp-content\/uploads\/2025\/02\/IR390_desc_01.webp 1000w, https:\/\/www.fox-spirit.com\/wp-content\/uploads\/2025\/02\/IR390_desc_01-300x300.webp 300w, https:\/\/www.fox-spirit.com\/wp-content\/uploads\/2025\/02\/IR390_desc_01-150x150.webp 150w, https:\/\/www.fox-spirit.com\/wp-content\/uploads\/2025\/02\/IR390_desc_01-768x768.webp 768w, https:\/\/www.fox-spirit.com\/wp-content\/uploads\/2025\/02\/IR390_desc_01-600x600.webp 600w, https:\/\/www.fox-spirit.com\/wp-content\/uploads\/2025\/02\/IR390_desc_01-100x100.webp 100w\" sizes=\"(max-width: 800px) 100vw, 800px\" \/>\t\t\t\t\t\t\t\t\t\t\t\t\t\t\t<\/div>\n\t\t\t\t<\/div>\n\t\t\t\t<\/div>\n\t\t<div class=\"elementor-element elementor-element-ddd2c69 e-con-full e-flex e-con e-child\" data-id=\"ddd2c69\" data-element_type=\"container\" data-e-type=\"container\">\n\t\t\t\t<div class=\"elementor-element elementor-element-d3f5cf6 elementor-widget elementor-widget-heading\" data-id=\"d3f5cf6\" data-element_type=\"widget\" data-e-type=\"widget\" data-widget_type=\"heading.default\">\n\t\t\t\t<div class=\"elementor-widget-container\">\n\t\t\t\t\t<h2 class=\"elementor-heading-title elementor-size-default\">Confort sur grand \u00e9cran<\/h2>\t\t\t\t<\/div>\n\t\t\t\t<\/div>\n\t\t\t\t<div class=\"elementor-element elementor-element-89251d0 elementor-widget elementor-widget-text-editor\" data-id=\"89251d0\" data-element_type=\"widget\" data-e-type=\"widget\" data-widget_type=\"text-editor.default\">\n\t\t\t\t<div class=\"elementor-widget-container\">\n\t\t\t\t\t\t\t\t\t<p>Gr\u00e2ce \u00e0 sa\u00a0<strong>dalle incurv\u00e9e 2.5K<\/strong>\u00a0(2560 x 1440 pixels), sa grande taille d&rsquo;\u00e9cran de 38.9&Prime; et son design \u00e0 bords fins, le moniteur IR390 de Fox Spirit tr\u00f4nera sur votre bureau et apportera sa touche gaming assum\u00e9e.\u00a0Son\u00a0<strong>pied r\u00e9glable en hauteur<\/strong>\u00a0et la possibilit\u00e9 de fixation murale (VESA 75&#215;75) permettent d&rsquo;adapter l&rsquo;\u00e9cran\u00a0\u00e0 votre utilisation et \u00e0 am\u00e9liorer votre confort.<\/p>\t\t\t\t\t\t\t\t<\/div>\n\t\t\t\t<\/div>\n\t\t\t\t<\/div>\n\t\t\t\t<\/div>\n\t\t<div class=\"elementor-element elementor-element-9cba2d9 e-con-full e-flex e-con e-child\" data-id=\"9cba2d9\" data-element_type=\"container\" data-e-type=\"container\">\n\t\t<div class=\"elementor-element elementor-element-48979e7 e-con-full e-flex e-con e-child\" data-id=\"48979e7\" data-element_type=\"container\" data-e-type=\"container\">\n\t\t\t\t<div class=\"elementor-element elementor-element-d9753ae elementor-widget elementor-widget-heading\" data-id=\"d9753ae\" data-element_type=\"widget\" data-e-type=\"widget\" data-widget_type=\"heading.default\">\n\t\t\t\t<div class=\"elementor-widget-container\">\n\t\t\t\t\t<h2 class=\"elementor-heading-title elementor-size-default\">Un \u00e9cran optimis\u00e9 pour le gaming<\/h2>\t\t\t\t<\/div>\n\t\t\t\t<\/div>\n\t\t\t\t<div class=\"elementor-element elementor-element-5548618 elementor-widget elementor-widget-text-editor\" data-id=\"5548618\" data-element_type=\"widget\" data-e-type=\"widget\" data-widget_type=\"text-editor.default\">\n\t\t\t\t<div class=\"elementor-widget-container\">\n\t\t\t\t\t\t\t\t\t<p>Le moniteur Fox Spirit IR390\u00a0se dote d&rsquo;une dalle VA disposant d&rsquo;un contraste \u00e9lev\u00e9 de 4000:1 pour un rendu des couleurs sublime. Sa courbure de 3000R lui permet de vous plonger davantage dans vos sessions gaming et d&rsquo;am\u00e9liorer la vision de l&rsquo;\u00e9tendue du champ de bataille. De plus, la prise en charge HDR est la garantie de b\u00e9n\u00e9ficier d&rsquo;une qualit\u00e9 d&rsquo;image sup\u00e9rieure avec les contenus compatibles.<br \/><br \/>Concernant la r\u00e9activit\u00e9, l&rsquo;\u00e9cran\u00a0Fox Spirit IR390 dispose d&rsquo;un temps de r\u00e9ponse de seulement 1 ms (MPRT), d&rsquo;une fr\u00e9quence d&rsquo;affichage de 165 Hz et d&rsquo;une compatibilit\u00e9 avec la technologie Adaptive-Sync, pour un affichage sans d\u00e9chirure.<\/p>\t\t\t\t\t\t\t\t<\/div>\n\t\t\t\t<\/div>\n\t\t\t\t<\/div>\n\t\t<div class=\"elementor-element elementor-element-91d7697 e-con-full e-flex e-con e-child\" data-id=\"91d7697\" data-element_type=\"container\" data-e-type=\"container\">\n\t\t\t\t<div class=\"elementor-element elementor-element-e298a1d elementor-widget elementor-widget-image\" data-id=\"e298a1d\" data-element_type=\"widget\" data-e-type=\"widget\" data-widget_type=\"image.default\">\n\t\t\t\t<div class=\"elementor-widget-container\">\n\t\t\t\t\t\t\t\t\t\t\t\t\t\t\t<img decoding=\"async\" width=\"800\" height=\"800\" src=\"https:\/\/www.fox-spirit.com\/wp-content\/uploads\/2025\/02\/IR390_04.webp\" class=\"attachment-large size-large wp-image-2760\" alt=\"\u00c9cran gaming incurv\u00e9, vue de dos\" srcset=\"https:\/\/www.fox-spirit.com\/wp-content\/uploads\/2025\/02\/IR390_04.webp 1000w, https:\/\/www.fox-spirit.com\/wp-content\/uploads\/2025\/02\/IR390_04-300x300.webp 300w, https:\/\/www.fox-spirit.com\/wp-content\/uploads\/2025\/02\/IR390_04-150x150.webp 150w, https:\/\/www.fox-spirit.com\/wp-content\/uploads\/2025\/02\/IR390_04-768x768.webp 768w, https:\/\/www.fox-spirit.com\/wp-content\/uploads\/2025\/02\/IR390_04-600x600.webp 600w, https:\/\/www.fox-spirit.com\/wp-content\/uploads\/2025\/02\/IR390_04-100x100.webp 100w\" sizes=\"(max-width: 800px) 100vw, 800px\" \/>\t\t\t\t\t\t\t\t\t\t\t\t\t\t\t<\/div>\n\t\t\t\t<\/div>\n\t\t\t\t<\/div>\n\t\t\t\t<\/div>\n\t\t<div class=\"elementor-element elementor-element-c7e884d e-con-full e-flex e-con e-child\" data-id=\"c7e884d\" data-element_type=\"container\" data-e-type=\"container\">\n\t\t<div class=\"elementor-element elementor-element-e940b05 e-con-full e-flex e-con e-child\" data-id=\"e940b05\" data-element_type=\"container\" data-e-type=\"container\">\n\t\t\t\t<div class=\"elementor-element elementor-element-3824a42 elementor-widget elementor-widget-image\" data-id=\"3824a42\" data-element_type=\"widget\" data-e-type=\"widget\" data-widget_type=\"image.default\">\n\t\t\t\t<div class=\"elementor-widget-container\">\n\t\t\t\t\t\t\t\t\t\t\t\t\t\t\t<img decoding=\"async\" width=\"800\" height=\"800\" src=\"https:\/\/www.fox-spirit.com\/wp-content\/uploads\/2025\/02\/IR390_desc_02.webp\" class=\"attachment-large size-large wp-image-2766\" alt=\"Setup gaming blanc avec une vue d&#039;ensemble sur tous les produits.\" srcset=\"https:\/\/www.fox-spirit.com\/wp-content\/uploads\/2025\/02\/IR390_desc_02.webp 1000w, https:\/\/www.fox-spirit.com\/wp-content\/uploads\/2025\/02\/IR390_desc_02-300x300.webp 300w, https:\/\/www.fox-spirit.com\/wp-content\/uploads\/2025\/02\/IR390_desc_02-150x150.webp 150w, https:\/\/www.fox-spirit.com\/wp-content\/uploads\/2025\/02\/IR390_desc_02-768x768.webp 768w, https:\/\/www.fox-spirit.com\/wp-content\/uploads\/2025\/02\/IR390_desc_02-600x600.webp 600w, https:\/\/www.fox-spirit.com\/wp-content\/uploads\/2025\/02\/IR390_desc_02-100x100.webp 100w\" sizes=\"(max-width: 800px) 100vw, 800px\" \/>\t\t\t\t\t\t\t\t\t\t\t\t\t\t\t<\/div>\n\t\t\t\t<\/div>\n\t\t\t\t<\/div>\n\t\t<div class=\"elementor-element elementor-element-4fc3ad3 e-con-full e-flex e-con e-child\" data-id=\"4fc3ad3\" data-element_type=\"container\" data-e-type=\"container\">\n\t\t\t\t<div class=\"elementor-element elementor-element-c2c32d6 elementor-widget elementor-widget-heading\" data-id=\"c2c32d6\" data-element_type=\"widget\" data-e-type=\"widget\" data-widget_type=\"heading.default\">\n\t\t\t\t<div class=\"elementor-widget-container\">\n\t\t\t\t\t<h2 class=\"elementor-heading-title elementor-size-default\">Caract\u00e9ristiques principales :<\/h2>\t\t\t\t<\/div>\n\t\t\t\t<\/div>\n\t\t\t\t<div class=\"elementor-element elementor-element-e0f0d4d elementor-widget elementor-widget-text-editor\" data-id=\"e0f0d4d\" data-element_type=\"widget\" data-e-type=\"widget\" data-widget_type=\"text-editor.default\">\n\t\t\t\t<div class=\"elementor-widget-container\">\n\t\t\t\t\t\t\t\t\t<ul><li><strong>Grand \u00e9cran gaming<\/strong>\u00a0mat de\u00a0<strong>38.5 pouces<\/strong>\u00a0avec r\u00e9solution\u00a0<strong>WQHD<\/strong>\u00a0(2560 x 1440)<\/li><li><strong>Dalle incurv\u00e9e avec courbure 3000R<\/strong><\/li><li>Affichage fluide avec un temps de r\u00e9ponse de 1 ms (MPRT)<\/li><li><strong>Fr\u00e9quence d&rsquo;affichage de 165 Hz<\/strong><\/li><li>Dalle VA : couleurs riches et affichage homog\u00e8ne avec des angles de vision larges (178\u00b0)<\/li><li>Couleurs riches et nuanc\u00e9es avec un contraste natif de 4000:1<\/li><li>Prise en charge HDR<\/li><li>Technologie\u00a0<strong>Adaptive-Sync<\/strong><\/li><li>Connecteurs : 2 x HDMI 2.0 et 2x DisplayPort 1.4<\/li><li>Sortie casque jack 3.5 mm<\/li><li>Meilleur confort oculaire avec la fonction\u00a0<strong>Low Blue\u00a0et Flicker-Free<\/strong><\/li><li><strong>Design ergonomique<\/strong>\u00a0avec r\u00e9glage en hauteur<\/li><li>Compatible fixation VESA 75 x 75<\/li><\/ul>\t\t\t\t\t\t\t\t<\/div>\n\t\t\t\t<\/div>\n\t\t\t\t<\/div>\n\t\t\t\t<\/div>\n\t\t\t\t<\/div>\n\t\t\t\t<\/div>\n\t\t\n","protected":false},"excerpt":{"rendered":"<p>Boostez votre confort de jeu avec le moniteur Fox Spirit IR390 ! Avec notamment un grand \u00e9cran incurv\u00e9 de 38.5 pouces, une dalle VA incurv\u00e9e, une r\u00e9solution 2.5K et une fr\u00e9quence d&rsquo;image de 165 Hz, cet \u00e9cran Fox Spirit offre une haute qualit\u00e9 d&rsquo;image.<\/p>\n","protected":false},"featured_media":2757,"template":"","meta":{"_acf_changed":false},"product_brand":[],"product_cat":[25],"product_tag":[],"class_list":{"0":"post-2754","1":"product","2":"type-product","3":"status-publish","4":"has-post-thumbnail","6":"product_cat-ecran-pc","8":"first","9":"instock","10":"shipping-taxable","11":"product-type-simple"},"acf":[],"yoast_head":"<!-- This site is optimized with the Yoast SEO plugin v27.4 - https:\/\/yoast.com\/product\/yoast-seo-wordpress\/ -->\n<title>Fox Spirit - IR390<\/title>\n<meta name=\"description\" content=\"D\u00e9couvrez l\u2019\u00e9cran PC gaming FOX SPIRIT IR390 de 38,5 pouces, un moniteur 2.5K incurv\u00e9 165 Hz offrant une qualit\u00e9 d\u2019image exceptionnelle.\" \/>\n<meta name=\"robots\" content=\"index, follow, max-snippet:-1, max-image-preview:large, max-video-preview:-1\" \/>\n<link rel=\"canonical\" href=\"https:\/\/www.fox-spirit.com\/?product=ir390\" \/>\n<meta property=\"og:locale\" content=\"fr_FR\" \/>\n<meta property=\"og:type\" content=\"article\" \/>\n<meta property=\"og:title\" content=\"Fox Spirit - IR390\" \/>\n<meta property=\"og:description\" content=\"D\u00e9couvrez l\u2019\u00e9cran PC gaming FOX SPIRIT IR390 de 38,5 pouces, un moniteur 2.5K incurv\u00e9 165 Hz offrant une qualit\u00e9 d\u2019image exceptionnelle.\" \/>\n<meta property=\"og:url\" content=\"https:\/\/www.fox-spirit.com\/?product=ir390\" \/>\n<meta property=\"og:site_name\" content=\"Fox Spirit\" \/>\n<meta property=\"article:modified_time\" content=\"2025-02-14T12:57:11+00:00\" \/>\n<meta property=\"og:image\" content=\"https:\/\/www.fox-spirit.com\/wp-content\/uploads\/2025\/02\/IR390_01.webp\" \/>\n\t<meta property=\"og:image:width\" content=\"1000\" \/>\n\t<meta property=\"og:image:height\" content=\"1000\" \/>\n\t<meta property=\"og:image:type\" content=\"image\/webp\" \/>\n<meta name=\"twitter:card\" content=\"summary_large_image\" \/>\n<meta name=\"twitter:label1\" content=\"Dur\u00e9e de lecture estim\u00e9e\" \/>\n\t<meta name=\"twitter:data1\" content=\"1 minute\" \/>\n<script type=\"application\/ld+json\" class=\"yoast-schema-graph\">{\"@context\":\"https:\\\/\\\/schema.org\",\"@graph\":[{\"@type\":\"WebPage\",\"@id\":\"https:\\\/\\\/www.fox-spirit.com\\\/?product=ir390\",\"url\":\"https:\\\/\\\/www.fox-spirit.com\\\/?product=ir390\",\"name\":\"Fox Spirit - IR390\",\"isPartOf\":{\"@id\":\"https:\\\/\\\/www.fox-spirit.com\\\/#website\"},\"primaryImageOfPage\":{\"@id\":\"https:\\\/\\\/www.fox-spirit.com\\\/?product=ir390#primaryimage\"},\"image\":{\"@id\":\"https:\\\/\\\/www.fox-spirit.com\\\/?product=ir390#primaryimage\"},\"thumbnailUrl\":\"https:\\\/\\\/www.fox-spirit.com\\\/wp-content\\\/uploads\\\/2025\\\/02\\\/IR390_01.webp\",\"datePublished\":\"2025-02-04T15:07:46+00:00\",\"dateModified\":\"2025-02-14T12:57:11+00:00\",\"description\":\"D\u00e9couvrez l\u2019\u00e9cran PC gaming FOX SPIRIT IR390 de 38,5 pouces, un moniteur 2.5K incurv\u00e9 165 Hz offrant une qualit\u00e9 d\u2019image exceptionnelle.\",\"breadcrumb\":{\"@id\":\"https:\\\/\\\/www.fox-spirit.com\\\/?product=ir390#breadcrumb\"},\"inLanguage\":\"fr-FR\",\"potentialAction\":[{\"@type\":\"ReadAction\",\"target\":[\"https:\\\/\\\/www.fox-spirit.com\\\/?product=ir390\"]}]},{\"@type\":\"ImageObject\",\"inLanguage\":\"fr-FR\",\"@id\":\"https:\\\/\\\/www.fox-spirit.com\\\/?product=ir390#primaryimage\",\"url\":\"https:\\\/\\\/www.fox-spirit.com\\\/wp-content\\\/uploads\\\/2025\\\/02\\\/IR390_01.webp\",\"contentUrl\":\"https:\\\/\\\/www.fox-spirit.com\\\/wp-content\\\/uploads\\\/2025\\\/02\\\/IR390_01.webp\",\"width\":1000,\"height\":1000,\"caption\":\"\u00c9cran gaming incurv\u00e9 IR390 FOX SPIRIT\"},{\"@type\":\"BreadcrumbList\",\"@id\":\"https:\\\/\\\/www.fox-spirit.com\\\/?product=ir390#breadcrumb\",\"itemListElement\":[{\"@type\":\"ListItem\",\"position\":1,\"name\":\"Home\",\"item\":\"https:\\\/\\\/www.fox-spirit.com\\\/\"},{\"@type\":\"ListItem\",\"position\":2,\"name\":\"Univers\",\"item\":\"https:\\\/\\\/www.fox-spirit.com\\\/?page_id=1224\"},{\"@type\":\"ListItem\",\"position\":3,\"name\":\"P\u00e9riph\u00e9riques PC\",\"item\":\"https:\\\/\\\/www.fox-spirit.com\\\/?product_cat=peripheriques-pc\"},{\"@type\":\"ListItem\",\"position\":4,\"name\":\"Ecran PC\",\"item\":\"https:\\\/\\\/www.fox-spirit.com\\\/?product_cat=ecran-pc\"},{\"@type\":\"ListItem\",\"position\":5,\"name\":\"IR390\"}]},{\"@type\":\"WebSite\",\"@id\":\"https:\\\/\\\/www.fox-spirit.com\\\/#website\",\"url\":\"https:\\\/\\\/www.fox-spirit.com\\\/\",\"name\":\"Fox Spirit\",\"description\":\"JOUEZ. RUSEZ.\",\"publisher\":{\"@id\":\"https:\\\/\\\/www.fox-spirit.com\\\/#organization\"},\"potentialAction\":[{\"@type\":\"SearchAction\",\"target\":{\"@type\":\"EntryPoint\",\"urlTemplate\":\"https:\\\/\\\/www.fox-spirit.com\\\/?s={search_term_string}\"},\"query-input\":{\"@type\":\"PropertyValueSpecification\",\"valueRequired\":true,\"valueName\":\"search_term_string\"}}],\"inLanguage\":\"fr-FR\"},{\"@type\":\"Organization\",\"@id\":\"https:\\\/\\\/www.fox-spirit.com\\\/#organization\",\"name\":\"Groupe LDLC\",\"url\":\"https:\\\/\\\/www.fox-spirit.com\\\/\",\"logo\":{\"@type\":\"ImageObject\",\"inLanguage\":\"fr-FR\",\"@id\":\"https:\\\/\\\/www.fox-spirit.com\\\/#\\\/schema\\\/logo\\\/image\\\/\",\"url\":\"https:\\\/\\\/www.fox-spirit.com\\\/wp-content\\\/uploads\\\/2024\\\/12\\\/logo_FoxSpirit_red.png\",\"contentUrl\":\"https:\\\/\\\/www.fox-spirit.com\\\/wp-content\\\/uploads\\\/2024\\\/12\\\/logo_FoxSpirit_red.png\",\"width\":1600,\"height\":1600,\"caption\":\"Groupe LDLC\"},\"image\":{\"@id\":\"https:\\\/\\\/www.fox-spirit.com\\\/#\\\/schema\\\/logo\\\/image\\\/\"}}]}<\/script>\n<!-- \/ Yoast SEO plugin. -->","yoast_head_json":{"title":"Fox Spirit - IR390","description":"D\u00e9couvrez l\u2019\u00e9cran PC gaming FOX SPIRIT IR390 de 38,5 pouces, un moniteur 2.5K incurv\u00e9 165 Hz offrant une qualit\u00e9 d\u2019image exceptionnelle.","robots":{"index":"index","follow":"follow","max-snippet":"max-snippet:-1","max-image-preview":"max-image-preview:large","max-video-preview":"max-video-preview:-1"},"canonical":"https:\/\/www.fox-spirit.com\/?product=ir390","og_locale":"fr_FR","og_type":"article","og_title":"Fox Spirit - IR390","og_description":"D\u00e9couvrez l\u2019\u00e9cran PC gaming FOX SPIRIT IR390 de 38,5 pouces, un moniteur 2.5K incurv\u00e9 165 Hz offrant une qualit\u00e9 d\u2019image exceptionnelle.","og_url":"https:\/\/www.fox-spirit.com\/?product=ir390","og_site_name":"Fox Spirit","article_modified_time":"2025-02-14T12:57:11+00:00","og_image":[{"width":1000,"height":1000,"url":"https:\/\/www.fox-spirit.com\/wp-content\/uploads\/2025\/02\/IR390_01.webp","type":"image\/webp"}],"twitter_card":"summary_large_image","twitter_misc":{"Dur\u00e9e de lecture estim\u00e9e":"1 minute"},"schema":{"@context":"https:\/\/schema.org","@graph":[{"@type":"WebPage","@id":"https:\/\/www.fox-spirit.com\/?product=ir390","url":"https:\/\/www.fox-spirit.com\/?product=ir390","name":"Fox Spirit - IR390","isPartOf":{"@id":"https:\/\/www.fox-spirit.com\/#website"},"primaryImageOfPage":{"@id":"https:\/\/www.fox-spirit.com\/?product=ir390#primaryimage"},"image":{"@id":"https:\/\/www.fox-spirit.com\/?product=ir390#primaryimage"},"thumbnailUrl":"https:\/\/www.fox-spirit.com\/wp-content\/uploads\/2025\/02\/IR390_01.webp","datePublished":"2025-02-04T15:07:46+00:00","dateModified":"2025-02-14T12:57:11+00:00","description":"D\u00e9couvrez l\u2019\u00e9cran PC gaming FOX SPIRIT IR390 de 38,5 pouces, un moniteur 2.5K incurv\u00e9 165 Hz offrant une qualit\u00e9 d\u2019image exceptionnelle.","breadcrumb":{"@id":"https:\/\/www.fox-spirit.com\/?product=ir390#breadcrumb"},"inLanguage":"fr-FR","potentialAction":[{"@type":"ReadAction","target":["https:\/\/www.fox-spirit.com\/?product=ir390"]}]},{"@type":"ImageObject","inLanguage":"fr-FR","@id":"https:\/\/www.fox-spirit.com\/?product=ir390#primaryimage","url":"https:\/\/www.fox-spirit.com\/wp-content\/uploads\/2025\/02\/IR390_01.webp","contentUrl":"https:\/\/www.fox-spirit.com\/wp-content\/uploads\/2025\/02\/IR390_01.webp","width":1000,"height":1000,"caption":"\u00c9cran gaming incurv\u00e9 IR390 FOX SPIRIT"},{"@type":"BreadcrumbList","@id":"https:\/\/www.fox-spirit.com\/?product=ir390#breadcrumb","itemListElement":[{"@type":"ListItem","position":1,"name":"Home","item":"https:\/\/www.fox-spirit.com\/"},{"@type":"ListItem","position":2,"name":"Univers","item":"https:\/\/www.fox-spirit.com\/?page_id=1224"},{"@type":"ListItem","position":3,"name":"P\u00e9riph\u00e9riques PC","item":"https:\/\/www.fox-spirit.com\/?product_cat=peripheriques-pc"},{"@type":"ListItem","position":4,"name":"Ecran PC","item":"https:\/\/www.fox-spirit.com\/?product_cat=ecran-pc"},{"@type":"ListItem","position":5,"name":"IR390"}]},{"@type":"WebSite","@id":"https:\/\/www.fox-spirit.com\/#website","url":"https:\/\/www.fox-spirit.com\/","name":"Fox Spirit","description":"JOUEZ. RUSEZ.","publisher":{"@id":"https:\/\/www.fox-spirit.com\/#organization"},"potentialAction":[{"@type":"SearchAction","target":{"@type":"EntryPoint","urlTemplate":"https:\/\/www.fox-spirit.com\/?s={search_term_string}"},"query-input":{"@type":"PropertyValueSpecification","valueRequired":true,"valueName":"search_term_string"}}],"inLanguage":"fr-FR"},{"@type":"Organization","@id":"https:\/\/www.fox-spirit.com\/#organization","name":"Groupe LDLC","url":"https:\/\/www.fox-spirit.com\/","logo":{"@type":"ImageObject","inLanguage":"fr-FR","@id":"https:\/\/www.fox-spirit.com\/#\/schema\/logo\/image\/","url":"https:\/\/www.fox-spirit.com\/wp-content\/uploads\/2024\/12\/logo_FoxSpirit_red.png","contentUrl":"https:\/\/www.fox-spirit.com\/wp-content\/uploads\/2024\/12\/logo_FoxSpirit_red.png","width":1600,"height":1600,"caption":"Groupe LDLC"},"image":{"@id":"https:\/\/www.fox-spirit.com\/#\/schema\/logo\/image\/"}}]}},"_links":{"self":[{"href":"https:\/\/www.fox-spirit.com\/index.php?rest_route=\/wp\/v2\/product\/2754","targetHints":{"allow":["GET"]}}],"collection":[{"href":"https:\/\/www.fox-spirit.com\/index.php?rest_route=\/wp\/v2\/product"}],"about":[{"href":"https:\/\/www.fox-spirit.com\/index.php?rest_route=\/wp\/v2\/types\/product"}],"version-history":[{"count":4,"href":"https:\/\/www.fox-spirit.com\/index.php?rest_route=\/wp\/v2\/product\/2754\/revisions"}],"predecessor-version":[{"id":3668,"href":"https:\/\/www.fox-spirit.com\/index.php?rest_route=\/wp\/v2\/product\/2754\/revisions\/3668"}],"wp:featuredmedia":[{"embeddable":true,"href":"https:\/\/www.fox-spirit.com\/index.php?rest_route=\/wp\/v2\/media\/2757"}],"wp:attachment":[{"href":"https:\/\/www.fox-spirit.com\/index.php?rest_route=%2Fwp%2Fv2%2Fmedia&parent=2754"}],"wp:term":[{"taxonomy":"product_brand","embeddable":true,"href":"https:\/\/www.fox-spirit.com\/index.php?rest_route=%2Fwp%2Fv2%2Fproduct_brand&post=2754"},{"taxonomy":"product_cat","embeddable":true,"href":"https:\/\/www.fox-spirit.com\/index.php?rest_route=%2Fwp%2Fv2%2Fproduct_cat&post=2754"},{"taxonomy":"product_tag","embeddable":true,"href":"https:\/\/www.fox-spirit.com\/index.php?rest_route=%2Fwp%2Fv2%2Fproduct_tag&post=2754"}],"curies":[{"name":"wp","href":"https:\/\/api.w.org\/{rel}","templated":true}]}}