{"id":2812,"date":"2025-02-04T17:24:33","date_gmt":"2025-02-04T16:24:33","guid":{"rendered":"https:\/\/www.fox-spirit.com\/?post_type=product&#038;p=2812"},"modified":"2025-02-14T13:51:47","modified_gmt":"2025-02-14T12:51:47","slug":"xt850","status":"publish","type":"product","link":"https:\/\/www.fox-spirit.com\/?product=xt850","title":{"rendered":"XT850"},"content":{"rendered":"\t\t<div data-elementor-type=\"container\" data-elementor-id=\"2815\" class=\"elementor elementor-2815\" data-elementor-post-type=\"elementor_library\">\n\t\t\t\t<div class=\"elementor-element elementor-element-f075c9b e-con-full e-flex e-con e-parent\" data-id=\"f075c9b\" data-element_type=\"container\" data-e-type=\"container\">\n\t\t<div class=\"elementor-element elementor-element-14e4077 e-con-full e-flex e-con e-child\" data-id=\"14e4077\" data-element_type=\"container\" data-e-type=\"container\">\n\t\t\t\t<div class=\"elementor-element elementor-element-9c769af elementor-widget elementor-widget-heading\" data-id=\"9c769af\" data-element_type=\"widget\" data-e-type=\"widget\" data-widget_type=\"heading.default\">\n\t\t\t\t<div class=\"elementor-widget-container\">\n\t\t\t\t\t<h2 class=\"elementor-heading-title elementor-size-default\">Alimentation ATX 3.1 80PLUS Platinum 100% modulaire<\/h2>\t\t\t\t<\/div>\n\t\t\t\t<\/div>\n\t\t\t\t<div class=\"elementor-element elementor-element-9626083 elementor-widget elementor-widget-text-editor\" data-id=\"9626083\" data-element_type=\"widget\" data-e-type=\"widget\" data-widget_type=\"text-editor.default\">\n\t\t\t\t<div class=\"elementor-widget-container\">\n\t\t\t\t\t\t\t\t\t<p>L&rsquo;<strong>alimentation Fox Spirit XT 850 80PLUS Platinum\u00a0<\/strong>est une alimentation PC haut de gamme, haut rendement et hautes performances.\u00a0<strong>100% modulaire<\/strong>\u00a0et con\u00e7ue pour les configurations de derni\u00e8re g\u00e9n\u00e9ration, elle int\u00e8gre\u00a0<strong>les connecteurs les plus r\u00e9cents<\/strong>\u00a0pour des performances et une fiabilit\u00e9 de premier plan.<\/p>\t\t\t\t\t\t\t\t<\/div>\n\t\t\t\t<\/div>\n\t\t\t\t<\/div>\n\t\t<div class=\"elementor-element elementor-element-0c11eb0 e-con-full e-flex e-con e-child\" data-id=\"0c11eb0\" data-element_type=\"container\" data-e-type=\"container\">\n\t\t<div class=\"elementor-element elementor-element-bcf431d e-con-full e-flex e-con e-child\" data-id=\"bcf431d\" data-element_type=\"container\" data-e-type=\"container\">\n\t\t\t\t<div class=\"elementor-element elementor-element-85e8cfb elementor-widget elementor-widget-image\" data-id=\"85e8cfb\" data-element_type=\"widget\" data-e-type=\"widget\" data-widget_type=\"image.default\">\n\t\t\t\t<div class=\"elementor-widget-container\">\n\t\t\t\t\t\t\t\t\t\t\t\t\t\t\t<img fetchpriority=\"high\" decoding=\"async\" width=\"800\" height=\"800\" src=\"https:\/\/www.fox-spirit.com\/wp-content\/uploads\/2025\/02\/XT750_XT850_02.webp\" class=\"attachment-large size-large wp-image-2803\" alt=\"Alimentation ATX noire, vue de face\" srcset=\"https:\/\/www.fox-spirit.com\/wp-content\/uploads\/2025\/02\/XT750_XT850_02.webp 1000w, https:\/\/www.fox-spirit.com\/wp-content\/uploads\/2025\/02\/XT750_XT850_02-300x300.webp 300w, https:\/\/www.fox-spirit.com\/wp-content\/uploads\/2025\/02\/XT750_XT850_02-150x150.webp 150w, https:\/\/www.fox-spirit.com\/wp-content\/uploads\/2025\/02\/XT750_XT850_02-768x768.webp 768w, https:\/\/www.fox-spirit.com\/wp-content\/uploads\/2025\/02\/XT750_XT850_02-600x600.webp 600w, https:\/\/www.fox-spirit.com\/wp-content\/uploads\/2025\/02\/XT750_XT850_02-100x100.webp 100w\" sizes=\"(max-width: 800px) 100vw, 800px\" \/>\t\t\t\t\t\t\t\t\t\t\t\t\t\t\t<\/div>\n\t\t\t\t<\/div>\n\t\t\t\t<\/div>\n\t\t<div class=\"elementor-element elementor-element-ddd2c69 e-con-full e-flex e-con e-child\" data-id=\"ddd2c69\" data-element_type=\"container\" data-e-type=\"container\">\n\t\t\t\t<div class=\"elementor-element elementor-element-d3f5cf6 elementor-widget elementor-widget-heading\" data-id=\"d3f5cf6\" data-element_type=\"widget\" data-e-type=\"widget\" data-widget_type=\"heading.default\">\n\t\t\t\t<div class=\"elementor-widget-container\">\n\t\t\t\t\t<h2 class=\"elementor-heading-title elementor-size-default\">Performances et Flexibilit\u00e9<\/h2>\t\t\t\t<\/div>\n\t\t\t\t<\/div>\n\t\t\t\t<div class=\"elementor-element elementor-element-89251d0 elementor-widget elementor-widget-text-editor\" data-id=\"89251d0\" data-element_type=\"widget\" data-e-type=\"widget\" data-widget_type=\"text-editor.default\">\n\t\t\t\t<div class=\"elementor-widget-container\">\n\t\t\t\t\t\t\t\t\t<p>L&rsquo;alimentation\u00a0<strong>Fox Spirit XT 850W\u00a0<\/strong>est suffisamment puissante pour alimenter les composants les plus performants, tels que les processeurs de derni\u00e8re g\u00e9n\u00e9ration et les cartes graphiques gaming haut de gamme. Sa connectique compl\u00e8te, avec notamment un\u00a0<strong>connecteur\u00a0PCIe 5.1 12V-2&#215;6<\/strong>, vous permettra de concevoir un PC sur mesure, conforme \u00e0 vos envies et r\u00e9pondant \u00e0 vos besoins.<\/p><p>L&rsquo;<strong>alimentation Fox Spirit XT 850 80PLUS Platinum <\/strong>est \u00e9galement dot\u00e9e d&rsquo;une\u00a0<strong>connectique 100% modulaire<\/strong>. Vous n&rsquo;avez qu&rsquo;\u00e0 brancher les c\u00e2bles dont vous avez besoin. Votre bo\u00eetier reste bien agenc\u00e9, visuellement propre et impeccable, et les c\u00e2bles inutiles n&rsquo;interf\u00e8rent pas avec le flux d&rsquo;air.<\/p>\t\t\t\t\t\t\t\t<\/div>\n\t\t\t\t<\/div>\n\t\t\t\t<\/div>\n\t\t\t\t<\/div>\n\t\t<div class=\"elementor-element elementor-element-4d1ee6f e-con-full e-flex e-con e-child\" data-id=\"4d1ee6f\" data-element_type=\"container\" data-e-type=\"container\">\n\t\t<div class=\"elementor-element elementor-element-af03a86 e-con-full e-flex e-con e-child\" data-id=\"af03a86\" data-element_type=\"container\" data-e-type=\"container\">\n\t\t\t\t<div class=\"elementor-element elementor-element-3ea6784 elementor-widget elementor-widget-heading\" data-id=\"3ea6784\" data-element_type=\"widget\" data-e-type=\"widget\" data-widget_type=\"heading.default\">\n\t\t\t\t<div class=\"elementor-widget-container\">\n\t\t\t\t\t<h2 class=\"elementor-heading-title elementor-size-default\">Fiabilit\u00e9 et haut rendement<\/h2>\t\t\t\t<\/div>\n\t\t\t\t<\/div>\n\t\t\t\t<div class=\"elementor-element elementor-element-153b410 elementor-widget elementor-widget-text-editor\" data-id=\"153b410\" data-element_type=\"widget\" data-e-type=\"widget\" data-widget_type=\"text-editor.default\">\n\t\t\t\t<div class=\"elementor-widget-container\">\n\t\t\t\t\t\t\t\t\t<p>La\u00a0<strong>certification 80 PLUS Platinum\u00a0<\/strong>garantit une efficacit\u00e9 \u00e9nerg\u00e9tique \u00e9lev\u00e9e gr\u00e2ce \u00e0 un haut rendement impressionnant. Avec sa consommation r\u00e9duite et des pertes limit\u00e9es, l&rsquo;alimentation\u00a0<strong>PC Fox Spirit XT 850\u00a0<\/strong>vous permet de r\u00e9aliser des \u00e9conomies. En consommant moins et en d\u00e9gageant moins de chaleur, cette alimentation offre de meilleures performances et une fiabilit\u00e9 syst\u00e8me accrue.\u00a0<br \/><br \/>Pour une durabilit\u00e9 et une fiabilit\u00e9 globale maximales, elle est \u00e9quip\u00e9e de\u00a0<strong>condensateurs japonais<\/strong>\u00a0(JP CAP), connus pour leur qualit\u00e9 sup\u00e9rieure et leur r\u00e9sistance \u00e0 l\u2019usure. Elle est \u00e9galement dot\u00e9e de multiples protections de s\u00e9curit\u00e9 pour une protection compl\u00e8te contre les surcharges, surtensions, courts-circuits et baisses d\u2019intensit\u00e9. Ces dispositifs garantissent la s\u00e9curit\u00e9 de votre mat\u00e9riel et de l&rsquo;ensemble de vos composants.<\/p>\t\t\t\t\t\t\t\t<\/div>\n\t\t\t\t<\/div>\n\t\t\t\t<\/div>\n\t\t<div class=\"elementor-element elementor-element-2c2b113 e-con-full e-flex e-con e-child\" data-id=\"2c2b113\" data-element_type=\"container\" data-e-type=\"container\">\n\t\t\t\t<div class=\"elementor-element elementor-element-b5f4bfa elementor-widget elementor-widget-image\" data-id=\"b5f4bfa\" data-element_type=\"widget\" data-e-type=\"widget\" data-widget_type=\"image.default\">\n\t\t\t\t<div class=\"elementor-widget-container\">\n\t\t\t\t\t\t\t\t\t\t\t\t\t\t\t<img decoding=\"async\" width=\"772\" height=\"1000\" src=\"https:\/\/www.fox-spirit.com\/wp-content\/uploads\/2025\/02\/80_Plus_Platinum.webp\" class=\"attachment-large size-large wp-image-2808\" alt=\"\u00c9tiquette certification platinum pour les alimentations\" srcset=\"https:\/\/www.fox-spirit.com\/wp-content\/uploads\/2025\/02\/80_Plus_Platinum.webp 772w, https:\/\/www.fox-spirit.com\/wp-content\/uploads\/2025\/02\/80_Plus_Platinum-232x300.webp 232w, https:\/\/www.fox-spirit.com\/wp-content\/uploads\/2025\/02\/80_Plus_Platinum-768x995.webp 768w, https:\/\/www.fox-spirit.com\/wp-content\/uploads\/2025\/02\/80_Plus_Platinum-600x777.webp 600w\" sizes=\"(max-width: 772px) 100vw, 772px\" \/>\t\t\t\t\t\t\t\t\t\t\t\t\t\t\t<\/div>\n\t\t\t\t<\/div>\n\t\t\t\t<\/div>\n\t\t\t\t<\/div>\n\t\t<div class=\"elementor-element elementor-element-f181f91 e-con-full e-flex e-con e-child\" data-id=\"f181f91\" data-element_type=\"container\" data-e-type=\"container\">\n\t\t<div class=\"elementor-element elementor-element-473964d e-con-full e-flex e-con e-child\" data-id=\"473964d\" data-element_type=\"container\" data-e-type=\"container\">\n\t\t\t\t<div class=\"elementor-element elementor-element-42d89be elementor-widget elementor-widget-image\" data-id=\"42d89be\" data-element_type=\"widget\" data-e-type=\"widget\" data-widget_type=\"image.default\">\n\t\t\t\t<div class=\"elementor-widget-container\">\n\t\t\t\t\t\t\t\t\t\t\t\t\t\t\t<img decoding=\"async\" width=\"800\" height=\"800\" src=\"https:\/\/www.fox-spirit.com\/wp-content\/uploads\/2025\/02\/XT750_XT850_03.webp\" class=\"attachment-large size-large wp-image-2804\" alt=\"Alimentation ATX noire, vue de dos\" srcset=\"https:\/\/www.fox-spirit.com\/wp-content\/uploads\/2025\/02\/XT750_XT850_03.webp 1000w, https:\/\/www.fox-spirit.com\/wp-content\/uploads\/2025\/02\/XT750_XT850_03-300x300.webp 300w, https:\/\/www.fox-spirit.com\/wp-content\/uploads\/2025\/02\/XT750_XT850_03-150x150.webp 150w, https:\/\/www.fox-spirit.com\/wp-content\/uploads\/2025\/02\/XT750_XT850_03-768x768.webp 768w, https:\/\/www.fox-spirit.com\/wp-content\/uploads\/2025\/02\/XT750_XT850_03-600x600.webp 600w, https:\/\/www.fox-spirit.com\/wp-content\/uploads\/2025\/02\/XT750_XT850_03-100x100.webp 100w\" sizes=\"(max-width: 800px) 100vw, 800px\" \/>\t\t\t\t\t\t\t\t\t\t\t\t\t\t\t<\/div>\n\t\t\t\t<\/div>\n\t\t\t\t<\/div>\n\t\t<div class=\"elementor-element elementor-element-af61d35 e-con-full e-flex e-con e-child\" data-id=\"af61d35\" data-element_type=\"container\" data-e-type=\"container\">\n\t\t\t\t<div class=\"elementor-element elementor-element-5b7ca56 elementor-widget elementor-widget-heading\" data-id=\"5b7ca56\" data-element_type=\"widget\" data-e-type=\"widget\" data-widget_type=\"heading.default\">\n\t\t\t\t<div class=\"elementor-widget-container\">\n\t\t\t\t\t<h2 class=\"elementor-heading-title elementor-size-default\">Points Forts :<\/h2>\t\t\t\t<\/div>\n\t\t\t\t<\/div>\n\t\t\t\t<div class=\"elementor-element elementor-element-78d5651 elementor-widget elementor-widget-text-editor\" data-id=\"78d5651\" data-element_type=\"widget\" data-e-type=\"widget\" data-widget_type=\"text-editor.default\">\n\t\t\t\t<div class=\"elementor-widget-container\">\n\t\t\t\t\t\t\t\t\t<ul><li><strong>Norme ATX 3.1 : C\u00e2ble PCIe 5.1\u00a0\/ 12V-2&#215;6\u00a0<\/strong>pour alimenter les cartes graphiques r\u00e9centes<\/li><li><strong>100% modulaire :\u00a0<\/strong>utilisez uniquement les c\u00e2bles dont vous avez besoin<\/li><li><strong>80 PLUS Platinum :\u00a0<\/strong>Haute efficacit\u00e9 \u00e9nerg\u00e9tique et haut rendement garantis<\/li><li>JP CAP : condensateur primaire japonais<\/li><li>Protections contre les surcharges, surtensions, courts-circuits et baisses d&rsquo;intensit\u00e9<\/li><li><strong>Garantie 10 ans<\/strong><\/li><\/ul>\t\t\t\t\t\t\t\t<\/div>\n\t\t\t\t<\/div>\n\t\t\t\t<\/div>\n\t\t\t\t<\/div>\n\t\t\t\t<\/div>\n\t\t\t\t<\/div>\n\t\t\n","protected":false},"excerpt":{"rendered":"<p>L&rsquo;alimentation Fox Spirit XT 750 80PLUS Platinum\u00a0est une alimentation PC haut de gamme, haut rendement et hautes performances. 100% modulaire et con\u00e7ue pour les configurations de derni\u00e8re g\u00e9n\u00e9ration, elle int\u00e8gre les connecteurs les plus r\u00e9cents pour des performances et une fiabilit\u00e9 de premier plan<\/p>\n","protected":false},"featured_media":2813,"template":"","meta":{"_acf_changed":false},"product_brand":[],"product_cat":[30],"product_tag":[],"class_list":{"0":"post-2812","1":"product","2":"type-product","3":"status-publish","4":"has-post-thumbnail","6":"product_cat-alimentation","8":"first","9":"instock","10":"shipping-taxable","11":"product-type-simple"},"acf":[],"yoast_head":"<!-- This site is optimized with the Yoast SEO plugin v27.4 - https:\/\/yoast.com\/product\/yoast-seo-wordpress\/ -->\n<title>Fox Spirit - XT850<\/title>\n<meta name=\"description\" content=\"D\u00e9couvrez l&#039;alimentation PC XT 850 FOX SPIRIT avec 850 watts de puissance et une certification 80PLUS Platinum, id\u00e9ale pour des configurations r\u00e9centes.\" \/>\n<meta name=\"robots\" content=\"index, follow, max-snippet:-1, max-image-preview:large, max-video-preview:-1\" \/>\n<link rel=\"canonical\" href=\"https:\/\/www.fox-spirit.com\/?product=xt850\" \/>\n<meta property=\"og:locale\" content=\"fr_FR\" \/>\n<meta property=\"og:type\" content=\"article\" \/>\n<meta property=\"og:title\" content=\"Fox Spirit - XT850\" \/>\n<meta property=\"og:description\" content=\"D\u00e9couvrez l&#039;alimentation PC XT 850 FOX SPIRIT avec 850 watts de puissance et une certification 80PLUS Platinum, id\u00e9ale pour des configurations r\u00e9centes.\" \/>\n<meta property=\"og:url\" content=\"https:\/\/www.fox-spirit.com\/?product=xt850\" \/>\n<meta property=\"og:site_name\" content=\"Fox Spirit\" \/>\n<meta property=\"article:modified_time\" content=\"2025-02-14T12:51:47+00:00\" \/>\n<meta property=\"og:image\" content=\"https:\/\/www.fox-spirit.com\/wp-content\/uploads\/2025\/02\/XT850_01.webp\" \/>\n\t<meta property=\"og:image:width\" content=\"1000\" \/>\n\t<meta property=\"og:image:height\" content=\"1000\" \/>\n\t<meta property=\"og:image:type\" content=\"image\/webp\" \/>\n<meta name=\"twitter:card\" content=\"summary_large_image\" \/>\n<meta name=\"twitter:label1\" content=\"Dur\u00e9e de lecture estim\u00e9e\" \/>\n\t<meta name=\"twitter:data1\" content=\"1 minute\" \/>\n<script type=\"application\/ld+json\" class=\"yoast-schema-graph\">{\"@context\":\"https:\\\/\\\/schema.org\",\"@graph\":[{\"@type\":\"WebPage\",\"@id\":\"https:\\\/\\\/www.fox-spirit.com\\\/?product=xt850\",\"url\":\"https:\\\/\\\/www.fox-spirit.com\\\/?product=xt850\",\"name\":\"Fox Spirit - XT850\",\"isPartOf\":{\"@id\":\"https:\\\/\\\/www.fox-spirit.com\\\/#website\"},\"primaryImageOfPage\":{\"@id\":\"https:\\\/\\\/www.fox-spirit.com\\\/?product=xt850#primaryimage\"},\"image\":{\"@id\":\"https:\\\/\\\/www.fox-spirit.com\\\/?product=xt850#primaryimage\"},\"thumbnailUrl\":\"https:\\\/\\\/www.fox-spirit.com\\\/wp-content\\\/uploads\\\/2025\\\/02\\\/XT850_01.webp\",\"datePublished\":\"2025-02-04T16:24:33+00:00\",\"dateModified\":\"2025-02-14T12:51:47+00:00\",\"description\":\"D\u00e9couvrez l'alimentation PC XT 850 FOX SPIRIT avec 850 watts de puissance et une certification 80PLUS Platinum, id\u00e9ale pour des configurations r\u00e9centes.\",\"breadcrumb\":{\"@id\":\"https:\\\/\\\/www.fox-spirit.com\\\/?product=xt850#breadcrumb\"},\"inLanguage\":\"fr-FR\",\"potentialAction\":[{\"@type\":\"ReadAction\",\"target\":[\"https:\\\/\\\/www.fox-spirit.com\\\/?product=xt850\"]}]},{\"@type\":\"ImageObject\",\"inLanguage\":\"fr-FR\",\"@id\":\"https:\\\/\\\/www.fox-spirit.com\\\/?product=xt850#primaryimage\",\"url\":\"https:\\\/\\\/www.fox-spirit.com\\\/wp-content\\\/uploads\\\/2025\\\/02\\\/XT850_01.webp\",\"contentUrl\":\"https:\\\/\\\/www.fox-spirit.com\\\/wp-content\\\/uploads\\\/2025\\\/02\\\/XT850_01.webp\",\"width\":1000,\"height\":1000,\"caption\":\"Alimentation ATX noire XT850 FOX SPIRIT\"},{\"@type\":\"BreadcrumbList\",\"@id\":\"https:\\\/\\\/www.fox-spirit.com\\\/?product=xt850#breadcrumb\",\"itemListElement\":[{\"@type\":\"ListItem\",\"position\":1,\"name\":\"Home\",\"item\":\"https:\\\/\\\/www.fox-spirit.com\\\/\"},{\"@type\":\"ListItem\",\"position\":2,\"name\":\"Univers\",\"item\":\"https:\\\/\\\/www.fox-spirit.com\\\/?page_id=1224\"},{\"@type\":\"ListItem\",\"position\":3,\"name\":\"Composants PC\",\"item\":\"https:\\\/\\\/www.fox-spirit.com\\\/?product_cat=composants-pc\"},{\"@type\":\"ListItem\",\"position\":4,\"name\":\"Alimentation\",\"item\":\"https:\\\/\\\/www.fox-spirit.com\\\/?product_cat=alimentation\"},{\"@type\":\"ListItem\",\"position\":5,\"name\":\"XT850\"}]},{\"@type\":\"WebSite\",\"@id\":\"https:\\\/\\\/www.fox-spirit.com\\\/#website\",\"url\":\"https:\\\/\\\/www.fox-spirit.com\\\/\",\"name\":\"Fox Spirit\",\"description\":\"JOUEZ. RUSEZ.\",\"publisher\":{\"@id\":\"https:\\\/\\\/www.fox-spirit.com\\\/#organization\"},\"potentialAction\":[{\"@type\":\"SearchAction\",\"target\":{\"@type\":\"EntryPoint\",\"urlTemplate\":\"https:\\\/\\\/www.fox-spirit.com\\\/?s={search_term_string}\"},\"query-input\":{\"@type\":\"PropertyValueSpecification\",\"valueRequired\":true,\"valueName\":\"search_term_string\"}}],\"inLanguage\":\"fr-FR\"},{\"@type\":\"Organization\",\"@id\":\"https:\\\/\\\/www.fox-spirit.com\\\/#organization\",\"name\":\"Groupe LDLC\",\"url\":\"https:\\\/\\\/www.fox-spirit.com\\\/\",\"logo\":{\"@type\":\"ImageObject\",\"inLanguage\":\"fr-FR\",\"@id\":\"https:\\\/\\\/www.fox-spirit.com\\\/#\\\/schema\\\/logo\\\/image\\\/\",\"url\":\"https:\\\/\\\/www.fox-spirit.com\\\/wp-content\\\/uploads\\\/2024\\\/12\\\/logo_FoxSpirit_red.png\",\"contentUrl\":\"https:\\\/\\\/www.fox-spirit.com\\\/wp-content\\\/uploads\\\/2024\\\/12\\\/logo_FoxSpirit_red.png\",\"width\":1600,\"height\":1600,\"caption\":\"Groupe LDLC\"},\"image\":{\"@id\":\"https:\\\/\\\/www.fox-spirit.com\\\/#\\\/schema\\\/logo\\\/image\\\/\"}}]}<\/script>\n<!-- \/ Yoast SEO plugin. -->","yoast_head_json":{"title":"Fox Spirit - XT850","description":"D\u00e9couvrez l'alimentation PC XT 850 FOX SPIRIT avec 850 watts de puissance et une certification 80PLUS Platinum, id\u00e9ale pour des configurations r\u00e9centes.","robots":{"index":"index","follow":"follow","max-snippet":"max-snippet:-1","max-image-preview":"max-image-preview:large","max-video-preview":"max-video-preview:-1"},"canonical":"https:\/\/www.fox-spirit.com\/?product=xt850","og_locale":"fr_FR","og_type":"article","og_title":"Fox Spirit - XT850","og_description":"D\u00e9couvrez l'alimentation PC XT 850 FOX SPIRIT avec 850 watts de puissance et une certification 80PLUS Platinum, id\u00e9ale pour des configurations r\u00e9centes.","og_url":"https:\/\/www.fox-spirit.com\/?product=xt850","og_site_name":"Fox Spirit","article_modified_time":"2025-02-14T12:51:47+00:00","og_image":[{"width":1000,"height":1000,"url":"https:\/\/www.fox-spirit.com\/wp-content\/uploads\/2025\/02\/XT850_01.webp","type":"image\/webp"}],"twitter_card":"summary_large_image","twitter_misc":{"Dur\u00e9e de lecture estim\u00e9e":"1 minute"},"schema":{"@context":"https:\/\/schema.org","@graph":[{"@type":"WebPage","@id":"https:\/\/www.fox-spirit.com\/?product=xt850","url":"https:\/\/www.fox-spirit.com\/?product=xt850","name":"Fox Spirit - XT850","isPartOf":{"@id":"https:\/\/www.fox-spirit.com\/#website"},"primaryImageOfPage":{"@id":"https:\/\/www.fox-spirit.com\/?product=xt850#primaryimage"},"image":{"@id":"https:\/\/www.fox-spirit.com\/?product=xt850#primaryimage"},"thumbnailUrl":"https:\/\/www.fox-spirit.com\/wp-content\/uploads\/2025\/02\/XT850_01.webp","datePublished":"2025-02-04T16:24:33+00:00","dateModified":"2025-02-14T12:51:47+00:00","description":"D\u00e9couvrez l'alimentation PC XT 850 FOX SPIRIT avec 850 watts de puissance et une certification 80PLUS Platinum, id\u00e9ale pour des configurations r\u00e9centes.","breadcrumb":{"@id":"https:\/\/www.fox-spirit.com\/?product=xt850#breadcrumb"},"inLanguage":"fr-FR","potentialAction":[{"@type":"ReadAction","target":["https:\/\/www.fox-spirit.com\/?product=xt850"]}]},{"@type":"ImageObject","inLanguage":"fr-FR","@id":"https:\/\/www.fox-spirit.com\/?product=xt850#primaryimage","url":"https:\/\/www.fox-spirit.com\/wp-content\/uploads\/2025\/02\/XT850_01.webp","contentUrl":"https:\/\/www.fox-spirit.com\/wp-content\/uploads\/2025\/02\/XT850_01.webp","width":1000,"height":1000,"caption":"Alimentation ATX noire XT850 FOX SPIRIT"},{"@type":"BreadcrumbList","@id":"https:\/\/www.fox-spirit.com\/?product=xt850#breadcrumb","itemListElement":[{"@type":"ListItem","position":1,"name":"Home","item":"https:\/\/www.fox-spirit.com\/"},{"@type":"ListItem","position":2,"name":"Univers","item":"https:\/\/www.fox-spirit.com\/?page_id=1224"},{"@type":"ListItem","position":3,"name":"Composants PC","item":"https:\/\/www.fox-spirit.com\/?product_cat=composants-pc"},{"@type":"ListItem","position":4,"name":"Alimentation","item":"https:\/\/www.fox-spirit.com\/?product_cat=alimentation"},{"@type":"ListItem","position":5,"name":"XT850"}]},{"@type":"WebSite","@id":"https:\/\/www.fox-spirit.com\/#website","url":"https:\/\/www.fox-spirit.com\/","name":"Fox Spirit","description":"JOUEZ. RUSEZ.","publisher":{"@id":"https:\/\/www.fox-spirit.com\/#organization"},"potentialAction":[{"@type":"SearchAction","target":{"@type":"EntryPoint","urlTemplate":"https:\/\/www.fox-spirit.com\/?s={search_term_string}"},"query-input":{"@type":"PropertyValueSpecification","valueRequired":true,"valueName":"search_term_string"}}],"inLanguage":"fr-FR"},{"@type":"Organization","@id":"https:\/\/www.fox-spirit.com\/#organization","name":"Groupe LDLC","url":"https:\/\/www.fox-spirit.com\/","logo":{"@type":"ImageObject","inLanguage":"fr-FR","@id":"https:\/\/www.fox-spirit.com\/#\/schema\/logo\/image\/","url":"https:\/\/www.fox-spirit.com\/wp-content\/uploads\/2024\/12\/logo_FoxSpirit_red.png","contentUrl":"https:\/\/www.fox-spirit.com\/wp-content\/uploads\/2024\/12\/logo_FoxSpirit_red.png","width":1600,"height":1600,"caption":"Groupe LDLC"},"image":{"@id":"https:\/\/www.fox-spirit.com\/#\/schema\/logo\/image\/"}}]}},"_links":{"self":[{"href":"https:\/\/www.fox-spirit.com\/index.php?rest_route=\/wp\/v2\/product\/2812","targetHints":{"allow":["GET"]}}],"collection":[{"href":"https:\/\/www.fox-spirit.com\/index.php?rest_route=\/wp\/v2\/product"}],"about":[{"href":"https:\/\/www.fox-spirit.com\/index.php?rest_route=\/wp\/v2\/types\/product"}],"version-history":[{"count":7,"href":"https:\/\/www.fox-spirit.com\/index.php?rest_route=\/wp\/v2\/product\/2812\/revisions"}],"predecessor-version":[{"id":3662,"href":"https:\/\/www.fox-spirit.com\/index.php?rest_route=\/wp\/v2\/product\/2812\/revisions\/3662"}],"wp:featuredmedia":[{"embeddable":true,"href":"https:\/\/www.fox-spirit.com\/index.php?rest_route=\/wp\/v2\/media\/2813"}],"wp:attachment":[{"href":"https:\/\/www.fox-spirit.com\/index.php?rest_route=%2Fwp%2Fv2%2Fmedia&parent=2812"}],"wp:term":[{"taxonomy":"product_brand","embeddable":true,"href":"https:\/\/www.fox-spirit.com\/index.php?rest_route=%2Fwp%2Fv2%2Fproduct_brand&post=2812"},{"taxonomy":"product_cat","embeddable":true,"href":"https:\/\/www.fox-spirit.com\/index.php?rest_route=%2Fwp%2Fv2%2Fproduct_cat&post=2812"},{"taxonomy":"product_tag","embeddable":true,"href":"https:\/\/www.fox-spirit.com\/index.php?rest_route=%2Fwp%2Fv2%2Fproduct_tag&post=2812"}],"curies":[{"name":"wp","href":"https:\/\/api.w.org\/{rel}","templated":true}]}}