{"id":2953,"date":"2025-02-05T11:52:10","date_gmt":"2025-02-05T10:52:10","guid":{"rendered":"https:\/\/www.fox-spirit.com\/?post_type=product&#038;p=2953"},"modified":"2025-02-14T12:49:30","modified_gmt":"2025-02-14T11:49:30","slug":"dh7","status":"publish","type":"product","link":"https:\/\/www.fox-spirit.com\/?product=dh7","title":{"rendered":"DH7"},"content":{"rendered":"\t\t<div data-elementor-type=\"container\" data-elementor-id=\"2961\" class=\"elementor elementor-2961\" data-elementor-post-type=\"elementor_library\">\n\t\t\t\t<div class=\"elementor-element elementor-element-f075c9b e-con-full e-flex e-con e-parent\" data-id=\"f075c9b\" data-element_type=\"container\" data-e-type=\"container\">\n\t\t<div class=\"elementor-element elementor-element-14e4077 e-con-full e-flex e-con e-child\" data-id=\"14e4077\" data-element_type=\"container\" data-e-type=\"container\">\n\t\t\t\t<div class=\"elementor-element elementor-element-9c769af elementor-widget elementor-widget-heading\" data-id=\"9c769af\" data-element_type=\"widget\" data-e-type=\"widget\" data-widget_type=\"heading.default\">\n\t\t\t\t<div class=\"elementor-widget-container\">\n\t\t\t\t\t<h2 class=\"elementor-heading-title elementor-size-default\">Micro-casque gaming surround compatible PC<\/h2>\t\t\t\t<\/div>\n\t\t\t\t<\/div>\n\t\t\t\t<div class=\"elementor-element elementor-element-9626083 elementor-widget elementor-widget-text-editor\" data-id=\"9626083\" data-element_type=\"widget\" data-e-type=\"widget\" data-widget_type=\"text-editor.default\">\n\t\t\t\t<div class=\"elementor-widget-container\">\n\t\t\t\t\t\t\t\t\t<p>Casque gaming remarquable avec un rapport qualit\u00e9 \/ prix imbattable, le\u00a0<strong>Fox Spirit DH7<\/strong>\u00a0allie performance, efficacit\u00e9 et ergonomie pour vous permettre de profiter de vos jeux dans les meilleures conditions. Confortable et particuli\u00e8rement bien con\u00e7u, il est agr\u00e9able \u00e0 porter et sera parfait pour de longues sessions de jeu. Il b\u00e9n\u00e9ficie d&rsquo;une conception de type semi-ouvert pour une meilleure restitution sonore.<\/p>\t\t\t\t\t\t\t\t<\/div>\n\t\t\t\t<\/div>\n\t\t\t\t<\/div>\n\t\t<div class=\"elementor-element elementor-element-0c11eb0 e-con-full e-flex e-con e-child\" data-id=\"0c11eb0\" data-element_type=\"container\" data-e-type=\"container\">\n\t\t<div class=\"elementor-element elementor-element-bcf431d e-con-full e-flex e-con e-child\" data-id=\"bcf431d\" data-element_type=\"container\" data-e-type=\"container\">\n\t\t\t\t<div class=\"elementor-element elementor-element-85e8cfb elementor-widget elementor-widget-image\" data-id=\"85e8cfb\" data-element_type=\"widget\" data-e-type=\"widget\" data-widget_type=\"image.default\">\n\t\t\t\t<div class=\"elementor-widget-container\">\n\t\t\t\t\t\t\t\t\t\t\t\t\t\t\t<img fetchpriority=\"high\" decoding=\"async\" width=\"800\" height=\"800\" src=\"https:\/\/www.fox-spirit.com\/wp-content\/uploads\/2025\/02\/DH7_NOIR_desc_01.png\" class=\"attachment-large size-large wp-image-2963\" alt=\"Focus sur le casque audio gaming DH7 port\u00e9 par une personne jouant \u00e0 un jeu\" srcset=\"https:\/\/www.fox-spirit.com\/wp-content\/uploads\/2025\/02\/DH7_NOIR_desc_01.png 1000w, https:\/\/www.fox-spirit.com\/wp-content\/uploads\/2025\/02\/DH7_NOIR_desc_01-300x300.png 300w, https:\/\/www.fox-spirit.com\/wp-content\/uploads\/2025\/02\/DH7_NOIR_desc_01-150x150.png 150w, https:\/\/www.fox-spirit.com\/wp-content\/uploads\/2025\/02\/DH7_NOIR_desc_01-768x768.png 768w, https:\/\/www.fox-spirit.com\/wp-content\/uploads\/2025\/02\/DH7_NOIR_desc_01-600x600.png 600w, https:\/\/www.fox-spirit.com\/wp-content\/uploads\/2025\/02\/DH7_NOIR_desc_01-100x100.png 100w\" sizes=\"(max-width: 800px) 100vw, 800px\" \/>\t\t\t\t\t\t\t\t\t\t\t\t\t\t\t<\/div>\n\t\t\t\t<\/div>\n\t\t\t\t<\/div>\n\t\t<div class=\"elementor-element elementor-element-ddd2c69 e-con-full e-flex e-con e-child\" data-id=\"ddd2c69\" data-element_type=\"container\" data-e-type=\"container\">\n\t\t\t\t<div class=\"elementor-element elementor-element-d3f5cf6 elementor-widget elementor-widget-heading\" data-id=\"d3f5cf6\" data-element_type=\"widget\" data-e-type=\"widget\" data-widget_type=\"heading.default\">\n\t\t\t\t<div class=\"elementor-widget-container\">\n\t\t\t\t\t<h2 class=\"elementor-heading-title elementor-size-default\">Des heures de jeu en perspective<\/h2>\t\t\t\t<\/div>\n\t\t\t\t<\/div>\n\t\t\t\t<div class=\"elementor-element elementor-element-89251d0 elementor-widget elementor-widget-text-editor\" data-id=\"89251d0\" data-element_type=\"widget\" data-e-type=\"widget\" data-widget_type=\"text-editor.default\">\n\t\t\t\t<div class=\"elementor-widget-container\">\n\t\t\t\t\t\t\t\t\t<p>Le\u00a0<strong>casque\u00a0Fox Spirit DH7<\/strong>\u00a0est dot\u00e9 de<strong>\u00a0HP 50 mm\u00a0<\/strong>pour une meilleure restitution sonore. Des basses profondes et des m\u00e9diums\/aigus clairs vous permettent de profiter au mieux de vos jeux et de votre musique. Le\u00a0<strong>son surround 7.1 virtuel<\/strong>\u00a0(PC uniquement) est id\u00e9al pour plonger au coeur de l&rsquo;action ou\u00a0rep\u00e9rer ses ennemis facilement en jeu. Le\u00a0<strong>microphone amovible<\/strong>\u00a0peut \u00eatre retir\u00e9 (ou remis) en toute simplicit\u00e9. Le<strong>\u00a0casque gamer Fox Spirit DH7<\/strong>\u00a0se connecte tr\u00e8s simplement \u00e0 votre PC, PC portable, tablette, smartphone ou console gr\u00e2ce au connecteur jack 3.5 mm st\u00e9r\u00e9o. Un cordon adaptateur \u00ab\u00a0Y\u00a0\u00bb permet de connecter \u00e9ventuellement le casque \u00e0 une prise casque ainsi qu&rsquo;\u00e0 une prise micro. Enfin, pour profiter d&rsquo;un\u00a0<strong>son surround 7.1 virtuel<\/strong>, il vous suffit d&rsquo;utiliser la\u00a0<strong>carte son USB fournie<\/strong>\u00a0(compatible PC uniquement).\u00a0Avec un\u00a0<strong>poids total de seulement 320 gr<\/strong>, le\u00a0<strong>micro-casque gaming Fox Spirit DH7<\/strong>\u00a0est confortable et facile \u00e0 porter.<\/p>\t\t\t\t\t\t\t\t<\/div>\n\t\t\t\t<\/div>\n\t\t\t\t<\/div>\n\t\t\t\t<\/div>\n\t\t<div class=\"elementor-element elementor-element-4d1ee6f e-con-full e-flex e-con e-child\" data-id=\"4d1ee6f\" data-element_type=\"container\" data-e-type=\"container\">\n\t\t<div class=\"elementor-element elementor-element-af03a86 e-con-full e-flex e-con e-child\" data-id=\"af03a86\" data-element_type=\"container\" data-e-type=\"container\">\n\t\t\t\t<div class=\"elementor-element elementor-element-3ea6784 elementor-widget elementor-widget-heading\" data-id=\"3ea6784\" data-element_type=\"widget\" data-e-type=\"widget\" data-widget_type=\"heading.default\">\n\t\t\t\t<div class=\"elementor-widget-container\">\n\t\t\t\t\t<h2 class=\"elementor-heading-title elementor-size-default\">Caract\u00e9ristiques principales :<\/h2>\t\t\t\t<\/div>\n\t\t\t\t<\/div>\n\t\t\t\t<div class=\"elementor-element elementor-element-153b410 elementor-widget elementor-widget-text-editor\" data-id=\"153b410\" data-element_type=\"widget\" data-e-type=\"widget\" data-widget_type=\"text-editor.default\">\n\t\t\t\t<div class=\"elementor-widget-container\">\n\t\t\t\t\t\t\t\t\t<ul><li><strong>Casque\u00a0circum-auriculaire semi-ouvert<\/strong><\/li><li><strong>Son surround virtuel 7.1<\/strong>\u00a0(PC uniquement)<\/li><li>Oreillettes similicuir avec oreillettes de rechange en tissu<\/li><li>HP 50 mm<\/li><li>Imp\u00e9dance : 32 ohms<\/li><li>Commandes de volume int\u00e9gr\u00e9es<\/li><li>Microphone omnidirectionnel d\u00e9tachable<\/li><li>Mode de connexion : 1x jack 3.5 mm st\u00e9r\u00e9o ou 2x\u00a0jack 3.5 mm st\u00e9r\u00e9o (via adaptateur Y inclus) ou USB (carte son USB incluse)<\/li><li>Longueur du c\u00e2ble : 2 m<\/li><\/ul>\t\t\t\t\t\t\t\t<\/div>\n\t\t\t\t<\/div>\n\t\t\t\t<\/div>\n\t\t<div class=\"elementor-element elementor-element-2c2b113 e-con-full e-flex e-con e-child\" data-id=\"2c2b113\" data-element_type=\"container\" data-e-type=\"container\">\n\t\t\t\t<div class=\"elementor-element elementor-element-b5f4bfa elementor-widget elementor-widget-image\" data-id=\"b5f4bfa\" data-element_type=\"widget\" data-e-type=\"widget\" data-widget_type=\"image.default\">\n\t\t\t\t<div class=\"elementor-widget-container\">\n\t\t\t\t\t\t\t\t\t\t\t\t\t\t\t<img decoding=\"async\" width=\"800\" height=\"800\" src=\"https:\/\/www.fox-spirit.com\/wp-content\/uploads\/2025\/02\/DH7_NOIR_06.webp\" class=\"attachment-large size-large wp-image-2959\" alt=\"Accessoires gaming pour DH7 avec carte son, prot\u00e8ge micro et oreillettes\" srcset=\"https:\/\/www.fox-spirit.com\/wp-content\/uploads\/2025\/02\/DH7_NOIR_06.webp 1000w, https:\/\/www.fox-spirit.com\/wp-content\/uploads\/2025\/02\/DH7_NOIR_06-300x300.webp 300w, https:\/\/www.fox-spirit.com\/wp-content\/uploads\/2025\/02\/DH7_NOIR_06-150x150.webp 150w, https:\/\/www.fox-spirit.com\/wp-content\/uploads\/2025\/02\/DH7_NOIR_06-768x768.webp 768w, https:\/\/www.fox-spirit.com\/wp-content\/uploads\/2025\/02\/DH7_NOIR_06-600x600.webp 600w, https:\/\/www.fox-spirit.com\/wp-content\/uploads\/2025\/02\/DH7_NOIR_06-100x100.webp 100w\" sizes=\"(max-width: 800px) 100vw, 800px\" \/>\t\t\t\t\t\t\t\t\t\t\t\t\t\t\t<\/div>\n\t\t\t\t<\/div>\n\t\t\t\t<\/div>\n\t\t\t\t<\/div>\n\t\t\t\t<\/div>\n\t\t\t\t<\/div>\n\t\t\n","protected":false},"excerpt":{"rendered":"<p class=\"desc\">Casque gaming remarquable avec un rapport qualit\u00e9 \/ prix imbattable, le Fox Spirit DH7 allie performance, efficacit\u00e9 et ergonomie pour vous permettre de profiter de vos jeux dans les meilleures conditions. Confortable et particuli\u00e8rement bien con\u00e7u, il est parfait pour de longues sessions de jeu.<\/p>\n","protected":false},"featured_media":2954,"template":"","meta":{"_acf_changed":false},"product_brand":[],"product_cat":[36],"product_tag":[],"class_list":{"0":"post-2953","1":"product","2":"type-product","3":"status-publish","4":"has-post-thumbnail","6":"product_cat-casque-audio","8":"first","9":"instock","10":"shipping-taxable","11":"product-type-simple"},"acf":[],"yoast_head":"<!-- This site is optimized with the Yoast SEO plugin v27.4 - https:\/\/yoast.com\/product\/yoast-seo-wordpress\/ -->\n<title>Fox Spirit - DH7<\/title>\n<meta name=\"description\" content=\"D\u00e9couvrez le casque audio gaming DH7 FOX SPIRIT, alliant performance, efficacit\u00e9 et ergonomie, pour profiter pleinement de vos longues sessions de jeu.\" \/>\n<meta name=\"robots\" content=\"index, follow, max-snippet:-1, max-image-preview:large, max-video-preview:-1\" \/>\n<link rel=\"canonical\" href=\"https:\/\/www.fox-spirit.com\/?product=dh7\" \/>\n<meta property=\"og:locale\" content=\"fr_FR\" \/>\n<meta property=\"og:type\" content=\"article\" \/>\n<meta property=\"og:title\" content=\"Fox Spirit - DH7\" \/>\n<meta property=\"og:description\" content=\"D\u00e9couvrez le casque audio gaming DH7 FOX SPIRIT, alliant performance, efficacit\u00e9 et ergonomie, pour profiter pleinement de vos longues sessions de jeu.\" \/>\n<meta property=\"og:url\" content=\"https:\/\/www.fox-spirit.com\/?product=dh7\" \/>\n<meta property=\"og:site_name\" content=\"Fox Spirit\" \/>\n<meta property=\"article:modified_time\" content=\"2025-02-14T11:49:30+00:00\" \/>\n<meta property=\"og:image\" content=\"https:\/\/www.fox-spirit.com\/wp-content\/uploads\/2025\/02\/DH7_NOIR_01.webp\" \/>\n\t<meta property=\"og:image:width\" content=\"1000\" \/>\n\t<meta property=\"og:image:height\" content=\"1000\" \/>\n\t<meta property=\"og:image:type\" content=\"image\/webp\" \/>\n<meta name=\"twitter:card\" content=\"summary_large_image\" \/>\n<meta name=\"twitter:label1\" content=\"Dur\u00e9e de lecture estim\u00e9e\" \/>\n\t<meta name=\"twitter:data1\" content=\"1 minute\" \/>\n<script type=\"application\/ld+json\" class=\"yoast-schema-graph\">{\"@context\":\"https:\\\/\\\/schema.org\",\"@graph\":[{\"@type\":\"WebPage\",\"@id\":\"https:\\\/\\\/www.fox-spirit.com\\\/?product=dh7\",\"url\":\"https:\\\/\\\/www.fox-spirit.com\\\/?product=dh7\",\"name\":\"Fox Spirit - DH7\",\"isPartOf\":{\"@id\":\"https:\\\/\\\/www.fox-spirit.com\\\/#website\"},\"primaryImageOfPage\":{\"@id\":\"https:\\\/\\\/www.fox-spirit.com\\\/?product=dh7#primaryimage\"},\"image\":{\"@id\":\"https:\\\/\\\/www.fox-spirit.com\\\/?product=dh7#primaryimage\"},\"thumbnailUrl\":\"https:\\\/\\\/www.fox-spirit.com\\\/wp-content\\\/uploads\\\/2025\\\/02\\\/DH7_NOIR_01.webp\",\"datePublished\":\"2025-02-05T10:52:10+00:00\",\"dateModified\":\"2025-02-14T11:49:30+00:00\",\"description\":\"D\u00e9couvrez le casque audio gaming DH7 FOX SPIRIT, alliant performance, efficacit\u00e9 et ergonomie, pour profiter pleinement de vos longues sessions de jeu.\",\"breadcrumb\":{\"@id\":\"https:\\\/\\\/www.fox-spirit.com\\\/?product=dh7#breadcrumb\"},\"inLanguage\":\"fr-FR\",\"potentialAction\":[{\"@type\":\"ReadAction\",\"target\":[\"https:\\\/\\\/www.fox-spirit.com\\\/?product=dh7\"]}]},{\"@type\":\"ImageObject\",\"inLanguage\":\"fr-FR\",\"@id\":\"https:\\\/\\\/www.fox-spirit.com\\\/?product=dh7#primaryimage\",\"url\":\"https:\\\/\\\/www.fox-spirit.com\\\/wp-content\\\/uploads\\\/2025\\\/02\\\/DH7_NOIR_01.webp\",\"contentUrl\":\"https:\\\/\\\/www.fox-spirit.com\\\/wp-content\\\/uploads\\\/2025\\\/02\\\/DH7_NOIR_01.webp\",\"width\":1000,\"height\":1000,\"caption\":\"Casque audio gaming DH7 FOX SPIRIT avec micro, vue de face\"},{\"@type\":\"BreadcrumbList\",\"@id\":\"https:\\\/\\\/www.fox-spirit.com\\\/?product=dh7#breadcrumb\",\"itemListElement\":[{\"@type\":\"ListItem\",\"position\":1,\"name\":\"Home\",\"item\":\"https:\\\/\\\/www.fox-spirit.com\\\/\"},{\"@type\":\"ListItem\",\"position\":2,\"name\":\"Univers\",\"item\":\"https:\\\/\\\/www.fox-spirit.com\\\/?page_id=1224\"},{\"@type\":\"ListItem\",\"position\":3,\"name\":\"P\u00e9riph\u00e9riques PC\",\"item\":\"https:\\\/\\\/www.fox-spirit.com\\\/?product_cat=peripheriques-pc\"},{\"@type\":\"ListItem\",\"position\":4,\"name\":\"Casque audio\",\"item\":\"https:\\\/\\\/www.fox-spirit.com\\\/?product_cat=casque-audio\"},{\"@type\":\"ListItem\",\"position\":5,\"name\":\"DH7\"}]},{\"@type\":\"WebSite\",\"@id\":\"https:\\\/\\\/www.fox-spirit.com\\\/#website\",\"url\":\"https:\\\/\\\/www.fox-spirit.com\\\/\",\"name\":\"Fox Spirit\",\"description\":\"JOUEZ. RUSEZ.\",\"publisher\":{\"@id\":\"https:\\\/\\\/www.fox-spirit.com\\\/#organization\"},\"potentialAction\":[{\"@type\":\"SearchAction\",\"target\":{\"@type\":\"EntryPoint\",\"urlTemplate\":\"https:\\\/\\\/www.fox-spirit.com\\\/?s={search_term_string}\"},\"query-input\":{\"@type\":\"PropertyValueSpecification\",\"valueRequired\":true,\"valueName\":\"search_term_string\"}}],\"inLanguage\":\"fr-FR\"},{\"@type\":\"Organization\",\"@id\":\"https:\\\/\\\/www.fox-spirit.com\\\/#organization\",\"name\":\"Groupe LDLC\",\"url\":\"https:\\\/\\\/www.fox-spirit.com\\\/\",\"logo\":{\"@type\":\"ImageObject\",\"inLanguage\":\"fr-FR\",\"@id\":\"https:\\\/\\\/www.fox-spirit.com\\\/#\\\/schema\\\/logo\\\/image\\\/\",\"url\":\"https:\\\/\\\/www.fox-spirit.com\\\/wp-content\\\/uploads\\\/2024\\\/12\\\/logo_FoxSpirit_red.png\",\"contentUrl\":\"https:\\\/\\\/www.fox-spirit.com\\\/wp-content\\\/uploads\\\/2024\\\/12\\\/logo_FoxSpirit_red.png\",\"width\":1600,\"height\":1600,\"caption\":\"Groupe LDLC\"},\"image\":{\"@id\":\"https:\\\/\\\/www.fox-spirit.com\\\/#\\\/schema\\\/logo\\\/image\\\/\"}}]}<\/script>\n<!-- \/ Yoast SEO plugin. -->","yoast_head_json":{"title":"Fox Spirit - DH7","description":"D\u00e9couvrez le casque audio gaming DH7 FOX SPIRIT, alliant performance, efficacit\u00e9 et ergonomie, pour profiter pleinement de vos longues sessions de jeu.","robots":{"index":"index","follow":"follow","max-snippet":"max-snippet:-1","max-image-preview":"max-image-preview:large","max-video-preview":"max-video-preview:-1"},"canonical":"https:\/\/www.fox-spirit.com\/?product=dh7","og_locale":"fr_FR","og_type":"article","og_title":"Fox Spirit - DH7","og_description":"D\u00e9couvrez le casque audio gaming DH7 FOX SPIRIT, alliant performance, efficacit\u00e9 et ergonomie, pour profiter pleinement de vos longues sessions de jeu.","og_url":"https:\/\/www.fox-spirit.com\/?product=dh7","og_site_name":"Fox Spirit","article_modified_time":"2025-02-14T11:49:30+00:00","og_image":[{"width":1000,"height":1000,"url":"https:\/\/www.fox-spirit.com\/wp-content\/uploads\/2025\/02\/DH7_NOIR_01.webp","type":"image\/webp"}],"twitter_card":"summary_large_image","twitter_misc":{"Dur\u00e9e de lecture estim\u00e9e":"1 minute"},"schema":{"@context":"https:\/\/schema.org","@graph":[{"@type":"WebPage","@id":"https:\/\/www.fox-spirit.com\/?product=dh7","url":"https:\/\/www.fox-spirit.com\/?product=dh7","name":"Fox Spirit - DH7","isPartOf":{"@id":"https:\/\/www.fox-spirit.com\/#website"},"primaryImageOfPage":{"@id":"https:\/\/www.fox-spirit.com\/?product=dh7#primaryimage"},"image":{"@id":"https:\/\/www.fox-spirit.com\/?product=dh7#primaryimage"},"thumbnailUrl":"https:\/\/www.fox-spirit.com\/wp-content\/uploads\/2025\/02\/DH7_NOIR_01.webp","datePublished":"2025-02-05T10:52:10+00:00","dateModified":"2025-02-14T11:49:30+00:00","description":"D\u00e9couvrez le casque audio gaming DH7 FOX SPIRIT, alliant performance, efficacit\u00e9 et ergonomie, pour profiter pleinement de vos longues sessions de jeu.","breadcrumb":{"@id":"https:\/\/www.fox-spirit.com\/?product=dh7#breadcrumb"},"inLanguage":"fr-FR","potentialAction":[{"@type":"ReadAction","target":["https:\/\/www.fox-spirit.com\/?product=dh7"]}]},{"@type":"ImageObject","inLanguage":"fr-FR","@id":"https:\/\/www.fox-spirit.com\/?product=dh7#primaryimage","url":"https:\/\/www.fox-spirit.com\/wp-content\/uploads\/2025\/02\/DH7_NOIR_01.webp","contentUrl":"https:\/\/www.fox-spirit.com\/wp-content\/uploads\/2025\/02\/DH7_NOIR_01.webp","width":1000,"height":1000,"caption":"Casque audio gaming DH7 FOX SPIRIT avec micro, vue de face"},{"@type":"BreadcrumbList","@id":"https:\/\/www.fox-spirit.com\/?product=dh7#breadcrumb","itemListElement":[{"@type":"ListItem","position":1,"name":"Home","item":"https:\/\/www.fox-spirit.com\/"},{"@type":"ListItem","position":2,"name":"Univers","item":"https:\/\/www.fox-spirit.com\/?page_id=1224"},{"@type":"ListItem","position":3,"name":"P\u00e9riph\u00e9riques PC","item":"https:\/\/www.fox-spirit.com\/?product_cat=peripheriques-pc"},{"@type":"ListItem","position":4,"name":"Casque audio","item":"https:\/\/www.fox-spirit.com\/?product_cat=casque-audio"},{"@type":"ListItem","position":5,"name":"DH7"}]},{"@type":"WebSite","@id":"https:\/\/www.fox-spirit.com\/#website","url":"https:\/\/www.fox-spirit.com\/","name":"Fox Spirit","description":"JOUEZ. RUSEZ.","publisher":{"@id":"https:\/\/www.fox-spirit.com\/#organization"},"potentialAction":[{"@type":"SearchAction","target":{"@type":"EntryPoint","urlTemplate":"https:\/\/www.fox-spirit.com\/?s={search_term_string}"},"query-input":{"@type":"PropertyValueSpecification","valueRequired":true,"valueName":"search_term_string"}}],"inLanguage":"fr-FR"},{"@type":"Organization","@id":"https:\/\/www.fox-spirit.com\/#organization","name":"Groupe LDLC","url":"https:\/\/www.fox-spirit.com\/","logo":{"@type":"ImageObject","inLanguage":"fr-FR","@id":"https:\/\/www.fox-spirit.com\/#\/schema\/logo\/image\/","url":"https:\/\/www.fox-spirit.com\/wp-content\/uploads\/2024\/12\/logo_FoxSpirit_red.png","contentUrl":"https:\/\/www.fox-spirit.com\/wp-content\/uploads\/2024\/12\/logo_FoxSpirit_red.png","width":1600,"height":1600,"caption":"Groupe LDLC"},"image":{"@id":"https:\/\/www.fox-spirit.com\/#\/schema\/logo\/image\/"}}]}},"_links":{"self":[{"href":"https:\/\/www.fox-spirit.com\/index.php?rest_route=\/wp\/v2\/product\/2953","targetHints":{"allow":["GET"]}}],"collection":[{"href":"https:\/\/www.fox-spirit.com\/index.php?rest_route=\/wp\/v2\/product"}],"about":[{"href":"https:\/\/www.fox-spirit.com\/index.php?rest_route=\/wp\/v2\/types\/product"}],"version-history":[{"count":5,"href":"https:\/\/www.fox-spirit.com\/index.php?rest_route=\/wp\/v2\/product\/2953\/revisions"}],"predecessor-version":[{"id":3656,"href":"https:\/\/www.fox-spirit.com\/index.php?rest_route=\/wp\/v2\/product\/2953\/revisions\/3656"}],"wp:featuredmedia":[{"embeddable":true,"href":"https:\/\/www.fox-spirit.com\/index.php?rest_route=\/wp\/v2\/media\/2954"}],"wp:attachment":[{"href":"https:\/\/www.fox-spirit.com\/index.php?rest_route=%2Fwp%2Fv2%2Fmedia&parent=2953"}],"wp:term":[{"taxonomy":"product_brand","embeddable":true,"href":"https:\/\/www.fox-spirit.com\/index.php?rest_route=%2Fwp%2Fv2%2Fproduct_brand&post=2953"},{"taxonomy":"product_cat","embeddable":true,"href":"https:\/\/www.fox-spirit.com\/index.php?rest_route=%2Fwp%2Fv2%2Fproduct_cat&post=2953"},{"taxonomy":"product_tag","embeddable":true,"href":"https:\/\/www.fox-spirit.com\/index.php?rest_route=%2Fwp%2Fv2%2Fproduct_tag&post=2953"}],"curies":[{"name":"wp","href":"https:\/\/api.w.org\/{rel}","templated":true}]}}