{"id":2995,"date":"2025-02-05T12:39:57","date_gmt":"2025-02-05T11:39:57","guid":{"rendered":"https:\/\/www.fox-spirit.com\/?post_type=product&#038;p=2995"},"modified":"2025-02-14T12:43:43","modified_gmt":"2025-02-14T11:43:43","slug":"ag1-noir","status":"publish","type":"product","link":"https:\/\/www.fox-spirit.com\/?product=ag1-noir","title":{"rendered":"AG1 (Noir)"},"content":{"rendered":"\t\t<div data-elementor-type=\"container\" data-elementor-id=\"3004\" class=\"elementor elementor-3004\" data-elementor-post-type=\"elementor_library\">\n\t\t\t\t<div class=\"elementor-element elementor-element-f075c9b e-con-full e-flex e-con e-parent\" data-id=\"f075c9b\" data-element_type=\"container\" data-e-type=\"container\">\n\t\t<div class=\"elementor-element elementor-element-14e4077 e-con-full e-flex e-con e-child\" data-id=\"14e4077\" data-element_type=\"container\" data-e-type=\"container\">\n\t\t\t\t<div class=\"elementor-element elementor-element-9c769af elementor-widget elementor-widget-heading\" data-id=\"9c769af\" data-element_type=\"widget\" data-e-type=\"widget\" data-widget_type=\"heading.default\">\n\t\t\t\t<div class=\"elementor-widget-container\">\n\t\t\t\t\t<h2 class=\"elementor-heading-title elementor-size-default\">Profitez d'une vue incomparable sur votre Configuration<\/h2>\t\t\t\t<\/div>\n\t\t\t\t<\/div>\n\t\t\t\t<div class=\"elementor-element elementor-element-9626083 elementor-widget elementor-widget-text-editor\" data-id=\"9626083\" data-element_type=\"widget\" data-e-type=\"widget\" data-widget_type=\"text-editor.default\">\n\t\t\t\t<div class=\"elementor-widget-container\">\n\t\t\t\t\t\t\t\t\t<p>Une vue imprenable sur vos composants, un design splendide et des performances de refroidissement optimales, le\u00a0<strong>Fox Spirit AG1\u00a0<\/strong>s&rsquo;impose comme un bo\u00eetier PC r\u00e9f\u00e9rence en mati\u00e8re de conception et d&rsquo;efficacit\u00e9. Profitez d&rsquo;une\u00a0<strong>vue splendide sur votre setup gr\u00e2ce \u00e0 sa conception \u00ab\u00a0aquarium\u00a0\u00bb<\/strong>, d&rsquo;un\u00a0<strong>refroidissement ultra-efficace gr\u00e2ce aux ventilateurs inclus\u00a0<\/strong>et de\u00a0<strong>superbes effets lumineux\u00a0<\/strong>(ventilateurs \u00e0 LEDs ARGB).\u00a0Avec ses\u00a0<strong>2 panneaux en verre tremp\u00e9<\/strong>\u00a0(fa\u00e7ade + fen\u00eatre lat\u00e9rale), le\u00a0<strong>bo\u00eetier PC Moyen Tour AG1\u00a0<\/strong>met en avant l&rsquo;ensemble de vos composants. \u00c9quip\u00e9 de\u00a0<strong>3 ventilateurs LED ARGB<\/strong>\u00a0et compatible avec les watercoolings pour processeur les plus puissants, il promet de hautes performances gr\u00e2ce \u00e0 un refroidissement am\u00e9lior\u00e9.<\/p>\t\t\t\t\t\t\t\t<\/div>\n\t\t\t\t<\/div>\n\t\t\t\t<\/div>\n\t\t<div class=\"elementor-element elementor-element-0c11eb0 e-con-full e-flex e-con e-child\" data-id=\"0c11eb0\" data-element_type=\"container\" data-e-type=\"container\">\n\t\t<div class=\"elementor-element elementor-element-bcf431d e-con-full e-flex e-con e-child\" data-id=\"bcf431d\" data-element_type=\"container\" data-e-type=\"container\">\n\t\t\t\t<div class=\"elementor-element elementor-element-85e8cfb elementor-widget elementor-widget-image\" data-id=\"85e8cfb\" data-element_type=\"widget\" data-e-type=\"widget\" data-widget_type=\"image.default\">\n\t\t\t\t<div class=\"elementor-widget-container\">\n\t\t\t\t\t\t\t\t\t\t\t\t\t\t\t<img fetchpriority=\"high\" decoding=\"async\" width=\"800\" height=\"800\" src=\"https:\/\/www.fox-spirit.com\/wp-content\/uploads\/2025\/02\/AG1_desc_01.webp\" class=\"attachment-large size-large wp-image-3006\" alt=\"Bo\u00eetier PC gaming \u00e9clair\u00e9 par les composants pos\u00e9 sur un bureau\" srcset=\"https:\/\/www.fox-spirit.com\/wp-content\/uploads\/2025\/02\/AG1_desc_01.webp 1000w, https:\/\/www.fox-spirit.com\/wp-content\/uploads\/2025\/02\/AG1_desc_01-300x300.webp 300w, https:\/\/www.fox-spirit.com\/wp-content\/uploads\/2025\/02\/AG1_desc_01-150x150.webp 150w, https:\/\/www.fox-spirit.com\/wp-content\/uploads\/2025\/02\/AG1_desc_01-768x768.webp 768w, https:\/\/www.fox-spirit.com\/wp-content\/uploads\/2025\/02\/AG1_desc_01-600x600.webp 600w, https:\/\/www.fox-spirit.com\/wp-content\/uploads\/2025\/02\/AG1_desc_01-100x100.webp 100w\" sizes=\"(max-width: 800px) 100vw, 800px\" \/>\t\t\t\t\t\t\t\t\t\t\t\t\t\t\t<\/div>\n\t\t\t\t<\/div>\n\t\t\t\t<\/div>\n\t\t<div class=\"elementor-element elementor-element-ddd2c69 e-con-full e-flex e-con e-child\" data-id=\"ddd2c69\" data-element_type=\"container\" data-e-type=\"container\">\n\t\t\t\t<div class=\"elementor-element elementor-element-d3f5cf6 elementor-widget elementor-widget-heading\" data-id=\"d3f5cf6\" data-element_type=\"widget\" data-e-type=\"widget\" data-widget_type=\"heading.default\">\n\t\t\t\t<div class=\"elementor-widget-container\">\n\t\t\t\t\t<h2 class=\"elementor-heading-title elementor-size-default\">Visuellement impressionnant<\/h2>\t\t\t\t<\/div>\n\t\t\t\t<\/div>\n\t\t\t\t<div class=\"elementor-element elementor-element-89251d0 elementor-widget elementor-widget-text-editor\" data-id=\"89251d0\" data-element_type=\"widget\" data-e-type=\"widget\" data-widget_type=\"text-editor.default\">\n\t\t\t\t<div class=\"elementor-widget-container\">\n\t\t\t\t\t\t\t\t\t<p>Avec sa\u00a0<strong>conception \u00ab\u00a0aquarium\u00a0\u00bb<\/strong>, ce bo\u00eetier vous offre une\u00a0<strong>vue panoramique<\/strong>\u00a0sur votre configuration gr\u00e2ce \u00e0 ses\u00a0<strong>panneaux en verre tremp\u00e9<\/strong>\u00a0sur la fa\u00e7ade et le c\u00f4t\u00e9 gauche. Les\u00a0<strong>charni\u00e8res pratiques<\/strong>\u00a0facilitent l\u2019acc\u00e8s \u00e0 l\u2019int\u00e9rieur, tandis que\u00a0<strong>l\u2019\u00e9clairage ARGB des 3 ventilateurs inclus (120 mm)<\/strong>\u00a0sublime votre build avec des effets lumineux personnalisables.\u00a0\u00c9levez votre configuration au niveau sup\u00e9rieur avec ce bo\u00eetier PC Moyen Tour au design exceptionnel et aux performances de refroidissement optimales. Con\u00e7u pour les passionn\u00e9s de gaming et les amateurs de configurations \u00e9l\u00e9gantes, ce bo\u00eetier est l\u2019alliance parfaite entre esth\u00e9tique et efficacit\u00e9.<\/p>\t\t\t\t\t\t\t\t<\/div>\n\t\t\t\t<\/div>\n\t\t\t\t<\/div>\n\t\t\t\t<\/div>\n\t\t<div class=\"elementor-element elementor-element-9cba2d9 e-con-full e-flex e-con e-child\" data-id=\"9cba2d9\" data-element_type=\"container\" data-e-type=\"container\">\n\t\t<div class=\"elementor-element elementor-element-48979e7 e-con-full e-flex e-con e-child\" data-id=\"48979e7\" data-element_type=\"container\" data-e-type=\"container\">\n\t\t\t\t<div class=\"elementor-element elementor-element-d9753ae elementor-widget elementor-widget-heading\" data-id=\"d9753ae\" data-element_type=\"widget\" data-e-type=\"widget\" data-widget_type=\"heading.default\">\n\t\t\t\t<div class=\"elementor-widget-container\">\n\t\t\t\t\t<h2 class=\"elementor-heading-title elementor-size-default\">Efficacit\u00e9 redoutable<\/h2>\t\t\t\t<\/div>\n\t\t\t\t<\/div>\n\t\t\t\t<div class=\"elementor-element elementor-element-5548618 elementor-widget elementor-widget-text-editor\" data-id=\"5548618\" data-element_type=\"widget\" data-e-type=\"widget\" data-widget_type=\"text-editor.default\">\n\t\t\t\t<div class=\"elementor-widget-container\">\n\t\t\t\t\t\t\t\t\t<p>Profitez d\u2019un flux d\u2019air efficace et silencieux gr\u00e2ce aux\u00a0<strong>3 ventilateurs ARGB pr\u00e9install\u00e9s*<\/strong>. Besoin d\u2019un refroidissement encore plus pouss\u00e9 ? Ce bo\u00eetier est compatible avec les solutions\u00a0<strong>watercooling AIO jusqu\u2019\u00e0 360 mm<\/strong>\u00a0pour maintenir votre configuration \u00e0 une temp\u00e9rature optimale, m\u00eame lors des sessions les plus intenses.\u00a0Ce bo\u00eetier prend en charge les\u00a0<strong>cartes m\u00e8res ATX<\/strong>,\u00a0<strong>Micro ATX<\/strong>\u00a0et\u00a0<strong>Mini ITX<\/strong>, ainsi que les\u00a0<strong>cartes graphiques jusqu\u2019\u00e0 405 mm de longueur<\/strong>. Avec une compatibilit\u00e9 pour les\u00a0<strong>ventilateurs CPU jusqu\u2019\u00e0 170 mm\u00a0<\/strong>et les\u00a0<strong>alimentations ATX jusqu\u2019\u00e0 200 mm<\/strong>, vos options de personnalisation sont quasi sans limites.<br \/><br \/><em>*1 ventilateur 120 mm \u00e0 l&rsquo;arri\u00e8re + 2 ventilateurs 120 mm invers\u00e9s sur le c\u00f4t\u00e9<\/em><\/p>\t\t\t\t\t\t\t\t<\/div>\n\t\t\t\t<\/div>\n\t\t\t\t<\/div>\n\t\t<div class=\"elementor-element elementor-element-91d7697 e-con-full e-flex e-con e-child\" data-id=\"91d7697\" data-element_type=\"container\" data-e-type=\"container\">\n\t\t\t\t<div class=\"elementor-element elementor-element-e298a1d elementor-widget elementor-widget-image\" data-id=\"e298a1d\" data-element_type=\"widget\" data-e-type=\"widget\" data-widget_type=\"image.default\">\n\t\t\t\t<div class=\"elementor-widget-container\">\n\t\t\t\t\t\t\t\t\t\t\t\t\t\t\t<img decoding=\"async\" width=\"800\" height=\"800\" src=\"https:\/\/www.fox-spirit.com\/wp-content\/uploads\/2025\/02\/AG1_05.webp\" class=\"attachment-large size-large wp-image-3002\" alt=\"Bo\u00eetier PC gaming ouvert et sans composant de face\" srcset=\"https:\/\/www.fox-spirit.com\/wp-content\/uploads\/2025\/02\/AG1_05.webp 1000w, https:\/\/www.fox-spirit.com\/wp-content\/uploads\/2025\/02\/AG1_05-300x300.webp 300w, https:\/\/www.fox-spirit.com\/wp-content\/uploads\/2025\/02\/AG1_05-150x150.webp 150w, https:\/\/www.fox-spirit.com\/wp-content\/uploads\/2025\/02\/AG1_05-768x768.webp 768w, https:\/\/www.fox-spirit.com\/wp-content\/uploads\/2025\/02\/AG1_05-600x600.webp 600w, https:\/\/www.fox-spirit.com\/wp-content\/uploads\/2025\/02\/AG1_05-100x100.webp 100w\" sizes=\"(max-width: 800px) 100vw, 800px\" \/>\t\t\t\t\t\t\t\t\t\t\t\t\t\t\t<\/div>\n\t\t\t\t<\/div>\n\t\t\t\t<\/div>\n\t\t\t\t<\/div>\n\t\t<div class=\"elementor-element elementor-element-c7e884d e-con-full e-flex e-con e-child\" data-id=\"c7e884d\" data-element_type=\"container\" data-e-type=\"container\">\n\t\t<div class=\"elementor-element elementor-element-e940b05 e-con-full e-flex e-con e-child\" data-id=\"e940b05\" data-element_type=\"container\" data-e-type=\"container\">\n\t\t\t\t<div class=\"elementor-element elementor-element-3824a42 elementor-widget elementor-widget-image\" data-id=\"3824a42\" data-element_type=\"widget\" data-e-type=\"widget\" data-widget_type=\"image.default\">\n\t\t\t\t<div class=\"elementor-widget-container\">\n\t\t\t\t\t\t\t\t\t\t\t\t\t\t\t<img decoding=\"async\" width=\"800\" height=\"800\" src=\"https:\/\/www.fox-spirit.com\/wp-content\/uploads\/2025\/02\/AG1_desc_02.webp\" class=\"attachment-large size-large wp-image-3007\" alt=\"Setup noir avec bo\u00eetier PC gaming \u00e9clair\u00e9 par les composants\" srcset=\"https:\/\/www.fox-spirit.com\/wp-content\/uploads\/2025\/02\/AG1_desc_02.webp 1000w, https:\/\/www.fox-spirit.com\/wp-content\/uploads\/2025\/02\/AG1_desc_02-300x300.webp 300w, https:\/\/www.fox-spirit.com\/wp-content\/uploads\/2025\/02\/AG1_desc_02-150x150.webp 150w, https:\/\/www.fox-spirit.com\/wp-content\/uploads\/2025\/02\/AG1_desc_02-768x768.webp 768w, https:\/\/www.fox-spirit.com\/wp-content\/uploads\/2025\/02\/AG1_desc_02-600x600.webp 600w, https:\/\/www.fox-spirit.com\/wp-content\/uploads\/2025\/02\/AG1_desc_02-100x100.webp 100w\" sizes=\"(max-width: 800px) 100vw, 800px\" \/>\t\t\t\t\t\t\t\t\t\t\t\t\t\t\t<\/div>\n\t\t\t\t<\/div>\n\t\t\t\t<\/div>\n\t\t<div class=\"elementor-element elementor-element-4fc3ad3 e-con-full e-flex e-con e-child\" data-id=\"4fc3ad3\" data-element_type=\"container\" data-e-type=\"container\">\n\t\t\t\t<div class=\"elementor-element elementor-element-c2c32d6 elementor-widget elementor-widget-heading\" data-id=\"c2c32d6\" data-element_type=\"widget\" data-e-type=\"widget\" data-widget_type=\"heading.default\">\n\t\t\t\t<div class=\"elementor-widget-container\">\n\t\t\t\t\t<h2 class=\"elementor-heading-title elementor-size-default\">Votre PC, vos choix<\/h2>\t\t\t\t<\/div>\n\t\t\t\t<\/div>\n\t\t\t\t<div class=\"elementor-element elementor-element-e0f0d4d elementor-widget elementor-widget-text-editor\" data-id=\"e0f0d4d\" data-element_type=\"widget\" data-e-type=\"widget\" data-widget_type=\"text-editor.default\">\n\t\t\t\t<div class=\"elementor-widget-container\">\n\t\t\t\t\t\t\t\t\t<ul><li>Que vous souhaitiez construire une machine puissante pour le gaming ou un PC design qui attire tous les regards, ce bo\u00eetier offre tout ce qu\u2019il vous faut : design moderne, refroidissement de pointe et polyvalence.<ul><li>Des atouts majeurs pour bien commencer :\u00a0<strong>3 ventilateurs ARGB pr\u00e9install\u00e9s<\/strong>,\u00a0<strong>2 panneaux en verre tremp\u00e9<\/strong>\u00a0(fa\u00e7ade et c\u00f4t\u00e9 gauche), compatibilit\u00e9\u00a0<strong>watercooling AIO jusqu\u2019\u00e0 360 mm<\/strong>, prise\u00a0en charge les\u00a0<strong>cartes m\u00e8res ATX<\/strong>,\u00a0<strong>Micro ATX<\/strong>\u00a0et\u00a0<strong>Mini ITX<\/strong>\u00a0et des\u00a0<strong>cartes graphiques\u00a0jusqu\u2019\u00e0 405 mm de longueur<\/strong>.<\/li><li>Avec un\u00a0<strong>espace de 25 mm d\u00e9di\u00e9 \u00e0 la gestion des c\u00e2bles<\/strong>, organisez votre configuration proprement et efficacement pour un look impeccable et une circulation d\u2019air optimis\u00e9e.<\/li><li>Le panneau sup\u00e9rieur offre une\u00a0<strong>connectivit\u00e9 compl\u00e8te<\/strong>\u00a0avec :\u00a01 port USB 3.0,\u00a01 port USB Type-C, 1 prise casque et\u00a01 prise microphone.<\/li><li>Ce bo\u00eetier propose une compatibilit\u00e9 avec\u00a0<strong>jusqu\u2019\u00e0 2 disques durs 3.5 pouces<\/strong>\u00a0et\u00a0<strong>3 SSD 2.5 pouces\u00a0<\/strong>pour r\u00e9pondre \u00e0 tous vos besoins en mati\u00e8re de stockage.<\/li><\/ul><\/li><\/ul>\t\t\t\t\t\t\t\t<\/div>\n\t\t\t\t<\/div>\n\t\t\t\t<\/div>\n\t\t\t\t<\/div>\n\t\t\t\t<\/div>\n\t\t\t\t<\/div>\n\t\t\n","protected":false},"excerpt":{"rendered":"<p>Profitez d&rsquo;une vue splendide sur votre setup gr\u00e2ce \u00e0 sa conception \u00ab\u00a0Aquarium\u00a0\u00bb, d&rsquo;un refroidissement ultra-efficace gr\u00e2ce aux ventilateurs inclus et d&rsquo;un superbe \u00e9clairage LEDs ARGB int\u00e9gr\u00e9.\u00a0Avec ses 2 panneaux en verre tremp\u00e9, le bo\u00eetier PC Fox Spirit AG1 met en avant l&rsquo;ensemble de vos composants.<\/p>\n","protected":false},"featured_media":2998,"template":"","meta":{"_acf_changed":false},"product_brand":[],"product_cat":[29],"product_tag":[],"class_list":{"0":"post-2995","1":"product","2":"type-product","3":"status-publish","4":"has-post-thumbnail","6":"product_cat-boitier-pc","8":"first","9":"instock","10":"shipping-taxable","11":"product-type-simple"},"acf":[],"yoast_head":"<!-- This site is optimized with the Yoast SEO plugin v27.4 - https:\/\/yoast.com\/product\/yoast-seo-wordpress\/ -->\n<title>Fox Spirit - AG1 (Noir)<\/title>\n<meta name=\"description\" content=\"D\u00e9couvrez le bo\u00eetier aquarium AG1 FOX SPIRIT, au design remarquable et \u00e0 l&#039;efficacit\u00e9 redoutable, con\u00e7u pour vos configurations de derni\u00e8re g\u00e9n\u00e9ration.\" \/>\n<meta name=\"robots\" content=\"index, follow, max-snippet:-1, max-image-preview:large, max-video-preview:-1\" \/>\n<link rel=\"canonical\" href=\"https:\/\/www.fox-spirit.com\/?product=ag1-noir\" \/>\n<meta property=\"og:locale\" content=\"fr_FR\" \/>\n<meta property=\"og:type\" content=\"article\" \/>\n<meta property=\"og:title\" content=\"Fox Spirit - AG1 (Noir)\" \/>\n<meta property=\"og:description\" content=\"D\u00e9couvrez le bo\u00eetier aquarium AG1 FOX SPIRIT, au design remarquable et \u00e0 l&#039;efficacit\u00e9 redoutable, con\u00e7u pour vos configurations de derni\u00e8re g\u00e9n\u00e9ration.\" \/>\n<meta property=\"og:url\" content=\"https:\/\/www.fox-spirit.com\/?product=ag1-noir\" \/>\n<meta property=\"og:site_name\" content=\"Fox Spirit\" \/>\n<meta property=\"article:modified_time\" content=\"2025-02-14T11:43:43+00:00\" \/>\n<meta property=\"og:image\" content=\"https:\/\/www.fox-spirit.com\/wp-content\/uploads\/2025\/02\/AG1_01.webp\" \/>\n\t<meta property=\"og:image:width\" content=\"1000\" \/>\n\t<meta property=\"og:image:height\" content=\"1000\" \/>\n\t<meta property=\"og:image:type\" content=\"image\/webp\" \/>\n<meta name=\"twitter:card\" content=\"summary_large_image\" \/>\n<meta name=\"twitter:label1\" content=\"Dur\u00e9e de lecture estim\u00e9e\" \/>\n\t<meta name=\"twitter:data1\" content=\"1 minute\" \/>\n<script type=\"application\/ld+json\" class=\"yoast-schema-graph\">{\"@context\":\"https:\\\/\\\/schema.org\",\"@graph\":[{\"@type\":\"WebPage\",\"@id\":\"https:\\\/\\\/www.fox-spirit.com\\\/?product=ag1-noir\",\"url\":\"https:\\\/\\\/www.fox-spirit.com\\\/?product=ag1-noir\",\"name\":\"Fox Spirit - AG1 (Noir)\",\"isPartOf\":{\"@id\":\"https:\\\/\\\/www.fox-spirit.com\\\/#website\"},\"primaryImageOfPage\":{\"@id\":\"https:\\\/\\\/www.fox-spirit.com\\\/?product=ag1-noir#primaryimage\"},\"image\":{\"@id\":\"https:\\\/\\\/www.fox-spirit.com\\\/?product=ag1-noir#primaryimage\"},\"thumbnailUrl\":\"https:\\\/\\\/www.fox-spirit.com\\\/wp-content\\\/uploads\\\/2025\\\/02\\\/AG1_01.webp\",\"datePublished\":\"2025-02-05T11:39:57+00:00\",\"dateModified\":\"2025-02-14T11:43:43+00:00\",\"description\":\"D\u00e9couvrez le bo\u00eetier aquarium AG1 FOX SPIRIT, au design remarquable et \u00e0 l'efficacit\u00e9 redoutable, con\u00e7u pour vos configurations de derni\u00e8re g\u00e9n\u00e9ration.\",\"breadcrumb\":{\"@id\":\"https:\\\/\\\/www.fox-spirit.com\\\/?product=ag1-noir#breadcrumb\"},\"inLanguage\":\"fr-FR\",\"potentialAction\":[{\"@type\":\"ReadAction\",\"target\":[\"https:\\\/\\\/www.fox-spirit.com\\\/?product=ag1-noir\"]}]},{\"@type\":\"ImageObject\",\"inLanguage\":\"fr-FR\",\"@id\":\"https:\\\/\\\/www.fox-spirit.com\\\/?product=ag1-noir#primaryimage\",\"url\":\"https:\\\/\\\/www.fox-spirit.com\\\/wp-content\\\/uploads\\\/2025\\\/02\\\/AG1_01.webp\",\"contentUrl\":\"https:\\\/\\\/www.fox-spirit.com\\\/wp-content\\\/uploads\\\/2025\\\/02\\\/AG1_01.webp\",\"width\":1000,\"height\":1000,\"caption\":\"Bo\u00eetier PC gaming AG1 FOX SPIRIT avec ventilateur \u00e9clair\u00e9, vu de face\"},{\"@type\":\"BreadcrumbList\",\"@id\":\"https:\\\/\\\/www.fox-spirit.com\\\/?product=ag1-noir#breadcrumb\",\"itemListElement\":[{\"@type\":\"ListItem\",\"position\":1,\"name\":\"Home\",\"item\":\"https:\\\/\\\/www.fox-spirit.com\\\/\"},{\"@type\":\"ListItem\",\"position\":2,\"name\":\"Univers\",\"item\":\"https:\\\/\\\/www.fox-spirit.com\\\/?page_id=1224\"},{\"@type\":\"ListItem\",\"position\":3,\"name\":\"Composants PC\",\"item\":\"https:\\\/\\\/www.fox-spirit.com\\\/?product_cat=composants-pc\"},{\"@type\":\"ListItem\",\"position\":4,\"name\":\"Bo\u00eetier PC\",\"item\":\"https:\\\/\\\/www.fox-spirit.com\\\/?product_cat=boitier-pc\"},{\"@type\":\"ListItem\",\"position\":5,\"name\":\"AG1 (Noir)\"}]},{\"@type\":\"WebSite\",\"@id\":\"https:\\\/\\\/www.fox-spirit.com\\\/#website\",\"url\":\"https:\\\/\\\/www.fox-spirit.com\\\/\",\"name\":\"Fox Spirit\",\"description\":\"JOUEZ. RUSEZ.\",\"publisher\":{\"@id\":\"https:\\\/\\\/www.fox-spirit.com\\\/#organization\"},\"potentialAction\":[{\"@type\":\"SearchAction\",\"target\":{\"@type\":\"EntryPoint\",\"urlTemplate\":\"https:\\\/\\\/www.fox-spirit.com\\\/?s={search_term_string}\"},\"query-input\":{\"@type\":\"PropertyValueSpecification\",\"valueRequired\":true,\"valueName\":\"search_term_string\"}}],\"inLanguage\":\"fr-FR\"},{\"@type\":\"Organization\",\"@id\":\"https:\\\/\\\/www.fox-spirit.com\\\/#organization\",\"name\":\"Groupe LDLC\",\"url\":\"https:\\\/\\\/www.fox-spirit.com\\\/\",\"logo\":{\"@type\":\"ImageObject\",\"inLanguage\":\"fr-FR\",\"@id\":\"https:\\\/\\\/www.fox-spirit.com\\\/#\\\/schema\\\/logo\\\/image\\\/\",\"url\":\"https:\\\/\\\/www.fox-spirit.com\\\/wp-content\\\/uploads\\\/2024\\\/12\\\/logo_FoxSpirit_red.png\",\"contentUrl\":\"https:\\\/\\\/www.fox-spirit.com\\\/wp-content\\\/uploads\\\/2024\\\/12\\\/logo_FoxSpirit_red.png\",\"width\":1600,\"height\":1600,\"caption\":\"Groupe LDLC\"},\"image\":{\"@id\":\"https:\\\/\\\/www.fox-spirit.com\\\/#\\\/schema\\\/logo\\\/image\\\/\"}}]}<\/script>\n<!-- \/ Yoast SEO plugin. -->","yoast_head_json":{"title":"Fox Spirit - AG1 (Noir)","description":"D\u00e9couvrez le bo\u00eetier aquarium AG1 FOX SPIRIT, au design remarquable et \u00e0 l'efficacit\u00e9 redoutable, con\u00e7u pour vos configurations de derni\u00e8re g\u00e9n\u00e9ration.","robots":{"index":"index","follow":"follow","max-snippet":"max-snippet:-1","max-image-preview":"max-image-preview:large","max-video-preview":"max-video-preview:-1"},"canonical":"https:\/\/www.fox-spirit.com\/?product=ag1-noir","og_locale":"fr_FR","og_type":"article","og_title":"Fox Spirit - AG1 (Noir)","og_description":"D\u00e9couvrez le bo\u00eetier aquarium AG1 FOX SPIRIT, au design remarquable et \u00e0 l'efficacit\u00e9 redoutable, con\u00e7u pour vos configurations de derni\u00e8re g\u00e9n\u00e9ration.","og_url":"https:\/\/www.fox-spirit.com\/?product=ag1-noir","og_site_name":"Fox Spirit","article_modified_time":"2025-02-14T11:43:43+00:00","og_image":[{"width":1000,"height":1000,"url":"https:\/\/www.fox-spirit.com\/wp-content\/uploads\/2025\/02\/AG1_01.webp","type":"image\/webp"}],"twitter_card":"summary_large_image","twitter_misc":{"Dur\u00e9e de lecture estim\u00e9e":"1 minute"},"schema":{"@context":"https:\/\/schema.org","@graph":[{"@type":"WebPage","@id":"https:\/\/www.fox-spirit.com\/?product=ag1-noir","url":"https:\/\/www.fox-spirit.com\/?product=ag1-noir","name":"Fox Spirit - AG1 (Noir)","isPartOf":{"@id":"https:\/\/www.fox-spirit.com\/#website"},"primaryImageOfPage":{"@id":"https:\/\/www.fox-spirit.com\/?product=ag1-noir#primaryimage"},"image":{"@id":"https:\/\/www.fox-spirit.com\/?product=ag1-noir#primaryimage"},"thumbnailUrl":"https:\/\/www.fox-spirit.com\/wp-content\/uploads\/2025\/02\/AG1_01.webp","datePublished":"2025-02-05T11:39:57+00:00","dateModified":"2025-02-14T11:43:43+00:00","description":"D\u00e9couvrez le bo\u00eetier aquarium AG1 FOX SPIRIT, au design remarquable et \u00e0 l'efficacit\u00e9 redoutable, con\u00e7u pour vos configurations de derni\u00e8re g\u00e9n\u00e9ration.","breadcrumb":{"@id":"https:\/\/www.fox-spirit.com\/?product=ag1-noir#breadcrumb"},"inLanguage":"fr-FR","potentialAction":[{"@type":"ReadAction","target":["https:\/\/www.fox-spirit.com\/?product=ag1-noir"]}]},{"@type":"ImageObject","inLanguage":"fr-FR","@id":"https:\/\/www.fox-spirit.com\/?product=ag1-noir#primaryimage","url":"https:\/\/www.fox-spirit.com\/wp-content\/uploads\/2025\/02\/AG1_01.webp","contentUrl":"https:\/\/www.fox-spirit.com\/wp-content\/uploads\/2025\/02\/AG1_01.webp","width":1000,"height":1000,"caption":"Bo\u00eetier PC gaming AG1 FOX SPIRIT avec ventilateur \u00e9clair\u00e9, vu de face"},{"@type":"BreadcrumbList","@id":"https:\/\/www.fox-spirit.com\/?product=ag1-noir#breadcrumb","itemListElement":[{"@type":"ListItem","position":1,"name":"Home","item":"https:\/\/www.fox-spirit.com\/"},{"@type":"ListItem","position":2,"name":"Univers","item":"https:\/\/www.fox-spirit.com\/?page_id=1224"},{"@type":"ListItem","position":3,"name":"Composants PC","item":"https:\/\/www.fox-spirit.com\/?product_cat=composants-pc"},{"@type":"ListItem","position":4,"name":"Bo\u00eetier PC","item":"https:\/\/www.fox-spirit.com\/?product_cat=boitier-pc"},{"@type":"ListItem","position":5,"name":"AG1 (Noir)"}]},{"@type":"WebSite","@id":"https:\/\/www.fox-spirit.com\/#website","url":"https:\/\/www.fox-spirit.com\/","name":"Fox Spirit","description":"JOUEZ. RUSEZ.","publisher":{"@id":"https:\/\/www.fox-spirit.com\/#organization"},"potentialAction":[{"@type":"SearchAction","target":{"@type":"EntryPoint","urlTemplate":"https:\/\/www.fox-spirit.com\/?s={search_term_string}"},"query-input":{"@type":"PropertyValueSpecification","valueRequired":true,"valueName":"search_term_string"}}],"inLanguage":"fr-FR"},{"@type":"Organization","@id":"https:\/\/www.fox-spirit.com\/#organization","name":"Groupe LDLC","url":"https:\/\/www.fox-spirit.com\/","logo":{"@type":"ImageObject","inLanguage":"fr-FR","@id":"https:\/\/www.fox-spirit.com\/#\/schema\/logo\/image\/","url":"https:\/\/www.fox-spirit.com\/wp-content\/uploads\/2024\/12\/logo_FoxSpirit_red.png","contentUrl":"https:\/\/www.fox-spirit.com\/wp-content\/uploads\/2024\/12\/logo_FoxSpirit_red.png","width":1600,"height":1600,"caption":"Groupe LDLC"},"image":{"@id":"https:\/\/www.fox-spirit.com\/#\/schema\/logo\/image\/"}}]}},"_links":{"self":[{"href":"https:\/\/www.fox-spirit.com\/index.php?rest_route=\/wp\/v2\/product\/2995","targetHints":{"allow":["GET"]}}],"collection":[{"href":"https:\/\/www.fox-spirit.com\/index.php?rest_route=\/wp\/v2\/product"}],"about":[{"href":"https:\/\/www.fox-spirit.com\/index.php?rest_route=\/wp\/v2\/types\/product"}],"version-history":[{"count":4,"href":"https:\/\/www.fox-spirit.com\/index.php?rest_route=\/wp\/v2\/product\/2995\/revisions"}],"predecessor-version":[{"id":3651,"href":"https:\/\/www.fox-spirit.com\/index.php?rest_route=\/wp\/v2\/product\/2995\/revisions\/3651"}],"wp:featuredmedia":[{"embeddable":true,"href":"https:\/\/www.fox-spirit.com\/index.php?rest_route=\/wp\/v2\/media\/2998"}],"wp:attachment":[{"href":"https:\/\/www.fox-spirit.com\/index.php?rest_route=%2Fwp%2Fv2%2Fmedia&parent=2995"}],"wp:term":[{"taxonomy":"product_brand","embeddable":true,"href":"https:\/\/www.fox-spirit.com\/index.php?rest_route=%2Fwp%2Fv2%2Fproduct_brand&post=2995"},{"taxonomy":"product_cat","embeddable":true,"href":"https:\/\/www.fox-spirit.com\/index.php?rest_route=%2Fwp%2Fv2%2Fproduct_cat&post=2995"},{"taxonomy":"product_tag","embeddable":true,"href":"https:\/\/www.fox-spirit.com\/index.php?rest_route=%2Fwp%2Fv2%2Fproduct_tag&post=2995"}],"curies":[{"name":"wp","href":"https:\/\/api.w.org\/{rel}","templated":true}]}}