{"id":3891,"date":"2025-05-13T14:47:58","date_gmt":"2025-05-13T12:47:58","guid":{"rendered":"https:\/\/www.fox-spirit.com\/?post_type=product&#038;p=3891"},"modified":"2025-05-13T14:56:05","modified_gmt":"2025-05-13T12:56:05","slug":"dh0-blanc","status":"publish","type":"product","link":"https:\/\/www.fox-spirit.com\/?product=dh0-blanc","title":{"rendered":"DH0 Blanc"},"content":{"rendered":"\t\t<div data-elementor-type=\"container\" data-elementor-id=\"3896\" class=\"elementor elementor-3896\" data-elementor-post-type=\"elementor_library\">\n\t\t\t\t<div class=\"elementor-element elementor-element-f075c9b e-con-full e-flex e-con e-parent\" data-id=\"f075c9b\" data-element_type=\"container\" data-e-type=\"container\">\n\t\t<div class=\"elementor-element elementor-element-14e4077 e-con-full e-flex e-con e-child\" data-id=\"14e4077\" data-element_type=\"container\" data-e-type=\"container\">\n\t\t\t\t<div class=\"elementor-element elementor-element-9c769af elementor-widget elementor-widget-heading\" data-id=\"9c769af\" data-element_type=\"widget\" data-e-type=\"widget\" data-widget_type=\"heading.default\">\n\t\t\t\t<div class=\"elementor-widget-container\">\n\t\t\t\t\t<h2 class=\"elementor-heading-title elementor-size-default\">Micro-casque gaming au rapport qualit\u00e9 \/ prix imbattable<\/h2>\t\t\t\t<\/div>\n\t\t\t\t<\/div>\n\t\t\t\t<div class=\"elementor-element elementor-element-9626083 elementor-widget elementor-widget-text-editor\" data-id=\"9626083\" data-element_type=\"widget\" data-e-type=\"widget\" data-widget_type=\"text-editor.default\">\n\t\t\t\t<div class=\"elementor-widget-container\">\n\t\t\t\t\t\t\t\t\t<p>Casque gaming remarquable avec un rapport qualit\u00e9 \/ prix imbattable, le\u00a0<strong>Fox Spirit DH0\u00a0<\/strong>allie performance, efficacit\u00e9 et ergonomie pour vous permettre de profiter de vos jeux dans les meilleures conditions. Confortable et particuli\u00e8rement bien con\u00e7u, il est agr\u00e9able \u00e0 porter et sera parfait pour de longues sessions de jeu. Il b\u00e9n\u00e9ficie d&rsquo;une conception de type semi-ouvert pour un excellent compromis entre isolation et restitution acoustique ample et g\u00e9n\u00e9reuse.<\/p>\t\t\t\t\t\t\t\t<\/div>\n\t\t\t\t<\/div>\n\t\t\t\t<\/div>\n\t\t<div class=\"elementor-element elementor-element-0c11eb0 e-con-full e-flex e-con e-child\" data-id=\"0c11eb0\" data-element_type=\"container\" data-e-type=\"container\">\n\t\t<div class=\"elementor-element elementor-element-bcf431d e-con-full e-flex e-con e-child\" data-id=\"bcf431d\" data-element_type=\"container\" data-e-type=\"container\">\n\t\t\t\t<div class=\"elementor-element elementor-element-85e8cfb elementor-widget elementor-widget-image\" data-id=\"85e8cfb\" data-element_type=\"widget\" data-e-type=\"widget\" data-widget_type=\"image.default\">\n\t\t\t\t<div class=\"elementor-widget-container\">\n\t\t\t\t\t\t\t\t\t\t\t\t\t\t\t<img fetchpriority=\"high\" decoding=\"async\" width=\"800\" height=\"800\" src=\"https:\/\/www.fox-spirit.com\/wp-content\/uploads\/2025\/05\/DH0White_Desc01.webp\" class=\"attachment-large size-large wp-image-3898\" alt=\"\" srcset=\"https:\/\/www.fox-spirit.com\/wp-content\/uploads\/2025\/05\/DH0White_Desc01.webp 1000w, https:\/\/www.fox-spirit.com\/wp-content\/uploads\/2025\/05\/DH0White_Desc01-300x300.webp 300w, https:\/\/www.fox-spirit.com\/wp-content\/uploads\/2025\/05\/DH0White_Desc01-150x150.webp 150w, https:\/\/www.fox-spirit.com\/wp-content\/uploads\/2025\/05\/DH0White_Desc01-768x768.webp 768w, https:\/\/www.fox-spirit.com\/wp-content\/uploads\/2025\/05\/DH0White_Desc01-600x600.webp 600w, https:\/\/www.fox-spirit.com\/wp-content\/uploads\/2025\/05\/DH0White_Desc01-100x100.webp 100w\" sizes=\"(max-width: 800px) 100vw, 800px\" \/>\t\t\t\t\t\t\t\t\t\t\t\t\t\t\t<\/div>\n\t\t\t\t<\/div>\n\t\t\t\t<\/div>\n\t\t<div class=\"elementor-element elementor-element-ddd2c69 e-con-full e-flex e-con e-child\" data-id=\"ddd2c69\" data-element_type=\"container\" data-e-type=\"container\">\n\t\t\t\t<div class=\"elementor-element elementor-element-d3f5cf6 elementor-widget elementor-widget-heading\" data-id=\"d3f5cf6\" data-element_type=\"widget\" data-e-type=\"widget\" data-widget_type=\"heading.default\">\n\t\t\t\t<div class=\"elementor-widget-container\">\n\t\t\t\t\t<h2 class=\"elementor-heading-title elementor-size-default\">Des heures de jeu en perspective<\/h2>\t\t\t\t<\/div>\n\t\t\t\t<\/div>\n\t\t\t\t<div class=\"elementor-element elementor-element-89251d0 elementor-widget elementor-widget-text-editor\" data-id=\"89251d0\" data-element_type=\"widget\" data-e-type=\"widget\" data-widget_type=\"text-editor.default\">\n\t\t\t\t<div class=\"elementor-widget-container\">\n\t\t\t\t\t\t\t\t\t<p>Le\u00a0<strong>casque\u00a0Fox Spirit DH0<\/strong>\u00a0est dot\u00e9 de<strong>\u00a0HP 40 mm\u00a0<\/strong>pour une meilleure restitution sonore. Des basses profondes et des m\u00e9diums\/aigus clairs vous permettent de profiter au mieux de vos jeux et de votre musique. Le\u00a0<strong>microphone amovible<\/strong>\u00a0peut \u00eatre retir\u00e9 (ou remis) en toute simplicit\u00e9. Le<strong>\u00a0casque gamer Fox Spirit DH0<\/strong>\u00a0se connecte tr\u00e8s simplement \u00e0 votre PC, PC portable, tablette, smartphone ou console gr\u00e2ce au connecteur jack 3.5 mm st\u00e9r\u00e9o. Un cordon adaptateur \u00ab\u00a0Y\u00a0\u00bb permet de connecter \u00e9ventuellement le casque \u00e0 une prise casque ainsi qu&rsquo;\u00e0 une prise micro. Avec un\u00a0<strong>poids total de seulement 312 gr<\/strong>, le\u00a0<strong>micro-casque gaming Fox Spirit DH0<\/strong>\u00a0est confortable et facile \u00e0 porter.<\/p>\t\t\t\t\t\t\t\t<\/div>\n\t\t\t\t<\/div>\n\t\t\t\t<\/div>\n\t\t\t\t<\/div>\n\t\t<div class=\"elementor-element elementor-element-9cba2d9 e-con-full e-flex e-con e-child\" data-id=\"9cba2d9\" data-element_type=\"container\" data-e-type=\"container\">\n\t\t<div class=\"elementor-element elementor-element-48979e7 e-con-full e-flex e-con e-child\" data-id=\"48979e7\" data-element_type=\"container\" data-e-type=\"container\">\n\t\t\t\t<div class=\"elementor-element elementor-element-d9753ae elementor-widget elementor-widget-heading\" data-id=\"d9753ae\" data-element_type=\"widget\" data-e-type=\"widget\" data-widget_type=\"heading.default\">\n\t\t\t\t<div class=\"elementor-widget-container\">\n\t\t\t\t\t<h2 class=\"elementor-heading-title elementor-size-default\">Caract\u00e9ristiques principales :<\/h2>\t\t\t\t<\/div>\n\t\t\t\t<\/div>\n\t\t\t\t<div class=\"elementor-element elementor-element-5548618 elementor-widget elementor-widget-text-editor\" data-id=\"5548618\" data-element_type=\"widget\" data-e-type=\"widget\" data-widget_type=\"text-editor.default\">\n\t\t\t\t<div class=\"elementor-widget-container\">\n\t\t\t\t\t\t\t\t\t<ul><li><strong>Casque\u00a0circum-auriculaire semi-ouvert<\/strong><\/li><li>Oreillettes tissu (rempla\u00e7ables, mod\u00e8les de remplacement disponibles en option)<\/li><li>HP 40 mm<\/li><li>Imp\u00e9dance : 32 ohms<\/li><li>Microphone omnidirectionnel d\u00e9tachable<\/li><li>Mode de connexion : 1x jack 3.5 mm st\u00e9r\u00e9o ou 2x\u00a0jack 3.5 mm st\u00e9r\u00e9o (via adaptateur Y inclus)<\/li><li>Longueur du c\u00e2ble : 2 m<\/li><\/ul>\t\t\t\t\t\t\t\t<\/div>\n\t\t\t\t<\/div>\n\t\t\t\t<\/div>\n\t\t<div class=\"elementor-element elementor-element-91d7697 e-con-full e-flex e-con e-child\" data-id=\"91d7697\" data-element_type=\"container\" data-e-type=\"container\">\n\t\t\t\t<div class=\"elementor-element elementor-element-e298a1d elementor-widget elementor-widget-image\" data-id=\"e298a1d\" data-element_type=\"widget\" data-e-type=\"widget\" data-widget_type=\"image.default\">\n\t\t\t\t<div class=\"elementor-widget-container\">\n\t\t\t\t\t\t\t\t\t\t\t\t\t\t\t<img decoding=\"async\" width=\"800\" height=\"800\" src=\"https:\/\/www.fox-spirit.com\/wp-content\/uploads\/2025\/05\/DH0White_Desc02.webp\" class=\"attachment-large size-large wp-image-3899\" alt=\"\" srcset=\"https:\/\/www.fox-spirit.com\/wp-content\/uploads\/2025\/05\/DH0White_Desc02.webp 1000w, https:\/\/www.fox-spirit.com\/wp-content\/uploads\/2025\/05\/DH0White_Desc02-300x300.webp 300w, https:\/\/www.fox-spirit.com\/wp-content\/uploads\/2025\/05\/DH0White_Desc02-150x150.webp 150w, https:\/\/www.fox-spirit.com\/wp-content\/uploads\/2025\/05\/DH0White_Desc02-768x768.webp 768w, https:\/\/www.fox-spirit.com\/wp-content\/uploads\/2025\/05\/DH0White_Desc02-600x600.webp 600w, https:\/\/www.fox-spirit.com\/wp-content\/uploads\/2025\/05\/DH0White_Desc02-100x100.webp 100w\" sizes=\"(max-width: 800px) 100vw, 800px\" \/>\t\t\t\t\t\t\t\t\t\t\t\t\t\t\t<\/div>\n\t\t\t\t<\/div>\n\t\t\t\t<\/div>\n\t\t\t\t<\/div>\n\t\t\t\t<\/div>\n\t\t\t\t<\/div>\n\t\t\n","protected":false},"excerpt":{"rendered":"<p>Casque gaming remarquable avec un rapport qualit\u00e9 \/ prix imbattable, le Fox Spirit DH0 allie performance, efficacit\u00e9 et ergonomie pour vous permettre de profiter de vos jeux dans les meilleures conditions. Confortable et particuli\u00e8rement bien con\u00e7u, il est parfait pour de longues sessions de jeu.<\/p>\n","protected":false},"featured_media":3902,"template":"","meta":{"_acf_changed":false},"product_brand":[],"product_cat":[36],"product_tag":[],"class_list":{"0":"post-3891","1":"product","2":"type-product","3":"status-publish","4":"has-post-thumbnail","6":"product_cat-casque-audio","8":"first","9":"instock","10":"shipping-taxable","11":"product-type-simple"},"acf":[],"yoast_head":"<!-- This site is optimized with the Yoast SEO plugin v27.4 - https:\/\/yoast.com\/product\/yoast-seo-wordpress\/ -->\n<title>Fox Spirit - DH0 Blanc<\/title>\n<meta name=\"description\" content=\"D\u00e9couvrez le casque audio gaming DH0 FOX SPIRIT, alliant performance, efficacit\u00e9 et ergonomie, pour profiter de vos jeux dans les meilleures conditions.\" \/>\n<meta name=\"robots\" content=\"index, follow, max-snippet:-1, max-image-preview:large, max-video-preview:-1\" \/>\n<link rel=\"canonical\" href=\"https:\/\/www.fox-spirit.com\/?product=dh0-blanc\" \/>\n<meta property=\"og:locale\" content=\"fr_FR\" \/>\n<meta property=\"og:type\" content=\"article\" \/>\n<meta property=\"og:title\" content=\"Fox Spirit - DH0 Blanc\" \/>\n<meta property=\"og:description\" content=\"D\u00e9couvrez le casque audio gaming DH0 FOX SPIRIT, alliant performance, efficacit\u00e9 et ergonomie, pour profiter de vos jeux dans les meilleures conditions.\" \/>\n<meta property=\"og:url\" content=\"https:\/\/www.fox-spirit.com\/?product=dh0-blanc\" \/>\n<meta property=\"og:site_name\" content=\"Fox Spirit\" \/>\n<meta property=\"article:modified_time\" content=\"2025-05-13T12:56:05+00:00\" \/>\n<meta property=\"og:image\" content=\"https:\/\/www.fox-spirit.com\/wp-content\/uploads\/2025\/05\/DH0White_01-1.webp\" \/>\n\t<meta property=\"og:image:width\" content=\"1000\" \/>\n\t<meta property=\"og:image:height\" content=\"1000\" \/>\n\t<meta property=\"og:image:type\" content=\"image\/webp\" \/>\n<meta name=\"twitter:card\" content=\"summary_large_image\" \/>\n<meta name=\"twitter:label1\" content=\"Dur\u00e9e de lecture estim\u00e9e\" \/>\n\t<meta name=\"twitter:data1\" content=\"1 minute\" \/>\n<script type=\"application\/ld+json\" class=\"yoast-schema-graph\">{\"@context\":\"https:\\\/\\\/schema.org\",\"@graph\":[{\"@type\":\"WebPage\",\"@id\":\"https:\\\/\\\/www.fox-spirit.com\\\/?product=dh0-blanc\",\"url\":\"https:\\\/\\\/www.fox-spirit.com\\\/?product=dh0-blanc\",\"name\":\"Fox Spirit - DH0 Blanc\",\"isPartOf\":{\"@id\":\"https:\\\/\\\/www.fox-spirit.com\\\/#website\"},\"primaryImageOfPage\":{\"@id\":\"https:\\\/\\\/www.fox-spirit.com\\\/?product=dh0-blanc#primaryimage\"},\"image\":{\"@id\":\"https:\\\/\\\/www.fox-spirit.com\\\/?product=dh0-blanc#primaryimage\"},\"thumbnailUrl\":\"https:\\\/\\\/www.fox-spirit.com\\\/wp-content\\\/uploads\\\/2025\\\/05\\\/DH0White_01-1.webp\",\"datePublished\":\"2025-05-13T12:47:58+00:00\",\"dateModified\":\"2025-05-13T12:56:05+00:00\",\"description\":\"D\u00e9couvrez le casque audio gaming DH0 FOX SPIRIT, alliant performance, efficacit\u00e9 et ergonomie, pour profiter de vos jeux dans les meilleures conditions.\",\"breadcrumb\":{\"@id\":\"https:\\\/\\\/www.fox-spirit.com\\\/?product=dh0-blanc#breadcrumb\"},\"inLanguage\":\"fr-FR\",\"potentialAction\":[{\"@type\":\"ReadAction\",\"target\":[\"https:\\\/\\\/www.fox-spirit.com\\\/?product=dh0-blanc\"]}]},{\"@type\":\"ImageObject\",\"inLanguage\":\"fr-FR\",\"@id\":\"https:\\\/\\\/www.fox-spirit.com\\\/?product=dh0-blanc#primaryimage\",\"url\":\"https:\\\/\\\/www.fox-spirit.com\\\/wp-content\\\/uploads\\\/2025\\\/05\\\/DH0White_01-1.webp\",\"contentUrl\":\"https:\\\/\\\/www.fox-spirit.com\\\/wp-content\\\/uploads\\\/2025\\\/05\\\/DH0White_01-1.webp\",\"width\":1000,\"height\":1000},{\"@type\":\"BreadcrumbList\",\"@id\":\"https:\\\/\\\/www.fox-spirit.com\\\/?product=dh0-blanc#breadcrumb\",\"itemListElement\":[{\"@type\":\"ListItem\",\"position\":1,\"name\":\"Home\",\"item\":\"https:\\\/\\\/www.fox-spirit.com\\\/\"},{\"@type\":\"ListItem\",\"position\":2,\"name\":\"Univers\",\"item\":\"https:\\\/\\\/www.fox-spirit.com\\\/?page_id=1224\"},{\"@type\":\"ListItem\",\"position\":3,\"name\":\"P\u00e9riph\u00e9riques PC\",\"item\":\"https:\\\/\\\/www.fox-spirit.com\\\/?product_cat=peripheriques-pc\"},{\"@type\":\"ListItem\",\"position\":4,\"name\":\"Casque audio\",\"item\":\"https:\\\/\\\/www.fox-spirit.com\\\/?product_cat=casque-audio\"},{\"@type\":\"ListItem\",\"position\":5,\"name\":\"DH0 Blanc\"}]},{\"@type\":\"WebSite\",\"@id\":\"https:\\\/\\\/www.fox-spirit.com\\\/#website\",\"url\":\"https:\\\/\\\/www.fox-spirit.com\\\/\",\"name\":\"Fox Spirit\",\"description\":\"JOUEZ. RUSEZ.\",\"publisher\":{\"@id\":\"https:\\\/\\\/www.fox-spirit.com\\\/#organization\"},\"potentialAction\":[{\"@type\":\"SearchAction\",\"target\":{\"@type\":\"EntryPoint\",\"urlTemplate\":\"https:\\\/\\\/www.fox-spirit.com\\\/?s={search_term_string}\"},\"query-input\":{\"@type\":\"PropertyValueSpecification\",\"valueRequired\":true,\"valueName\":\"search_term_string\"}}],\"inLanguage\":\"fr-FR\"},{\"@type\":\"Organization\",\"@id\":\"https:\\\/\\\/www.fox-spirit.com\\\/#organization\",\"name\":\"Groupe LDLC\",\"url\":\"https:\\\/\\\/www.fox-spirit.com\\\/\",\"logo\":{\"@type\":\"ImageObject\",\"inLanguage\":\"fr-FR\",\"@id\":\"https:\\\/\\\/www.fox-spirit.com\\\/#\\\/schema\\\/logo\\\/image\\\/\",\"url\":\"https:\\\/\\\/www.fox-spirit.com\\\/wp-content\\\/uploads\\\/2024\\\/12\\\/logo_FoxSpirit_red.png\",\"contentUrl\":\"https:\\\/\\\/www.fox-spirit.com\\\/wp-content\\\/uploads\\\/2024\\\/12\\\/logo_FoxSpirit_red.png\",\"width\":1600,\"height\":1600,\"caption\":\"Groupe LDLC\"},\"image\":{\"@id\":\"https:\\\/\\\/www.fox-spirit.com\\\/#\\\/schema\\\/logo\\\/image\\\/\"}}]}<\/script>\n<!-- \/ Yoast SEO plugin. -->","yoast_head_json":{"title":"Fox Spirit - DH0 Blanc","description":"D\u00e9couvrez le casque audio gaming DH0 FOX SPIRIT, alliant performance, efficacit\u00e9 et ergonomie, pour profiter de vos jeux dans les meilleures conditions.","robots":{"index":"index","follow":"follow","max-snippet":"max-snippet:-1","max-image-preview":"max-image-preview:large","max-video-preview":"max-video-preview:-1"},"canonical":"https:\/\/www.fox-spirit.com\/?product=dh0-blanc","og_locale":"fr_FR","og_type":"article","og_title":"Fox Spirit - DH0 Blanc","og_description":"D\u00e9couvrez le casque audio gaming DH0 FOX SPIRIT, alliant performance, efficacit\u00e9 et ergonomie, pour profiter de vos jeux dans les meilleures conditions.","og_url":"https:\/\/www.fox-spirit.com\/?product=dh0-blanc","og_site_name":"Fox Spirit","article_modified_time":"2025-05-13T12:56:05+00:00","og_image":[{"width":1000,"height":1000,"url":"https:\/\/www.fox-spirit.com\/wp-content\/uploads\/2025\/05\/DH0White_01-1.webp","type":"image\/webp"}],"twitter_card":"summary_large_image","twitter_misc":{"Dur\u00e9e de lecture estim\u00e9e":"1 minute"},"schema":{"@context":"https:\/\/schema.org","@graph":[{"@type":"WebPage","@id":"https:\/\/www.fox-spirit.com\/?product=dh0-blanc","url":"https:\/\/www.fox-spirit.com\/?product=dh0-blanc","name":"Fox Spirit - DH0 Blanc","isPartOf":{"@id":"https:\/\/www.fox-spirit.com\/#website"},"primaryImageOfPage":{"@id":"https:\/\/www.fox-spirit.com\/?product=dh0-blanc#primaryimage"},"image":{"@id":"https:\/\/www.fox-spirit.com\/?product=dh0-blanc#primaryimage"},"thumbnailUrl":"https:\/\/www.fox-spirit.com\/wp-content\/uploads\/2025\/05\/DH0White_01-1.webp","datePublished":"2025-05-13T12:47:58+00:00","dateModified":"2025-05-13T12:56:05+00:00","description":"D\u00e9couvrez le casque audio gaming DH0 FOX SPIRIT, alliant performance, efficacit\u00e9 et ergonomie, pour profiter de vos jeux dans les meilleures conditions.","breadcrumb":{"@id":"https:\/\/www.fox-spirit.com\/?product=dh0-blanc#breadcrumb"},"inLanguage":"fr-FR","potentialAction":[{"@type":"ReadAction","target":["https:\/\/www.fox-spirit.com\/?product=dh0-blanc"]}]},{"@type":"ImageObject","inLanguage":"fr-FR","@id":"https:\/\/www.fox-spirit.com\/?product=dh0-blanc#primaryimage","url":"https:\/\/www.fox-spirit.com\/wp-content\/uploads\/2025\/05\/DH0White_01-1.webp","contentUrl":"https:\/\/www.fox-spirit.com\/wp-content\/uploads\/2025\/05\/DH0White_01-1.webp","width":1000,"height":1000},{"@type":"BreadcrumbList","@id":"https:\/\/www.fox-spirit.com\/?product=dh0-blanc#breadcrumb","itemListElement":[{"@type":"ListItem","position":1,"name":"Home","item":"https:\/\/www.fox-spirit.com\/"},{"@type":"ListItem","position":2,"name":"Univers","item":"https:\/\/www.fox-spirit.com\/?page_id=1224"},{"@type":"ListItem","position":3,"name":"P\u00e9riph\u00e9riques PC","item":"https:\/\/www.fox-spirit.com\/?product_cat=peripheriques-pc"},{"@type":"ListItem","position":4,"name":"Casque audio","item":"https:\/\/www.fox-spirit.com\/?product_cat=casque-audio"},{"@type":"ListItem","position":5,"name":"DH0 Blanc"}]},{"@type":"WebSite","@id":"https:\/\/www.fox-spirit.com\/#website","url":"https:\/\/www.fox-spirit.com\/","name":"Fox Spirit","description":"JOUEZ. RUSEZ.","publisher":{"@id":"https:\/\/www.fox-spirit.com\/#organization"},"potentialAction":[{"@type":"SearchAction","target":{"@type":"EntryPoint","urlTemplate":"https:\/\/www.fox-spirit.com\/?s={search_term_string}"},"query-input":{"@type":"PropertyValueSpecification","valueRequired":true,"valueName":"search_term_string"}}],"inLanguage":"fr-FR"},{"@type":"Organization","@id":"https:\/\/www.fox-spirit.com\/#organization","name":"Groupe LDLC","url":"https:\/\/www.fox-spirit.com\/","logo":{"@type":"ImageObject","inLanguage":"fr-FR","@id":"https:\/\/www.fox-spirit.com\/#\/schema\/logo\/image\/","url":"https:\/\/www.fox-spirit.com\/wp-content\/uploads\/2024\/12\/logo_FoxSpirit_red.png","contentUrl":"https:\/\/www.fox-spirit.com\/wp-content\/uploads\/2024\/12\/logo_FoxSpirit_red.png","width":1600,"height":1600,"caption":"Groupe LDLC"},"image":{"@id":"https:\/\/www.fox-spirit.com\/#\/schema\/logo\/image\/"}}]}},"_links":{"self":[{"href":"https:\/\/www.fox-spirit.com\/index.php?rest_route=\/wp\/v2\/product\/3891","targetHints":{"allow":["GET"]}}],"collection":[{"href":"https:\/\/www.fox-spirit.com\/index.php?rest_route=\/wp\/v2\/product"}],"about":[{"href":"https:\/\/www.fox-spirit.com\/index.php?rest_route=\/wp\/v2\/types\/product"}],"version-history":[{"count":2,"href":"https:\/\/www.fox-spirit.com\/index.php?rest_route=\/wp\/v2\/product\/3891\/revisions"}],"predecessor-version":[{"id":3901,"href":"https:\/\/www.fox-spirit.com\/index.php?rest_route=\/wp\/v2\/product\/3891\/revisions\/3901"}],"wp:featuredmedia":[{"embeddable":true,"href":"https:\/\/www.fox-spirit.com\/index.php?rest_route=\/wp\/v2\/media\/3902"}],"wp:attachment":[{"href":"https:\/\/www.fox-spirit.com\/index.php?rest_route=%2Fwp%2Fv2%2Fmedia&parent=3891"}],"wp:term":[{"taxonomy":"product_brand","embeddable":true,"href":"https:\/\/www.fox-spirit.com\/index.php?rest_route=%2Fwp%2Fv2%2Fproduct_brand&post=3891"},{"taxonomy":"product_cat","embeddable":true,"href":"https:\/\/www.fox-spirit.com\/index.php?rest_route=%2Fwp%2Fv2%2Fproduct_cat&post=3891"},{"taxonomy":"product_tag","embeddable":true,"href":"https:\/\/www.fox-spirit.com\/index.php?rest_route=%2Fwp%2Fv2%2Fproduct_tag&post=3891"}],"curies":[{"name":"wp","href":"https:\/\/api.w.org\/{rel}","templated":true}]}}