{"id":3903,"date":"2025-05-13T14:55:33","date_gmt":"2025-05-13T12:55:33","guid":{"rendered":"https:\/\/www.fox-spirit.com\/?post_type=product&#038;p=3903"},"modified":"2025-05-13T14:55:33","modified_gmt":"2025-05-13T12:55:33","slug":"dh0-ecfr-w","status":"publish","type":"product","link":"https:\/\/www.fox-spirit.com\/?product=dh0-ecfr-w","title":{"rendered":"DH0-ECFR-W"},"content":{"rendered":"\t\t<div data-elementor-type=\"container\" data-elementor-id=\"2916\" class=\"elementor elementor-2916\" data-elementor-post-type=\"elementor_library\">\n\t\t\t\t<div class=\"elementor-element elementor-element-f075c9b e-con-full e-flex e-con e-parent\" data-id=\"f075c9b\" data-element_type=\"container\" data-e-type=\"container\">\n\t\t<div class=\"elementor-element elementor-element-14e4077 e-con-full e-flex e-con e-child\" data-id=\"14e4077\" data-element_type=\"container\" data-e-type=\"container\">\n\t\t\t\t<div class=\"elementor-element elementor-element-9c769af elementor-widget elementor-widget-heading\" data-id=\"9c769af\" data-element_type=\"widget\" data-e-type=\"widget\" data-widget_type=\"heading.default\">\n\t\t\t\t<div class=\"elementor-widget-container\">\n\t\t\t\t\t<h2 class=\"elementor-heading-title elementor-size-default\">Oreillettes de rechange tissu pour Micro Casque Fox Spirit DH0<\/h2>\t\t\t\t<\/div>\n\t\t\t\t<\/div>\n\t\t\t\t<div class=\"elementor-element elementor-element-9626083 elementor-widget elementor-widget-text-editor\" data-id=\"9626083\" data-element_type=\"widget\" data-e-type=\"widget\" data-widget_type=\"text-editor.default\">\n\t\t\t\t<div class=\"elementor-widget-container\">\n\t\t\t\t\t\t\t\t\t<p><strong>Fox Spirit DH0-ECFR<\/strong>\u00a0est un\u00a0<strong>kit de coussinets (oreillettes de rechange) tissu\u00a0<\/strong>pour le\u00a0<strong>Micro Casque gaming Fox Spirit DH0<\/strong>. Confortables et particuli\u00e8rement bien con\u00e7us, ils sont agr\u00e9ables \u00e0 porter et sont parfaits pour de longues sessions de jeu. Robustes et faciles \u00e0 mettre en place, ils remplaceront rapidement et sans efforts les oreillettes d&rsquo;origine de votre casque micro pr\u00e9f\u00e9r\u00e9.<\/p>\t\t\t\t\t\t\t\t<\/div>\n\t\t\t\t<\/div>\n\t\t\t\t<\/div>\n\t\t\t\t<\/div>\n\t\t\t\t<\/div>\n\t\t\n","protected":false},"excerpt":{"rendered":"<p>Fox Spirit DH0-ECFR est un kit de coussinets (oreillettes de rechange) tissu pour le Micro Casque gaming Fox Spirit DH0. Robustes et faciles \u00e0 mettre en place, ils remplaceront rapidement et sans efforts les oreillettes d&rsquo;origine de votre casque micro pr\u00e9f\u00e9r\u00e9.<\/p>\n","protected":false},"featured_media":3907,"template":"","meta":{"_acf_changed":false},"product_brand":[],"product_cat":[36,53],"product_tag":[],"class_list":{"0":"post-3903","1":"product","2":"type-product","3":"status-publish","4":"has-post-thumbnail","6":"product_cat-casque-audio","7":"product_cat-kit-coussinets","9":"first","10":"instock","11":"shipping-taxable","12":"product-type-simple"},"acf":[],"yoast_head":"<!-- This site is optimized with the Yoast SEO plugin v27.4 - https:\/\/yoast.com\/product\/yoast-seo-wordpress\/ -->\n<title>Fox Spirit - DH0-ECFR-W<\/title>\n<meta name=\"description\" content=\"D\u00e9couvrez le kit de coussinets en tissu DH0 ECFR FOX SPIRIT, robustes et faciles \u00e0 mettre en place, les oreillettes de rechange sont con\u00e7ues pour le DH0.\" \/>\n<meta name=\"robots\" content=\"index, follow, max-snippet:-1, max-image-preview:large, max-video-preview:-1\" \/>\n<link rel=\"canonical\" href=\"https:\/\/www.fox-spirit.com\/?product=dh0-ecfr-w\" \/>\n<meta property=\"og:locale\" content=\"fr_FR\" \/>\n<meta property=\"og:type\" content=\"article\" \/>\n<meta property=\"og:title\" content=\"Fox Spirit - DH0-ECFR-W\" \/>\n<meta property=\"og:description\" content=\"D\u00e9couvrez le kit de coussinets en tissu DH0 ECFR FOX SPIRIT, robustes et faciles \u00e0 mettre en place, les oreillettes de rechange sont con\u00e7ues pour le DH0.\" \/>\n<meta property=\"og:url\" content=\"https:\/\/www.fox-spirit.com\/?product=dh0-ecfr-w\" \/>\n<meta property=\"og:site_name\" content=\"Fox Spirit\" \/>\n<meta property=\"og:image\" content=\"https:\/\/www.fox-spirit.com\/wp-content\/uploads\/2025\/05\/DH0-ECFR-W_01.webp\" \/>\n\t<meta property=\"og:image:width\" content=\"1000\" \/>\n\t<meta property=\"og:image:height\" content=\"1000\" \/>\n\t<meta property=\"og:image:type\" content=\"image\/webp\" \/>\n<meta name=\"twitter:card\" content=\"summary_large_image\" \/>\n<meta name=\"twitter:label1\" content=\"Dur\u00e9e de lecture estim\u00e9e\" \/>\n\t<meta name=\"twitter:data1\" content=\"1 minute\" \/>\n<script type=\"application\/ld+json\" class=\"yoast-schema-graph\">{\"@context\":\"https:\\\/\\\/schema.org\",\"@graph\":[{\"@type\":\"WebPage\",\"@id\":\"https:\\\/\\\/www.fox-spirit.com\\\/?product=dh0-ecfr-w\",\"url\":\"https:\\\/\\\/www.fox-spirit.com\\\/?product=dh0-ecfr-w\",\"name\":\"Fox Spirit - DH0-ECFR-W\",\"isPartOf\":{\"@id\":\"https:\\\/\\\/www.fox-spirit.com\\\/#website\"},\"primaryImageOfPage\":{\"@id\":\"https:\\\/\\\/www.fox-spirit.com\\\/?product=dh0-ecfr-w#primaryimage\"},\"image\":{\"@id\":\"https:\\\/\\\/www.fox-spirit.com\\\/?product=dh0-ecfr-w#primaryimage\"},\"thumbnailUrl\":\"https:\\\/\\\/www.fox-spirit.com\\\/wp-content\\\/uploads\\\/2025\\\/05\\\/DH0-ECFR-W_01.webp\",\"datePublished\":\"2025-05-13T12:55:33+00:00\",\"description\":\"D\u00e9couvrez le kit de coussinets en tissu DH0 ECFR FOX SPIRIT, robustes et faciles \u00e0 mettre en place, les oreillettes de rechange sont con\u00e7ues pour le DH0.\",\"breadcrumb\":{\"@id\":\"https:\\\/\\\/www.fox-spirit.com\\\/?product=dh0-ecfr-w#breadcrumb\"},\"inLanguage\":\"fr-FR\",\"potentialAction\":[{\"@type\":\"ReadAction\",\"target\":[\"https:\\\/\\\/www.fox-spirit.com\\\/?product=dh0-ecfr-w\"]}]},{\"@type\":\"ImageObject\",\"inLanguage\":\"fr-FR\",\"@id\":\"https:\\\/\\\/www.fox-spirit.com\\\/?product=dh0-ecfr-w#primaryimage\",\"url\":\"https:\\\/\\\/www.fox-spirit.com\\\/wp-content\\\/uploads\\\/2025\\\/05\\\/DH0-ECFR-W_01.webp\",\"contentUrl\":\"https:\\\/\\\/www.fox-spirit.com\\\/wp-content\\\/uploads\\\/2025\\\/05\\\/DH0-ECFR-W_01.webp\",\"width\":1000,\"height\":1000},{\"@type\":\"BreadcrumbList\",\"@id\":\"https:\\\/\\\/www.fox-spirit.com\\\/?product=dh0-ecfr-w#breadcrumb\",\"itemListElement\":[{\"@type\":\"ListItem\",\"position\":1,\"name\":\"Home\",\"item\":\"https:\\\/\\\/www.fox-spirit.com\\\/\"},{\"@type\":\"ListItem\",\"position\":2,\"name\":\"Univers\",\"item\":\"https:\\\/\\\/www.fox-spirit.com\\\/?page_id=1224\"},{\"@type\":\"ListItem\",\"position\":3,\"name\":\"P\u00e9riph\u00e9riques PC\",\"item\":\"https:\\\/\\\/www.fox-spirit.com\\\/?product_cat=peripheriques-pc\"},{\"@type\":\"ListItem\",\"position\":4,\"name\":\"Casque audio\",\"item\":\"https:\\\/\\\/www.fox-spirit.com\\\/?product_cat=casque-audio\"},{\"@type\":\"ListItem\",\"position\":5,\"name\":\"DH0-ECFR-W\"}]},{\"@type\":\"WebSite\",\"@id\":\"https:\\\/\\\/www.fox-spirit.com\\\/#website\",\"url\":\"https:\\\/\\\/www.fox-spirit.com\\\/\",\"name\":\"Fox Spirit\",\"description\":\"JOUEZ. RUSEZ.\",\"publisher\":{\"@id\":\"https:\\\/\\\/www.fox-spirit.com\\\/#organization\"},\"potentialAction\":[{\"@type\":\"SearchAction\",\"target\":{\"@type\":\"EntryPoint\",\"urlTemplate\":\"https:\\\/\\\/www.fox-spirit.com\\\/?s={search_term_string}\"},\"query-input\":{\"@type\":\"PropertyValueSpecification\",\"valueRequired\":true,\"valueName\":\"search_term_string\"}}],\"inLanguage\":\"fr-FR\"},{\"@type\":\"Organization\",\"@id\":\"https:\\\/\\\/www.fox-spirit.com\\\/#organization\",\"name\":\"Groupe LDLC\",\"url\":\"https:\\\/\\\/www.fox-spirit.com\\\/\",\"logo\":{\"@type\":\"ImageObject\",\"inLanguage\":\"fr-FR\",\"@id\":\"https:\\\/\\\/www.fox-spirit.com\\\/#\\\/schema\\\/logo\\\/image\\\/\",\"url\":\"https:\\\/\\\/www.fox-spirit.com\\\/wp-content\\\/uploads\\\/2024\\\/12\\\/logo_FoxSpirit_red.png\",\"contentUrl\":\"https:\\\/\\\/www.fox-spirit.com\\\/wp-content\\\/uploads\\\/2024\\\/12\\\/logo_FoxSpirit_red.png\",\"width\":1600,\"height\":1600,\"caption\":\"Groupe LDLC\"},\"image\":{\"@id\":\"https:\\\/\\\/www.fox-spirit.com\\\/#\\\/schema\\\/logo\\\/image\\\/\"}}]}<\/script>\n<!-- \/ Yoast SEO plugin. -->","yoast_head_json":{"title":"Fox Spirit - DH0-ECFR-W","description":"D\u00e9couvrez le kit de coussinets en tissu DH0 ECFR FOX SPIRIT, robustes et faciles \u00e0 mettre en place, les oreillettes de rechange sont con\u00e7ues pour le DH0.","robots":{"index":"index","follow":"follow","max-snippet":"max-snippet:-1","max-image-preview":"max-image-preview:large","max-video-preview":"max-video-preview:-1"},"canonical":"https:\/\/www.fox-spirit.com\/?product=dh0-ecfr-w","og_locale":"fr_FR","og_type":"article","og_title":"Fox Spirit - DH0-ECFR-W","og_description":"D\u00e9couvrez le kit de coussinets en tissu DH0 ECFR FOX SPIRIT, robustes et faciles \u00e0 mettre en place, les oreillettes de rechange sont con\u00e7ues pour le DH0.","og_url":"https:\/\/www.fox-spirit.com\/?product=dh0-ecfr-w","og_site_name":"Fox Spirit","og_image":[{"width":1000,"height":1000,"url":"https:\/\/www.fox-spirit.com\/wp-content\/uploads\/2025\/05\/DH0-ECFR-W_01.webp","type":"image\/webp"}],"twitter_card":"summary_large_image","twitter_misc":{"Dur\u00e9e de lecture estim\u00e9e":"1 minute"},"schema":{"@context":"https:\/\/schema.org","@graph":[{"@type":"WebPage","@id":"https:\/\/www.fox-spirit.com\/?product=dh0-ecfr-w","url":"https:\/\/www.fox-spirit.com\/?product=dh0-ecfr-w","name":"Fox Spirit - DH0-ECFR-W","isPartOf":{"@id":"https:\/\/www.fox-spirit.com\/#website"},"primaryImageOfPage":{"@id":"https:\/\/www.fox-spirit.com\/?product=dh0-ecfr-w#primaryimage"},"image":{"@id":"https:\/\/www.fox-spirit.com\/?product=dh0-ecfr-w#primaryimage"},"thumbnailUrl":"https:\/\/www.fox-spirit.com\/wp-content\/uploads\/2025\/05\/DH0-ECFR-W_01.webp","datePublished":"2025-05-13T12:55:33+00:00","description":"D\u00e9couvrez le kit de coussinets en tissu DH0 ECFR FOX SPIRIT, robustes et faciles \u00e0 mettre en place, les oreillettes de rechange sont con\u00e7ues pour le DH0.","breadcrumb":{"@id":"https:\/\/www.fox-spirit.com\/?product=dh0-ecfr-w#breadcrumb"},"inLanguage":"fr-FR","potentialAction":[{"@type":"ReadAction","target":["https:\/\/www.fox-spirit.com\/?product=dh0-ecfr-w"]}]},{"@type":"ImageObject","inLanguage":"fr-FR","@id":"https:\/\/www.fox-spirit.com\/?product=dh0-ecfr-w#primaryimage","url":"https:\/\/www.fox-spirit.com\/wp-content\/uploads\/2025\/05\/DH0-ECFR-W_01.webp","contentUrl":"https:\/\/www.fox-spirit.com\/wp-content\/uploads\/2025\/05\/DH0-ECFR-W_01.webp","width":1000,"height":1000},{"@type":"BreadcrumbList","@id":"https:\/\/www.fox-spirit.com\/?product=dh0-ecfr-w#breadcrumb","itemListElement":[{"@type":"ListItem","position":1,"name":"Home","item":"https:\/\/www.fox-spirit.com\/"},{"@type":"ListItem","position":2,"name":"Univers","item":"https:\/\/www.fox-spirit.com\/?page_id=1224"},{"@type":"ListItem","position":3,"name":"P\u00e9riph\u00e9riques PC","item":"https:\/\/www.fox-spirit.com\/?product_cat=peripheriques-pc"},{"@type":"ListItem","position":4,"name":"Casque audio","item":"https:\/\/www.fox-spirit.com\/?product_cat=casque-audio"},{"@type":"ListItem","position":5,"name":"DH0-ECFR-W"}]},{"@type":"WebSite","@id":"https:\/\/www.fox-spirit.com\/#website","url":"https:\/\/www.fox-spirit.com\/","name":"Fox Spirit","description":"JOUEZ. RUSEZ.","publisher":{"@id":"https:\/\/www.fox-spirit.com\/#organization"},"potentialAction":[{"@type":"SearchAction","target":{"@type":"EntryPoint","urlTemplate":"https:\/\/www.fox-spirit.com\/?s={search_term_string}"},"query-input":{"@type":"PropertyValueSpecification","valueRequired":true,"valueName":"search_term_string"}}],"inLanguage":"fr-FR"},{"@type":"Organization","@id":"https:\/\/www.fox-spirit.com\/#organization","name":"Groupe LDLC","url":"https:\/\/www.fox-spirit.com\/","logo":{"@type":"ImageObject","inLanguage":"fr-FR","@id":"https:\/\/www.fox-spirit.com\/#\/schema\/logo\/image\/","url":"https:\/\/www.fox-spirit.com\/wp-content\/uploads\/2024\/12\/logo_FoxSpirit_red.png","contentUrl":"https:\/\/www.fox-spirit.com\/wp-content\/uploads\/2024\/12\/logo_FoxSpirit_red.png","width":1600,"height":1600,"caption":"Groupe LDLC"},"image":{"@id":"https:\/\/www.fox-spirit.com\/#\/schema\/logo\/image\/"}}]}},"_links":{"self":[{"href":"https:\/\/www.fox-spirit.com\/index.php?rest_route=\/wp\/v2\/product\/3903","targetHints":{"allow":["GET"]}}],"collection":[{"href":"https:\/\/www.fox-spirit.com\/index.php?rest_route=\/wp\/v2\/product"}],"about":[{"href":"https:\/\/www.fox-spirit.com\/index.php?rest_route=\/wp\/v2\/types\/product"}],"version-history":[{"count":1,"href":"https:\/\/www.fox-spirit.com\/index.php?rest_route=\/wp\/v2\/product\/3903\/revisions"}],"predecessor-version":[{"id":3904,"href":"https:\/\/www.fox-spirit.com\/index.php?rest_route=\/wp\/v2\/product\/3903\/revisions\/3904"}],"wp:featuredmedia":[{"embeddable":true,"href":"https:\/\/www.fox-spirit.com\/index.php?rest_route=\/wp\/v2\/media\/3907"}],"wp:attachment":[{"href":"https:\/\/www.fox-spirit.com\/index.php?rest_route=%2Fwp%2Fv2%2Fmedia&parent=3903"}],"wp:term":[{"taxonomy":"product_brand","embeddable":true,"href":"https:\/\/www.fox-spirit.com\/index.php?rest_route=%2Fwp%2Fv2%2Fproduct_brand&post=3903"},{"taxonomy":"product_cat","embeddable":true,"href":"https:\/\/www.fox-spirit.com\/index.php?rest_route=%2Fwp%2Fv2%2Fproduct_cat&post=3903"},{"taxonomy":"product_tag","embeddable":true,"href":"https:\/\/www.fox-spirit.com\/index.php?rest_route=%2Fwp%2Fv2%2Fproduct_tag&post=3903"}],"curies":[{"name":"wp","href":"https:\/\/api.w.org\/{rel}","templated":true}]}}