{"id":3951,"date":"2025-10-21T10:15:11","date_gmt":"2025-10-21T08:15:11","guid":{"rendered":"https:\/\/www.fox-spirit.com\/?post_type=product&#038;p=3951"},"modified":"2025-10-21T10:15:11","modified_gmt":"2025-10-21T08:15:11","slug":"gt120","status":"publish","type":"product","link":"https:\/\/www.fox-spirit.com\/?product=gt120","title":{"rendered":"GT120"},"content":{"rendered":"\t\t<div data-elementor-type=\"container\" data-elementor-id=\"3955\" class=\"elementor elementor-3955\" data-elementor-post-type=\"elementor_library\">\n\t\t\t\t<div class=\"elementor-element elementor-element-f075c9b e-con-full e-flex e-con e-parent\" data-id=\"f075c9b\" data-element_type=\"container\" data-e-type=\"container\">\n\t\t<div class=\"elementor-element elementor-element-14e4077 e-con-full e-flex e-con e-child\" data-id=\"14e4077\" data-element_type=\"container\" data-e-type=\"container\">\n\t\t\t\t<div class=\"elementor-element elementor-element-9c769af elementor-widget elementor-widget-heading\" data-id=\"9c769af\" data-element_type=\"widget\" data-e-type=\"widget\" data-widget_type=\"heading.default\">\n\t\t\t\t<div class=\"elementor-widget-container\">\n\t\t\t\t\t<h2 class=\"elementor-heading-title elementor-size-default\">Un refroidissement compact et efficace<\/h2>\t\t\t\t<\/div>\n\t\t\t\t<\/div>\n\t\t\t\t<div class=\"elementor-element elementor-element-9626083 elementor-widget elementor-widget-text-editor\" data-id=\"9626083\" data-element_type=\"widget\" data-e-type=\"widget\" data-widget_type=\"text-editor.default\">\n\t\t\t\t<div class=\"elementor-widget-container\">\n\t\t\t\t\t\t\t\t\t<p>Le\u00a0<strong>ventilateur pour processeur\u00a0Fox Spirit GT120<\/strong>\u00a0est un syst\u00e8me de refroidissement \u00e0 la fois performant et silencieux. \u00c9quip\u00e9\u00a0d&rsquo;un ventilateur silencieux 120 mm, de 5 caloducs en cuivre \u00e0 contact direct et d&rsquo;un dissipateur aluminium \u00e0 ailettes fines, il est capable de dissiper jusqu&rsquo;\u00e0 200W de TDP.\u00a0<\/p>\t\t\t\t\t\t\t\t<\/div>\n\t\t\t\t<\/div>\n\t\t\t\t<\/div>\n\t\t<div class=\"elementor-element elementor-element-0c11eb0 e-con-full e-flex e-con e-child\" data-id=\"0c11eb0\" data-element_type=\"container\" data-e-type=\"container\">\n\t\t<div class=\"elementor-element elementor-element-bcf431d e-con-full e-flex e-con e-child\" data-id=\"bcf431d\" data-element_type=\"container\" data-e-type=\"container\">\n\t\t\t\t<div class=\"elementor-element elementor-element-85e8cfb elementor-widget elementor-widget-image\" data-id=\"85e8cfb\" data-element_type=\"widget\" data-e-type=\"widget\" data-widget_type=\"image.default\">\n\t\t\t\t<div class=\"elementor-widget-container\">\n\t\t\t\t\t\t\t\t\t\t\t\t\t\t\t<img fetchpriority=\"high\" decoding=\"async\" width=\"800\" height=\"800\" src=\"https:\/\/www.fox-spirit.com\/wp-content\/uploads\/2025\/10\/GT120_01.webp\" class=\"attachment-large size-large wp-image-3953\" alt=\"\" srcset=\"https:\/\/www.fox-spirit.com\/wp-content\/uploads\/2025\/10\/GT120_01.webp 1000w, https:\/\/www.fox-spirit.com\/wp-content\/uploads\/2025\/10\/GT120_01-300x300.webp 300w, https:\/\/www.fox-spirit.com\/wp-content\/uploads\/2025\/10\/GT120_01-150x150.webp 150w, https:\/\/www.fox-spirit.com\/wp-content\/uploads\/2025\/10\/GT120_01-768x768.webp 768w, https:\/\/www.fox-spirit.com\/wp-content\/uploads\/2025\/10\/GT120_01-600x600.webp 600w, https:\/\/www.fox-spirit.com\/wp-content\/uploads\/2025\/10\/GT120_01-100x100.webp 100w\" sizes=\"(max-width: 800px) 100vw, 800px\" \/>\t\t\t\t\t\t\t\t\t\t\t\t\t\t\t<\/div>\n\t\t\t\t<\/div>\n\t\t\t\t<\/div>\n\t\t<div class=\"elementor-element elementor-element-ddd2c69 e-con-full e-flex e-con e-child\" data-id=\"ddd2c69\" data-element_type=\"container\" data-e-type=\"container\">\n\t\t\t\t<div class=\"elementor-element elementor-element-d3f5cf6 elementor-widget elementor-widget-heading\" data-id=\"d3f5cf6\" data-element_type=\"widget\" data-e-type=\"widget\" data-widget_type=\"heading.default\">\n\t\t\t\t<div class=\"elementor-widget-container\">\n\t\t\t\t\t<h2 class=\"elementor-heading-title elementor-size-default\">Refroidissement discret et efficace<\/h2>\t\t\t\t<\/div>\n\t\t\t\t<\/div>\n\t\t\t\t<div class=\"elementor-element elementor-element-89251d0 elementor-widget elementor-widget-text-editor\" data-id=\"89251d0\" data-element_type=\"widget\" data-e-type=\"widget\" data-widget_type=\"text-editor.default\">\n\t\t\t\t<div class=\"elementor-widget-container\">\n\t\t\t\t\t\t\t\t\t<ul><li>Compatibilit\u00e9 Intel : LGA1851 \/ LGA1700 \/ LGA1200 \/ LGA115X<\/li><li>Compatibilit\u00e9 AMD : AM4 \/ AM5<\/li><li><strong>Ventilateur PWM 120 mm\u00a0(500-1750 RPM)<\/strong>\u00a0avec 25 mm d&rsquo;\u00e9paisseur<\/li><li>Roulement hydraulique<\/li><li><strong>5 Heatpipes en cuivre de 6 mm de diam\u00e8tre \u00e0 contact direct<\/strong><\/li><li>Dimensions avec ventilateur inclus :\u00a0120 x 70 x 150 mm<\/li><li>D\u00e9bit d&rsquo;air jusqu&rsquo;\u00e0 58.35 CFM<\/li><li>Niveau sonore max. de 28.95 dB<\/li><\/ul>\t\t\t\t\t\t\t\t<\/div>\n\t\t\t\t<\/div>\n\t\t\t\t<\/div>\n\t\t\t\t<\/div>\n\t\t\t\t<\/div>\n\t\t\t\t<\/div>\n\t\t\n","protected":false},"excerpt":{"rendered":"<p>Le ventilateur pour processeur Fox Spirit GT120 est un syst\u00e8me de refroidissement \u00e0 la fois performant et silencieux.<\/p>\n","protected":false},"featured_media":3954,"template":"","meta":{"_acf_changed":false},"product_brand":[],"product_cat":[31,49],"product_tag":[],"class_list":{"0":"post-3951","1":"product","2":"type-product","3":"status-publish","4":"has-post-thumbnail","6":"product_cat-refroidissement","7":"product_cat-ventirad","9":"first","10":"instock","11":"shipping-taxable","12":"product-type-simple"},"acf":[],"yoast_head":"<!-- This site is optimized with the Yoast SEO plugin v27.4 - https:\/\/yoast.com\/product\/yoast-seo-wordpress\/ -->\n<title>Fox Spirit - GT120<\/title>\n<meta name=\"robots\" content=\"index, follow, max-snippet:-1, max-image-preview:large, max-video-preview:-1\" \/>\n<link rel=\"canonical\" href=\"https:\/\/www.fox-spirit.com\/?product=gt120\" \/>\n<meta property=\"og:locale\" content=\"fr_FR\" \/>\n<meta property=\"og:type\" content=\"article\" \/>\n<meta property=\"og:title\" content=\"Fox Spirit - GT120\" \/>\n<meta property=\"og:description\" content=\"Le ventilateur pour processeur Fox Spirit GT120 est un syst\u00e8me de refroidissement \u00e0 la fois performant et silencieux.\" \/>\n<meta property=\"og:url\" content=\"https:\/\/www.fox-spirit.com\/?product=gt120\" \/>\n<meta property=\"og:site_name\" content=\"Fox Spirit\" \/>\n<meta property=\"og:image\" content=\"https:\/\/www.fox-spirit.com\/wp-content\/uploads\/2025\/10\/GT120.webp\" \/>\n\t<meta property=\"og:image:width\" content=\"1000\" \/>\n\t<meta property=\"og:image:height\" content=\"1000\" \/>\n\t<meta property=\"og:image:type\" content=\"image\/webp\" \/>\n<meta name=\"twitter:card\" content=\"summary_large_image\" \/>\n<meta name=\"twitter:label1\" content=\"Dur\u00e9e de lecture estim\u00e9e\" \/>\n\t<meta name=\"twitter:data1\" content=\"1 minute\" \/>\n<script type=\"application\/ld+json\" class=\"yoast-schema-graph\">{\"@context\":\"https:\\\/\\\/schema.org\",\"@graph\":[{\"@type\":\"WebPage\",\"@id\":\"https:\\\/\\\/www.fox-spirit.com\\\/?product=gt120\",\"url\":\"https:\\\/\\\/www.fox-spirit.com\\\/?product=gt120\",\"name\":\"Fox Spirit - GT120\",\"isPartOf\":{\"@id\":\"https:\\\/\\\/www.fox-spirit.com\\\/#website\"},\"primaryImageOfPage\":{\"@id\":\"https:\\\/\\\/www.fox-spirit.com\\\/?product=gt120#primaryimage\"},\"image\":{\"@id\":\"https:\\\/\\\/www.fox-spirit.com\\\/?product=gt120#primaryimage\"},\"thumbnailUrl\":\"https:\\\/\\\/www.fox-spirit.com\\\/wp-content\\\/uploads\\\/2025\\\/10\\\/GT120.webp\",\"datePublished\":\"2025-10-21T08:15:11+00:00\",\"breadcrumb\":{\"@id\":\"https:\\\/\\\/www.fox-spirit.com\\\/?product=gt120#breadcrumb\"},\"inLanguage\":\"fr-FR\",\"potentialAction\":[{\"@type\":\"ReadAction\",\"target\":[\"https:\\\/\\\/www.fox-spirit.com\\\/?product=gt120\"]}]},{\"@type\":\"ImageObject\",\"inLanguage\":\"fr-FR\",\"@id\":\"https:\\\/\\\/www.fox-spirit.com\\\/?product=gt120#primaryimage\",\"url\":\"https:\\\/\\\/www.fox-spirit.com\\\/wp-content\\\/uploads\\\/2025\\\/10\\\/GT120.webp\",\"contentUrl\":\"https:\\\/\\\/www.fox-spirit.com\\\/wp-content\\\/uploads\\\/2025\\\/10\\\/GT120.webp\",\"width\":1000,\"height\":1000},{\"@type\":\"BreadcrumbList\",\"@id\":\"https:\\\/\\\/www.fox-spirit.com\\\/?product=gt120#breadcrumb\",\"itemListElement\":[{\"@type\":\"ListItem\",\"position\":1,\"name\":\"Home\",\"item\":\"https:\\\/\\\/www.fox-spirit.com\\\/\"},{\"@type\":\"ListItem\",\"position\":2,\"name\":\"Univers\",\"item\":\"https:\\\/\\\/www.fox-spirit.com\\\/?page_id=1224\"},{\"@type\":\"ListItem\",\"position\":3,\"name\":\"Composants PC\",\"item\":\"https:\\\/\\\/www.fox-spirit.com\\\/?product_cat=composants-pc\"},{\"@type\":\"ListItem\",\"position\":4,\"name\":\"Refroidissement\",\"item\":\"https:\\\/\\\/www.fox-spirit.com\\\/?product_cat=refroidissement\"},{\"@type\":\"ListItem\",\"position\":5,\"name\":\"GT120\"}]},{\"@type\":\"WebSite\",\"@id\":\"https:\\\/\\\/www.fox-spirit.com\\\/#website\",\"url\":\"https:\\\/\\\/www.fox-spirit.com\\\/\",\"name\":\"Fox Spirit\",\"description\":\"JOUEZ. RUSEZ.\",\"publisher\":{\"@id\":\"https:\\\/\\\/www.fox-spirit.com\\\/#organization\"},\"potentialAction\":[{\"@type\":\"SearchAction\",\"target\":{\"@type\":\"EntryPoint\",\"urlTemplate\":\"https:\\\/\\\/www.fox-spirit.com\\\/?s={search_term_string}\"},\"query-input\":{\"@type\":\"PropertyValueSpecification\",\"valueRequired\":true,\"valueName\":\"search_term_string\"}}],\"inLanguage\":\"fr-FR\"},{\"@type\":\"Organization\",\"@id\":\"https:\\\/\\\/www.fox-spirit.com\\\/#organization\",\"name\":\"Groupe LDLC\",\"url\":\"https:\\\/\\\/www.fox-spirit.com\\\/\",\"logo\":{\"@type\":\"ImageObject\",\"inLanguage\":\"fr-FR\",\"@id\":\"https:\\\/\\\/www.fox-spirit.com\\\/#\\\/schema\\\/logo\\\/image\\\/\",\"url\":\"https:\\\/\\\/www.fox-spirit.com\\\/wp-content\\\/uploads\\\/2024\\\/12\\\/logo_FoxSpirit_red.png\",\"contentUrl\":\"https:\\\/\\\/www.fox-spirit.com\\\/wp-content\\\/uploads\\\/2024\\\/12\\\/logo_FoxSpirit_red.png\",\"width\":1600,\"height\":1600,\"caption\":\"Groupe LDLC\"},\"image\":{\"@id\":\"https:\\\/\\\/www.fox-spirit.com\\\/#\\\/schema\\\/logo\\\/image\\\/\"}}]}<\/script>\n<!-- \/ Yoast SEO plugin. -->","yoast_head_json":{"title":"Fox Spirit - GT120","robots":{"index":"index","follow":"follow","max-snippet":"max-snippet:-1","max-image-preview":"max-image-preview:large","max-video-preview":"max-video-preview:-1"},"canonical":"https:\/\/www.fox-spirit.com\/?product=gt120","og_locale":"fr_FR","og_type":"article","og_title":"Fox Spirit - GT120","og_description":"Le ventilateur pour processeur Fox Spirit GT120 est un syst\u00e8me de refroidissement \u00e0 la fois performant et silencieux.","og_url":"https:\/\/www.fox-spirit.com\/?product=gt120","og_site_name":"Fox Spirit","og_image":[{"width":1000,"height":1000,"url":"https:\/\/www.fox-spirit.com\/wp-content\/uploads\/2025\/10\/GT120.webp","type":"image\/webp"}],"twitter_card":"summary_large_image","twitter_misc":{"Dur\u00e9e de lecture estim\u00e9e":"1 minute"},"schema":{"@context":"https:\/\/schema.org","@graph":[{"@type":"WebPage","@id":"https:\/\/www.fox-spirit.com\/?product=gt120","url":"https:\/\/www.fox-spirit.com\/?product=gt120","name":"Fox Spirit - GT120","isPartOf":{"@id":"https:\/\/www.fox-spirit.com\/#website"},"primaryImageOfPage":{"@id":"https:\/\/www.fox-spirit.com\/?product=gt120#primaryimage"},"image":{"@id":"https:\/\/www.fox-spirit.com\/?product=gt120#primaryimage"},"thumbnailUrl":"https:\/\/www.fox-spirit.com\/wp-content\/uploads\/2025\/10\/GT120.webp","datePublished":"2025-10-21T08:15:11+00:00","breadcrumb":{"@id":"https:\/\/www.fox-spirit.com\/?product=gt120#breadcrumb"},"inLanguage":"fr-FR","potentialAction":[{"@type":"ReadAction","target":["https:\/\/www.fox-spirit.com\/?product=gt120"]}]},{"@type":"ImageObject","inLanguage":"fr-FR","@id":"https:\/\/www.fox-spirit.com\/?product=gt120#primaryimage","url":"https:\/\/www.fox-spirit.com\/wp-content\/uploads\/2025\/10\/GT120.webp","contentUrl":"https:\/\/www.fox-spirit.com\/wp-content\/uploads\/2025\/10\/GT120.webp","width":1000,"height":1000},{"@type":"BreadcrumbList","@id":"https:\/\/www.fox-spirit.com\/?product=gt120#breadcrumb","itemListElement":[{"@type":"ListItem","position":1,"name":"Home","item":"https:\/\/www.fox-spirit.com\/"},{"@type":"ListItem","position":2,"name":"Univers","item":"https:\/\/www.fox-spirit.com\/?page_id=1224"},{"@type":"ListItem","position":3,"name":"Composants PC","item":"https:\/\/www.fox-spirit.com\/?product_cat=composants-pc"},{"@type":"ListItem","position":4,"name":"Refroidissement","item":"https:\/\/www.fox-spirit.com\/?product_cat=refroidissement"},{"@type":"ListItem","position":5,"name":"GT120"}]},{"@type":"WebSite","@id":"https:\/\/www.fox-spirit.com\/#website","url":"https:\/\/www.fox-spirit.com\/","name":"Fox Spirit","description":"JOUEZ. RUSEZ.","publisher":{"@id":"https:\/\/www.fox-spirit.com\/#organization"},"potentialAction":[{"@type":"SearchAction","target":{"@type":"EntryPoint","urlTemplate":"https:\/\/www.fox-spirit.com\/?s={search_term_string}"},"query-input":{"@type":"PropertyValueSpecification","valueRequired":true,"valueName":"search_term_string"}}],"inLanguage":"fr-FR"},{"@type":"Organization","@id":"https:\/\/www.fox-spirit.com\/#organization","name":"Groupe LDLC","url":"https:\/\/www.fox-spirit.com\/","logo":{"@type":"ImageObject","inLanguage":"fr-FR","@id":"https:\/\/www.fox-spirit.com\/#\/schema\/logo\/image\/","url":"https:\/\/www.fox-spirit.com\/wp-content\/uploads\/2024\/12\/logo_FoxSpirit_red.png","contentUrl":"https:\/\/www.fox-spirit.com\/wp-content\/uploads\/2024\/12\/logo_FoxSpirit_red.png","width":1600,"height":1600,"caption":"Groupe LDLC"},"image":{"@id":"https:\/\/www.fox-spirit.com\/#\/schema\/logo\/image\/"}}]}},"_links":{"self":[{"href":"https:\/\/www.fox-spirit.com\/index.php?rest_route=\/wp\/v2\/product\/3951","targetHints":{"allow":["GET"]}}],"collection":[{"href":"https:\/\/www.fox-spirit.com\/index.php?rest_route=\/wp\/v2\/product"}],"about":[{"href":"https:\/\/www.fox-spirit.com\/index.php?rest_route=\/wp\/v2\/types\/product"}],"version-history":[{"count":2,"href":"https:\/\/www.fox-spirit.com\/index.php?rest_route=\/wp\/v2\/product\/3951\/revisions"}],"predecessor-version":[{"id":3958,"href":"https:\/\/www.fox-spirit.com\/index.php?rest_route=\/wp\/v2\/product\/3951\/revisions\/3958"}],"wp:featuredmedia":[{"embeddable":true,"href":"https:\/\/www.fox-spirit.com\/index.php?rest_route=\/wp\/v2\/media\/3954"}],"wp:attachment":[{"href":"https:\/\/www.fox-spirit.com\/index.php?rest_route=%2Fwp%2Fv2%2Fmedia&parent=3951"}],"wp:term":[{"taxonomy":"product_brand","embeddable":true,"href":"https:\/\/www.fox-spirit.com\/index.php?rest_route=%2Fwp%2Fv2%2Fproduct_brand&post=3951"},{"taxonomy":"product_cat","embeddable":true,"href":"https:\/\/www.fox-spirit.com\/index.php?rest_route=%2Fwp%2Fv2%2Fproduct_cat&post=3951"},{"taxonomy":"product_tag","embeddable":true,"href":"https:\/\/www.fox-spirit.com\/index.php?rest_route=%2Fwp%2Fv2%2Fproduct_tag&post=3951"}],"curies":[{"name":"wp","href":"https:\/\/api.w.org\/{rel}","templated":true}]}}