{"id":4081,"date":"2025-11-24T16:50:30","date_gmt":"2025-11-24T15:50:30","guid":{"rendered":"https:\/\/www.fox-spirit.com\/?post_type=product&#038;p=4081"},"modified":"2025-11-24T16:50:30","modified_gmt":"2025-11-24T15:50:30","slug":"eg1-core","status":"publish","type":"product","link":"https:\/\/www.fox-spirit.com\/?product=eg1-core","title":{"rendered":"EG1 Core"},"content":{"rendered":"\t\t<div data-elementor-type=\"container\" data-elementor-id=\"4085\" class=\"elementor elementor-4085\" data-elementor-post-type=\"elementor_library\">\n\t\t\t\t<div class=\"elementor-element elementor-element-f075c9b e-con-full e-flex e-con e-parent\" data-id=\"f075c9b\" data-element_type=\"container\" data-e-type=\"container\">\n\t\t<div class=\"elementor-element elementor-element-14e4077 e-con-full e-flex e-con e-child\" data-id=\"14e4077\" data-element_type=\"container\" data-e-type=\"container\">\n\t\t\t\t<div class=\"elementor-element elementor-element-9c769af elementor-widget elementor-widget-heading\" data-id=\"9c769af\" data-element_type=\"widget\" data-e-type=\"widget\" data-widget_type=\"heading.default\">\n\t\t\t\t<div class=\"elementor-widget-container\">\n\t\t\t\t\t<h2 class=\"elementor-heading-title elementor-size-default\">Bo\u00eetier PC silencieux, spacieux et design<\/h2>\t\t\t\t<\/div>\n\t\t\t\t<\/div>\n\t\t\t\t<div class=\"elementor-element elementor-element-9626083 elementor-widget elementor-widget-text-editor\" data-id=\"9626083\" data-element_type=\"widget\" data-e-type=\"widget\" data-widget_type=\"text-editor.default\">\n\t\t\t\t<div class=\"elementor-widget-container\">\n\t\t\t\t\t\t\t\t\t<p>Le\u00a0<strong>Fox Spirit EG1 Core<\/strong>\u00a0est un\u00a0<strong>bo\u00eetier PC Moyen Tour<\/strong>\u00a0silencieux au design soign\u00e9, con\u00e7u pour accueillir les configurations les plus performantes. Avec ses\u00a0<strong>panneaux lat\u00e9raux \u00e9quip\u00e9s d&rsquo;un\u00a0rev\u00eatement anti-bruit<\/strong>, sa compatibilit\u00e9 avec les formats ATX\/MicroATX\/Mini-ITX, ses nombreux emplacements pour ventilateurs et watercooling, il combine silence, modularit\u00e9 et efficacit\u00e9 de refroidissement. Parfait pour les gamers, moddeurs et passionn\u00e9s de performance, il offre un espace g\u00e9n\u00e9reux pour les composants les plus r\u00e9cents et un flux d\u2019air optimis\u00e9.<\/p>\t\t\t\t\t\t\t\t<\/div>\n\t\t\t\t<\/div>\n\t\t\t\t<\/div>\n\t\t<div class=\"elementor-element elementor-element-0c11eb0 e-con-full e-flex e-con e-child\" data-id=\"0c11eb0\" data-element_type=\"container\" data-e-type=\"container\">\n\t\t<div class=\"elementor-element elementor-element-bcf431d e-con-full e-flex e-con e-child\" data-id=\"bcf431d\" data-element_type=\"container\" data-e-type=\"container\">\n\t\t\t\t<div class=\"elementor-element elementor-element-85e8cfb elementor-widget elementor-widget-image\" data-id=\"85e8cfb\" data-element_type=\"widget\" data-e-type=\"widget\" data-widget_type=\"image.default\">\n\t\t\t\t<div class=\"elementor-widget-container\">\n\t\t\t\t\t\t\t\t\t\t\t\t\t\t\t<img fetchpriority=\"high\" decoding=\"async\" width=\"800\" height=\"800\" src=\"https:\/\/www.fox-spirit.com\/wp-content\/uploads\/2025\/11\/EG1_04.webp\" class=\"attachment-large size-large wp-image-4068\" alt=\"\" srcset=\"https:\/\/www.fox-spirit.com\/wp-content\/uploads\/2025\/11\/EG1_04.webp 1000w, https:\/\/www.fox-spirit.com\/wp-content\/uploads\/2025\/11\/EG1_04-300x300.webp 300w, https:\/\/www.fox-spirit.com\/wp-content\/uploads\/2025\/11\/EG1_04-150x150.webp 150w, https:\/\/www.fox-spirit.com\/wp-content\/uploads\/2025\/11\/EG1_04-768x768.webp 768w, https:\/\/www.fox-spirit.com\/wp-content\/uploads\/2025\/11\/EG1_04-600x600.webp 600w, https:\/\/www.fox-spirit.com\/wp-content\/uploads\/2025\/11\/EG1_04-100x100.webp 100w\" sizes=\"(max-width: 800px) 100vw, 800px\" \/>\t\t\t\t\t\t\t\t\t\t\t\t\t\t\t<\/div>\n\t\t\t\t<\/div>\n\t\t\t\t<\/div>\n\t\t<div class=\"elementor-element elementor-element-ddd2c69 e-con-full e-flex e-con e-child\" data-id=\"ddd2c69\" data-element_type=\"container\" data-e-type=\"container\">\n\t\t\t\t<div class=\"elementor-element elementor-element-d3f5cf6 elementor-widget elementor-widget-heading\" data-id=\"d3f5cf6\" data-element_type=\"widget\" data-e-type=\"widget\" data-widget_type=\"heading.default\">\n\t\t\t\t<div class=\"elementor-widget-container\">\n\t\t\t\t\t<h2 class=\"elementor-heading-title elementor-size-default\">Un espace g\u00e9n\u00e9reux pour vos composants<\/h2>\t\t\t\t<\/div>\n\t\t\t\t<\/div>\n\t\t\t\t<div class=\"elementor-element elementor-element-89251d0 elementor-widget elementor-widget-text-editor\" data-id=\"89251d0\" data-element_type=\"widget\" data-e-type=\"widget\" data-widget_type=\"text-editor.default\">\n\t\t\t\t<div class=\"elementor-widget-container\">\n\t\t\t\t\t\t\t\t\t<p>Le Fox Spirit EG1 Core a \u00e9t\u00e9 pens\u00e9 pour accueillir les composants les plus performants. Il peut loger une\u00a0<strong>carte graphique jusqu\u2019\u00e0 390 mm<\/strong>, un\u00a0<strong>ventirad de 170 mm de hauteur<\/strong>\u00a0et une alimentation de\u00a0<strong>200 mm de longueur<\/strong>. Ce large espace int\u00e9rieur permet une grande libert\u00e9 dans le choix de vos composants tout en assurant une circulation de l\u2019air optimale. De plus, avec\u00a0<strong>7 slots PCI<\/strong>\u00a0et des baies pour\u00a0<strong>disques durs 3.5\u201d<\/strong>\u00a0et\u00a0<strong>SSD 2.5\u201d<\/strong>, le bo\u00eetier offre un stockage \u00e9volutif, adapt\u00e9 aux besoins de tous les utilisateurs.<\/p><p>Gr\u00e2ce \u00e0 sa\u00a0<strong>structure en acier 0,7 mm<\/strong>\u00a0et panneau avant en\u00a0<strong>mesh + bois de bouleau<\/strong>, il combine robustesse et esth\u00e9tisme naturel. Un mariage rare entre performance thermique et style unique.<\/p>\t\t\t\t\t\t\t\t<\/div>\n\t\t\t\t<\/div>\n\t\t\t\t<\/div>\n\t\t\t\t<\/div>\n\t\t<div class=\"elementor-element elementor-element-9cba2d9 e-con-full e-flex e-con e-child\" data-id=\"9cba2d9\" data-element_type=\"container\" data-e-type=\"container\">\n\t\t<div class=\"elementor-element elementor-element-48979e7 e-con-full e-flex e-con e-child\" data-id=\"48979e7\" data-element_type=\"container\" data-e-type=\"container\">\n\t\t\t\t<div class=\"elementor-element elementor-element-d9753ae elementor-widget elementor-widget-heading\" data-id=\"d9753ae\" data-element_type=\"widget\" data-e-type=\"widget\" data-widget_type=\"heading.default\">\n\t\t\t\t<div class=\"elementor-widget-container\">\n\t\t\t\t\t<h2 class=\"elementor-heading-title elementor-size-default\">Refroidissement optimis\u00e9 et silence absolu<\/h2>\t\t\t\t<\/div>\n\t\t\t\t<\/div>\n\t\t\t\t<div class=\"elementor-element elementor-element-5548618 elementor-widget elementor-widget-text-editor\" data-id=\"5548618\" data-element_type=\"widget\" data-e-type=\"widget\" data-widget_type=\"text-editor.default\">\n\t\t\t\t<div class=\"elementor-widget-container\">\n\t\t\t\t\t\t\t\t\t<p>D\u00e8s la sortie de bo\u00eete, le EG1 Core propose une configuration de refroidissement impressionnante avec\u00a0<strong>3 ventilateurs PWM de 140 mm \u00e0 l\u2019avant<\/strong>\u00a0et\u00a0<strong>1 ventilateur PWM de 120 mm \u00e0 l\u2019arri\u00e8re<\/strong>. Il est \u00e9galement pr\u00eat \u00e0 accueillir jusqu\u2019\u00e0\u00a0<strong>3 ventilateurs de 120 mm en haut<\/strong>, pour une personnalisation compl\u00e8te du flux d\u2019air. Les\u00a0<strong>filtres \u00e0 poussi\u00e8re<\/strong>\u00a0en haut et en bas assurent un int\u00e9rieur propre, tandis que la gestion avanc\u00e9e des c\u00e2bles (avec\u00a0<strong>25 mm d\u2019espace \u00e0 l\u2019arri\u00e8re<\/strong>\u00a0et des anneaux en silicone) favorise un montage net et un flux d\u2019air fluide.<\/p><p>Compatible avec les solutions AIO de watercooling jusqu\u2019\u00e0\u00a0<strong>420 mm en fa\u00e7ade<\/strong>, le bo\u00eetier permet de maintenir vos composants au frais, m\u00eame en pleine charge. Le tout, dans un environnement ma\u00eetris\u00e9 et\u00a0<strong>silencieux gr\u00e2ce aux ventilateurs PWM et aux panneaux lat\u00e9raux \u00e9quip\u00e9s de\u00a0rev\u00eatement anti-bruit<\/strong>.\u00a0<\/p>\t\t\t\t\t\t\t\t<\/div>\n\t\t\t\t<\/div>\n\t\t\t\t<\/div>\n\t\t<div class=\"elementor-element elementor-element-91d7697 e-con-full e-flex e-con e-child\" data-id=\"91d7697\" data-element_type=\"container\" data-e-type=\"container\">\n\t\t\t\t<div class=\"elementor-element elementor-element-e298a1d elementor-widget elementor-widget-image\" data-id=\"e298a1d\" data-element_type=\"widget\" data-e-type=\"widget\" data-widget_type=\"image.default\">\n\t\t\t\t<div class=\"elementor-widget-container\">\n\t\t\t\t\t\t\t\t\t\t\t\t\t\t\t<img decoding=\"async\" width=\"800\" height=\"800\" src=\"https:\/\/www.fox-spirit.com\/wp-content\/uploads\/2025\/11\/EG1_05.webp\" class=\"attachment-large size-large wp-image-4069\" alt=\"\" srcset=\"https:\/\/www.fox-spirit.com\/wp-content\/uploads\/2025\/11\/EG1_05.webp 1000w, https:\/\/www.fox-spirit.com\/wp-content\/uploads\/2025\/11\/EG1_05-300x300.webp 300w, https:\/\/www.fox-spirit.com\/wp-content\/uploads\/2025\/11\/EG1_05-150x150.webp 150w, https:\/\/www.fox-spirit.com\/wp-content\/uploads\/2025\/11\/EG1_05-768x768.webp 768w, https:\/\/www.fox-spirit.com\/wp-content\/uploads\/2025\/11\/EG1_05-600x600.webp 600w, https:\/\/www.fox-spirit.com\/wp-content\/uploads\/2025\/11\/EG1_05-100x100.webp 100w\" sizes=\"(max-width: 800px) 100vw, 800px\" \/>\t\t\t\t\t\t\t\t\t\t\t\t\t\t\t<\/div>\n\t\t\t\t<\/div>\n\t\t\t\t<\/div>\n\t\t\t\t<\/div>\n\t\t<div class=\"elementor-element elementor-element-c7e884d e-con-full e-flex e-con e-child\" data-id=\"c7e884d\" data-element_type=\"container\" data-e-type=\"container\">\n\t\t<div class=\"elementor-element elementor-element-e940b05 e-con-full e-flex e-con e-child\" data-id=\"e940b05\" data-element_type=\"container\" data-e-type=\"container\">\n\t\t\t\t<div class=\"elementor-element elementor-element-3824a42 elementor-widget elementor-widget-image\" data-id=\"3824a42\" data-element_type=\"widget\" data-e-type=\"widget\" data-widget_type=\"image.default\">\n\t\t\t\t<div class=\"elementor-widget-container\">\n\t\t\t\t\t\t\t\t\t\t\t\t\t\t\t<img decoding=\"async\" width=\"800\" height=\"800\" src=\"https:\/\/www.fox-spirit.com\/wp-content\/uploads\/2025\/11\/EG1_FD01.webp\" class=\"attachment-large size-large wp-image-4076\" alt=\"\" srcset=\"https:\/\/www.fox-spirit.com\/wp-content\/uploads\/2025\/11\/EG1_FD01.webp 1000w, https:\/\/www.fox-spirit.com\/wp-content\/uploads\/2025\/11\/EG1_FD01-300x300.webp 300w, https:\/\/www.fox-spirit.com\/wp-content\/uploads\/2025\/11\/EG1_FD01-150x150.webp 150w, https:\/\/www.fox-spirit.com\/wp-content\/uploads\/2025\/11\/EG1_FD01-768x768.webp 768w, https:\/\/www.fox-spirit.com\/wp-content\/uploads\/2025\/11\/EG1_FD01-600x600.webp 600w, https:\/\/www.fox-spirit.com\/wp-content\/uploads\/2025\/11\/EG1_FD01-100x100.webp 100w\" sizes=\"(max-width: 800px) 100vw, 800px\" \/>\t\t\t\t\t\t\t\t\t\t\t\t\t\t\t<\/div>\n\t\t\t\t<\/div>\n\t\t\t\t<\/div>\n\t\t<div class=\"elementor-element elementor-element-4fc3ad3 e-con-full e-flex e-con e-child\" data-id=\"4fc3ad3\" data-element_type=\"container\" data-e-type=\"container\">\n\t\t\t\t<div class=\"elementor-element elementor-element-c2c32d6 elementor-widget elementor-widget-heading\" data-id=\"c2c32d6\" data-element_type=\"widget\" data-e-type=\"widget\" data-widget_type=\"heading.default\">\n\t\t\t\t<div class=\"elementor-widget-container\">\n\t\t\t\t\t<h2 class=\"elementor-heading-title elementor-size-default\">Design raffin\u00e9 et connectique compl\u00e8te<\/h2>\t\t\t\t<\/div>\n\t\t\t\t<\/div>\n\t\t\t\t<div class=\"elementor-element elementor-element-e0f0d4d elementor-widget elementor-widget-text-editor\" data-id=\"e0f0d4d\" data-element_type=\"widget\" data-e-type=\"widget\" data-widget_type=\"text-editor.default\">\n\t\t\t\t<div class=\"elementor-widget-container\">\n\t\t\t\t\t\t\t\t\t<p>Son design moderne, agr\u00e9ment\u00e9 d\u2019une fa\u00e7ade en mesh et bois, s\u2019int\u00e8gre parfaitement dans tout setup gaming ou professionnel. Le\u00a0<strong>montage est facilit\u00e9<\/strong>\u00a0par une conception bien pens\u00e9e, incluant des attaches-c\u00e2bles, un support de carte graphique ajustable et un espace int\u00e9rieur bien d\u00e9gag\u00e9.<\/p><p>La connectique n\u2019est pas en reste avec\u00a0<strong>1 port USB 3.0 Type-A<\/strong>,\u00a0<strong>1 port USB 3.0 Type-C<\/strong>, une\u00a0<strong>prise audio jack<\/strong>, une\u00a0<strong>prise micro<\/strong>, un\u00a0<strong>bouton reset<\/strong>\u00a0et un\u00a0<strong>bouton power<\/strong>, tous id\u00e9alement positionn\u00e9s sur le dessus pour un acc\u00e8s rapide et pratique.<\/p>\t\t\t\t\t\t\t\t<\/div>\n\t\t\t\t<\/div>\n\t\t\t\t<\/div>\n\t\t\t\t<\/div>\n\t\t\t\t<\/div>\n\t\t\t\t<\/div>\n\t\t\n","protected":false},"excerpt":{"rendered":"<p>Le\u00a0Fox Spirit EG1 Core\u00a0est un\u00a0bo\u00eetier PC Moyen Tour\u00a0silencieux au design soign\u00e9, con\u00e7u pour accueillir les configurations les plus performantes.<\/p>\n","protected":false},"featured_media":4082,"template":"","meta":{"_acf_changed":false},"product_brand":[],"product_cat":[29],"product_tag":[],"class_list":{"0":"post-4081","1":"product","2":"type-product","3":"status-publish","4":"has-post-thumbnail","6":"product_cat-boitier-pc","8":"first","9":"instock","10":"shipping-taxable","11":"product-type-simple"},"acf":[],"yoast_head":"<!-- This site is optimized with the Yoast SEO plugin v27.4 - https:\/\/yoast.com\/product\/yoast-seo-wordpress\/ -->\n<title>Fox Spirit - EG1 Core<\/title>\n<meta name=\"robots\" content=\"index, follow, max-snippet:-1, max-image-preview:large, max-video-preview:-1\" \/>\n<link rel=\"canonical\" href=\"https:\/\/www.fox-spirit.com\/?product=eg1-core\" \/>\n<meta property=\"og:locale\" content=\"fr_FR\" \/>\n<meta property=\"og:type\" content=\"article\" \/>\n<meta property=\"og:title\" content=\"Fox Spirit - EG1 Core\" \/>\n<meta property=\"og:description\" content=\"Le\u00a0Fox Spirit EG1 Core\u00a0est un\u00a0bo\u00eetier PC Moyen Tour\u00a0silencieux au design soign\u00e9, con\u00e7u pour accueillir les configurations les plus performantes.\" \/>\n<meta property=\"og:url\" content=\"https:\/\/www.fox-spirit.com\/?product=eg1-core\" \/>\n<meta property=\"og:site_name\" content=\"Fox Spirit\" \/>\n<meta property=\"og:image\" content=\"https:\/\/www.fox-spirit.com\/wp-content\/uploads\/2025\/11\/EG1-CORE.webp\" \/>\n\t<meta property=\"og:image:width\" content=\"1000\" \/>\n\t<meta property=\"og:image:height\" content=\"1000\" \/>\n\t<meta property=\"og:image:type\" content=\"image\/webp\" \/>\n<meta name=\"twitter:card\" content=\"summary_large_image\" \/>\n<meta name=\"twitter:label1\" content=\"Dur\u00e9e de lecture estim\u00e9e\" \/>\n\t<meta name=\"twitter:data1\" content=\"1 minute\" \/>\n<script type=\"application\/ld+json\" class=\"yoast-schema-graph\">{\"@context\":\"https:\\\/\\\/schema.org\",\"@graph\":[{\"@type\":\"WebPage\",\"@id\":\"https:\\\/\\\/www.fox-spirit.com\\\/?product=eg1-core\",\"url\":\"https:\\\/\\\/www.fox-spirit.com\\\/?product=eg1-core\",\"name\":\"Fox Spirit - EG1 Core\",\"isPartOf\":{\"@id\":\"https:\\\/\\\/www.fox-spirit.com\\\/#website\"},\"primaryImageOfPage\":{\"@id\":\"https:\\\/\\\/www.fox-spirit.com\\\/?product=eg1-core#primaryimage\"},\"image\":{\"@id\":\"https:\\\/\\\/www.fox-spirit.com\\\/?product=eg1-core#primaryimage\"},\"thumbnailUrl\":\"https:\\\/\\\/www.fox-spirit.com\\\/wp-content\\\/uploads\\\/2025\\\/11\\\/EG1-CORE.webp\",\"datePublished\":\"2025-11-24T15:50:30+00:00\",\"breadcrumb\":{\"@id\":\"https:\\\/\\\/www.fox-spirit.com\\\/?product=eg1-core#breadcrumb\"},\"inLanguage\":\"fr-FR\",\"potentialAction\":[{\"@type\":\"ReadAction\",\"target\":[\"https:\\\/\\\/www.fox-spirit.com\\\/?product=eg1-core\"]}]},{\"@type\":\"ImageObject\",\"inLanguage\":\"fr-FR\",\"@id\":\"https:\\\/\\\/www.fox-spirit.com\\\/?product=eg1-core#primaryimage\",\"url\":\"https:\\\/\\\/www.fox-spirit.com\\\/wp-content\\\/uploads\\\/2025\\\/11\\\/EG1-CORE.webp\",\"contentUrl\":\"https:\\\/\\\/www.fox-spirit.com\\\/wp-content\\\/uploads\\\/2025\\\/11\\\/EG1-CORE.webp\",\"width\":1000,\"height\":1000},{\"@type\":\"BreadcrumbList\",\"@id\":\"https:\\\/\\\/www.fox-spirit.com\\\/?product=eg1-core#breadcrumb\",\"itemListElement\":[{\"@type\":\"ListItem\",\"position\":1,\"name\":\"Home\",\"item\":\"https:\\\/\\\/www.fox-spirit.com\\\/\"},{\"@type\":\"ListItem\",\"position\":2,\"name\":\"Univers\",\"item\":\"https:\\\/\\\/www.fox-spirit.com\\\/?page_id=1224\"},{\"@type\":\"ListItem\",\"position\":3,\"name\":\"Composants PC\",\"item\":\"https:\\\/\\\/www.fox-spirit.com\\\/?product_cat=composants-pc\"},{\"@type\":\"ListItem\",\"position\":4,\"name\":\"Bo\u00eetier PC\",\"item\":\"https:\\\/\\\/www.fox-spirit.com\\\/?product_cat=boitier-pc\"},{\"@type\":\"ListItem\",\"position\":5,\"name\":\"EG1 Core\"}]},{\"@type\":\"WebSite\",\"@id\":\"https:\\\/\\\/www.fox-spirit.com\\\/#website\",\"url\":\"https:\\\/\\\/www.fox-spirit.com\\\/\",\"name\":\"Fox Spirit\",\"description\":\"JOUEZ. RUSEZ.\",\"publisher\":{\"@id\":\"https:\\\/\\\/www.fox-spirit.com\\\/#organization\"},\"potentialAction\":[{\"@type\":\"SearchAction\",\"target\":{\"@type\":\"EntryPoint\",\"urlTemplate\":\"https:\\\/\\\/www.fox-spirit.com\\\/?s={search_term_string}\"},\"query-input\":{\"@type\":\"PropertyValueSpecification\",\"valueRequired\":true,\"valueName\":\"search_term_string\"}}],\"inLanguage\":\"fr-FR\"},{\"@type\":\"Organization\",\"@id\":\"https:\\\/\\\/www.fox-spirit.com\\\/#organization\",\"name\":\"Groupe LDLC\",\"url\":\"https:\\\/\\\/www.fox-spirit.com\\\/\",\"logo\":{\"@type\":\"ImageObject\",\"inLanguage\":\"fr-FR\",\"@id\":\"https:\\\/\\\/www.fox-spirit.com\\\/#\\\/schema\\\/logo\\\/image\\\/\",\"url\":\"https:\\\/\\\/www.fox-spirit.com\\\/wp-content\\\/uploads\\\/2024\\\/12\\\/logo_FoxSpirit_red.png\",\"contentUrl\":\"https:\\\/\\\/www.fox-spirit.com\\\/wp-content\\\/uploads\\\/2024\\\/12\\\/logo_FoxSpirit_red.png\",\"width\":1600,\"height\":1600,\"caption\":\"Groupe LDLC\"},\"image\":{\"@id\":\"https:\\\/\\\/www.fox-spirit.com\\\/#\\\/schema\\\/logo\\\/image\\\/\"}}]}<\/script>\n<!-- \/ Yoast SEO plugin. -->","yoast_head_json":{"title":"Fox Spirit - EG1 Core","robots":{"index":"index","follow":"follow","max-snippet":"max-snippet:-1","max-image-preview":"max-image-preview:large","max-video-preview":"max-video-preview:-1"},"canonical":"https:\/\/www.fox-spirit.com\/?product=eg1-core","og_locale":"fr_FR","og_type":"article","og_title":"Fox Spirit - EG1 Core","og_description":"Le\u00a0Fox Spirit EG1 Core\u00a0est un\u00a0bo\u00eetier PC Moyen Tour\u00a0silencieux au design soign\u00e9, con\u00e7u pour accueillir les configurations les plus performantes.","og_url":"https:\/\/www.fox-spirit.com\/?product=eg1-core","og_site_name":"Fox Spirit","og_image":[{"width":1000,"height":1000,"url":"https:\/\/www.fox-spirit.com\/wp-content\/uploads\/2025\/11\/EG1-CORE.webp","type":"image\/webp"}],"twitter_card":"summary_large_image","twitter_misc":{"Dur\u00e9e de lecture estim\u00e9e":"1 minute"},"schema":{"@context":"https:\/\/schema.org","@graph":[{"@type":"WebPage","@id":"https:\/\/www.fox-spirit.com\/?product=eg1-core","url":"https:\/\/www.fox-spirit.com\/?product=eg1-core","name":"Fox Spirit - EG1 Core","isPartOf":{"@id":"https:\/\/www.fox-spirit.com\/#website"},"primaryImageOfPage":{"@id":"https:\/\/www.fox-spirit.com\/?product=eg1-core#primaryimage"},"image":{"@id":"https:\/\/www.fox-spirit.com\/?product=eg1-core#primaryimage"},"thumbnailUrl":"https:\/\/www.fox-spirit.com\/wp-content\/uploads\/2025\/11\/EG1-CORE.webp","datePublished":"2025-11-24T15:50:30+00:00","breadcrumb":{"@id":"https:\/\/www.fox-spirit.com\/?product=eg1-core#breadcrumb"},"inLanguage":"fr-FR","potentialAction":[{"@type":"ReadAction","target":["https:\/\/www.fox-spirit.com\/?product=eg1-core"]}]},{"@type":"ImageObject","inLanguage":"fr-FR","@id":"https:\/\/www.fox-spirit.com\/?product=eg1-core#primaryimage","url":"https:\/\/www.fox-spirit.com\/wp-content\/uploads\/2025\/11\/EG1-CORE.webp","contentUrl":"https:\/\/www.fox-spirit.com\/wp-content\/uploads\/2025\/11\/EG1-CORE.webp","width":1000,"height":1000},{"@type":"BreadcrumbList","@id":"https:\/\/www.fox-spirit.com\/?product=eg1-core#breadcrumb","itemListElement":[{"@type":"ListItem","position":1,"name":"Home","item":"https:\/\/www.fox-spirit.com\/"},{"@type":"ListItem","position":2,"name":"Univers","item":"https:\/\/www.fox-spirit.com\/?page_id=1224"},{"@type":"ListItem","position":3,"name":"Composants PC","item":"https:\/\/www.fox-spirit.com\/?product_cat=composants-pc"},{"@type":"ListItem","position":4,"name":"Bo\u00eetier PC","item":"https:\/\/www.fox-spirit.com\/?product_cat=boitier-pc"},{"@type":"ListItem","position":5,"name":"EG1 Core"}]},{"@type":"WebSite","@id":"https:\/\/www.fox-spirit.com\/#website","url":"https:\/\/www.fox-spirit.com\/","name":"Fox Spirit","description":"JOUEZ. RUSEZ.","publisher":{"@id":"https:\/\/www.fox-spirit.com\/#organization"},"potentialAction":[{"@type":"SearchAction","target":{"@type":"EntryPoint","urlTemplate":"https:\/\/www.fox-spirit.com\/?s={search_term_string}"},"query-input":{"@type":"PropertyValueSpecification","valueRequired":true,"valueName":"search_term_string"}}],"inLanguage":"fr-FR"},{"@type":"Organization","@id":"https:\/\/www.fox-spirit.com\/#organization","name":"Groupe LDLC","url":"https:\/\/www.fox-spirit.com\/","logo":{"@type":"ImageObject","inLanguage":"fr-FR","@id":"https:\/\/www.fox-spirit.com\/#\/schema\/logo\/image\/","url":"https:\/\/www.fox-spirit.com\/wp-content\/uploads\/2024\/12\/logo_FoxSpirit_red.png","contentUrl":"https:\/\/www.fox-spirit.com\/wp-content\/uploads\/2024\/12\/logo_FoxSpirit_red.png","width":1600,"height":1600,"caption":"Groupe LDLC"},"image":{"@id":"https:\/\/www.fox-spirit.com\/#\/schema\/logo\/image\/"}}]}},"_links":{"self":[{"href":"https:\/\/www.fox-spirit.com\/index.php?rest_route=\/wp\/v2\/product\/4081","targetHints":{"allow":["GET"]}}],"collection":[{"href":"https:\/\/www.fox-spirit.com\/index.php?rest_route=\/wp\/v2\/product"}],"about":[{"href":"https:\/\/www.fox-spirit.com\/index.php?rest_route=\/wp\/v2\/types\/product"}],"version-history":[{"count":2,"href":"https:\/\/www.fox-spirit.com\/index.php?rest_route=\/wp\/v2\/product\/4081\/revisions"}],"predecessor-version":[{"id":4088,"href":"https:\/\/www.fox-spirit.com\/index.php?rest_route=\/wp\/v2\/product\/4081\/revisions\/4088"}],"wp:featuredmedia":[{"embeddable":true,"href":"https:\/\/www.fox-spirit.com\/index.php?rest_route=\/wp\/v2\/media\/4082"}],"wp:attachment":[{"href":"https:\/\/www.fox-spirit.com\/index.php?rest_route=%2Fwp%2Fv2%2Fmedia&parent=4081"}],"wp:term":[{"taxonomy":"product_brand","embeddable":true,"href":"https:\/\/www.fox-spirit.com\/index.php?rest_route=%2Fwp%2Fv2%2Fproduct_brand&post=4081"},{"taxonomy":"product_cat","embeddable":true,"href":"https:\/\/www.fox-spirit.com\/index.php?rest_route=%2Fwp%2Fv2%2Fproduct_cat&post=4081"},{"taxonomy":"product_tag","embeddable":true,"href":"https:\/\/www.fox-spirit.com\/index.php?rest_route=%2Fwp%2Fv2%2Fproduct_tag&post=4081"}],"curies":[{"name":"wp","href":"https:\/\/api.w.org\/{rel}","templated":true}]}}