{"id":4105,"date":"2026-01-05T10:01:43","date_gmt":"2026-01-05T09:01:43","guid":{"rendered":"https:\/\/www.fox-spirit.com\/?post_type=product&#038;p=4105"},"modified":"2026-01-05T10:02:25","modified_gmt":"2026-01-05T09:02:25","slug":"zt120","status":"publish","type":"product","link":"https:\/\/www.fox-spirit.com\/?product=zt120","title":{"rendered":"ZT120"},"content":{"rendered":"\t\t<div data-elementor-type=\"container\" data-elementor-id=\"4110\" class=\"elementor elementor-4110\" data-elementor-post-type=\"elementor_library\">\n\t\t\t\t<div class=\"elementor-element elementor-element-f075c9b e-con-full e-flex e-con e-parent\" data-id=\"f075c9b\" data-element_type=\"container\" data-e-type=\"container\">\n\t\t<div class=\"elementor-element elementor-element-14e4077 e-con-full e-flex e-con e-child\" data-id=\"14e4077\" data-element_type=\"container\" data-e-type=\"container\">\n\t\t\t\t<div class=\"elementor-element elementor-element-9c769af elementor-widget elementor-widget-heading\" data-id=\"9c769af\" data-element_type=\"widget\" data-e-type=\"widget\" data-widget_type=\"heading.default\">\n\t\t\t\t<div class=\"elementor-widget-container\">\n\t\t\t\t\t<h2 class=\"elementor-heading-title elementor-size-default\">Air Cooling hautes performances pour processeur<\/h2>\t\t\t\t<\/div>\n\t\t\t\t<\/div>\n\t\t\t\t<div class=\"elementor-element elementor-element-9626083 elementor-widget elementor-widget-text-editor\" data-id=\"9626083\" data-element_type=\"widget\" data-e-type=\"widget\" data-widget_type=\"text-editor.default\">\n\t\t\t\t<div class=\"elementor-widget-container\">\n\t\t\t\t\t\t\t\t\t<p>Le\u00a0<strong>Fox Spirit ZT120<\/strong>\u00a0est un\u00a0<strong>ventilateur processeur double tour hautes performances<\/strong>. Capable de dissiper efficacement la chaleur \u00e9mise par les processeurs au\u00a0<strong>TDP jusqu&rsquo;\u00e0 250W<\/strong>, il sera parfait pour les configurations de derni\u00e8re g\u00e9n\u00e9ration. Id\u00e9al pour les utilisateurs recherchant une\u00a0<strong>solution \u00ab\u00a0air cooling\u00a0\u00bb efficace et silencieuse<\/strong>, ce ventirad est compatible avec les\u00a0<strong>sockets Intel LGA 115X\/1200\/1700\/1851<\/strong>\u00a0et\u00a0<strong>AMD AM4\/AM5<\/strong>.\u00a0<\/p>\t\t\t\t\t\t\t\t<\/div>\n\t\t\t\t<\/div>\n\t\t\t\t<\/div>\n\t\t<div class=\"elementor-element elementor-element-0c11eb0 e-con-full e-flex e-con e-child\" data-id=\"0c11eb0\" data-element_type=\"container\" data-e-type=\"container\">\n\t\t<div class=\"elementor-element elementor-element-bcf431d e-con-full e-flex e-con e-child\" data-id=\"bcf431d\" data-element_type=\"container\" data-e-type=\"container\">\n\t\t\t\t<div class=\"elementor-element elementor-element-85e8cfb elementor-widget elementor-widget-image\" data-id=\"85e8cfb\" data-element_type=\"widget\" data-e-type=\"widget\" data-widget_type=\"image.default\">\n\t\t\t\t<div class=\"elementor-widget-container\">\n\t\t\t\t\t\t\t\t\t\t\t\t\t\t\t<img fetchpriority=\"high\" decoding=\"async\" width=\"800\" height=\"800\" src=\"https:\/\/www.fox-spirit.com\/wp-content\/uploads\/2026\/01\/ZT120_01.webp\" class=\"attachment-large size-large wp-image-4108\" alt=\"\" srcset=\"https:\/\/www.fox-spirit.com\/wp-content\/uploads\/2026\/01\/ZT120_01.webp 1000w, https:\/\/www.fox-spirit.com\/wp-content\/uploads\/2026\/01\/ZT120_01-300x300.webp 300w, https:\/\/www.fox-spirit.com\/wp-content\/uploads\/2026\/01\/ZT120_01-150x150.webp 150w, https:\/\/www.fox-spirit.com\/wp-content\/uploads\/2026\/01\/ZT120_01-768x768.webp 768w, https:\/\/www.fox-spirit.com\/wp-content\/uploads\/2026\/01\/ZT120_01-600x600.webp 600w, https:\/\/www.fox-spirit.com\/wp-content\/uploads\/2026\/01\/ZT120_01-100x100.webp 100w\" sizes=\"(max-width: 800px) 100vw, 800px\" \/>\t\t\t\t\t\t\t\t\t\t\t\t\t\t\t<\/div>\n\t\t\t\t<\/div>\n\t\t\t\t<\/div>\n\t\t<div class=\"elementor-element elementor-element-ddd2c69 e-con-full e-flex e-con e-child\" data-id=\"ddd2c69\" data-element_type=\"container\" data-e-type=\"container\">\n\t\t\t\t<div class=\"elementor-element elementor-element-d3f5cf6 elementor-widget elementor-widget-heading\" data-id=\"d3f5cf6\" data-element_type=\"widget\" data-e-type=\"widget\" data-widget_type=\"heading.default\">\n\t\t\t\t<div class=\"elementor-widget-container\">\n\t\t\t\t\t<h2 class=\"elementor-heading-title elementor-size-default\">Technologie et performances de pointe<\/h2>\t\t\t\t<\/div>\n\t\t\t\t<\/div>\n\t\t\t\t<div class=\"elementor-element elementor-element-89251d0 elementor-widget elementor-widget-text-editor\" data-id=\"89251d0\" data-element_type=\"widget\" data-e-type=\"widget\" data-widget_type=\"text-editor.default\">\n\t\t\t\t<div class=\"elementor-widget-container\">\n\t\t\t\t\t\t\t\t\t<p>Le&nbsp;<strong>FOX SPIRIT ZT120<\/strong>&nbsp;embarque&nbsp;<strong>6 caloducs en cuivre de 6 mm<\/strong>&nbsp;pour une dissipation thermique optimale. Les deux ventilateurs de&nbsp;<strong>120 mm<\/strong>&nbsp;avec roulement hydraulique garantissent une dur\u00e9e de vie prolong\u00e9e et un niveau sonore r\u00e9duit (de&nbsp;<strong>19,6 dBA<\/strong>&nbsp;et&nbsp;<strong>29,9 dBA<\/strong>). La vitesse de rotation g\u00e9r\u00e9e en PWM (de&nbsp;<strong>600 \u00e0 2100 RPM<\/strong>) permet d\u2019adapter le refroidissement en fonction des besoins et solliciations du syst\u00e8me tout en maintenant un d\u00e9bit d\u2019air maximal de&nbsp;<strong>57,1 CFM<\/strong>. La base \u00e0 contact direct avec les caloducs am\u00e9liore encore l\u2019efficacit\u00e9 du transfert de chaleur. Un syst\u00e8me de renfort anti-d\u00e9formation est \u00e9galement pr\u00e9sent sur la base des caloducs afin d&rsquo;\u00e9viter tout probl\u00e8me lors de d\u00e9placement.<\/p>\t\t\t\t\t\t\t\t<\/div>\n\t\t\t\t<\/div>\n\t\t\t\t<\/div>\n\t\t\t\t<\/div>\n\t\t<div class=\"elementor-element elementor-element-7b0122b e-con-full e-flex e-con e-child\" data-id=\"7b0122b\" data-element_type=\"container\" data-e-type=\"container\">\n\t\t<div class=\"elementor-element elementor-element-63e6c99 e-con-full e-flex e-con e-child\" data-id=\"63e6c99\" data-element_type=\"container\" data-e-type=\"container\">\n\t\t\t\t<div class=\"elementor-element elementor-element-f717ce5 elementor-widget elementor-widget-heading\" data-id=\"f717ce5\" data-element_type=\"widget\" data-e-type=\"widget\" data-widget_type=\"heading.default\">\n\t\t\t\t<div class=\"elementor-widget-container\">\n\t\t\t\t\t<h2 class=\"elementor-heading-title elementor-size-default\">Caract\u00e9ristiques principales :<\/h2>\t\t\t\t<\/div>\n\t\t\t\t<\/div>\n\t\t\t\t<div class=\"elementor-element elementor-element-654e83e elementor-widget elementor-widget-text-editor\" data-id=\"654e83e\" data-element_type=\"widget\" data-e-type=\"widget\" data-widget_type=\"text-editor.default\">\n\t\t\t\t<div class=\"elementor-widget-container\">\n\t\t\t\t\t\t\t\t\t<ul><li class=\"wysiwyg-font-size-fz18\">6 caloducs de 6 mm de diam\u00e8tre<\/li><li class=\"wysiwyg-font-size-fz18\">Structure m\u00e9tallique anti-d\u00e9formation<\/li><li class=\"wysiwyg-font-size-fz18\">Format double tour<\/li><li class=\"wysiwyg-font-size-fz18\">Contact direct : dissipation de la chaleur am\u00e9lior\u00e9e<\/li><li class=\"wysiwyg-font-size-fz18\">2 ventilateurs 120 mm PWM (600 &#8211; 2100 RPM)<\/li><li class=\"wysiwyg-font-size-fz18\">Compatible avec sockets AMD AM4\/AM5 et sockets Intel 1700 \/ 1851 \/ 115x<\/li><\/ul>\t\t\t\t\t\t\t\t<\/div>\n\t\t\t\t<\/div>\n\t\t\t\t<\/div>\n\t\t<div class=\"elementor-element elementor-element-11a8a2e e-con-full e-flex e-con e-child\" data-id=\"11a8a2e\" data-element_type=\"container\" data-e-type=\"container\">\n\t\t\t\t<\/div>\n\t\t\t\t<\/div>\n\t\t\t\t<\/div>\n\t\t\t\t<\/div>\n\t\t\n","protected":false},"excerpt":{"rendered":"<p>Le Fox Spirit ZT120\u00a0est un\u00a0ventilateur processeur double tour hautes performances avec un TDP jusqu&rsquo;\u00e0 250W.<\/p>\n","protected":false},"featured_media":4107,"template":"","meta":{"_acf_changed":false},"product_brand":[],"product_cat":[31,49],"product_tag":[],"class_list":{"0":"post-4105","1":"product","2":"type-product","3":"status-publish","4":"has-post-thumbnail","6":"product_cat-refroidissement","7":"product_cat-ventirad","9":"first","10":"instock","11":"shipping-taxable","12":"product-type-simple"},"acf":[],"yoast_head":"<!-- This site is optimized with the Yoast SEO plugin v27.4 - https:\/\/yoast.com\/product\/yoast-seo-wordpress\/ -->\n<title>Fox Spirit - ZT120<\/title>\n<meta name=\"robots\" content=\"index, follow, max-snippet:-1, max-image-preview:large, max-video-preview:-1\" \/>\n<link rel=\"canonical\" href=\"https:\/\/www.fox-spirit.com\/?product=zt120\" \/>\n<meta property=\"og:locale\" content=\"fr_FR\" \/>\n<meta property=\"og:type\" content=\"article\" \/>\n<meta property=\"og:title\" content=\"Fox Spirit - ZT120\" \/>\n<meta property=\"og:description\" content=\"Le Fox Spirit ZT120\u00a0est un\u00a0ventilateur processeur double tour hautes performances avec un TDP jusqu&#039;\u00e0 250W.\" \/>\n<meta property=\"og:url\" content=\"https:\/\/www.fox-spirit.com\/?product=zt120\" \/>\n<meta property=\"og:site_name\" content=\"Fox Spirit\" \/>\n<meta property=\"article:modified_time\" content=\"2026-01-05T09:02:25+00:00\" \/>\n<meta property=\"og:image\" content=\"https:\/\/www.fox-spirit.com\/wp-content\/uploads\/2026\/01\/ZT120.webp\" \/>\n\t<meta property=\"og:image:width\" content=\"1000\" \/>\n\t<meta property=\"og:image:height\" content=\"1000\" \/>\n\t<meta property=\"og:image:type\" content=\"image\/webp\" \/>\n<meta name=\"twitter:card\" content=\"summary_large_image\" \/>\n<meta name=\"twitter:label1\" content=\"Dur\u00e9e de lecture estim\u00e9e\" \/>\n\t<meta name=\"twitter:data1\" content=\"1 minute\" \/>\n<script type=\"application\/ld+json\" class=\"yoast-schema-graph\">{\"@context\":\"https:\\\/\\\/schema.org\",\"@graph\":[{\"@type\":\"WebPage\",\"@id\":\"https:\\\/\\\/www.fox-spirit.com\\\/?product=zt120\",\"url\":\"https:\\\/\\\/www.fox-spirit.com\\\/?product=zt120\",\"name\":\"Fox Spirit - ZT120\",\"isPartOf\":{\"@id\":\"https:\\\/\\\/www.fox-spirit.com\\\/#website\"},\"primaryImageOfPage\":{\"@id\":\"https:\\\/\\\/www.fox-spirit.com\\\/?product=zt120#primaryimage\"},\"image\":{\"@id\":\"https:\\\/\\\/www.fox-spirit.com\\\/?product=zt120#primaryimage\"},\"thumbnailUrl\":\"https:\\\/\\\/www.fox-spirit.com\\\/wp-content\\\/uploads\\\/2026\\\/01\\\/ZT120.webp\",\"datePublished\":\"2026-01-05T09:01:43+00:00\",\"dateModified\":\"2026-01-05T09:02:25+00:00\",\"breadcrumb\":{\"@id\":\"https:\\\/\\\/www.fox-spirit.com\\\/?product=zt120#breadcrumb\"},\"inLanguage\":\"fr-FR\",\"potentialAction\":[{\"@type\":\"ReadAction\",\"target\":[\"https:\\\/\\\/www.fox-spirit.com\\\/?product=zt120\"]}]},{\"@type\":\"ImageObject\",\"inLanguage\":\"fr-FR\",\"@id\":\"https:\\\/\\\/www.fox-spirit.com\\\/?product=zt120#primaryimage\",\"url\":\"https:\\\/\\\/www.fox-spirit.com\\\/wp-content\\\/uploads\\\/2026\\\/01\\\/ZT120.webp\",\"contentUrl\":\"https:\\\/\\\/www.fox-spirit.com\\\/wp-content\\\/uploads\\\/2026\\\/01\\\/ZT120.webp\",\"width\":1000,\"height\":1000},{\"@type\":\"BreadcrumbList\",\"@id\":\"https:\\\/\\\/www.fox-spirit.com\\\/?product=zt120#breadcrumb\",\"itemListElement\":[{\"@type\":\"ListItem\",\"position\":1,\"name\":\"Home\",\"item\":\"https:\\\/\\\/www.fox-spirit.com\\\/\"},{\"@type\":\"ListItem\",\"position\":2,\"name\":\"Univers\",\"item\":\"https:\\\/\\\/www.fox-spirit.com\\\/?page_id=1224\"},{\"@type\":\"ListItem\",\"position\":3,\"name\":\"Composants PC\",\"item\":\"https:\\\/\\\/www.fox-spirit.com\\\/?product_cat=composants-pc\"},{\"@type\":\"ListItem\",\"position\":4,\"name\":\"Refroidissement\",\"item\":\"https:\\\/\\\/www.fox-spirit.com\\\/?product_cat=refroidissement\"},{\"@type\":\"ListItem\",\"position\":5,\"name\":\"ZT120\"}]},{\"@type\":\"WebSite\",\"@id\":\"https:\\\/\\\/www.fox-spirit.com\\\/#website\",\"url\":\"https:\\\/\\\/www.fox-spirit.com\\\/\",\"name\":\"Fox Spirit\",\"description\":\"JOUEZ. RUSEZ.\",\"publisher\":{\"@id\":\"https:\\\/\\\/www.fox-spirit.com\\\/#organization\"},\"potentialAction\":[{\"@type\":\"SearchAction\",\"target\":{\"@type\":\"EntryPoint\",\"urlTemplate\":\"https:\\\/\\\/www.fox-spirit.com\\\/?s={search_term_string}\"},\"query-input\":{\"@type\":\"PropertyValueSpecification\",\"valueRequired\":true,\"valueName\":\"search_term_string\"}}],\"inLanguage\":\"fr-FR\"},{\"@type\":\"Organization\",\"@id\":\"https:\\\/\\\/www.fox-spirit.com\\\/#organization\",\"name\":\"Groupe LDLC\",\"url\":\"https:\\\/\\\/www.fox-spirit.com\\\/\",\"logo\":{\"@type\":\"ImageObject\",\"inLanguage\":\"fr-FR\",\"@id\":\"https:\\\/\\\/www.fox-spirit.com\\\/#\\\/schema\\\/logo\\\/image\\\/\",\"url\":\"https:\\\/\\\/www.fox-spirit.com\\\/wp-content\\\/uploads\\\/2024\\\/12\\\/logo_FoxSpirit_red.png\",\"contentUrl\":\"https:\\\/\\\/www.fox-spirit.com\\\/wp-content\\\/uploads\\\/2024\\\/12\\\/logo_FoxSpirit_red.png\",\"width\":1600,\"height\":1600,\"caption\":\"Groupe LDLC\"},\"image\":{\"@id\":\"https:\\\/\\\/www.fox-spirit.com\\\/#\\\/schema\\\/logo\\\/image\\\/\"}}]}<\/script>\n<!-- \/ Yoast SEO plugin. -->","yoast_head_json":{"title":"Fox Spirit - ZT120","robots":{"index":"index","follow":"follow","max-snippet":"max-snippet:-1","max-image-preview":"max-image-preview:large","max-video-preview":"max-video-preview:-1"},"canonical":"https:\/\/www.fox-spirit.com\/?product=zt120","og_locale":"fr_FR","og_type":"article","og_title":"Fox Spirit - ZT120","og_description":"Le Fox Spirit ZT120\u00a0est un\u00a0ventilateur processeur double tour hautes performances avec un TDP jusqu'\u00e0 250W.","og_url":"https:\/\/www.fox-spirit.com\/?product=zt120","og_site_name":"Fox Spirit","article_modified_time":"2026-01-05T09:02:25+00:00","og_image":[{"width":1000,"height":1000,"url":"https:\/\/www.fox-spirit.com\/wp-content\/uploads\/2026\/01\/ZT120.webp","type":"image\/webp"}],"twitter_card":"summary_large_image","twitter_misc":{"Dur\u00e9e de lecture estim\u00e9e":"1 minute"},"schema":{"@context":"https:\/\/schema.org","@graph":[{"@type":"WebPage","@id":"https:\/\/www.fox-spirit.com\/?product=zt120","url":"https:\/\/www.fox-spirit.com\/?product=zt120","name":"Fox Spirit - ZT120","isPartOf":{"@id":"https:\/\/www.fox-spirit.com\/#website"},"primaryImageOfPage":{"@id":"https:\/\/www.fox-spirit.com\/?product=zt120#primaryimage"},"image":{"@id":"https:\/\/www.fox-spirit.com\/?product=zt120#primaryimage"},"thumbnailUrl":"https:\/\/www.fox-spirit.com\/wp-content\/uploads\/2026\/01\/ZT120.webp","datePublished":"2026-01-05T09:01:43+00:00","dateModified":"2026-01-05T09:02:25+00:00","breadcrumb":{"@id":"https:\/\/www.fox-spirit.com\/?product=zt120#breadcrumb"},"inLanguage":"fr-FR","potentialAction":[{"@type":"ReadAction","target":["https:\/\/www.fox-spirit.com\/?product=zt120"]}]},{"@type":"ImageObject","inLanguage":"fr-FR","@id":"https:\/\/www.fox-spirit.com\/?product=zt120#primaryimage","url":"https:\/\/www.fox-spirit.com\/wp-content\/uploads\/2026\/01\/ZT120.webp","contentUrl":"https:\/\/www.fox-spirit.com\/wp-content\/uploads\/2026\/01\/ZT120.webp","width":1000,"height":1000},{"@type":"BreadcrumbList","@id":"https:\/\/www.fox-spirit.com\/?product=zt120#breadcrumb","itemListElement":[{"@type":"ListItem","position":1,"name":"Home","item":"https:\/\/www.fox-spirit.com\/"},{"@type":"ListItem","position":2,"name":"Univers","item":"https:\/\/www.fox-spirit.com\/?page_id=1224"},{"@type":"ListItem","position":3,"name":"Composants PC","item":"https:\/\/www.fox-spirit.com\/?product_cat=composants-pc"},{"@type":"ListItem","position":4,"name":"Refroidissement","item":"https:\/\/www.fox-spirit.com\/?product_cat=refroidissement"},{"@type":"ListItem","position":5,"name":"ZT120"}]},{"@type":"WebSite","@id":"https:\/\/www.fox-spirit.com\/#website","url":"https:\/\/www.fox-spirit.com\/","name":"Fox Spirit","description":"JOUEZ. RUSEZ.","publisher":{"@id":"https:\/\/www.fox-spirit.com\/#organization"},"potentialAction":[{"@type":"SearchAction","target":{"@type":"EntryPoint","urlTemplate":"https:\/\/www.fox-spirit.com\/?s={search_term_string}"},"query-input":{"@type":"PropertyValueSpecification","valueRequired":true,"valueName":"search_term_string"}}],"inLanguage":"fr-FR"},{"@type":"Organization","@id":"https:\/\/www.fox-spirit.com\/#organization","name":"Groupe LDLC","url":"https:\/\/www.fox-spirit.com\/","logo":{"@type":"ImageObject","inLanguage":"fr-FR","@id":"https:\/\/www.fox-spirit.com\/#\/schema\/logo\/image\/","url":"https:\/\/www.fox-spirit.com\/wp-content\/uploads\/2024\/12\/logo_FoxSpirit_red.png","contentUrl":"https:\/\/www.fox-spirit.com\/wp-content\/uploads\/2024\/12\/logo_FoxSpirit_red.png","width":1600,"height":1600,"caption":"Groupe LDLC"},"image":{"@id":"https:\/\/www.fox-spirit.com\/#\/schema\/logo\/image\/"}}]}},"_links":{"self":[{"href":"https:\/\/www.fox-spirit.com\/index.php?rest_route=\/wp\/v2\/product\/4105","targetHints":{"allow":["GET"]}}],"collection":[{"href":"https:\/\/www.fox-spirit.com\/index.php?rest_route=\/wp\/v2\/product"}],"about":[{"href":"https:\/\/www.fox-spirit.com\/index.php?rest_route=\/wp\/v2\/types\/product"}],"version-history":[{"count":3,"href":"https:\/\/www.fox-spirit.com\/index.php?rest_route=\/wp\/v2\/product\/4105\/revisions"}],"predecessor-version":[{"id":4115,"href":"https:\/\/www.fox-spirit.com\/index.php?rest_route=\/wp\/v2\/product\/4105\/revisions\/4115"}],"wp:featuredmedia":[{"embeddable":true,"href":"https:\/\/www.fox-spirit.com\/index.php?rest_route=\/wp\/v2\/media\/4107"}],"wp:attachment":[{"href":"https:\/\/www.fox-spirit.com\/index.php?rest_route=%2Fwp%2Fv2%2Fmedia&parent=4105"}],"wp:term":[{"taxonomy":"product_brand","embeddable":true,"href":"https:\/\/www.fox-spirit.com\/index.php?rest_route=%2Fwp%2Fv2%2Fproduct_brand&post=4105"},{"taxonomy":"product_cat","embeddable":true,"href":"https:\/\/www.fox-spirit.com\/index.php?rest_route=%2Fwp%2Fv2%2Fproduct_cat&post=4105"},{"taxonomy":"product_tag","embeddable":true,"href":"https:\/\/www.fox-spirit.com\/index.php?rest_route=%2Fwp%2Fv2%2Fproduct_tag&post=4105"}],"curies":[{"name":"wp","href":"https:\/\/api.w.org\/{rel}","templated":true}]}}