{"id":4116,"date":"2026-01-06T12:40:21","date_gmt":"2026-01-06T11:40:21","guid":{"rendered":"https:\/\/www.fox-spirit.com\/?post_type=product&#038;p=4116"},"modified":"2026-01-07T16:37:59","modified_gmt":"2026-01-07T15:37:59","slug":"ol270","status":"publish","type":"product","link":"https:\/\/www.fox-spirit.com\/?product=ol270","title":{"rendered":"OL270"},"content":{"rendered":"\t\t<div data-elementor-type=\"container\" data-elementor-id=\"4125\" class=\"elementor elementor-4125\" data-elementor-post-type=\"elementor_library\">\n\t\t\t\t<div class=\"elementor-element elementor-element-f075c9b e-con-full e-flex e-con e-parent\" data-id=\"f075c9b\" data-element_type=\"container\" data-e-type=\"container\">\n\t\t<div class=\"elementor-element elementor-element-14e4077 e-con-full e-flex e-con e-child\" data-id=\"14e4077\" data-element_type=\"container\" data-e-type=\"container\">\n\t\t\t\t<div class=\"elementor-element elementor-element-9c769af elementor-widget elementor-widget-heading\" data-id=\"9c769af\" data-element_type=\"widget\" data-e-type=\"widget\" data-widget_type=\"heading.default\">\n\t\t\t\t<div class=\"elementor-widget-container\">\n\t\t\t\t\t<h2 class=\"elementor-heading-title elementor-size-default\">\u00c9cran Gaming OLED 280 Hz<\/h2>\t\t\t\t<\/div>\n\t\t\t\t<\/div>\n\t\t\t\t<div class=\"elementor-element elementor-element-9626083 elementor-widget elementor-widget-text-editor\" data-id=\"9626083\" data-element_type=\"widget\" data-e-type=\"widget\" data-widget_type=\"text-editor.default\">\n\t\t\t\t<div class=\"elementor-widget-container\">\n\t\t\t\t\t\t\t\t\t<p>Gagnez en confort de jeu avec le moniteur\u00a0<strong>Fox Spirit OL270\u00a0<\/strong>! Avec sa\u00a0<strong>dalle QD-OLED de 27 pouces<\/strong> avec r\u00e9solution 2.5K et fr\u00e9quence maximale de\u00a0<strong>280 Hz<\/strong>, il vous promet un haut niveau divertissement, avec des d\u00e9tails pr\u00e9cis, des couleurs superbes et un affichage ultra-fluide ! L&rsquo;\u00e9cran Fox Spirit OL270 b\u00e9n\u00e9ficie \u00e9galement d&rsquo;un\u00a0<strong>pied ergonomique<\/strong>\u00a0avec pivot sur 90\u00b0 et un r\u00e9glage en hauteur sur 120 mm.<\/p>\t\t\t\t\t\t\t\t<\/div>\n\t\t\t\t<\/div>\n\t\t\t\t<\/div>\n\t\t<div class=\"elementor-element elementor-element-0c11eb0 e-con-full e-flex e-con e-child\" data-id=\"0c11eb0\" data-element_type=\"container\" data-e-type=\"container\">\n\t\t<div class=\"elementor-element elementor-element-bcf431d e-con-full e-flex e-con e-child\" data-id=\"bcf431d\" data-element_type=\"container\" data-e-type=\"container\">\n\t\t\t\t<div class=\"elementor-element elementor-element-85e8cfb elementor-widget elementor-widget-image\" data-id=\"85e8cfb\" data-element_type=\"widget\" data-e-type=\"widget\" data-widget_type=\"image.default\">\n\t\t\t\t<div class=\"elementor-widget-container\">\n\t\t\t\t\t\t\t\t\t\t\t\t\t\t\t<img fetchpriority=\"high\" decoding=\"async\" width=\"800\" height=\"800\" src=\"https:\/\/www.fox-spirit.com\/wp-content\/uploads\/2026\/01\/OL270_02.webp\" class=\"attachment-large size-large wp-image-4121\" alt=\"\" srcset=\"https:\/\/www.fox-spirit.com\/wp-content\/uploads\/2026\/01\/OL270_02.webp 1000w, https:\/\/www.fox-spirit.com\/wp-content\/uploads\/2026\/01\/OL270_02-300x300.webp 300w, https:\/\/www.fox-spirit.com\/wp-content\/uploads\/2026\/01\/OL270_02-150x150.webp 150w, https:\/\/www.fox-spirit.com\/wp-content\/uploads\/2026\/01\/OL270_02-768x768.webp 768w, https:\/\/www.fox-spirit.com\/wp-content\/uploads\/2026\/01\/OL270_02-600x600.webp 600w, https:\/\/www.fox-spirit.com\/wp-content\/uploads\/2026\/01\/OL270_02-100x100.webp 100w\" sizes=\"(max-width: 800px) 100vw, 800px\" \/>\t\t\t\t\t\t\t\t\t\t\t\t\t\t\t<\/div>\n\t\t\t\t<\/div>\n\t\t\t\t<\/div>\n\t\t<div class=\"elementor-element elementor-element-ddd2c69 e-con-full e-flex e-con e-child\" data-id=\"ddd2c69\" data-element_type=\"container\" data-e-type=\"container\">\n\t\t\t\t<div class=\"elementor-element elementor-element-d3f5cf6 elementor-widget elementor-widget-heading\" data-id=\"d3f5cf6\" data-element_type=\"widget\" data-e-type=\"widget\" data-widget_type=\"heading.default\">\n\t\t\t\t<div class=\"elementor-widget-container\">\n\t\t\t\t\t<h2 class=\"elementor-heading-title elementor-size-default\">Affichage de haute qualit\u00e9 avec l'OLED<\/h2>\t\t\t\t<\/div>\n\t\t\t\t<\/div>\n\t\t\t\t<div class=\"elementor-element elementor-element-89251d0 elementor-widget elementor-widget-text-editor\" data-id=\"89251d0\" data-element_type=\"widget\" data-e-type=\"widget\" data-widget_type=\"text-editor.default\">\n\t\t\t\t<div class=\"elementor-widget-container\">\n\t\t\t\t\t\t\t\t\t<p>Gr\u00e2ce \u00e0 sa dalle <strong>WQHD (2560 x 1440 pixels) de 27&Prime;<\/strong> et son design \u00e0 bords fins, l&rsquo;\u00e9cran OLED Fox Spirit OL270 offre des images<strong> riches en d\u00e9tails<\/strong> et des couleurs particuli\u00e8rement <strong>riches et nuanc\u00e9es<\/strong>. Avec une fr\u00e9quence maximale de <strong>280 Hz<\/strong> (via DisplayPort ou HDMI) et un support de la technologie <strong>Adaptive-Sync<\/strong>, profitez d&rsquo;un affichage ultra-fluide et sans d\u00e9chirures !<br \/><br \/>Gr\u00e2ce \u00e0 la fonction\u00a0<strong>Low Blue<\/strong>, l&rsquo;\u00e9cran OL270 vous permet de diminuer la quantit\u00e9 de lumi\u00e8re bleue \u00e9mise par l&rsquo;\u00e9cran, afin de r\u00e9duire votre fatigue oculaire, tout comme la technologie <strong>Flicker-Free<\/strong> qui r\u00e9duit les scintillements.<\/p>\t\t\t\t\t\t\t\t<\/div>\n\t\t\t\t<\/div>\n\t\t\t\t<\/div>\n\t\t\t\t<\/div>\n\t\t<div class=\"elementor-element elementor-element-9cba2d9 e-con-full e-flex e-con e-child\" data-id=\"9cba2d9\" data-element_type=\"container\" data-e-type=\"container\">\n\t\t<div class=\"elementor-element elementor-element-48979e7 e-con-full e-flex e-con e-child\" data-id=\"48979e7\" data-element_type=\"container\" data-e-type=\"container\">\n\t\t\t\t<div class=\"elementor-element elementor-element-d9753ae elementor-widget elementor-widget-heading\" data-id=\"d9753ae\" data-element_type=\"widget\" data-e-type=\"widget\" data-widget_type=\"heading.default\">\n\t\t\t\t<div class=\"elementor-widget-container\">\n\t\t\t\t\t<h2 class=\"elementor-heading-title elementor-size-default\">Caract\u00e9ristiques principales :<\/h2>\t\t\t\t<\/div>\n\t\t\t\t<\/div>\n\t\t\t\t<div class=\"elementor-element elementor-element-5548618 elementor-widget elementor-widget-text-editor\" data-id=\"5548618\" data-element_type=\"widget\" data-e-type=\"widget\" data-widget_type=\"text-editor.default\">\n\t\t\t\t<div class=\"elementor-widget-container\">\n\t\t\t\t\t\t\t\t\t<ul><li><strong>Grand \u00e9cran gaming<\/strong>\u00a0mat de\u00a0<strong>27 pouces<\/strong>\u00a0avec r\u00e9solution\u00a0<strong>WQHD<\/strong>\u00a0(2560 x 1440)<\/li><li>Affichage fluide avec un temps de r\u00e9ponse de 0.03 ms et\u00a0une\u00a0<strong>fr\u00e9quence d&rsquo;affichage de 280 Hz<\/strong><\/li><li><strong>Dalle QD-OLED<\/strong>\u00a0: couleurs riches et nuanc\u00e9es<\/li><li>Couleurs riches et nuanc\u00e9es avec un contraste natif de 1 500 000:1<\/li><li>Technologie\u00a0<strong>Adaptive-Sync<\/strong><\/li><li>Connecteurs : 2 x HDMI 2.1 et 2x DisplayPort 1.4<\/li><li>Sortie casque jack 3.5 mm<\/li><li>Meilleur confort oculaire avec la fonction\u00a0Low Blue\u00a0et Flicker-Free<\/li><li><strong>Design ergonomique<\/strong>\u00a0avec pivot sur 90\u00b0 et r\u00e9glage en hauteur<\/li><li><strong>R\u00e9tro\u00e9clairage ARGB<\/strong>\u00a0\u00e0 l&rsquo;arri\u00e8re de l&rsquo;\u00e9cran<\/li><li>Compatible fixation VESA 75 x 75<\/li><\/ul>\t\t\t\t\t\t\t\t<\/div>\n\t\t\t\t<\/div>\n\t\t\t\t<\/div>\n\t\t<div class=\"elementor-element elementor-element-91d7697 e-con-full e-flex e-con e-child\" data-id=\"91d7697\" data-element_type=\"container\" data-e-type=\"container\">\n\t\t\t\t<div class=\"elementor-element elementor-element-e298a1d elementor-widget elementor-widget-image\" data-id=\"e298a1d\" data-element_type=\"widget\" data-e-type=\"widget\" data-widget_type=\"image.default\">\n\t\t\t\t<div class=\"elementor-widget-container\">\n\t\t\t\t\t\t\t\t\t\t\t\t\t\t\t<img decoding=\"async\" width=\"800\" height=\"800\" src=\"https:\/\/www.fox-spirit.com\/wp-content\/uploads\/2026\/01\/OL270_04.webp\" class=\"attachment-large size-large wp-image-4123\" alt=\"\" srcset=\"https:\/\/www.fox-spirit.com\/wp-content\/uploads\/2026\/01\/OL270_04.webp 1000w, https:\/\/www.fox-spirit.com\/wp-content\/uploads\/2026\/01\/OL270_04-300x300.webp 300w, https:\/\/www.fox-spirit.com\/wp-content\/uploads\/2026\/01\/OL270_04-150x150.webp 150w, https:\/\/www.fox-spirit.com\/wp-content\/uploads\/2026\/01\/OL270_04-768x768.webp 768w, https:\/\/www.fox-spirit.com\/wp-content\/uploads\/2026\/01\/OL270_04-600x600.webp 600w, https:\/\/www.fox-spirit.com\/wp-content\/uploads\/2026\/01\/OL270_04-100x100.webp 100w\" sizes=\"(max-width: 800px) 100vw, 800px\" \/>\t\t\t\t\t\t\t\t\t\t\t\t\t\t\t<\/div>\n\t\t\t\t<\/div>\n\t\t\t\t<\/div>\n\t\t\t\t<\/div>\n\t\t\t\t<\/div>\n\t\t\t\t<\/div>\n\t\t\n","protected":false},"excerpt":{"rendered":"<p>Gagnez en confort de jeu avec le moniteur\u00a0Fox Spirit OL270\u00a0! Avec sa\u00a0dalle QD-OLED de 27 pouces avec r\u00e9solution 2.5K et fr\u00e9quence maximale de\u00a0280 Hz, il vous promet un haut niveau divertissement, avec des d\u00e9tails pr\u00e9cis, des couleurs superbes et un affichage ultra-fluide !<\/p>\n","protected":false},"featured_media":4117,"template":"","meta":{"_acf_changed":false},"product_brand":[],"product_cat":[25],"product_tag":[],"class_list":{"0":"post-4116","1":"product","2":"type-product","3":"status-publish","4":"has-post-thumbnail","6":"product_cat-ecran-pc","8":"first","9":"instock","10":"shipping-taxable","11":"product-type-simple"},"acf":[],"yoast_head":"<!-- This site is optimized with the Yoast SEO plugin v27.4 - https:\/\/yoast.com\/product\/yoast-seo-wordpress\/ -->\n<title>Fox Spirit - OL270<\/title>\n<meta name=\"robots\" content=\"index, follow, max-snippet:-1, max-image-preview:large, max-video-preview:-1\" \/>\n<link rel=\"canonical\" href=\"https:\/\/www.fox-spirit.com\/?product=ol270\" \/>\n<meta property=\"og:locale\" content=\"fr_FR\" \/>\n<meta property=\"og:type\" content=\"article\" \/>\n<meta property=\"og:title\" content=\"Fox Spirit - OL270\" \/>\n<meta property=\"og:description\" content=\"Gagnez en confort de jeu avec le moniteur\u00a0Fox Spirit OL270\u00a0! Avec sa\u00a0dalle QD-OLED de 27 pouces avec r\u00e9solution 2.5K et fr\u00e9quence maximale de\u00a0280 Hz, il vous promet un haut niveau divertissement, avec des d\u00e9tails pr\u00e9cis, des couleurs superbes et un affichage ultra-fluide !\" \/>\n<meta property=\"og:url\" content=\"https:\/\/www.fox-spirit.com\/?product=ol270\" \/>\n<meta property=\"og:site_name\" content=\"Fox Spirit\" \/>\n<meta property=\"article:modified_time\" content=\"2026-01-07T15:37:59+00:00\" \/>\n<meta property=\"og:image\" content=\"https:\/\/www.fox-spirit.com\/wp-content\/uploads\/2026\/01\/OL270_01.webp\" \/>\n\t<meta property=\"og:image:width\" content=\"1000\" \/>\n\t<meta property=\"og:image:height\" content=\"1000\" \/>\n\t<meta property=\"og:image:type\" content=\"image\/webp\" \/>\n<meta name=\"twitter:card\" content=\"summary_large_image\" \/>\n<meta name=\"twitter:label1\" content=\"Dur\u00e9e de lecture estim\u00e9e\" \/>\n\t<meta name=\"twitter:data1\" content=\"1 minute\" \/>\n<script type=\"application\/ld+json\" class=\"yoast-schema-graph\">{\"@context\":\"https:\\\/\\\/schema.org\",\"@graph\":[{\"@type\":\"WebPage\",\"@id\":\"https:\\\/\\\/www.fox-spirit.com\\\/?product=ol270\",\"url\":\"https:\\\/\\\/www.fox-spirit.com\\\/?product=ol270\",\"name\":\"Fox Spirit - OL270\",\"isPartOf\":{\"@id\":\"https:\\\/\\\/www.fox-spirit.com\\\/#website\"},\"primaryImageOfPage\":{\"@id\":\"https:\\\/\\\/www.fox-spirit.com\\\/?product=ol270#primaryimage\"},\"image\":{\"@id\":\"https:\\\/\\\/www.fox-spirit.com\\\/?product=ol270#primaryimage\"},\"thumbnailUrl\":\"https:\\\/\\\/www.fox-spirit.com\\\/wp-content\\\/uploads\\\/2026\\\/01\\\/OL270_01.webp\",\"datePublished\":\"2026-01-06T11:40:21+00:00\",\"dateModified\":\"2026-01-07T15:37:59+00:00\",\"breadcrumb\":{\"@id\":\"https:\\\/\\\/www.fox-spirit.com\\\/?product=ol270#breadcrumb\"},\"inLanguage\":\"fr-FR\",\"potentialAction\":[{\"@type\":\"ReadAction\",\"target\":[\"https:\\\/\\\/www.fox-spirit.com\\\/?product=ol270\"]}]},{\"@type\":\"ImageObject\",\"inLanguage\":\"fr-FR\",\"@id\":\"https:\\\/\\\/www.fox-spirit.com\\\/?product=ol270#primaryimage\",\"url\":\"https:\\\/\\\/www.fox-spirit.com\\\/wp-content\\\/uploads\\\/2026\\\/01\\\/OL270_01.webp\",\"contentUrl\":\"https:\\\/\\\/www.fox-spirit.com\\\/wp-content\\\/uploads\\\/2026\\\/01\\\/OL270_01.webp\",\"width\":1000,\"height\":1000},{\"@type\":\"BreadcrumbList\",\"@id\":\"https:\\\/\\\/www.fox-spirit.com\\\/?product=ol270#breadcrumb\",\"itemListElement\":[{\"@type\":\"ListItem\",\"position\":1,\"name\":\"Home\",\"item\":\"https:\\\/\\\/www.fox-spirit.com\\\/\"},{\"@type\":\"ListItem\",\"position\":2,\"name\":\"Univers\",\"item\":\"https:\\\/\\\/www.fox-spirit.com\\\/?page_id=1224\"},{\"@type\":\"ListItem\",\"position\":3,\"name\":\"P\u00e9riph\u00e9riques PC\",\"item\":\"https:\\\/\\\/www.fox-spirit.com\\\/?product_cat=peripheriques-pc\"},{\"@type\":\"ListItem\",\"position\":4,\"name\":\"Ecran PC\",\"item\":\"https:\\\/\\\/www.fox-spirit.com\\\/?product_cat=ecran-pc\"},{\"@type\":\"ListItem\",\"position\":5,\"name\":\"OL270\"}]},{\"@type\":\"WebSite\",\"@id\":\"https:\\\/\\\/www.fox-spirit.com\\\/#website\",\"url\":\"https:\\\/\\\/www.fox-spirit.com\\\/\",\"name\":\"Fox Spirit\",\"description\":\"JOUEZ. RUSEZ.\",\"publisher\":{\"@id\":\"https:\\\/\\\/www.fox-spirit.com\\\/#organization\"},\"potentialAction\":[{\"@type\":\"SearchAction\",\"target\":{\"@type\":\"EntryPoint\",\"urlTemplate\":\"https:\\\/\\\/www.fox-spirit.com\\\/?s={search_term_string}\"},\"query-input\":{\"@type\":\"PropertyValueSpecification\",\"valueRequired\":true,\"valueName\":\"search_term_string\"}}],\"inLanguage\":\"fr-FR\"},{\"@type\":\"Organization\",\"@id\":\"https:\\\/\\\/www.fox-spirit.com\\\/#organization\",\"name\":\"Groupe LDLC\",\"url\":\"https:\\\/\\\/www.fox-spirit.com\\\/\",\"logo\":{\"@type\":\"ImageObject\",\"inLanguage\":\"fr-FR\",\"@id\":\"https:\\\/\\\/www.fox-spirit.com\\\/#\\\/schema\\\/logo\\\/image\\\/\",\"url\":\"https:\\\/\\\/www.fox-spirit.com\\\/wp-content\\\/uploads\\\/2024\\\/12\\\/logo_FoxSpirit_red.png\",\"contentUrl\":\"https:\\\/\\\/www.fox-spirit.com\\\/wp-content\\\/uploads\\\/2024\\\/12\\\/logo_FoxSpirit_red.png\",\"width\":1600,\"height\":1600,\"caption\":\"Groupe LDLC\"},\"image\":{\"@id\":\"https:\\\/\\\/www.fox-spirit.com\\\/#\\\/schema\\\/logo\\\/image\\\/\"}}]}<\/script>\n<!-- \/ Yoast SEO plugin. -->","yoast_head_json":{"title":"Fox Spirit - OL270","robots":{"index":"index","follow":"follow","max-snippet":"max-snippet:-1","max-image-preview":"max-image-preview:large","max-video-preview":"max-video-preview:-1"},"canonical":"https:\/\/www.fox-spirit.com\/?product=ol270","og_locale":"fr_FR","og_type":"article","og_title":"Fox Spirit - OL270","og_description":"Gagnez en confort de jeu avec le moniteur\u00a0Fox Spirit OL270\u00a0! Avec sa\u00a0dalle QD-OLED de 27 pouces avec r\u00e9solution 2.5K et fr\u00e9quence maximale de\u00a0280 Hz, il vous promet un haut niveau divertissement, avec des d\u00e9tails pr\u00e9cis, des couleurs superbes et un affichage ultra-fluide !","og_url":"https:\/\/www.fox-spirit.com\/?product=ol270","og_site_name":"Fox Spirit","article_modified_time":"2026-01-07T15:37:59+00:00","og_image":[{"width":1000,"height":1000,"url":"https:\/\/www.fox-spirit.com\/wp-content\/uploads\/2026\/01\/OL270_01.webp","type":"image\/webp"}],"twitter_card":"summary_large_image","twitter_misc":{"Dur\u00e9e de lecture estim\u00e9e":"1 minute"},"schema":{"@context":"https:\/\/schema.org","@graph":[{"@type":"WebPage","@id":"https:\/\/www.fox-spirit.com\/?product=ol270","url":"https:\/\/www.fox-spirit.com\/?product=ol270","name":"Fox Spirit - OL270","isPartOf":{"@id":"https:\/\/www.fox-spirit.com\/#website"},"primaryImageOfPage":{"@id":"https:\/\/www.fox-spirit.com\/?product=ol270#primaryimage"},"image":{"@id":"https:\/\/www.fox-spirit.com\/?product=ol270#primaryimage"},"thumbnailUrl":"https:\/\/www.fox-spirit.com\/wp-content\/uploads\/2026\/01\/OL270_01.webp","datePublished":"2026-01-06T11:40:21+00:00","dateModified":"2026-01-07T15:37:59+00:00","breadcrumb":{"@id":"https:\/\/www.fox-spirit.com\/?product=ol270#breadcrumb"},"inLanguage":"fr-FR","potentialAction":[{"@type":"ReadAction","target":["https:\/\/www.fox-spirit.com\/?product=ol270"]}]},{"@type":"ImageObject","inLanguage":"fr-FR","@id":"https:\/\/www.fox-spirit.com\/?product=ol270#primaryimage","url":"https:\/\/www.fox-spirit.com\/wp-content\/uploads\/2026\/01\/OL270_01.webp","contentUrl":"https:\/\/www.fox-spirit.com\/wp-content\/uploads\/2026\/01\/OL270_01.webp","width":1000,"height":1000},{"@type":"BreadcrumbList","@id":"https:\/\/www.fox-spirit.com\/?product=ol270#breadcrumb","itemListElement":[{"@type":"ListItem","position":1,"name":"Home","item":"https:\/\/www.fox-spirit.com\/"},{"@type":"ListItem","position":2,"name":"Univers","item":"https:\/\/www.fox-spirit.com\/?page_id=1224"},{"@type":"ListItem","position":3,"name":"P\u00e9riph\u00e9riques PC","item":"https:\/\/www.fox-spirit.com\/?product_cat=peripheriques-pc"},{"@type":"ListItem","position":4,"name":"Ecran PC","item":"https:\/\/www.fox-spirit.com\/?product_cat=ecran-pc"},{"@type":"ListItem","position":5,"name":"OL270"}]},{"@type":"WebSite","@id":"https:\/\/www.fox-spirit.com\/#website","url":"https:\/\/www.fox-spirit.com\/","name":"Fox Spirit","description":"JOUEZ. RUSEZ.","publisher":{"@id":"https:\/\/www.fox-spirit.com\/#organization"},"potentialAction":[{"@type":"SearchAction","target":{"@type":"EntryPoint","urlTemplate":"https:\/\/www.fox-spirit.com\/?s={search_term_string}"},"query-input":{"@type":"PropertyValueSpecification","valueRequired":true,"valueName":"search_term_string"}}],"inLanguage":"fr-FR"},{"@type":"Organization","@id":"https:\/\/www.fox-spirit.com\/#organization","name":"Groupe LDLC","url":"https:\/\/www.fox-spirit.com\/","logo":{"@type":"ImageObject","inLanguage":"fr-FR","@id":"https:\/\/www.fox-spirit.com\/#\/schema\/logo\/image\/","url":"https:\/\/www.fox-spirit.com\/wp-content\/uploads\/2024\/12\/logo_FoxSpirit_red.png","contentUrl":"https:\/\/www.fox-spirit.com\/wp-content\/uploads\/2024\/12\/logo_FoxSpirit_red.png","width":1600,"height":1600,"caption":"Groupe LDLC"},"image":{"@id":"https:\/\/www.fox-spirit.com\/#\/schema\/logo\/image\/"}}]}},"_links":{"self":[{"href":"https:\/\/www.fox-spirit.com\/index.php?rest_route=\/wp\/v2\/product\/4116","targetHints":{"allow":["GET"]}}],"collection":[{"href":"https:\/\/www.fox-spirit.com\/index.php?rest_route=\/wp\/v2\/product"}],"about":[{"href":"https:\/\/www.fox-spirit.com\/index.php?rest_route=\/wp\/v2\/types\/product"}],"version-history":[{"count":3,"href":"https:\/\/www.fox-spirit.com\/index.php?rest_route=\/wp\/v2\/product\/4116\/revisions"}],"predecessor-version":[{"id":4165,"href":"https:\/\/www.fox-spirit.com\/index.php?rest_route=\/wp\/v2\/product\/4116\/revisions\/4165"}],"wp:featuredmedia":[{"embeddable":true,"href":"https:\/\/www.fox-spirit.com\/index.php?rest_route=\/wp\/v2\/media\/4117"}],"wp:attachment":[{"href":"https:\/\/www.fox-spirit.com\/index.php?rest_route=%2Fwp%2Fv2%2Fmedia&parent=4116"}],"wp:term":[{"taxonomy":"product_brand","embeddable":true,"href":"https:\/\/www.fox-spirit.com\/index.php?rest_route=%2Fwp%2Fv2%2Fproduct_brand&post=4116"},{"taxonomy":"product_cat","embeddable":true,"href":"https:\/\/www.fox-spirit.com\/index.php?rest_route=%2Fwp%2Fv2%2Fproduct_cat&post=4116"},{"taxonomy":"product_tag","embeddable":true,"href":"https:\/\/www.fox-spirit.com\/index.php?rest_route=%2Fwp%2Fv2%2Fproduct_tag&post=4116"}],"curies":[{"name":"wp","href":"https:\/\/api.w.org\/{rel}","templated":true}]}}